{"id":4453,"date":"2017-08-28T16:01:11","date_gmt":"2017-08-28T14:01:11","guid":{"rendered":"http:\/\/resista-ulmen.com\/variedades\/new-horizon\/"},"modified":"2018-01-26T19:52:35","modified_gmt":"2018-01-26T18:52:35","slug":"new-horizon","status":"publish","type":"page","link":"https:\/\/resista-ulmen.com\/es\/variedades\/new-horizon\/","title":{"rendered":"New Horizon"},"content":{"rendered":"<div class=\"cols-wrapper cols-2\">\n<div class=\"col\">\n<p><img loading=\"lazy\" decoding=\"async\" class=\"alignnone size-full wp-image-2589\" src=\"http:\/\/resista-ulmen.com\/wp-content\/uploads\/logo_resista_ulmus_new_horizon.png\" alt=\"Logo resista Ulmus New Horizon\" width=\"650\" height=\"150\" srcset=\"https:\/\/resista-ulmen.com\/wp-content\/uploads\/logo_resista_ulmus_new_horizon.png 650w, https:\/\/resista-ulmen.com\/wp-content\/uploads\/logo_resista_ulmus_new_horizon-300x69.png 300w\" sizes=\"auto, (max-width: 650px) 100vw, 650px\" \/><br \/>\n&nbsp;<br \/>\nULMUS \u2019New Horizon\u2019 es un cruce de ULMUS japonica y ULMUS pumila resultado del trabajo de cultivo del Prof. Smalley y del Prof. Guries, de la Madison University, Wisconsin, en EE.UU.<\/p>\n<p>\u2019New Horizon\u2019 es un \u00e1rbol de tama\u00f1o medio que crece muy r\u00e1pido. La corona crece densamente adoptando una forma entre c\u00f3nica y ovalada. El crecimiento del tronco es muy fuerte desde que el \u00e1rbol es joven. El follaje denso, muy sano y fresco da al \u00e1rbol un gran atractivo est\u00e9tico. La corteza es de color marr\u00f3n gris\u00e1ceo claro con una ligera tonalidad roja. Inicialmente es liso, pero luego la corteza se agrieta en surcos longitudinales.<\/p>\n<p>Es un \u00e1rbol especialmente adecuado para la ciudad y las avenidas gracias a su forma compacta y su gran capacidad de adaptaci\u00f3n a los diferentes perfiles de g\u00e1libo. Gran tolerancia al emplazamiento Es adecuado para muchos lugares, incluso vulnerables, porque no es un \u00e1rbol muy exigente y resulta resistente al viento y al clima invernal, as\u00ed como tolerante al clima urbano. Una vez que los \u00e1rboles han crecido y se han establecido en su lugar de plantaci\u00f3n muestran una sorprendente tolerancia al estr\u00e9s por sequ\u00eda. Son buenos los lugares soleados con pocas sombras y los suelos entre poco \u00e1cidos y alcalinos, de poco profundos a profundos y entre moderadamente secos y h\u00famedos. Las inundaciones, incluso en verano, son bien toleradas.<br \/>\n&nbsp;<\/p>\n<h2 style=\"text-align: center;\">Ventajas especiales<\/h2>\n<p>Gran resistencia a la enfermedad del olmo causada por <em>Ophiostoma ulmi<\/em> y <em>O. novo-ulmi<\/em> (comprobada de manera continua desde 1979 mediante pruebas propias y de las autoridades). Muy tolerante al <em>verticillium<\/em> (marchitamiento). Muy resistente a las heladas, estable frente al viento y tolerante al estr\u00e9s de las sequ\u00edas. Buena tolerancia a la sal de deshielo.<\/p>\n<p><em>La protecci\u00f3n comunitaria de obtenci\u00f3n vegetal se concedi\u00f3 el 17.5.1999.<\/em><br \/>\n&nbsp;<\/p>\n<h2 style=\"text-align: center;\">Referencias + Descargas<\/h2>\n<p><img loading=\"lazy\" decoding=\"async\" class=\"alignleft size-full wp-image-2668\" src=\"http:\/\/resista-ulmen.com\/wp-content\/uploads\/pict_produktblatt_new_horizon.png\" alt=\"Pict Produktblatt New Horizon\" width=\"150\" height=\"230\" \/>&nbsp;<br \/>\n&bull; Referencias: <a href=\"http:\/\/resista-ulmen.com\/es\/portfolio\/variedades-new-horizon\/\">ULMUS \u2019New Horizon\u2019 Visi\u00f3n de conjunto<\/a><br \/>\n&bull; Referencias: <a href=\"http:\/\/resista-ulmen.com\/es\/portfolio\/ubicaciones-avenida-new-horizon\/\">ULMUS \u2019New Horizon\u2019 Avenida<\/a><br \/>\n&bull; Referencias: <a href=\"http:\/\/resista-ulmen.com\/es\/portfolio\/ubicaciones-ciudad-new-horizon\/\">ULMUS \u2019New Horizon\u2019 Ciudad<\/a><br \/>\n&bull; Referencias: <a href=\"http:\/\/resista-ulmen.com\/es\/portfolio\/ubicaciones-heladas-paisaje-new-horizon\/\">ULMUS \u2019New Horizon\u2019 Heladas + Paisaje<\/a><br \/>\n&bull; Referencias: <a href=\"http:\/\/resista-ulmen.com\/es\/portfolio\/ubicaciones-poligono-industrial-new-horizon\/\">ULMUS \u2019New Horizon\u2019 Pol\u00edgono industrial<\/a><br \/>\n&bull; Referencias: <a href=\"http:\/\/resista-ulmen.com\/es\/portfolio\/ubicaciones-parque-jardin-new-horizon\/\">ULMUS \u2019New Horizon\u2019 Parque + Jard\u00edn<\/a><br \/>\n&nbsp;<br \/>\n&bull; Hoja de Producto: <a href=\"http:\/\/resista-ulmen.com\/wp-content\/uploads\/ES_Resista_Hoja_de_Producto_NewHorizon_Web.pdf\" target=\"_blank\">ULMUS \u2019New Horizon\u2019<\/a> (PDF, 2,4 MB)<br \/>\n&bull; \u00c1rea de Descargas: <a href=\"http:\/\/resista-ulmen.com\/es\/descarga\/\">otros folletos e idiomas<\/a><\/p>\n<\/div>\n<div class=\"col\">\n<p><img loading=\"lazy\" decoding=\"async\" src=\"http:\/\/resista-ulmen.com\/wp-content\/uploads\/illu_new_horizon_es.png\" alt=\"\" width=\"948\" height=\"1600\" class=\"aligncenter size-full wp-image-4607\" srcset=\"https:\/\/resista-ulmen.com\/wp-content\/uploads\/illu_new_horizon_es.png 948w, https:\/\/resista-ulmen.com\/wp-content\/uploads\/illu_new_horizon_es-178x300.png 178w, https:\/\/resista-ulmen.com\/wp-content\/uploads\/illu_new_horizon_es-768x1296.png 768w, https:\/\/resista-ulmen.com\/wp-content\/uploads\/illu_new_horizon_es-607x1024.png 607w\" sizes=\"auto, (max-width: 948px) 100vw, 948px\" \/><\/p>\n<\/div>\n<\/div>\n<div class=\"quick-gallery\"><div class=\"qg-img qg-no-title\" data-defwidth=\"383\"><a href=\"https:\/\/resista-ulmen.com\/wp-content\/uploads\/1_1_pict_New_Horizon_1_Blatt.jpg\" data-rel=\"lightbox[group-44531]\" title=\"\" ><img decoding=\"async\" src=\"https:\/\/resista-ulmen.com\/wp-content\/uploads\/1_1_pict_New_Horizon_1_Blatt-383x250.jpg\" alt=\"\"\/><div class=\"qg-overlay\"><span class=\"icon-circle\"><span class=\"pg-icon lightbox-icon\"><\/span><\/span><\/div><\/a><\/div><div class=\"qg-img qg-no-title\" data-defwidth=\"383\"><a href=\"https:\/\/resista-ulmen.com\/wp-content\/uploads\/1_1_pict_New_Horizon_2_Borke.jpg\" data-rel=\"lightbox[group-44531]\" title=\"\" ><img decoding=\"async\" src=\"https:\/\/resista-ulmen.com\/wp-content\/uploads\/1_1_pict_New_Horizon_2_Borke-383x250.jpg\" alt=\"\"\/><div class=\"qg-overlay\"><span class=\"icon-circle\"><span class=\"pg-icon lightbox-icon\"><\/span><\/span><\/div><\/a><\/div><div class=\"qg-img qg-no-title\" data-defwidth=\"383\"><a href=\"https:\/\/resista-ulmen.com\/wp-content\/uploads\/1_1_pict_New_Horizon_3_Baumkrone.jpg\" data-rel=\"lightbox[group-44531]\" title=\"\" ><img decoding=\"async\" src=\"https:\/\/resista-ulmen.com\/wp-content\/uploads\/1_1_pict_New_Horizon_3_Baumkrone-383x250.jpg\" alt=\"\"\/><div class=\"qg-overlay\"><span class=\"icon-circle\"><span class=\"pg-icon lightbox-icon\"><\/span><\/span><\/div><\/a><\/div><div class=\"clear\"><\/div><\/div>\n<div class=\"nivo-content\"><div class=\"nivo-wrapper\"><div class=\"nivo-slider\" id=\"nivo-slider-44531\" style=\"min-height:550px;\"><img decoding=\"async\" src=\"http:\/\/resista-ulmen.com\/wp-content\/uploads\/1_1_slide_new_horizon_1.jpg\" title=\"\" \/><img decoding=\"async\" src=\"http:\/\/resista-ulmen.com\/wp-content\/uploads\/1_1_slide_new_horizon_2.jpg\" title=\"\" \/><img decoding=\"async\" src=\"http:\/\/resista-ulmen.com\/wp-content\/uploads\/1_1_slide_new_horizon_4.jpg\" title=\"\" \/><img decoding=\"async\" src=\"http:\/\/resista-ulmen.com\/wp-content\/uploads\/1_1_slide_new_horizon_3.jpg\" title=\"\" \/><img decoding=\"async\" src=\"http:\/\/resista-ulmen.com\/wp-content\/uploads\/1_1_slide_new_horizon_5.jpg\" title=\"\" \/><\/div><\/div><\/div>\n","protected":false},"excerpt":{"rendered":"<p>&nbsp; ULMUS \u2019New Horizon\u2019 es un cruce de ULMUS japonica y ULMUS pumila resultado del trabajo de cultivo del Prof. [&hellip;]<\/p>\n","protected":false},"author":1,"featured_media":0,"parent":4448,"menu_order":21,"comment_status":"closed","ping_status":"closed","template":"template-full-custom.php","meta":{"footnotes":""},"class_list":["post-4453","page","type-page","status-publish","hentry"],"_links":{"self":[{"href":"https:\/\/resista-ulmen.com\/es\/wp-json\/wp\/v2\/pages\/4453","targetHints":{"allow":["GET"]}}],"collection":[{"href":"https:\/\/resista-ulmen.com\/es\/wp-json\/wp\/v2\/pages"}],"about":[{"href":"https:\/\/resista-ulmen.com\/es\/wp-json\/wp\/v2\/types\/page"}],"author":[{"embeddable":true,"href":"https:\/\/resista-ulmen.com\/es\/wp-json\/wp\/v2\/users\/1"}],"replies":[{"embeddable":true,"href":"https:\/\/resista-ulmen.com\/es\/wp-json\/wp\/v2\/comments?post=4453"}],"version-history":[{"count":0,"href":"https:\/\/resista-ulmen.com\/es\/wp-json\/wp\/v2\/pages\/4453\/revisions"}],"up":[{"embeddable":true,"href":"https:\/\/resista-ulmen.com\/es\/wp-json\/wp\/v2\/pages\/4448"}],"wp:attachment":[{"href":"https:\/\/resista-ulmen.com\/es\/wp-json\/wp\/v2\/media?parent=4453"}],"curies":[{"name":"wp","href":"https:\/\/api.w.org\/{rel}","templated":true}]}}