{"id":4456,"date":"2017-08-28T16:03:20","date_gmt":"2017-08-28T14:03:20","guid":{"rendered":"http:\/\/resista-ulmen.com\/variedades\/rebona\/"},"modified":"2018-01-26T19:53:27","modified_gmt":"2018-01-26T18:53:27","slug":"rebona","status":"publish","type":"page","link":"https:\/\/resista-ulmen.com\/es\/variedades\/rebona\/","title":{"rendered":"Rebona"},"content":{"rendered":"<div class=\"cols-wrapper cols-2\">\n<div class=\"col\">\n<p><img loading=\"lazy\" decoding=\"async\" src=\"http:\/\/resista-ulmen.com\/wp-content\/uploads\/logo_resista_ulmus_rebona.png\" alt=\"Logo resista Ulmus Rebona\" width=\"650\" height=\"150\" class=\"alignnone size-full wp-image-2596\" srcset=\"https:\/\/resista-ulmen.com\/wp-content\/uploads\/logo_resista_ulmus_rebona.png 650w, https:\/\/resista-ulmen.com\/wp-content\/uploads\/logo_resista_ulmus_rebona-300x69.png 300w\" sizes=\"auto, (max-width: 650px) 100vw, 650px\" \/><br \/>\n&nbsp;<br \/>\nULMUS \u2019Rebona\u2019 es un cruce de ULMUS japonica y ULMUS pumila, resultado del trabajo de cultivo del Prof. Smalley y del Prof. Guries de la Universidad de Madison, Wisconsin, en EE.UU.<\/p>\n<p>\u2019Rebona\u2019 es un olmo de tama\u00f1o entre mediano y grande que crece muy r\u00e1pido y que tiene un tronco recto a menudo hasta la punta, conformando una copa amplia de gran atractivo est\u00e9tico. \u2019Rebona\u2019 es similar a la variedad ULMUS \u2019New Horizon\u2019 en muchos aspectos, aunque el follaje es algo m\u00e1s oscuro y ligeramente m\u00e1s peque\u00f1o que el de \u2019New Horizon\u2019.<\/p>\n<p>Gran tolerancia al emplazamiento. Es adecuado para muchos lugares, incluso vulnerables, porque no es un \u00e1rbol muy exigente y resulta resistente al viento y al clima invernal, as\u00ed como tolerante al clima urbano. Una vez que los \u00e1rboles han crecido y se han establecido en su lugar de plantaci\u00f3n muestran una sorprendente tolerancia al estr\u00e9s por sequ\u00eda. Son buenos los lugares soleados con pocas sombras y suelos entre poco \u00e1cidos y alcalinos, de poco profundos a profundos, entre moderadamente secos y h\u00famedos. Las inundaciones, incluso en verano, son bien toleradas. Buena tolerancia a la sal de deshielo.<\/p>\n<p>Especialmente apto para ciudad y avenidas debido a su buena forma y facilidad de mantenimiento. La hojarasca generada en oto\u00f1o se descompone r\u00e1pidamente. Muy buena capacidad de adaptaci\u00f3n al clima urbano. La alta tolerancia a las inundaciones le convierte en una variedad especialmente valiosa en lugares cercanos o expuestos a las inundaciones, incluso cerca de la costa.<\/p>\n<p>&nbsp;<\/p>\n<h2 style=\"text-align: center;\">Ventajas especiales<\/h2>\n<p>Gran resistencia a la enfermedad del olmo causada por <em>Ophiostoma ulmi<\/em> y <em>O. novo-ulmi<\/em> (comprobada de manera continua desde 1979 mediante pruebas propias y de las autoridades). Muy tolerante al <em>verticillium<\/em> (marchitamiento). Muy resistente a las heladas, estable frente al viento y tolerante al estr\u00e9s de las sequ\u00edas. Buena tolerancia a la sal de deshielo.<\/p>\n<p><em>La protecci\u00f3n comunitaria de obtenci\u00f3n vegetal se concedi\u00f3 el 19.10.1998.<\/em><br \/>\n&nbsp;<\/p>\n<h2 style=\"text-align: center;\">Referencias + Descargas<\/h2>\n<p><img loading=\"lazy\" decoding=\"async\" src=\"http:\/\/resista-ulmen.com\/wp-content\/uploads\/pict_produktblatt_rebona.png\" alt=\"Pict Produktblatt Rebona\" width=\"150\" height=\"230\" class=\"alignleft size-full wp-image-2690\" \/>&nbsp;<br \/>\n&bull; Referencias: <a href=\"http:\/\/resista-ulmen.com\/es\/portfolio\/variedades-rebona\/\">ULMUS \u2019Rebona\u2019 Visi\u00f3n de conjunto<\/a><br \/>\n&bull; Referencias: <a href=\"http:\/\/resista-ulmen.com\/es\/portfolio\/ubicaciones-avenida-rebona\/\">ULMUS \u2019Rebona\u2019 Avenida<\/a><br \/>\n&bull; Referencias: <a href=\"http:\/\/resista-ulmen.com\/es\/portfolio\/ubicaciones-ciudad-rebona\/\">ULMUS \u2019Rebona\u2019 Ciudad<\/a><br \/>\n&nbsp;<br \/>\n&bull; Hoja de Producto: <a href=\"http:\/\/resista-ulmen.com\/wp-content\/uploads\/ES_Resista_Hoja_de_Producto_Rebona_Web.pdf\" target=\"_blank\">ULMUS \u2019Rebona\u2019<\/a> (PDF, 2,2 MB)<br \/>\n&bull; \u00c1rea de Descargas: <a href=\"http:\/\/resista-ulmen.com\/es\/descarga\/\">otros folletos e idiomas<\/a><\/p>\n<\/div>\n<div class=\"col\">\n<p><img loading=\"lazy\" decoding=\"async\" src=\"http:\/\/resista-ulmen.com\/wp-content\/uploads\/illu_rebona_es.png\" alt=\"\" width=\"948\" height=\"1600\" class=\"aligncenter size-full wp-image-4609\" srcset=\"https:\/\/resista-ulmen.com\/wp-content\/uploads\/illu_rebona_es.png 948w, https:\/\/resista-ulmen.com\/wp-content\/uploads\/illu_rebona_es-178x300.png 178w, https:\/\/resista-ulmen.com\/wp-content\/uploads\/illu_rebona_es-768x1296.png 768w, https:\/\/resista-ulmen.com\/wp-content\/uploads\/illu_rebona_es-607x1024.png 607w\" sizes=\"auto, (max-width: 948px) 100vw, 948px\" \/><\/p>\n<\/div>\n<\/div>\n<div class=\"quick-gallery\"><div class=\"qg-img qg-no-title\" data-defwidth=\"383\"><a href=\"https:\/\/resista-ulmen.com\/wp-content\/uploads\/1_2_pict_Rebona_1_Blatt.jpg\" data-rel=\"lightbox[group-44561]\" title=\"\" ><img decoding=\"async\" src=\"https:\/\/resista-ulmen.com\/wp-content\/uploads\/1_2_pict_Rebona_1_Blatt-383x250.jpg\" alt=\"\"\/><div class=\"qg-overlay\"><span class=\"icon-circle\"><span class=\"pg-icon lightbox-icon\"><\/span><\/span><\/div><\/a><\/div><div class=\"qg-img qg-no-title\" data-defwidth=\"383\"><a href=\"https:\/\/resista-ulmen.com\/wp-content\/uploads\/1_2_pict_Rebona_2_Borke.jpg\" data-rel=\"lightbox[group-44561]\" title=\"\" ><img decoding=\"async\" src=\"https:\/\/resista-ulmen.com\/wp-content\/uploads\/1_2_pict_Rebona_2_Borke-383x250.jpg\" alt=\"\"\/><div class=\"qg-overlay\"><span class=\"icon-circle\"><span class=\"pg-icon lightbox-icon\"><\/span><\/span><\/div><\/a><\/div><div class=\"qg-img qg-no-title\" data-defwidth=\"383\"><a href=\"https:\/\/resista-ulmen.com\/wp-content\/uploads\/1_2_pict_Rebona_3_Baumkrone.jpg\" data-rel=\"lightbox[group-44561]\" title=\"\" ><img decoding=\"async\" src=\"https:\/\/resista-ulmen.com\/wp-content\/uploads\/1_2_pict_Rebona_3_Baumkrone-383x250.jpg\" alt=\"\"\/><div class=\"qg-overlay\"><span class=\"icon-circle\"><span class=\"pg-icon lightbox-icon\"><\/span><\/span><\/div><\/a><\/div><div class=\"clear\"><\/div><\/div>\n<div class=\"nivo-content\"><div class=\"nivo-wrapper\"><div class=\"nivo-slider\" id=\"nivo-slider-44561\" style=\"min-height:550px;\"><img decoding=\"async\" src=\"http:\/\/resista-ulmen.com\/wp-content\/uploads\/1_2_slide_Rebona_1.jpg\" title=\"\" \/><img decoding=\"async\" src=\"http:\/\/resista-ulmen.com\/wp-content\/uploads\/1_2_slide_Rebona_2.jpg\" title=\"\" \/><img decoding=\"async\" src=\"http:\/\/resista-ulmen.com\/wp-content\/uploads\/1_2_slide_Rebona_3.jpg\" title=\"\" \/><img decoding=\"async\" src=\"http:\/\/resista-ulmen.com\/wp-content\/uploads\/1_2_slide_Rebona_4.jpg\" title=\"\" \/><\/div><\/div><\/div>\n","protected":false},"excerpt":{"rendered":"<p>&nbsp; ULMUS \u2019Rebona\u2019 es un cruce de ULMUS japonica y ULMUS pumila, resultado del trabajo de cultivo del Prof. Smalley [&hellip;]<\/p>\n","protected":false},"author":1,"featured_media":0,"parent":4448,"menu_order":22,"comment_status":"closed","ping_status":"closed","template":"template-full-custom.php","meta":{"footnotes":""},"class_list":["post-4456","page","type-page","status-publish","hentry"],"_links":{"self":[{"href":"https:\/\/resista-ulmen.com\/es\/wp-json\/wp\/v2\/pages\/4456","targetHints":{"allow":["GET"]}}],"collection":[{"href":"https:\/\/resista-ulmen.com\/es\/wp-json\/wp\/v2\/pages"}],"about":[{"href":"https:\/\/resista-ulmen.com\/es\/wp-json\/wp\/v2\/types\/page"}],"author":[{"embeddable":true,"href":"https:\/\/resista-ulmen.com\/es\/wp-json\/wp\/v2\/users\/1"}],"replies":[{"embeddable":true,"href":"https:\/\/resista-ulmen.com\/es\/wp-json\/wp\/v2\/comments?post=4456"}],"version-history":[{"count":0,"href":"https:\/\/resista-ulmen.com\/es\/wp-json\/wp\/v2\/pages\/4456\/revisions"}],"up":[{"embeddable":true,"href":"https:\/\/resista-ulmen.com\/es\/wp-json\/wp\/v2\/pages\/4448"}],"wp:attachment":[{"href":"https:\/\/resista-ulmen.com\/es\/wp-json\/wp\/v2\/media?parent=4456"}],"curies":[{"name":"wp","href":"https:\/\/api.w.org\/{rel}","templated":true}]}}