{"id":4459,"date":"2017-08-28T16:04:14","date_gmt":"2017-08-28T14:04:14","guid":{"rendered":"http:\/\/resista-ulmen.com\/variedades\/rebella\/"},"modified":"2018-01-26T19:54:20","modified_gmt":"2018-01-26T18:54:20","slug":"rebella","status":"publish","type":"page","link":"https:\/\/resista-ulmen.com\/es\/variedades\/rebella\/","title":{"rendered":"Rebella"},"content":{"rendered":"<div class=\"cols-wrapper cols-2\">\n<div class=\"col\">\n<p><img loading=\"lazy\" decoding=\"async\" src=\"http:\/\/resista-ulmen.com\/wp-content\/uploads\/logo_resista_ulmus_rebella.png\" alt=\"Logo resista Ulmus Rebella\" width=\"650\" height=\"150\" class=\"alignnone size-full wp-image-2600\" srcset=\"https:\/\/resista-ulmen.com\/wp-content\/uploads\/logo_resista_ulmus_rebella.png 650w, https:\/\/resista-ulmen.com\/wp-content\/uploads\/logo_resista_ulmus_rebella-300x69.png 300w\" sizes=\"auto, (max-width: 650px) 100vw, 650px\" \/><br \/>\n&nbsp;<br \/>\nULMUS \u2019Rebella\u2019 es un cruce de ULMUS parvifolia y ULMUS americana, resultado del trabajo de cultivo del Prof. Smalley y del Prof. Guries, de la Universidad de Madison, Wisconsin, en EE.UU.<\/p>\n<p>\u2019Rebella\u2019 es un \u00e1rbol de tama\u00f1o peque\u00f1o y mediano. La punta delicada y suelta que sobresale en la parte superior presenta un follaje espeso con hojas bastante peque\u00f1as. \u2019Rebella\u2019 muestra una coloraci\u00f3n oto\u00f1al rojizo-anaranjada llamativa y bonita.<\/p>\n<p>Cuando el \u00e1rbol es joven, la corteza es de color gris verdoso plateado y va desarrollando paulatinamente la t\u00edpica corteza de los olmos pasando a un tono marr\u00f3n rojizo.<\/p>\n<p>Dado que es un \u00e1rbol para ciudad, parques y avenidas convence por su forma m\u00e1s suelta. Adem\u00e1s, todas las investigaciones previas han demostrado que esta variedad no forma una base de semillas. El bonito color oto\u00f1al que tiene en los a\u00f1os j\u00f3venes y las hojas peque\u00f1as confieren al \u00e1rbol una apariencia afiligranada. Las hojas ca\u00eddas se descomponen r\u00e1pidamente.<\/p>\n<p>&nbsp;<\/p>\n<h2 style=\"text-align: center;\">Ventajas especiales<\/h2>\n<p>Su tama\u00f1o reducido lo hace especialmente apto para plantarlo en el jard\u00edn. Gran resistencia a la enfermedad del olmo causada por <em>Ophiostoma ulmi<\/em> y <em>O. novo-ulmi<\/em>.<\/p>\n<p><em>La protecci\u00f3n comunitaria de obtenci\u00f3n vegetal se concedi\u00f3 el 7.3.2011.<\/em><br \/>\n&nbsp;<\/p>\n<h2 style=\"text-align: center;\">Referencias + Descargas<\/h2>\n<p><img loading=\"lazy\" decoding=\"async\" src=\"http:\/\/resista-ulmen.com\/wp-content\/uploads\/pict_produktblatt_rebella.png\" alt=\"Pict Produktblatt Rebella\" width=\"150\" height=\"230\" class=\"alignleft size-full wp-image-2699\" \/>&nbsp;<br \/>\n&bull; Referencias: <a href=\"http:\/\/resista-ulmen.com\/es\/portfolio\/variedades-rebella\/\">ULMUS \u2019Rebella\u2019 Visi\u00f3n de conjunto<\/a><br \/>\n&nbsp;<br \/>\n&bull; Hoja de Producto: <a href=\"http:\/\/resista-ulmen.com\/wp-content\/uploads\/ES_Resista_Hoja_de_Producto_Rebella_Web.pdf\" target=\"_blank\">ULMUS \u2019Rebella\u2019<\/a> (PDF, 2,4 MB)<br \/>\n&bull; \u00c1rea de Descargas: <a href=\"http:\/\/resista-ulmen.com\/es\/descarga\/\">otros folletos e idiomas<\/a><\/p>\n<\/div>\n<div class=\"col\">\n<p><img loading=\"lazy\" decoding=\"async\" src=\"http:\/\/resista-ulmen.com\/wp-content\/uploads\/illu_rebella_es.png\" alt=\"\" width=\"948\" height=\"1600\" class=\"aligncenter size-full wp-image-4611\" srcset=\"https:\/\/resista-ulmen.com\/wp-content\/uploads\/illu_rebella_es.png 948w, https:\/\/resista-ulmen.com\/wp-content\/uploads\/illu_rebella_es-178x300.png 178w, https:\/\/resista-ulmen.com\/wp-content\/uploads\/illu_rebella_es-768x1296.png 768w, https:\/\/resista-ulmen.com\/wp-content\/uploads\/illu_rebella_es-607x1024.png 607w\" sizes=\"auto, (max-width: 948px) 100vw, 948px\" \/><\/p>\n<\/div>\n<\/div>\n<div class=\"quick-gallery\"><div class=\"qg-img qg-no-title\" data-defwidth=\"383\"><a href=\"https:\/\/resista-ulmen.com\/wp-content\/uploads\/1_3_pict_Rebella_1_Blatt.jpg\" data-rel=\"lightbox[group-44591]\" title=\"\" ><img decoding=\"async\" src=\"https:\/\/resista-ulmen.com\/wp-content\/uploads\/1_3_pict_Rebella_1_Blatt-383x250.jpg\" alt=\"\"\/><div class=\"qg-overlay\"><span class=\"icon-circle\"><span class=\"pg-icon lightbox-icon\"><\/span><\/span><\/div><\/a><\/div><div class=\"qg-img qg-no-title\" data-defwidth=\"383\"><a href=\"https:\/\/resista-ulmen.com\/wp-content\/uploads\/1_3_pict_Rebella_2_Borke.jpg\" data-rel=\"lightbox[group-44591]\" title=\"\" ><img decoding=\"async\" src=\"https:\/\/resista-ulmen.com\/wp-content\/uploads\/1_3_pict_Rebella_2_Borke-383x250.jpg\" alt=\"\"\/><div class=\"qg-overlay\"><span class=\"icon-circle\"><span class=\"pg-icon lightbox-icon\"><\/span><\/span><\/div><\/a><\/div><div class=\"qg-img qg-no-title\" data-defwidth=\"383\"><a href=\"https:\/\/resista-ulmen.com\/wp-content\/uploads\/1_3_pict_Rebella_3_Baumkrone.jpg\" data-rel=\"lightbox[group-44591]\" title=\"\" ><img decoding=\"async\" src=\"https:\/\/resista-ulmen.com\/wp-content\/uploads\/1_3_pict_Rebella_3_Baumkrone-383x250.jpg\" alt=\"\"\/><div class=\"qg-overlay\"><span class=\"icon-circle\"><span class=\"pg-icon lightbox-icon\"><\/span><\/span><\/div><\/a><\/div><div class=\"clear\"><\/div><\/div>\n<div class=\"nivo-content\"><div class=\"nivo-wrapper\"><div class=\"nivo-slider\" id=\"nivo-slider-44591\" style=\"min-height:550px;\"><img decoding=\"async\" src=\"http:\/\/resista-ulmen.com\/wp-content\/uploads\/1_3_slide_Rebella_1.jpg\" title=\"\" \/><img decoding=\"async\" src=\"http:\/\/resista-ulmen.com\/wp-content\/uploads\/1_3_slide_Rebella_2.jpg\" title=\"\" \/><img decoding=\"async\" src=\"http:\/\/resista-ulmen.com\/wp-content\/uploads\/1_3_slide_Rebella_3.jpg\" title=\"\" \/><\/div><\/div><\/div>\n","protected":false},"excerpt":{"rendered":"<p>&nbsp; ULMUS \u2019Rebella\u2019 es un cruce de ULMUS parvifolia y ULMUS americana, resultado del trabajo de cultivo del Prof. Smalley [&hellip;]<\/p>\n","protected":false},"author":1,"featured_media":0,"parent":4448,"menu_order":23,"comment_status":"closed","ping_status":"closed","template":"template-full-custom.php","meta":{"footnotes":""},"class_list":["post-4459","page","type-page","status-publish","hentry"],"_links":{"self":[{"href":"https:\/\/resista-ulmen.com\/es\/wp-json\/wp\/v2\/pages\/4459","targetHints":{"allow":["GET"]}}],"collection":[{"href":"https:\/\/resista-ulmen.com\/es\/wp-json\/wp\/v2\/pages"}],"about":[{"href":"https:\/\/resista-ulmen.com\/es\/wp-json\/wp\/v2\/types\/page"}],"author":[{"embeddable":true,"href":"https:\/\/resista-ulmen.com\/es\/wp-json\/wp\/v2\/users\/1"}],"replies":[{"embeddable":true,"href":"https:\/\/resista-ulmen.com\/es\/wp-json\/wp\/v2\/comments?post=4459"}],"version-history":[{"count":0,"href":"https:\/\/resista-ulmen.com\/es\/wp-json\/wp\/v2\/pages\/4459\/revisions"}],"up":[{"embeddable":true,"href":"https:\/\/resista-ulmen.com\/es\/wp-json\/wp\/v2\/pages\/4448"}],"wp:attachment":[{"href":"https:\/\/resista-ulmen.com\/es\/wp-json\/wp\/v2\/media?parent=4459"}],"curies":[{"name":"wp","href":"https:\/\/api.w.org\/{rel}","templated":true}]}}