{"id":4462,"date":"2017-08-28T16:06:04","date_gmt":"2017-08-28T14:06:04","guid":{"rendered":"http:\/\/resista-ulmen.com\/variedades\/fiorente\/"},"modified":"2018-01-26T19:55:06","modified_gmt":"2018-01-26T18:55:06","slug":"fiorente","status":"publish","type":"page","link":"https:\/\/resista-ulmen.com\/es\/variedades\/fiorente\/","title":{"rendered":"Fiorente"},"content":{"rendered":"<div class=\"cols-wrapper cols-2\">\n<div class=\"col\">\n<p><img loading=\"lazy\" decoding=\"async\" src=\"http:\/\/resista-ulmen.com\/wp-content\/uploads\/logo_resista_ulmus_fiorente.png\" alt=\"Logo resista Ulmus Fiorente\" width=\"650\" height=\"150\" class=\"alignnone size-full wp-image-2605\" srcset=\"https:\/\/resista-ulmen.com\/wp-content\/uploads\/logo_resista_ulmus_fiorente.png 650w, https:\/\/resista-ulmen.com\/wp-content\/uploads\/logo_resista_ulmus_fiorente-300x69.png 300w\" sizes=\"auto, (max-width: 650px) 100vw, 650px\" \/><br \/>\n&nbsp;<br \/>\nULMUS \u2019Fiorente\u2019 es un cruce de ULMUS pumila y ULMUS minor. Este cruce es el resultado del trabajo de cultivo del Prof. Lorenzo Mittempergher y del Dr. Alberto Santini del C.N.R. de Florencia, Italia.<\/p>\n<p>El nombre \u2019Fiorente\u2019 (que significa <em>floreciente<\/em>) se eligi\u00f3 porque crece de manera r\u00e1pida y erguida, y recuerda al nombre hist\u00f3rico de su ciudad de origen, Florencia.<\/p>\n<p>El un \u00e1rbol de tama\u00f1o mediano a grande con hojas de color verde oscuro y en los brotes j\u00f3venes de color amarillo verdoso; las hojas tienen un brillo bonito. En oto\u00f1o, las hojas permanecen verdes durante mucho tiempo, siendo el olmo de resista\u00ae que m\u00e1s tiempo conserva las hojas. Cuando el \u00e1rbol es joven, la corteza es de color gris verdoso ligeramente plateado y va desarrollando paulatinamente la t\u00edpica corteza de los olmos pasando a un tono marr\u00f3n rojizo.<\/p>\n<p>Dado que es un \u00e1rbol para ciudad, parques y avenidas, convence por su forma suelta y elegante, con ramas cada vez m\u00e1s empinadas, ramas laterales mesuradas y un tronco continuo. La copa es piramidal y en la parte superior bastante delgada.<\/p>\n<p>En las pruebas realizadas por sus cultivadores originales, el Dr. A. Santini y el Prof. L. Mittempergher en Italia, \u2019Fiorente\u2019 ha mostrado las tasas de crecimiento m\u00e1s altas de todos los olmos probados all\u00ed. En 23 a\u00f1os, de un plant\u00f3n se obtuvo un \u00e1rbol con una circunferencia de 160 cm y una altura de 20 m. Debido a su crecimiento exuberante y r\u00e1pido, y a una madera de excelente calidad, esta variedad es por lo tanto tambi\u00e9n interesante para la producci\u00f3n de maderas nobles.<\/p>\n<p>&nbsp;<\/p>\n<h2 style=\"text-align: center;\">Ventajas especiales<\/h2>\n<p>Alta resistencia a la enfermedad del olmo causada por <em>Ophiostoma ulmi<\/em> y <em>O. novo-ulmi<\/em>. Muy alta tolerancia al viento y al estr\u00e9s de las sequ\u00edas.<\/p>\n<p><em>La protecci\u00f3n comunitaria de obtenci\u00f3n vegetal se concedi\u00f3 el 25.3.2010.<\/em><br \/>\n&nbsp;<\/p>\n<h2 style=\"text-align: center;\">Referencias + Descargas<\/h2>\n<p><img loading=\"lazy\" decoding=\"async\" src=\"http:\/\/resista-ulmen.com\/wp-content\/uploads\/pict_produktblatt_fiorente.png\" alt=\"Pict Produktblatt Fiorente\" width=\"150\" height=\"230\" class=\"alignleft size-full wp-image-2701\" \/>&nbsp;<br \/>\n&bull; Referencias: <a href=\"http:\/\/resista-ulmen.com\/es\/portfolio\/variedades-fiorente\/\">ULMUS \u2019Fiorente\u2019 Visi\u00f3n de conjunto<\/a><br \/>\n&bull; Referencias: <a href=\"http:\/\/resista-ulmen.com\/es\/portfolio\/ubicaciones-heladas-paisaje-fiorente\/\">ULMUS \u2019Fiorente\u2019 Heladas + Paisaje<\/a><br \/>\n&bull; Referencias: <a href=\"http:\/\/resista-ulmen.com\/es\/portfolio\/ubicaciones-poligono-industrial-fiorente\/\">ULMUS \u2019Fiorente\u2019 Pol\u00edgono industrial<\/a><br \/>\n&nbsp;<br \/>\n&bull; Hoja de Producto: <a href=\"http:\/\/resista-ulmen.com\/wp-content\/uploads\/ES_Resista_Hoja_de_Producto_Fiorente_Web.pdf\" target=\"_blank\">ULMUS \u2019Fiorente\u2019<\/a> (PDF, 2,8 MB)<br \/>\n&bull; \u00c1rea de Descargas: <a href=\"http:\/\/resista-ulmen.com\/es\/descarga\/\">otros folletos e idiomas<\/a><\/p>\n<\/div>\n<div class=\"col\">\n<p><img loading=\"lazy\" decoding=\"async\" src=\"http:\/\/resista-ulmen.com\/wp-content\/uploads\/illu_fiorente_es.png\" alt=\"\" width=\"948\" height=\"1600\" class=\"aligncenter size-full wp-image-4613\" srcset=\"https:\/\/resista-ulmen.com\/wp-content\/uploads\/illu_fiorente_es.png 948w, https:\/\/resista-ulmen.com\/wp-content\/uploads\/illu_fiorente_es-178x300.png 178w, https:\/\/resista-ulmen.com\/wp-content\/uploads\/illu_fiorente_es-768x1296.png 768w, https:\/\/resista-ulmen.com\/wp-content\/uploads\/illu_fiorente_es-607x1024.png 607w\" sizes=\"auto, (max-width: 948px) 100vw, 948px\" \/><\/p>\n<\/div>\n<\/div>\n<div class=\"quick-gallery\"><div class=\"qg-img qg-no-title\" data-defwidth=\"383\"><a href=\"https:\/\/resista-ulmen.com\/wp-content\/uploads\/1_4_pict_Fiorente_1_Blatt.jpg\" data-rel=\"lightbox[group-44621]\" title=\"\" ><img decoding=\"async\" src=\"https:\/\/resista-ulmen.com\/wp-content\/uploads\/1_4_pict_Fiorente_1_Blatt-383x250.jpg\" alt=\"\"\/><div class=\"qg-overlay\"><span class=\"icon-circle\"><span class=\"pg-icon lightbox-icon\"><\/span><\/span><\/div><\/a><\/div><div class=\"qg-img qg-no-title\" data-defwidth=\"383\"><a href=\"https:\/\/resista-ulmen.com\/wp-content\/uploads\/1_4_pict_Fiorente_2_Borke.jpg\" data-rel=\"lightbox[group-44621]\" title=\"\" ><img decoding=\"async\" src=\"https:\/\/resista-ulmen.com\/wp-content\/uploads\/1_4_pict_Fiorente_2_Borke-383x250.jpg\" alt=\"\"\/><div class=\"qg-overlay\"><span class=\"icon-circle\"><span class=\"pg-icon lightbox-icon\"><\/span><\/span><\/div><\/a><\/div><div class=\"qg-img qg-no-title\" data-defwidth=\"383\"><a href=\"https:\/\/resista-ulmen.com\/wp-content\/uploads\/1_4_pict_Fiorente_3_Baumkrone.jpg\" data-rel=\"lightbox[group-44621]\" title=\"\" ><img decoding=\"async\" src=\"https:\/\/resista-ulmen.com\/wp-content\/uploads\/1_4_pict_Fiorente_3_Baumkrone-383x250.jpg\" alt=\"\"\/><div class=\"qg-overlay\"><span class=\"icon-circle\"><span class=\"pg-icon lightbox-icon\"><\/span><\/span><\/div><\/a><\/div><div class=\"clear\"><\/div><\/div>\n<div class=\"nivo-content\"><div class=\"nivo-wrapper\"><div class=\"nivo-slider\" id=\"nivo-slider-44621\" style=\"min-height:550px;\"><img decoding=\"async\" src=\"http:\/\/resista-ulmen.com\/wp-content\/uploads\/1_4_slide_Fiorente_1.jpg\" title=\"\" \/><img decoding=\"async\" src=\"http:\/\/resista-ulmen.com\/wp-content\/uploads\/1_4_slide_Fiorente_2.jpg\" title=\"\" \/><img decoding=\"async\" src=\"http:\/\/resista-ulmen.com\/wp-content\/uploads\/1_4_slide_Fiorente_3.jpg\" title=\"\" \/><img decoding=\"async\" src=\"http:\/\/resista-ulmen.com\/wp-content\/uploads\/1_4_slide_Fiorente_4.jpg\" title=\"\" \/><\/div><\/div><\/div>\n","protected":false},"excerpt":{"rendered":"<p>&nbsp; ULMUS \u2019Fiorente\u2019 es un cruce de ULMUS pumila y ULMUS minor. Este cruce es el resultado del trabajo de [&hellip;]<\/p>\n","protected":false},"author":1,"featured_media":0,"parent":4448,"menu_order":24,"comment_status":"closed","ping_status":"closed","template":"template-full-custom.php","meta":{"footnotes":""},"class_list":["post-4462","page","type-page","status-publish","hentry"],"_links":{"self":[{"href":"https:\/\/resista-ulmen.com\/es\/wp-json\/wp\/v2\/pages\/4462","targetHints":{"allow":["GET"]}}],"collection":[{"href":"https:\/\/resista-ulmen.com\/es\/wp-json\/wp\/v2\/pages"}],"about":[{"href":"https:\/\/resista-ulmen.com\/es\/wp-json\/wp\/v2\/types\/page"}],"author":[{"embeddable":true,"href":"https:\/\/resista-ulmen.com\/es\/wp-json\/wp\/v2\/users\/1"}],"replies":[{"embeddable":true,"href":"https:\/\/resista-ulmen.com\/es\/wp-json\/wp\/v2\/comments?post=4462"}],"version-history":[{"count":0,"href":"https:\/\/resista-ulmen.com\/es\/wp-json\/wp\/v2\/pages\/4462\/revisions"}],"up":[{"embeddable":true,"href":"https:\/\/resista-ulmen.com\/es\/wp-json\/wp\/v2\/pages\/4448"}],"wp:attachment":[{"href":"https:\/\/resista-ulmen.com\/es\/wp-json\/wp\/v2\/media?parent=4462"}],"curies":[{"name":"wp","href":"https:\/\/api.w.org\/{rel}","templated":true}]}}