{"id":4468,"date":"2016-03-02T13:06:44","date_gmt":"2016-03-02T12:06:44","guid":{"rendered":"http:\/\/resista-ulmen.com\/calidad\/wurzelechtheit\/"},"modified":"2018-01-25T16:57:55","modified_gmt":"2018-01-25T15:57:55","slug":"pureza-de-la-raiz","status":"publish","type":"page","link":"https:\/\/resista-ulmen.com\/es\/calidad\/pureza-de-la-raiz\/","title":{"rendered":"Pureza de la ra\u00edz"},"content":{"rendered":"<h1 style=\"text-align: center;\">Calidad hasta en la ra\u00edz<\/h1>\n<p>&nbsp;<\/p>\n<div class=\"cols-wrapper cols-2\">\n<div class=\"col\">\nLos olmos de resista\u00ae se reproducen \u00fanicamente con plantones. De esta forma, podemos garantizar las caracter\u00edsticas positivas con las que, desde la ra\u00edz a la copa, destacan los olmos resista\u00ae.<\/p>\n<p>\u00bfPero qu\u00e9 quiere decir esto en la pr\u00e1ctica? Nuestros \u00e1rboles crecen siempre sobre sus propias ra\u00edces, a diferencia de lo que ocurre con los olmos mejorados que se injertan en una pl\u00e1ntula.<\/p>\n<\/div>\n<div class=\"col\">\nDebido a la gran variedad gen\u00e9tica de los olmos, no es raro que se produzca una incompatibilidad entre la cepa y el injerto, lo que puede generar muchos a\u00f1os despu\u00e9s riesgos imprevisibles como la p\u00e9rdida total.<\/p>\n<p>La infecci\u00f3n de la ra\u00edz con la enfermedad del olmo debido al contacto con los olmos cercanos puede convertirse en un peligro para avenidas enteras. Este riesgo se puede evitar con los olmos de resista\u00ae reproducidos con ra\u00edces puras.<\/p>\n<\/div>\n<\/div>\n<div class=\"quick-gallery\"><div class=\"qg-img qg-no-title\" data-defwidth=\"383\"><a href=\"https:\/\/resista-ulmen.com\/wp-content\/uploads\/3_1_pict_Wurzelechtheit_1_Jungpflanzenrodung_Herbst.jpg\" data-rel=\"lightbox[group-44681]\" title=\"\" ><img decoding=\"async\" src=\"https:\/\/resista-ulmen.com\/wp-content\/uploads\/3_1_pict_Wurzelechtheit_1_Jungpflanzenrodung_Herbst-383x250.jpg\" alt=\"\"\/><div class=\"qg-overlay\"><span class=\"icon-circle\"><span class=\"pg-icon lightbox-icon\"><\/span><\/span><\/div><\/a><\/div><div class=\"qg-img qg-no-title\" data-defwidth=\"383\"><a href=\"https:\/\/resista-ulmen.com\/wp-content\/uploads\/3_1_pict_Wurzelechtheit_2_Roden.jpg\" data-rel=\"lightbox[group-44681]\" title=\"\" ><img decoding=\"async\" src=\"https:\/\/resista-ulmen.com\/wp-content\/uploads\/3_1_pict_Wurzelechtheit_2_Roden-383x250.jpg\" alt=\"\"\/><div class=\"qg-overlay\"><span class=\"icon-circle\"><span class=\"pg-icon lightbox-icon\"><\/span><\/span><\/div><\/a><\/div><div class=\"qg-img qg-no-title\" data-defwidth=\"383\"><a href=\"https:\/\/resista-ulmen.com\/wp-content\/uploads\/3_1_pict_Wurzelechtheit_3_Jungpflanzenrodung_Herbst.jpg\" data-rel=\"lightbox[group-44681]\" title=\"\" ><img decoding=\"async\" src=\"https:\/\/resista-ulmen.com\/wp-content\/uploads\/3_1_pict_Wurzelechtheit_3_Jungpflanzenrodung_Herbst-383x250.jpg\" alt=\"\"\/><div class=\"qg-overlay\"><span class=\"icon-circle\"><span class=\"pg-icon lightbox-icon\"><\/span><\/span><\/div><\/a><\/div><div class=\"clear\"><\/div><\/div>\n","protected":false},"excerpt":{"rendered":"<p>Calidad hasta en la ra\u00edz &nbsp; Los olmos de resista\u00ae se reproducen \u00fanicamente con plantones. De esta forma, podemos garantizar [&hellip;]<\/p>\n","protected":false},"author":1,"featured_media":0,"parent":4465,"menu_order":51,"comment_status":"closed","ping_status":"closed","template":"template-full-custom.php","meta":{"footnotes":""},"class_list":["post-4468","page","type-page","status-publish","hentry"],"_links":{"self":[{"href":"https:\/\/resista-ulmen.com\/es\/wp-json\/wp\/v2\/pages\/4468","targetHints":{"allow":["GET"]}}],"collection":[{"href":"https:\/\/resista-ulmen.com\/es\/wp-json\/wp\/v2\/pages"}],"about":[{"href":"https:\/\/resista-ulmen.com\/es\/wp-json\/wp\/v2\/types\/page"}],"author":[{"embeddable":true,"href":"https:\/\/resista-ulmen.com\/es\/wp-json\/wp\/v2\/users\/1"}],"replies":[{"embeddable":true,"href":"https:\/\/resista-ulmen.com\/es\/wp-json\/wp\/v2\/comments?post=4468"}],"version-history":[{"count":0,"href":"https:\/\/resista-ulmen.com\/es\/wp-json\/wp\/v2\/pages\/4468\/revisions"}],"up":[{"embeddable":true,"href":"https:\/\/resista-ulmen.com\/es\/wp-json\/wp\/v2\/pages\/4465"}],"wp:attachment":[{"href":"https:\/\/resista-ulmen.com\/es\/wp-json\/wp\/v2\/media?parent=4468"}],"curies":[{"name":"wp","href":"https:\/\/api.w.org\/{rel}","templated":true}]}}