{"id":4472,"date":"2016-03-02T13:08:09","date_gmt":"2016-03-02T12:08:09","guid":{"rendered":"http:\/\/resista-ulmen.com\/calidad\/aufzucht\/"},"modified":"2018-01-25T16:59:29","modified_gmt":"2018-01-25T15:59:29","slug":"cultivo","status":"publish","type":"page","link":"https:\/\/resista-ulmen.com\/es\/calidad\/cultivo\/","title":{"rendered":"Cultivo"},"content":{"rendered":"<h1 style=\"text-align: center;\">Con cuidado y experiencia<\/h1>\n<p>&nbsp;<\/p>\n<div class=\"cols-wrapper cols-2\">\n<div class=\"col\">\nTodos los olmos de resista\u00ae son plantados con plantones por nuestro personal experto en Darmstadt. El primer requisito es una planta madre cuidadosamente preparada de la que se obtienen los plantones.<\/p>\n<p>Tras las primeras semanas en unas instalaciones climatizadas, los plantones se endurecen y a continuaci\u00f3n se plantan al aire libre, inicialmente bajo t\u00faneles. Durante este tiempo se controlan y podan constantemente y se talan tras la ca\u00edda de las hojas.<\/p>\n<\/div>\n<div class=\"col\">\nA trav\u00e9s de una selecci\u00f3n cuidadosa de plantones j\u00f3venes para su cultivo posterior, creamos las mejores condiciones para un arraigo fuerte y uniforme, pues la calidad de la ra\u00edz es tan importante como lo que hay por encima del suelo.<\/p>\n<p>Al inicio de la primavera se trasplantan al vivero en hileras con una separaci\u00f3n \u00f3ptima y hasta que se entregan a nuestras empresas asociadas seleccionadas, los olmos se cuidan y talan regularmente en las varillas Tonkin. Tras dos o tres a\u00f1os alcanzan una circunferencia media de 8 a 10 cm y se entregan a los viveros asociados para su posterior cultivo.<\/p>\n<\/div>\n<\/div>\n<div class=\"quick-gallery\"><div class=\"qg-img qg-no-title\" data-defwidth=\"383\"><a href=\"https:\/\/resista-ulmen.com\/wp-content\/uploads\/3_2_pict_Aufzucht_1.jpg\" data-rel=\"lightbox[group-44721]\" title=\"\" ><img decoding=\"async\" src=\"https:\/\/resista-ulmen.com\/wp-content\/uploads\/3_2_pict_Aufzucht_1-383x250.jpg\" alt=\"\"\/><div class=\"qg-overlay\"><span class=\"icon-circle\"><span class=\"pg-icon lightbox-icon\"><\/span><\/span><\/div><\/a><\/div><div class=\"qg-img qg-no-title\" data-defwidth=\"383\"><a href=\"https:\/\/resista-ulmen.com\/wp-content\/uploads\/3_2_pict_Aufzucht_2.jpg\" data-rel=\"lightbox[group-44721]\" title=\"\" ><img decoding=\"async\" src=\"https:\/\/resista-ulmen.com\/wp-content\/uploads\/3_2_pict_Aufzucht_2-383x250.jpg\" alt=\"\"\/><div class=\"qg-overlay\"><span class=\"icon-circle\"><span class=\"pg-icon lightbox-icon\"><\/span><\/span><\/div><\/a><\/div><div class=\"qg-img qg-no-title\" data-defwidth=\"383\"><a href=\"https:\/\/resista-ulmen.com\/wp-content\/uploads\/3_2_pict_Aufzucht_3.jpg\" data-rel=\"lightbox[group-44721]\" title=\"\" ><img decoding=\"async\" src=\"https:\/\/resista-ulmen.com\/wp-content\/uploads\/3_2_pict_Aufzucht_3-383x250.jpg\" alt=\"\"\/><div class=\"qg-overlay\"><span class=\"icon-circle\"><span class=\"pg-icon lightbox-icon\"><\/span><\/span><\/div><\/a><\/div><div class=\"clear\"><\/div><\/div>\n","protected":false},"excerpt":{"rendered":"<p>Con cuidado y experiencia &nbsp; Todos los olmos de resista\u00ae son plantados con plantones por nuestro personal experto en Darmstadt. [&hellip;]<\/p>\n","protected":false},"author":1,"featured_media":0,"parent":4465,"menu_order":52,"comment_status":"closed","ping_status":"closed","template":"template-full-custom.php","meta":{"footnotes":""},"class_list":["post-4472","page","type-page","status-publish","hentry"],"_links":{"self":[{"href":"https:\/\/resista-ulmen.com\/es\/wp-json\/wp\/v2\/pages\/4472","targetHints":{"allow":["GET"]}}],"collection":[{"href":"https:\/\/resista-ulmen.com\/es\/wp-json\/wp\/v2\/pages"}],"about":[{"href":"https:\/\/resista-ulmen.com\/es\/wp-json\/wp\/v2\/types\/page"}],"author":[{"embeddable":true,"href":"https:\/\/resista-ulmen.com\/es\/wp-json\/wp\/v2\/users\/1"}],"replies":[{"embeddable":true,"href":"https:\/\/resista-ulmen.com\/es\/wp-json\/wp\/v2\/comments?post=4472"}],"version-history":[{"count":0,"href":"https:\/\/resista-ulmen.com\/es\/wp-json\/wp\/v2\/pages\/4472\/revisions"}],"up":[{"embeddable":true,"href":"https:\/\/resista-ulmen.com\/es\/wp-json\/wp\/v2\/pages\/4465"}],"wp:attachment":[{"href":"https:\/\/resista-ulmen.com\/es\/wp-json\/wp\/v2\/media?parent=4472"}],"curies":[{"name":"wp","href":"https:\/\/api.w.org\/{rel}","templated":true}]}}