{"id":4476,"date":"2016-03-02T13:17:02","date_gmt":"2016-03-02T12:17:02","guid":{"rendered":"http:\/\/resista-ulmen.com\/calidad\/resistenz-beweis\/"},"modified":"2018-01-28T10:50:49","modified_gmt":"2018-01-28T09:50:49","slug":"prueba-de-resistencia","status":"publish","type":"page","link":"https:\/\/resista-ulmen.com\/es\/calidad\/prueba-de-resistencia\/","title":{"rendered":"Prueba de resistencia"},"content":{"rendered":"<h1 style=\"text-align: center;\">Resistencia bajo prueba permanente<\/h1>\n<p>&nbsp;<\/p>\n<div class=\"cols-wrapper cols-2\">\n<div class=\"col\">\nLos olmos de resista\u00ae son altamente resistentes y esto tienen que demostrarlo de manera constante. En las series de ensayos estandarizados, nuestras diferentes variedades se infectan con dosis extremadamente altas del pat\u00f3geno de la enfermedad del olmo y se colocan junto a \u00e1rboles no infectados.<\/p>\n<p>Aunque los olmos de resista\u00ae no gozan de una inmunidad completa, superan la infecci\u00f3n en el mismo a\u00f1o de la transmisi\u00f3n. <\/p>\n<\/div>\n<div class=\"col\">\nUn a\u00f1o despu\u00e9s de la infecci\u00f3n apenas quedan rastros visibles de la enfermedad.<\/p>\n<p>La variedad de resista\u00ae <a href=\"http:\/\/resista-ulmen.com\/es\/variedades\/new-horizon\/\">\u2019New Horizon\u2019<\/a> es una inusual historia de \u00e9xito: Entre 1993 y 2016 se plantaron en Europa m\u00e1s de 45.000 ejemplares de esta variedad. Entre ellos <strong>no existe ning\u00fan<\/strong> caso documentado de p\u00e9rdida debido a la enfermedad.<\/p>\n<\/div>\n<\/div>\n<div class=\"quick-gallery\"><div class=\"qg-img qg-no-title\" data-defwidth=\"383\"><a href=\"https:\/\/resista-ulmen.com\/wp-content\/uploads\/4_3_pict_Resistenz-Beweis_1.jpg\" data-rel=\"lightbox[group-44761]\" title=\"\" ><img decoding=\"async\" src=\"https:\/\/resista-ulmen.com\/wp-content\/uploads\/4_3_pict_Resistenz-Beweis_1-383x250.jpg\" alt=\"\"\/><div class=\"qg-overlay\"><span class=\"icon-circle\"><span class=\"pg-icon lightbox-icon\"><\/span><\/span><\/div><\/a><\/div><div class=\"qg-img qg-no-title\" data-defwidth=\"383\"><a href=\"https:\/\/resista-ulmen.com\/wp-content\/uploads\/4_3_pict_Resistenz-Beweis_2.jpg\" data-rel=\"lightbox[group-44761]\" title=\"\" ><img decoding=\"async\" src=\"https:\/\/resista-ulmen.com\/wp-content\/uploads\/4_3_pict_Resistenz-Beweis_2-383x250.jpg\" alt=\"\"\/><div class=\"qg-overlay\"><span class=\"icon-circle\"><span class=\"pg-icon lightbox-icon\"><\/span><\/span><\/div><\/a><\/div><div class=\"qg-img qg-no-title\" data-defwidth=\"383\"><a href=\"https:\/\/resista-ulmen.com\/wp-content\/uploads\/4_3_pict_Resistenz-Beweis_3.jpg\" data-rel=\"lightbox[group-44761]\" title=\"\" ><img decoding=\"async\" src=\"https:\/\/resista-ulmen.com\/wp-content\/uploads\/4_3_pict_Resistenz-Beweis_3-383x250.jpg\" alt=\"\"\/><div class=\"qg-overlay\"><span class=\"icon-circle\"><span class=\"pg-icon lightbox-icon\"><\/span><\/span><\/div><\/a><\/div><div class=\"clear\"><\/div><\/div>\n","protected":false},"excerpt":{"rendered":"<p>Resistencia bajo prueba permanente &nbsp; Los olmos de resista\u00ae son altamente resistentes y esto tienen que demostrarlo de manera constante. [&hellip;]<\/p>\n","protected":false},"author":1,"featured_media":0,"parent":4465,"menu_order":54,"comment_status":"closed","ping_status":"closed","template":"template-full-custom.php","meta":{"footnotes":""},"class_list":["post-4476","page","type-page","status-publish","hentry"],"_links":{"self":[{"href":"https:\/\/resista-ulmen.com\/es\/wp-json\/wp\/v2\/pages\/4476","targetHints":{"allow":["GET"]}}],"collection":[{"href":"https:\/\/resista-ulmen.com\/es\/wp-json\/wp\/v2\/pages"}],"about":[{"href":"https:\/\/resista-ulmen.com\/es\/wp-json\/wp\/v2\/types\/page"}],"author":[{"embeddable":true,"href":"https:\/\/resista-ulmen.com\/es\/wp-json\/wp\/v2\/users\/1"}],"replies":[{"embeddable":true,"href":"https:\/\/resista-ulmen.com\/es\/wp-json\/wp\/v2\/comments?post=4476"}],"version-history":[{"count":0,"href":"https:\/\/resista-ulmen.com\/es\/wp-json\/wp\/v2\/pages\/4476\/revisions"}],"up":[{"embeddable":true,"href":"https:\/\/resista-ulmen.com\/es\/wp-json\/wp\/v2\/pages\/4465"}],"wp:attachment":[{"href":"https:\/\/resista-ulmen.com\/es\/wp-json\/wp\/v2\/media?parent=4476"}],"curies":[{"name":"wp","href":"https:\/\/api.w.org\/{rel}","templated":true}]}}