{"id":4480,"date":"2017-02-01T20:35:06","date_gmt":"2017-02-01T19:35:06","guid":{"rendered":"http:\/\/resista-ulmen.com\/calidad\/weiterkultur\/"},"modified":"2018-01-25T17:05:49","modified_gmt":"2018-01-25T16:05:49","slug":"cultivo-posterior","status":"publish","type":"page","link":"https:\/\/resista-ulmen.com\/es\/calidad\/cultivo-posterior\/","title":{"rendered":"Cultivo posterior"},"content":{"rendered":"<h1 style=\"text-align: center;\">En todo el mundo<\/h1>\n<p>&nbsp;<\/p>\n<div class=\"cols-wrapper cols-2\">\n<div class=\"col\">\nLos \u00e1rboles j\u00f3venes de resista\u00ae se crean con plantones en nuestro vivero de Darmstadt. En cuanto llegan a un grosor de tronco de 6-8 cm reciben su transpondedor para una clara identificaci\u00f3n.<\/p>\n<p>Los viveros asociados y seleccionados de diversas ubicaciones de Europa reciben los j\u00f3venes olmos de resista\u00ae para el cultivo posterior.<\/p>\n<\/div>\n<div class=\"col\">\nCon un di\u00e1metro de tronco de 14-16 cm est\u00e1n listos para la venta y se entregan a los clientes finales o a otros viveros. Est\u00e1n disponibles como \u00e1rboles de tronco elevado a partir de la calidad 3xv. tanto en contenedor como con balas de alambre.<\/p>\n<p>Esta garantiza que usted como comprador de olmos de resista\u00ae siempre pueda encontrar cerca una persona de contacto competente que pueda ayudarle con el cuidado y la elecci\u00f3n del emplazamiento.<\/p>\n<\/div>\n<\/div>\n<div class=\"quick-gallery\"><div class=\"qg-img qg-no-title\" data-defwidth=\"383\"><a href=\"https:\/\/resista-ulmen.com\/wp-content\/uploads\/3_4_pict_Weiterkultur_3.jpg\" data-rel=\"lightbox[group-44801]\" title=\"\" ><img decoding=\"async\" src=\"https:\/\/resista-ulmen.com\/wp-content\/uploads\/3_4_pict_Weiterkultur_3-383x250.jpg\" alt=\"\"\/><div class=\"qg-overlay\"><span class=\"icon-circle\"><span class=\"pg-icon lightbox-icon\"><\/span><\/span><\/div><\/a><\/div><div class=\"qg-img qg-no-title\" data-defwidth=\"383\"><a href=\"https:\/\/resista-ulmen.com\/wp-content\/uploads\/3_4_pict_Weiterkultur_2.jpg\" data-rel=\"lightbox[group-44801]\" title=\"\" ><img decoding=\"async\" src=\"https:\/\/resista-ulmen.com\/wp-content\/uploads\/3_4_pict_Weiterkultur_2-383x250.jpg\" alt=\"\"\/><div class=\"qg-overlay\"><span class=\"icon-circle\"><span class=\"pg-icon lightbox-icon\"><\/span><\/span><\/div><\/a><\/div><div class=\"qg-img qg-no-title\" data-defwidth=\"383\"><a href=\"https:\/\/resista-ulmen.com\/wp-content\/uploads\/3_4_pict_Weiterkultur_1.jpg\" data-rel=\"lightbox[group-44801]\" title=\"\" ><img decoding=\"async\" src=\"https:\/\/resista-ulmen.com\/wp-content\/uploads\/3_4_pict_Weiterkultur_1-383x250.jpg\" alt=\"\"\/><div class=\"qg-overlay\"><span class=\"icon-circle\"><span class=\"pg-icon lightbox-icon\"><\/span><\/span><\/div><\/a><\/div><div class=\"clear\"><\/div><\/div>\n","protected":false},"excerpt":{"rendered":"<p>En todo el mundo &nbsp; Los \u00e1rboles j\u00f3venes de resista\u00ae se crean con plantones en nuestro vivero de Darmstadt. En [&hellip;]<\/p>\n","protected":false},"author":1,"featured_media":0,"parent":4465,"menu_order":55,"comment_status":"closed","ping_status":"closed","template":"template-full-custom.php","meta":{"footnotes":""},"class_list":["post-4480","page","type-page","status-publish","hentry"],"_links":{"self":[{"href":"https:\/\/resista-ulmen.com\/es\/wp-json\/wp\/v2\/pages\/4480","targetHints":{"allow":["GET"]}}],"collection":[{"href":"https:\/\/resista-ulmen.com\/es\/wp-json\/wp\/v2\/pages"}],"about":[{"href":"https:\/\/resista-ulmen.com\/es\/wp-json\/wp\/v2\/types\/page"}],"author":[{"embeddable":true,"href":"https:\/\/resista-ulmen.com\/es\/wp-json\/wp\/v2\/users\/1"}],"replies":[{"embeddable":true,"href":"https:\/\/resista-ulmen.com\/es\/wp-json\/wp\/v2\/comments?post=4480"}],"version-history":[{"count":0,"href":"https:\/\/resista-ulmen.com\/es\/wp-json\/wp\/v2\/pages\/4480\/revisions"}],"up":[{"embeddable":true,"href":"https:\/\/resista-ulmen.com\/es\/wp-json\/wp\/v2\/pages\/4465"}],"wp:attachment":[{"href":"https:\/\/resista-ulmen.com\/es\/wp-json\/wp\/v2\/media?parent=4480"}],"curies":[{"name":"wp","href":"https:\/\/api.w.org\/{rel}","templated":true}]}}