{"id":4482,"date":"2017-02-02T14:49:32","date_gmt":"2017-02-02T13:49:32","guid":{"rendered":"http:\/\/resista-ulmen.com\/forschung\/"},"modified":"2018-01-25T17:17:35","modified_gmt":"2018-01-25T16:17:35","slug":"investigacion","status":"publish","type":"page","link":"https:\/\/resista-ulmen.com\/es\/investigacion\/","title":{"rendered":"Investigaci\u00f3n"},"content":{"rendered":"<h1 style=\"text-align: center;\">de la investigaci\u00f3n a la pr\u00e1ctica<\/h1>\n<p>&nbsp;<\/p>\n<div class=\"cols-wrapper cols-2\">\n<div class=\"col\">\n<p>A comienzos del siglo XX desapareci\u00f3 la mayor\u00eda de los bosques y los paisajes y ning\u00fan tipo de \u00e1rbol fue objeto de una intensiva investigaci\u00f3n y cultivo como lo fue el olmo. Los cient\u00edficos de todo el mundo se dedicaron a investigar la enfermedad del olmo y a buscar formas de hacerlo resistente a ella.<\/p>\n<p>Los \u00e9xitos actuales en el cultivo de olmos altamente resistentes tienen su origen en esta investigaci\u00f3n internacional que se remonta al siglo pasado.<\/p>\n<\/div>\n<div class=\"col\">\n<p>Asimismo, la idoneidad del olmo como \u00e1rbol urbano tambi\u00e9n ocup\u00f3 el centro de los esfuerzos de cultivo.<\/p>\n<p>El \u00e9xito de los olmos de resista\u00ae se basa en el trabajo de cient\u00edficos y cultivadores renombrados y su cruce exitoso de olmos americanos, europeos y asi\u00e1ticos.<br \/>\n&nbsp;<br \/>\n<a href=\"#forschung\"><u><span style=\"font-size: 0.75em;\">S E G U I R&nbsp;&nbsp;&nbsp;L E Y E N D O&nbsp;&nbsp;&gt;<\/span><\/u><\/a><\/p>\n<\/div>\n<\/div>\n<div class=\"quick-gallery\"><div class=\"qg-img qg-no-title\" data-defwidth=\"383\"><a href=\"https:\/\/resista-ulmen.com\/wp-content\/uploads\/0_1_pict_New_Horizon_1.jpg\" data-rel=\"lightbox[group-44821]\" title=\"\" ><img decoding=\"async\" src=\"https:\/\/resista-ulmen.com\/wp-content\/uploads\/0_1_pict_New_Horizon_1-383x250.jpg\" alt=\"\"\/><div class=\"qg-overlay\"><span class=\"icon-circle\"><span class=\"pg-icon lightbox-icon\"><\/span><\/span><\/div><\/a><\/div><div class=\"qg-img qg-no-title\" data-defwidth=\"383\"><a href=\"https:\/\/resista-ulmen.com\/wp-content\/uploads\/0_1_pict_New_Horizon_2.jpg\" data-rel=\"lightbox[group-44821]\" title=\"\" ><img decoding=\"async\" src=\"https:\/\/resista-ulmen.com\/wp-content\/uploads\/0_1_pict_New_Horizon_2-383x250.jpg\" alt=\"\"\/><div class=\"qg-overlay\"><span class=\"icon-circle\"><span class=\"pg-icon lightbox-icon\"><\/span><\/span><\/div><\/a><\/div><div class=\"qg-img qg-no-title\" data-defwidth=\"383\"><a href=\"https:\/\/resista-ulmen.com\/wp-content\/uploads\/0_1_pict_New_Horizon_4.jpg\" data-rel=\"lightbox[group-44821]\" title=\"\" ><img decoding=\"async\" src=\"https:\/\/resista-ulmen.com\/wp-content\/uploads\/0_1_pict_New_Horizon_4-383x250.jpg\" alt=\"\"\/><div class=\"qg-overlay\"><span class=\"icon-circle\"><span class=\"pg-icon lightbox-icon\"><\/span><\/span><\/div><\/a><\/div><div class=\"clear\"><\/div><\/div>\n<div class=\"cols-wrapper cols-2\">\n<div class=\"col\">\n<a name=\"forschung\"><\/a>El deseo de conservar esta especie de \u00e1rbol, que hab\u00eda desaparecido en m\u00e1s de un 80 % de los bosques y paisajes de Europa y Am\u00e9rica del Norte y que apenas se plantaba como \u00e1rbol de ciudad, dio lugar al comienzo de grandes esfuerzos de plantaci\u00f3n en lugares diversos. <\/p>\n<p>En Europa, el primer programa de cultivo fue el programa holand\u00e9s mencionado que comenz\u00f3 en 1928 gracias a las j\u00f3venes cient\u00edficas Christine Buisman y Johanna Westerdijk. Estas investigaciones continuaron despu\u00e9s por Hans Heybroek del Instituto de Investigaci\u00f3n de Dorschkamp hasta su jubilaci\u00f3n en 1992. Muchas de las variedades de olmo disponibles hoy en Europa proceden de este trabajo de cultivo. Entre ellas se encuentran los tipos menos resistentes como \u2019Commelin\u2019 y \u2019Groeneveld\u2019 o tambi\u00e9n los tipos con resistencia media como \u2019Lobel\u2019, \u2019Clusius\u2019, \u2019Dodoens\u2019 o \u2019Plantyn\u2019. En 1989 se puso a la venta el tipo altamente resistente \u2019Columella\u2019, con forma de columna y hojas enrolladas.<\/p>\n<p>En Florencia, Italia, a finales de los a\u00f1os 70, Lorenzo Mittempergher y Alberto Santini comenzaron otro programa europeo de cultivo de olmos. La idea era desarrollar variedades propias resistentes al clima mediterr\u00e1neo. Se supon\u00eda que no todas las nuevas variedades disponibles del programa de cultivo holand\u00e9s podr\u00edan soportar el clima en ocasiones muy seco y c\u00e1lido de Italia. La variedad <a href=\"http:\/\/resista-ulmen.com\/es\/variedades\/fiorente\/\">\u2019Fiorente\u2019<\/a>&#8220;, entre otras, procede del programa de cultivo italiano.<\/p>\n<p>En Espa\u00f1a, el cient\u00edfico Luis Gil, lleva desde 1993 realizando esfuerzos de cultivo para cruzar el Ulmus minor nativo con el olmo asi\u00e1tico resistente.<\/p>\n<p>En Am\u00e9rica, el Ministerio de Agricultura estadounidense USDA comenz\u00f3 en 1937 a realizar intensos esfuerzos para probar el Ulmus \u2019americana\u2019 de diferentes procedencias y a buscar \u00e1rboles resistentes.<\/p>\n<p>En la Universidad de Madison, Wisconsin, Gene Smalley comenz\u00f3 en 1957 un complejo programa de cultivo. Se prob\u00f3 la resistencia de todas las especies de olmo de procedencia mundial que pudieron obtenerse con el fin de lograr los objetivos iniciales.<\/p>\n<\/div>\n<div class=\"col\">\nPor un lado, para encontrar olmos americanos resistentes, por otro lado, para cultivar olmos robustos, resistentes y euroasi\u00e1ticos utilizables como \u00e1rboles urbanos. Los primeros resultados exitosos provinieron de las variedades p. ej. \u2019Reverti\u2019, \u2019Reseda\u2019, \u2019Regal\u2019 con un nivel de resistencia parcialmente de nivel medio, as\u00ed como \u2019Sapporo Autumn Gold\u2019 de alta resistencia.<\/p>\n<p>Solo el cruce de olmos de procedencia asi\u00e1tica dio como resultado una verdadera alta resistencia. Los olmos asi\u00e1ticos han compartido muchos miles de a\u00f1os en su historia evolutiva con el <em>Ophiostoma ulmi<\/em> y el <em>Ophiostoma novo-ulmi<\/em>, y tiempo suficiente para desarrollar mecanismos para protegerse.<\/p>\n<p>Ray Guries se uni\u00f3 a la Universidad de Madison en 1977 y, con Gene Smalley, estuvo trabajando en los cultivos hasta su jubilaci\u00f3n en 1996. Bajo la marca resista\u00ae hay disponibles en Europa algunas variedades de alta resistencia provenientes de cultivos nativos. Entre ellas se encuentran las variedades <a href=\"http:\/\/resista-ulmen.com\/es\/variedades\/new-horizon\/\">\u2019New Horizon\u2019<\/a>&#8220;, su hermana <a href=\"http:\/\/resista-ulmen.com\/es\/variedades\/rebona\/\">\u2019Rebona\u2019<\/a>&#8221; y la variedad \u2019Cathedral\u2019 y <a href=\"http:\/\/resista-ulmen.com\/es\/variedades\/rebella\/\">\u2019Rebella\u2019<\/a>.<\/p>\n<p>El tercer gran programa de cultivo del Morton Arboretum de Chicago, Illinois, fue iniciado por George Ware en 1972. El Morton Arboretum dispone de una gran colecci\u00f3n de olmos de procedencias diversas como Europa, Am\u00e9rica y Asia. Las variedades publicadas que proceden del programa de cultivo son p. ej. \u2019Danada Charm\u2019 o \u2019Morton Glossy\u2019.<\/p>\n<p>Es preciso indicar que en EE.UU., Canad\u00e1, Rusia o Francia exist\u00edan adem\u00e1s otros programas de cultivo, siendo del \u00faltimo por ejemplo la variedad \u2019Lut\u00e8ce\u2019.<\/p>\n<p>No existen otras especies de \u00e1rboles en los que se hayan realizado semejantes esfuerzos de cultivo. Muchos cient\u00edficos de primera fila de todo el mundo se han dedicado toda su vida laboral a investigar la enfermedad del olmo y a buscar olmos resistentes. Muchas variedades de olmo con buen nivel de resistencia est\u00e1n hoy disponibles y se a\u00f1adir\u00e1n seguramente otras m\u00e1s.\n<\/p><\/div>\n<\/div>\n","protected":false},"excerpt":{"rendered":"<p>de la investigaci\u00f3n a la pr\u00e1ctica &nbsp; A comienzos del siglo XX desapareci\u00f3 la mayor\u00eda de los bosques y los [&hellip;]<\/p>\n","protected":false},"author":1,"featured_media":0,"parent":0,"menu_order":6,"comment_status":"closed","ping_status":"closed","template":"template-full-custom.php","meta":{"footnotes":""},"class_list":["post-4482","page","type-page","status-publish","hentry"],"_links":{"self":[{"href":"https:\/\/resista-ulmen.com\/es\/wp-json\/wp\/v2\/pages\/4482","targetHints":{"allow":["GET"]}}],"collection":[{"href":"https:\/\/resista-ulmen.com\/es\/wp-json\/wp\/v2\/pages"}],"about":[{"href":"https:\/\/resista-ulmen.com\/es\/wp-json\/wp\/v2\/types\/page"}],"author":[{"embeddable":true,"href":"https:\/\/resista-ulmen.com\/es\/wp-json\/wp\/v2\/users\/1"}],"replies":[{"embeddable":true,"href":"https:\/\/resista-ulmen.com\/es\/wp-json\/wp\/v2\/comments?post=4482"}],"version-history":[{"count":0,"href":"https:\/\/resista-ulmen.com\/es\/wp-json\/wp\/v2\/pages\/4482\/revisions"}],"wp:attachment":[{"href":"https:\/\/resista-ulmen.com\/es\/wp-json\/wp\/v2\/media?parent=4482"}],"curies":[{"name":"wp","href":"https:\/\/api.w.org\/{rel}","templated":true}]}}