{"id":4486,"date":"2016-03-02T13:13:32","date_gmt":"2016-03-02T12:13:32","guid":{"rendered":"http:\/\/resista-ulmen.com\/investigacion\/geschichte-der-ulme\/"},"modified":"2018-01-25T17:24:28","modified_gmt":"2018-01-25T16:24:28","slug":"historia-del-olmo","status":"publish","type":"page","link":"https:\/\/resista-ulmen.com\/es\/investigacion\/historia-del-olmo\/","title":{"rendered":"Historia del olmo"},"content":{"rendered":"<h1 style=\"text-align: center;\">Un \u00e1rbol de culto que se ha vuelto extraordinario<\/h1>\n<p>&nbsp;<\/p>\n<div class=\"cols-wrapper cols-2\">\n<div class=\"col\">\n<p>El diverso pasado cultural del olmo en Europa se remonta hasta la antig\u00fcedad: Resulta famoso el santo olmo de \u00c9feso y en los Edda hay olmos y fresnos para simbolizar al hombre y a la mujer. Pero su madera y sus hojas de alta calidad han sido siempre de gran importancia para las personas y la econom\u00eda. Es parad\u00f3jico que esta especie de \u00e1rbol est\u00e9 luchando actualmente por sobrevivir. Si uno mira los olmos de nuestro entorno, los que est\u00e1n marcados por la enfermedad presentan una imagen desoladora.<\/p>\n<\/div>\n<div class=\"col\">\n<p>Europa y Am\u00e9rica del Norte est\u00e1n especialmente afectados por ella. Donde antes hab\u00eda espl\u00e9ndidos ejemplares para amenizar y decorar los centros urbanos, hoy existen avenidas enteras v\u00edctimas de la enfermedad. La nueva plantaci\u00f3n de variedades de olmo altamente resistentes ha sido hasta ahora la \u00fanica posibilidad de recuperar este \u00e1rbol tradicional.<\/p>\n<\/div>\n<\/div>\n<div class=\"quick-gallery\"><div class=\"qg-img qg-no-title\" data-defwidth=\"383\"><a href=\"https:\/\/resista-ulmen.com\/wp-content\/uploads\/4_4_1_pict_Geschichte_der_Ulme_1.jpg\" data-rel=\"lightbox[group-44861]\" title=\"\" ><img decoding=\"async\" src=\"https:\/\/resista-ulmen.com\/wp-content\/uploads\/4_4_1_pict_Geschichte_der_Ulme_1-383x250.jpg\" alt=\"\"\/><div class=\"qg-overlay\"><span class=\"icon-circle\"><span class=\"pg-icon lightbox-icon\"><\/span><\/span><\/div><\/a><\/div><div class=\"qg-img qg-no-title\" data-defwidth=\"383\"><a href=\"https:\/\/resista-ulmen.com\/wp-content\/uploads\/4_4_1_pict_Geschichte_der_Ulme_2.jpg\" data-rel=\"lightbox[group-44861]\" title=\"\" ><img decoding=\"async\" src=\"https:\/\/resista-ulmen.com\/wp-content\/uploads\/4_4_1_pict_Geschichte_der_Ulme_2-383x250.jpg\" alt=\"\"\/><div class=\"qg-overlay\"><span class=\"icon-circle\"><span class=\"pg-icon lightbox-icon\"><\/span><\/span><\/div><\/a><\/div><div class=\"qg-img qg-no-title\" data-defwidth=\"383\"><a href=\"https:\/\/resista-ulmen.com\/wp-content\/uploads\/4_4_1_pict_Geschichte_der_Ulme_3.jpg\" data-rel=\"lightbox[group-44861]\" title=\"\" ><img decoding=\"async\" src=\"https:\/\/resista-ulmen.com\/wp-content\/uploads\/4_4_1_pict_Geschichte_der_Ulme_3-383x250.jpg\" alt=\"\"\/><div class=\"qg-overlay\"><span class=\"icon-circle\"><span class=\"pg-icon lightbox-icon\"><\/span><\/span><\/div><\/a><\/div><div class=\"clear\"><\/div><\/div>\n","protected":false},"excerpt":{"rendered":"<p>Un \u00e1rbol de culto que se ha vuelto extraordinario &nbsp; El diverso pasado cultural del olmo en Europa se remonta [&hellip;]<\/p>\n","protected":false},"author":1,"featured_media":0,"parent":4482,"menu_order":61,"comment_status":"closed","ping_status":"closed","template":"template-full-custom.php","meta":{"footnotes":""},"class_list":["post-4486","page","type-page","status-publish","hentry"],"_links":{"self":[{"href":"https:\/\/resista-ulmen.com\/es\/wp-json\/wp\/v2\/pages\/4486","targetHints":{"allow":["GET"]}}],"collection":[{"href":"https:\/\/resista-ulmen.com\/es\/wp-json\/wp\/v2\/pages"}],"about":[{"href":"https:\/\/resista-ulmen.com\/es\/wp-json\/wp\/v2\/types\/page"}],"author":[{"embeddable":true,"href":"https:\/\/resista-ulmen.com\/es\/wp-json\/wp\/v2\/users\/1"}],"replies":[{"embeddable":true,"href":"https:\/\/resista-ulmen.com\/es\/wp-json\/wp\/v2\/comments?post=4486"}],"version-history":[{"count":0,"href":"https:\/\/resista-ulmen.com\/es\/wp-json\/wp\/v2\/pages\/4486\/revisions"}],"up":[{"embeddable":true,"href":"https:\/\/resista-ulmen.com\/es\/wp-json\/wp\/v2\/pages\/4482"}],"wp:attachment":[{"href":"https:\/\/resista-ulmen.com\/es\/wp-json\/wp\/v2\/media?parent=4486"}],"curies":[{"name":"wp","href":"https:\/\/api.w.org\/{rel}","templated":true}]}}