{"id":4489,"date":"2016-03-02T13:14:36","date_gmt":"2016-03-02T12:14:36","guid":{"rendered":"http:\/\/resista-ulmen.com\/investigacion\/ulmenkrankheit\/"},"modified":"2018-01-25T17:27:08","modified_gmt":"2018-01-25T16:27:08","slug":"la-enfermedad-del-olmo","status":"publish","type":"page","link":"https:\/\/resista-ulmen.com\/es\/investigacion\/la-enfermedad-del-olmo\/","title":{"rendered":"La enfermedad del olmo"},"content":{"rendered":"<h1 style=\"text-align: center;\">Un \u00e1rbol de culto en peligro<\/h1>\n<p>&nbsp;<\/p>\n<div class=\"cols-wrapper cols-2\">\n<div class=\"col\">\n<h2 style=\"text-align: center;\">Un enemigo peque\u00f1o de gran impacto<\/h2>\n<p>En la mitolog\u00eda n\u00f3rdica los olmos y los fresnos representaban a la mujer y al hombre, y eran considerados padres originarios de la humanidad. En el sur de Francia, los olmos est\u00e1n considerados como \u00e1rboles de la justicia y en los EE.UU. se celebran como \u00e1rboles de la libertad. Independientemente de su significado mitol\u00f3gico, los olmos son valorados en Europa y Am\u00e9rica del Norte tambi\u00e9n por su madera de calidad y como \u00e1rboles magn\u00edficos en espacios verdes urbanos y en avenidas. Pero este \u00e1rbol de culto est\u00e1 en peligro: Su gran enemigo es una peque\u00f1a criatura de tama\u00f1o microsc\u00f3pico, el ascomiceto <em>Ophiostoma ulmi<\/em>.<br \/>\n&nbsp;<\/p>\n<h2 style=\"text-align: center;\">Una grave alianza<\/h2>\n<p>Este hongo se propaga principalmente a trav\u00e9s de un portador insospechado: el escarabajo de la corteza de olmo. Estos escarabajos entran en contacto con el hongo en los orificios que crea para alimentarse debajo de la corteza de los \u00e1rboles infectados. Los animales j\u00f3venes se infectan inadvertidamente por filamentos de hongos de la corteza o a trav\u00e9s de esporas introducidas en los orificios por el escarabajo madre.<\/p>\n<\/div>\n<div class=\"col\">\n<h2 style=\"text-align: center;\">Peligro de efecto domin\u00f3<\/h2>\n<p>Cuando los escarabajos j\u00f3venes abandonan el \u00e1rbol enfermo y se alimentan de la jugosa corteza de los \u00e1rboles sanos, introducen las esporas adheridas en el escarabajo en el sistema conductor de agua del \u00e1rbol. La infecci\u00f3n del hongo provoca la interrupci\u00f3n de la alimentaci\u00f3n de agua, seca la copa del \u00e1rbol y este muere.<\/p>\n<p>El escarabajo pasa al siguiente olmo sano, por lo que esta enfermedad puede afectar a avenidas enteras.<\/p>\n<\/div>\n<\/div>\n<div class=\"quick-gallery\"><div class=\"qg-img qg-no-title\" data-defwidth=\"383\"><a href=\"https:\/\/resista-ulmen.com\/wp-content\/uploads\/4_4_2_pict_Ulmenkrankheit_1.jpg\" data-rel=\"lightbox[group-44891]\" title=\"\" ><img decoding=\"async\" src=\"https:\/\/resista-ulmen.com\/wp-content\/uploads\/4_4_2_pict_Ulmenkrankheit_1-383x250.jpg\" alt=\"\"\/><div class=\"qg-overlay\"><span class=\"icon-circle\"><span class=\"pg-icon lightbox-icon\"><\/span><\/span><\/div><\/a><\/div><div class=\"qg-img qg-no-title\" data-defwidth=\"383\"><a href=\"https:\/\/resista-ulmen.com\/wp-content\/uploads\/4_4_2_pict_Ulmenkrankheit_2.jpg\" data-rel=\"lightbox[group-44891]\" title=\"\" ><img decoding=\"async\" src=\"https:\/\/resista-ulmen.com\/wp-content\/uploads\/4_4_2_pict_Ulmenkrankheit_2-383x250.jpg\" alt=\"\"\/><div class=\"qg-overlay\"><span class=\"icon-circle\"><span class=\"pg-icon lightbox-icon\"><\/span><\/span><\/div><\/a><\/div><div class=\"qg-img qg-no-title\" data-defwidth=\"383\"><a href=\"https:\/\/resista-ulmen.com\/wp-content\/uploads\/4_4_2_pict_Ulmenkrankheit_3.jpg\" data-rel=\"lightbox[group-44891]\" title=\"\" ><img decoding=\"async\" src=\"https:\/\/resista-ulmen.com\/wp-content\/uploads\/4_4_2_pict_Ulmenkrankheit_3-383x250.jpg\" alt=\"\"\/><div class=\"qg-overlay\"><span class=\"icon-circle\"><span class=\"pg-icon lightbox-icon\"><\/span><\/span><\/div><\/a><\/div><div class=\"clear\"><\/div><\/div>\n","protected":false},"excerpt":{"rendered":"<p>Un \u00e1rbol de culto en peligro &nbsp; Un enemigo peque\u00f1o de gran impacto En la mitolog\u00eda n\u00f3rdica los olmos y [&hellip;]<\/p>\n","protected":false},"author":1,"featured_media":0,"parent":4482,"menu_order":62,"comment_status":"closed","ping_status":"closed","template":"template-full-custom.php","meta":{"footnotes":""},"class_list":["post-4489","page","type-page","status-publish","hentry"],"_links":{"self":[{"href":"https:\/\/resista-ulmen.com\/es\/wp-json\/wp\/v2\/pages\/4489","targetHints":{"allow":["GET"]}}],"collection":[{"href":"https:\/\/resista-ulmen.com\/es\/wp-json\/wp\/v2\/pages"}],"about":[{"href":"https:\/\/resista-ulmen.com\/es\/wp-json\/wp\/v2\/types\/page"}],"author":[{"embeddable":true,"href":"https:\/\/resista-ulmen.com\/es\/wp-json\/wp\/v2\/users\/1"}],"replies":[{"embeddable":true,"href":"https:\/\/resista-ulmen.com\/es\/wp-json\/wp\/v2\/comments?post=4489"}],"version-history":[{"count":0,"href":"https:\/\/resista-ulmen.com\/es\/wp-json\/wp\/v2\/pages\/4489\/revisions"}],"up":[{"embeddable":true,"href":"https:\/\/resista-ulmen.com\/es\/wp-json\/wp\/v2\/pages\/4482"}],"wp:attachment":[{"href":"https:\/\/resista-ulmen.com\/es\/wp-json\/wp\/v2\/media?parent=4489"}],"curies":[{"name":"wp","href":"https:\/\/api.w.org\/{rel}","templated":true}]}}