{"id":4492,"date":"2016-03-02T13:15:25","date_gmt":"2016-03-02T12:15:25","guid":{"rendered":"http:\/\/resista-ulmen.com\/investigacion\/forschung\/"},"modified":"2018-01-25T17:30:24","modified_gmt":"2018-01-25T16:30:24","slug":"investigacion-de-los-olmos","status":"publish","type":"page","link":"https:\/\/resista-ulmen.com\/es\/investigacion\/investigacion-de-los-olmos\/","title":{"rendered":"Investigaci\u00f3n de los olmos"},"content":{"rendered":"<h1 style=\"text-align: center;\">La respuesta de la ciencia y la pr\u00e1ctica<\/h1>\n<p>&nbsp;<\/p>\n<div class=\"cols-wrapper cols-2\">\n<div class=\"col\">\n<h2 style=\"text-align: center;\">Se busca ant\u00eddoto<\/h2>\n<p>Poco despu\u00e9s del descubrimiento y la descripci\u00f3n del pat\u00f3geno de la enfermedad del olmo en 1920, los cient\u00edficos de todo el mundo se ocuparon del problema porque millones de \u00e1rboles espl\u00e9ndidos se secaron y tuvieron que talarse. Hubo dos maneras: sanaci\u00f3n con ayuda de la qu\u00edmica o el cultivo de variedades nuevas que fueran resistentes a esta enfermedad.<br \/>\n&nbsp;<\/p>\n<h2 style=\"text-align: center;\">Retrocesos y decepciones<\/h2>\n<p>Hasta el d\u00eda de hoy, el primer m\u00e9todo ha encontrado solo un remedio que se puede inyectar en el \u00e1rbol. El tratamiento es muy caro y debe repetirse anualmente. Solo merece la pena para \u00e1rboles de parques especialmente bonitos.<\/p>\n<p>El camino hacia el desarrollo de olmos resistentes ha sido muy largo. En el cultivo de olmos nuevos resistentes, los \u00e1rboles decepcionaron primero por su falta de vitalidad, forma o h\u00e1bito. Adem\u00e1s, hace falta mucho tiempo hasta que un cruce pueda demostrar su valor: \u00a1al menos 15 a\u00f1os! Y hasta ahora se han producido m\u00e1s de 100.000 cruces, la mayor\u00eda en Am\u00e9rica.<\/p>\n<\/div>\n<div class=\"col\">\n<h2 style=\"text-align: center;\">Olmos en el equipaje<\/h2>\n<p>En 1958, en EE.UU. el Prof. Eugene B. Smalley de la Universidad de Madison se encarg\u00f3 de la investigaci\u00f3n de la enfermedad del olmo y del cultivo de olmos resistentes. En primer lugar recopil\u00f3 centenares de especies y subespecies de olmos diferentes de todo el mundo, sobre todo en Asia. Despu\u00e9s vino la fase de cruce y la inoculaci\u00f3n en los cruces de la enfermedad en colaboraci\u00f3n con el Dr. Ray Guries. Finalmente, se probaron todas las propiedades restantes de los cruces creados. Menos de 100 cruces sobrevivieron a este procedimiento en todo el mundo.<br \/>\n&nbsp;<\/p>\n<h2 style=\"text-align: center;\">La base de nuestro \u00e9xito<\/h2>\n<p>Junto con Smalley y Guries seleccionamos unos 50 cruces que parec\u00edan adecuados para Europa. Volvimos a probar su resistencia. Esto fue necesario porque la evoluci\u00f3n de la enfermedad y su agresividad var\u00eda seg\u00fan el clima. En cualquier caso, hasta ahora solo hemos podido registrar menos de 10 variedades para la protecci\u00f3n comunitaria de las obtenciones vegetales abrir la posibilidad de venderlas.<\/p>\n<\/div>\n<\/div>\n<div class=\"quick-gallery\"><div class=\"qg-img qg-no-title\" data-defwidth=\"383\"><a href=\"https:\/\/resista-ulmen.com\/wp-content\/uploads\/4_4_3_pict_Ulmenforschung_1.jpg\" data-rel=\"lightbox[group-44921]\" title=\"\" ><img decoding=\"async\" src=\"https:\/\/resista-ulmen.com\/wp-content\/uploads\/4_4_3_pict_Ulmenforschung_1-383x250.jpg\" alt=\"\"\/><div class=\"qg-overlay\"><span class=\"icon-circle\"><span class=\"pg-icon lightbox-icon\"><\/span><\/span><\/div><\/a><\/div><div class=\"qg-img qg-no-title\" data-defwidth=\"383\"><a href=\"https:\/\/resista-ulmen.com\/wp-content\/uploads\/4_4_3_pict_Ulmenforschung_2.jpg\" data-rel=\"lightbox[group-44921]\" title=\"\" ><img decoding=\"async\" src=\"https:\/\/resista-ulmen.com\/wp-content\/uploads\/4_4_3_pict_Ulmenforschung_2-383x250.jpg\" alt=\"\"\/><div class=\"qg-overlay\"><span class=\"icon-circle\"><span class=\"pg-icon lightbox-icon\"><\/span><\/span><\/div><\/a><\/div><div class=\"qg-img qg-no-title\" data-defwidth=\"383\"><a href=\"https:\/\/resista-ulmen.com\/wp-content\/uploads\/4_4_3_pict_Ulmenforschung_3.jpg\" data-rel=\"lightbox[group-44921]\" title=\"\" ><img decoding=\"async\" src=\"https:\/\/resista-ulmen.com\/wp-content\/uploads\/4_4_3_pict_Ulmenforschung_3-383x250.jpg\" alt=\"\"\/><div class=\"qg-overlay\"><span class=\"icon-circle\"><span class=\"pg-icon lightbox-icon\"><\/span><\/span><\/div><\/a><\/div><div class=\"clear\"><\/div><\/div>\n","protected":false},"excerpt":{"rendered":"<p>La respuesta de la ciencia y la pr\u00e1ctica &nbsp; Se busca ant\u00eddoto Poco despu\u00e9s del descubrimiento y la descripci\u00f3n del [&hellip;]<\/p>\n","protected":false},"author":1,"featured_media":0,"parent":4482,"menu_order":63,"comment_status":"closed","ping_status":"closed","template":"template-full-custom.php","meta":{"footnotes":""},"class_list":["post-4492","page","type-page","status-publish","hentry"],"_links":{"self":[{"href":"https:\/\/resista-ulmen.com\/es\/wp-json\/wp\/v2\/pages\/4492","targetHints":{"allow":["GET"]}}],"collection":[{"href":"https:\/\/resista-ulmen.com\/es\/wp-json\/wp\/v2\/pages"}],"about":[{"href":"https:\/\/resista-ulmen.com\/es\/wp-json\/wp\/v2\/types\/page"}],"author":[{"embeddable":true,"href":"https:\/\/resista-ulmen.com\/es\/wp-json\/wp\/v2\/users\/1"}],"replies":[{"embeddable":true,"href":"https:\/\/resista-ulmen.com\/es\/wp-json\/wp\/v2\/comments?post=4492"}],"version-history":[{"count":0,"href":"https:\/\/resista-ulmen.com\/es\/wp-json\/wp\/v2\/pages\/4492\/revisions"}],"up":[{"embeddable":true,"href":"https:\/\/resista-ulmen.com\/es\/wp-json\/wp\/v2\/pages\/4482"}],"wp:attachment":[{"href":"https:\/\/resista-ulmen.com\/es\/wp-json\/wp\/v2\/media?parent=4492"}],"curies":[{"name":"wp","href":"https:\/\/api.w.org\/{rel}","templated":true}]}}