{"id":4501,"date":"2017-02-02T10:19:30","date_gmt":"2017-02-02T09:19:30","guid":{"rendered":"http:\/\/resista-ulmen.com\/stadt-allee\/"},"modified":"2018-01-26T15:40:54","modified_gmt":"2018-01-26T14:40:54","slug":"ciudad-avenida","status":"publish","type":"page","link":"https:\/\/resista-ulmen.com\/es\/ciudad-avenida\/","title":{"rendered":"Ciudad + Avenida"},"content":{"rendered":"<h1 style=\"text-align: center;\">Perfecto para la ciudad<\/h1>\n<p>&nbsp;<\/p>\n<div class=\"cols-wrapper cols-2\">\n<div class=\"col\">\nLos olmos deben ser capaces de enfrentarse a condiciones de crecimiento muy dif\u00edciles. El espacio para las ra\u00edces es limitado, el suelo compacto carece de nutrientes, con presencia de agua estancada o sin agua, as\u00ed como la presencia de gases de escape y la sal de deshielo son algunos de los factores que pueden dificultar el crecimiento saludable de los \u00e1rboles urbanos. Los efectos del cambio clim\u00e1tico en forma de fen\u00f3menos meteorol\u00f3gicos extremos tambi\u00e9n han aumentado, las sequ\u00edas son superiores a la media o las fuertes lluvias generan inundaciones que agravar\u00e1n sus condiciones de vida en el futuro.<\/p>\n<p>Pero los olmos est\u00e1n bien equipados para afrontar estos desaf\u00edos. El clima de nuestro centro de investigaci\u00f3n en Madison, con temperaturas entre -35\u00b0C y +40\u00b0C han llevado a selecci\u00f3n de variedades altamente tolerantes al clima.<\/p>\n<\/div>\n<div class=\"col\">\nUna gran ventaja de los olmos es que pueden multiplicarse varias veces por cada periodo de crecimiento. Esto los hace m\u00e1s resistentes a los da\u00f1os posibles por heladas tard\u00edas o la defoliaci\u00f3n total. Pero el olmo tambi\u00e9n puede soportar sorprendentemente bien la influencia humana. Este es un criterio importante para los \u00e1rboles de ciudad, pues a menudo las medidas de tala no se realizan siguiendo criterios de corte conocidos, sino siguiendo el perfil de g\u00e1libo o la seguridad vial. Por lo general, estos \u00e1rboles robustos perdonan incluso el da\u00f1o en las ra\u00edces producido por los trabajos de construcci\u00f3n y excavaci\u00f3n.<\/p>\n<p>Muchas ciudades ya han reconocido el potencial de nuestros olmos altamente resistentes. Como \u00e1rboles de ciudad duraderos, los olmos de resista\u00ae conformar\u00e1n cada vez m\u00e1s el perfil y el clima de las ciudades europeas.<\/p>\n<\/div>\n<\/div>\n<p>&nbsp;<\/p>\n<h1 style=\"text-align: center;\">Los pulmones de la ciudad<\/h1>\n<p>&nbsp;<\/p>\n<div class=\"cols-wrapper cols-2\">\n<div class=\"col\">\nLa tendencia a la urbanizaci\u00f3n sigue sin reducirse. Con la concentraci\u00f3n creciente de la poblaci\u00f3n en aglomeraciones urbanas, es cada vez m\u00e1s relevante la cuesti\u00f3n de una mejora efectiva del microclima urbano y de la creaci\u00f3n de corredores de aire fresco.<\/p>\n<\/div>\n<div class=\"col\">\nLos olmos son especies que se encuentran entre los \u00e1rboles urbanos m\u00e1s eficaces seg\u00fan estimaciones iniciales de los cient\u00edficos porque influyen positivamente en el clima urbano: Los olmos reducen las part\u00edculas finas y son los primeros en la reducci\u00f3n de los niveles de \u00f3xido de nitr\u00f3geno y ozono.<\/p>\n<\/div>\n<\/div>\n<div class=\"quick-gallery\"><div class=\"qg-img qg-no-title\" data-defwidth=\"383\"><a href=\"https:\/\/resista-ulmen.com\/wp-content\/uploads\/2_1_Stadt_NL_Amsterdam_Herengracht_MuseumOfTheCanals_03_201307.jpg\" data-rel=\"lightbox[group-45011]\" title=\"Ulmus &#039;New Horizon&#039; in Amsterdam (NL), &lt;a class=&quot;popmake-2-1-stadt-nl-amsterdam-herengracht-museum&quot;&gt;&lt;u&gt;Info&lt;\/u&gt;&lt;\/a&gt;\" ><img decoding=\"async\" src=\"https:\/\/resista-ulmen.com\/wp-content\/uploads\/2_1_Stadt_NL_Amsterdam_Herengracht_MuseumOfTheCanals_03_201307-383x250.jpg\" alt=\"\"\/><div class=\"qg-overlay\"><span class=\"icon-circle\"><span class=\"pg-icon lightbox-icon\"><\/span><\/span><\/div><\/a><\/div><div class=\"qg-img qg-no-title\" data-defwidth=\"383\"><a href=\"https:\/\/resista-ulmen.com\/wp-content\/uploads\/2_1_Stadt_NL_Amsterdam_Herengracht21_01_201507.jpg\" data-rel=\"lightbox[group-45011]\" title=\"Ulmus &#039;New Horizon&#039; in Amsterdam (NL), &lt;a class=&quot;popmake-2-1-stadt-nl-amsterdam-herengracht-21&quot;&gt;&lt;u&gt;Info&lt;\/u&gt;&lt;\/a&gt;\" ><img decoding=\"async\" src=\"https:\/\/resista-ulmen.com\/wp-content\/uploads\/2_1_Stadt_NL_Amsterdam_Herengracht21_01_201507-383x250.jpg\" alt=\"\"\/><div class=\"qg-overlay\"><span class=\"icon-circle\"><span class=\"pg-icon lightbox-icon\"><\/span><\/span><\/div><\/a><\/div><div class=\"qg-img qg-no-title\" data-defwidth=\"383\"><a href=\"https:\/\/resista-ulmen.com\/wp-content\/uploads\/2_1_Stadt_NL_Amsterdam_Herengracht_MuseumOfTheCanals_02_201307.jpg\" data-rel=\"lightbox[group-45011]\" title=\"Ulmus &#039;New Horizon&#039; in Amsterdam (NL), &lt;a class=&quot;popmake-2-1-stadt-nl-amsterdam-herengracht-museum&quot;&gt;&lt;u&gt;Info&lt;\/u&gt;&lt;\/a&gt;\" ><img decoding=\"async\" src=\"https:\/\/resista-ulmen.com\/wp-content\/uploads\/2_1_Stadt_NL_Amsterdam_Herengracht_MuseumOfTheCanals_02_201307-383x250.jpg\" alt=\"\"\/><div class=\"qg-overlay\"><span class=\"icon-circle\"><span class=\"pg-icon lightbox-icon\"><\/span><\/span><\/div><\/a><\/div><div class=\"clear\"><\/div><\/div>\n","protected":false},"excerpt":{"rendered":"<p>Perfecto para la ciudad &nbsp; Los olmos deben ser capaces de enfrentarse a condiciones de crecimiento muy dif\u00edciles. El espacio [&hellip;]<\/p>\n","protected":false},"author":1,"featured_media":0,"parent":0,"menu_order":7,"comment_status":"closed","ping_status":"closed","template":"template-full-custom.php","meta":{"footnotes":""},"class_list":["post-4501","page","type-page","status-publish","hentry"],"_links":{"self":[{"href":"https:\/\/resista-ulmen.com\/es\/wp-json\/wp\/v2\/pages\/4501","targetHints":{"allow":["GET"]}}],"collection":[{"href":"https:\/\/resista-ulmen.com\/es\/wp-json\/wp\/v2\/pages"}],"about":[{"href":"https:\/\/resista-ulmen.com\/es\/wp-json\/wp\/v2\/types\/page"}],"author":[{"embeddable":true,"href":"https:\/\/resista-ulmen.com\/es\/wp-json\/wp\/v2\/users\/1"}],"replies":[{"embeddable":true,"href":"https:\/\/resista-ulmen.com\/es\/wp-json\/wp\/v2\/comments?post=4501"}],"version-history":[{"count":0,"href":"https:\/\/resista-ulmen.com\/es\/wp-json\/wp\/v2\/pages\/4501\/revisions"}],"wp:attachment":[{"href":"https:\/\/resista-ulmen.com\/es\/wp-json\/wp\/v2\/media?parent=4501"}],"curies":[{"name":"wp","href":"https:\/\/api.w.org\/{rel}","templated":true}]}}