{"id":4505,"date":"2017-05-01T17:23:01","date_gmt":"2017-05-01T15:23:01","guid":{"rendered":"http:\/\/resista-ulmen.com\/forst-landschaft\/"},"modified":"2018-01-26T17:00:30","modified_gmt":"2018-01-26T16:00:30","slug":"heladas-tierra","status":"publish","type":"page","link":"https:\/\/resista-ulmen.com\/es\/heladas-tierra\/","title":{"rendered":"Heladas +  Tierra"},"content":{"rendered":"<h1 style=\"text-align: center;\">Uso vers\u00e1til<\/h1>\n<p>&nbsp;<\/p>\n<div class=\"cols-wrapper cols-2\">\n<div class=\"col\">\n<p>Hasta ahora, los olmos parecen tener un papel secundario en el bosque. Pero hay una serie de argumentos que podr\u00eda cambiar esto: Hay variedades de olmo que crecen m\u00e1s r\u00e1pido que la mayor\u00eda de los \u00e1rboles caducos. La madera de olmo es de alta calidad no solo para la industria del mueble. Se utiliza en la construcci\u00f3n naval, pero los troncos de olmo tambi\u00e9n sirven como base para Venecia y el puente Rialto desde hace m\u00e1s de 400 a\u00f1os. Muchas otras especies de \u00e1rboles se ven afectadas cada vez m\u00e1s por plagas y enfermedades y hasta ahora no hay variedades cultivadas con las resistencias necesarias. <\/p>\n<\/div>\n<div class=\"col\">\n<p>Esto es diferente para los olmos: hay cultivos con buenas resistencia y capacidad de enfrentarse a los problemas del cambio clim\u00e1tico en el bosque. Desde mediados del siglo pasado, los olmos que se han cultivado en todo el mundo desde finales de los a\u00f1os veinte han demostrado su potencial real en parques, calles, ciudades y en otros lugares. A pesar de ello, solo hay unos pocos olmos en el bosque y en el entorno al aire libre.<br \/>\n&nbsp;<br \/>\n<a href=\"#forst\"><u><span style=\"font-size: 0.75em;\">S E G U I R&nbsp;&nbsp;&nbsp;L E Y E N D O&nbsp;&nbsp;&gt;<\/span><\/u><\/a><\/p>\n<\/div>\n<\/div>\n<div class=\"quick-gallery\"><div class=\"qg-img qg-no-title\" data-defwidth=\"383\"><a href=\"https:\/\/resista-ulmen.com\/wp-content\/uploads\/4_5_pict_Forst_Landschaft_1.jpg\" data-rel=\"lightbox[group-45051]\" title=\"\" ><img decoding=\"async\" src=\"https:\/\/resista-ulmen.com\/wp-content\/uploads\/4_5_pict_Forst_Landschaft_1-383x250.jpg\" alt=\"\"\/><div class=\"qg-overlay\"><span class=\"icon-circle\"><span class=\"pg-icon lightbox-icon\"><\/span><\/span><\/div><\/a><\/div><div class=\"qg-img qg-no-title\" data-defwidth=\"383\"><a href=\"https:\/\/resista-ulmen.com\/wp-content\/uploads\/4_5_pict_Forst_Landschaft_2.jpg\" data-rel=\"lightbox[group-45051]\" title=\"\" ><img decoding=\"async\" src=\"https:\/\/resista-ulmen.com\/wp-content\/uploads\/4_5_pict_Forst_Landschaft_2-383x250.jpg\" alt=\"\"\/><div class=\"qg-overlay\"><span class=\"icon-circle\"><span class=\"pg-icon lightbox-icon\"><\/span><\/span><\/div><\/a><\/div><div class=\"qg-img qg-no-title\" data-defwidth=\"383\"><a href=\"https:\/\/resista-ulmen.com\/wp-content\/uploads\/4_5_pict_Forst_Landschaft_3.jpg\" data-rel=\"lightbox[group-45051]\" title=\"\" ><img decoding=\"async\" src=\"https:\/\/resista-ulmen.com\/wp-content\/uploads\/4_5_pict_Forst_Landschaft_3-383x250.jpg\" alt=\"\"\/><div class=\"qg-overlay\"><span class=\"icon-circle\"><span class=\"pg-icon lightbox-icon\"><\/span><\/span><\/div><\/a><\/div><div class=\"clear\"><\/div><\/div>\n<a name=\"forst\"><\/a><\/p>\n<h1 style=\"text-align: center;\">Olmos para el bosque y el paisaje<\/h1>\n<p>&nbsp;<\/p>\n<div class=\"cols-wrapper cols-2\">\n<div class=\"col\">\n<h2 style=\"text-align: center;\">\u00bfPor qu\u00e9 hay tan pocos olmos?<\/h2>\n<p>&nbsp;<\/p>\n<ul>\n<li>Todas las variedades cultivadas son clones que se reproducen vegetativamente y que presentan por lo tanto una gen\u00e9tica uniforme.<\/li>\n<li>Todas estas variedades tienen al menos un ascendiente que proviene de Asia y que por lo tanto no se adapta a la flora y fauna nativa.<\/li>\n<li>Estos olmos se cultivan con plantones y se ofrecen cuando han cumplido algunos a\u00f1os a precios muy superiores a los de otras plantas forestales cultivadas por semillas.<\/li>\n<\/ul>\n<p>&nbsp;<br \/>\nMe gustar\u00eda profundizar en estos tres argumentos.<\/p>\n<\/div>\n<div class=\"col\">\n<h2 style=\"text-align: center;\">1. Diversidad gen\u00e9tica<\/h2>\n<p>Cada \u00e1rbol est\u00e1 definido gen\u00e9ticamente. Cada descendiente, cultivado de forma vegetativa, es gen\u00e9ticamente id\u00e9ntico, mientras que un descendiente cultivado de la misma semilla se diferencia del \u00e1rbol matriz. El Prof. Eugene B. Smalley, uno de los cultivadores de olmos m\u00e1s conocidos, me dijo una vez: \u201emi sue\u00f1o es que mis beb\u00e9s, al cruzarlos libremente con olmos nativos ayuden a crear nuevas generaciones de olmos en los bosques que puedan afrontar la enfermedad holandesa del olmo\u201c. Parece que este sue\u00f1o se est\u00e1 haciendo realidad: Muchos olmos cercanos a nuestro vivero crecen de semillas cuyo \u00e1rbol matriz pertenece a una variedad resistente, de polen de nuestro Ulmus minor nativo. En pruebas realizadas de 2008 a 2010, estos olmos mostraron una alta resistencia.<\/p>\n<p>La diversidad gen\u00e9tica tambi\u00e9n podr\u00eda mejorarse plantando siempre variedades diferentes. Existen otras especies forestales en las que se est\u00e1 implementando este procedimiento.<br \/>\n&nbsp;<\/p>\n<h2 style=\"text-align: center;\">2. \u00c1rboles nativos<\/h2>\n<p>En tiempos del r\u00e1pido cambio clim\u00e1tico, esta demanda es cada vez m\u00e1s cuestionable, sobre todo en \u00e1rboles que crecen y deben vivir muchas d\u00e9cadas y a veces incluso varios siglos en su h\u00e1bitat. Por supuesto, los \u00e1rboles deben encajar en su entorno y armonizar especialmente con los insectos. Los olmos albergan unas 40 especies de insectos espec\u00edficos. En 1995, el director forestal Kettering en Bellheim encontr\u00f3 el escarabajo de las hojas de olmo (Xanthogaleruca luteola) en un olmo \u2019Sapporo Autum Gold\u2019. Esto es extraordinario porque se hasta el momento se hab\u00eda asumido que este escarabajo sensible viv\u00eda monof\u00e1gicamente en el Ulmus carpinifolia (minor). En 1993, el Laboratorio Forestal de Hesse organiz\u00f3 un simposio titulado: \u201e\u00bfSe salvar\u00e1 el olmo?\u201c. Un resultado fue la petici\u00f3n por parte de los cient\u00edficos para cultivar olmos resistentes y plantarlos en el bosque.<\/p>\n<p>Scolytus scolytus, el escarabajo que transmite la enfermedad del olmo, muere cuando ya no encuentra olmos. Precisamente esto ha ocurrido en Eslovaquia.<\/p>\n<p>La rapidez del cambio clim\u00e1tico, que ser\u00e1 a tener en cuenta en las pr\u00f3ximas d\u00e9cadas, hace que los \u00e1rboles que necesitan unos 100 a\u00f1os para formar tres generaciones deban plantarse ahora y que pasados 50 a\u00f1os se encuentren adaptados en las condiciones predominantes de ese momento. Probablemente no sean especies nativas y un silvicultor responsable mezclar\u00e1 los or\u00edgenes nativos con otros or\u00edgenes y variedades que permitan la estabilidad del bosque.<br \/>\n&nbsp;<\/p>\n<h2 style=\"text-align: center;\">3. Precio<\/h2>\n<p>El precio del \u00e1rbol que se va a plantar debe estar considerado en relaci\u00f3n con la velocidad de crecimiento, la calidad y cantidad de la producci\u00f3n de madera y con la potencial rentabilidad econ\u00f3mica. Con algunas variedades de olmo de resista\u00ae ya disponemos de buenos valores: En una serie de \u00e1rboles de 3 variedades diferentes tenemos troncos de 140 cm a la edad de 25 a\u00f1os. La calidad de la madera es generalmente muy buena: Para la fabricaci\u00f3n de muebles no solo convence el color y la veta, sino tambi\u00e9n la dureza y la estabilidad. La madera de olmo tambi\u00e9n es apta para exteriores, la construcci\u00f3n de embarcaciones, el mobiliario de juegos infantiles y herramientas. En 2013 aument\u00f3 el precio del metro c\u00fabico a 800 \u20ac desde su obtenci\u00f3n en el bosque.<\/p>\n<p>Es preciso a\u00f1adir que las dem\u00e1s especies de \u00e1rboles parecen seguir el destino de los olmos y tienen problemas con el medio ambiente, enfermedades o da\u00f1os causados por insectos: Fresnos, casta\u00f1os, pl\u00e1tanos, robles. Para poder cultivar variedades resistentes y robustas es necesario al menos 40 a\u00f1os, incluso si se emplea la ingenier\u00eda gen\u00e9tica.<\/p>\n<p>Las plantas de olmos de 3 a\u00f1os para reforestaci\u00f3n son caras. Es preciso reconsiderarlo y adquirir plantas que sean tan grandes que no den problemas con la competencia de hierbas, conejos o ciervos. Plantadas a intervalos de 4 x 4 (en combinaci\u00f3n con otras variedades) podr\u00eda llevar un esfuerzo justificable, especialmente si es de esperar un rendimiento pasados 22 a\u00f1os.<br \/>\n&nbsp;<\/p>\n<p style=\"text-align: right; font-size: 0.75em;\">C H R I S T O P H&nbsp;&nbsp;&nbsp;E I S E L E&nbsp;&nbsp;&nbsp;\/&nbsp;&nbsp;&nbsp;D I C I E M B R E&nbsp;&nbsp;&nbsp;2 0 1 6<\/p>\n<\/div>\n<\/div>\n","protected":false},"excerpt":{"rendered":"<p>Uso vers\u00e1til &nbsp; Hasta ahora, los olmos parecen tener un papel secundario en el bosque. Pero hay una serie de [&hellip;]<\/p>\n","protected":false},"author":1,"featured_media":0,"parent":0,"menu_order":8,"comment_status":"closed","ping_status":"closed","template":"template-full-custom.php","meta":{"footnotes":""},"class_list":["post-4505","page","type-page","status-publish","hentry"],"_links":{"self":[{"href":"https:\/\/resista-ulmen.com\/es\/wp-json\/wp\/v2\/pages\/4505","targetHints":{"allow":["GET"]}}],"collection":[{"href":"https:\/\/resista-ulmen.com\/es\/wp-json\/wp\/v2\/pages"}],"about":[{"href":"https:\/\/resista-ulmen.com\/es\/wp-json\/wp\/v2\/types\/page"}],"author":[{"embeddable":true,"href":"https:\/\/resista-ulmen.com\/es\/wp-json\/wp\/v2\/users\/1"}],"replies":[{"embeddable":true,"href":"https:\/\/resista-ulmen.com\/es\/wp-json\/wp\/v2\/comments?post=4505"}],"version-history":[{"count":0,"href":"https:\/\/resista-ulmen.com\/es\/wp-json\/wp\/v2\/pages\/4505\/revisions"}],"wp:attachment":[{"href":"https:\/\/resista-ulmen.com\/es\/wp-json\/wp\/v2\/media?parent=4505"}],"curies":[{"name":"wp","href":"https:\/\/api.w.org\/{rel}","templated":true}]}}