{"id":4524,"date":"2016-03-02T13:19:58","date_gmt":"2016-03-02T12:19:58","guid":{"rendered":"http:\/\/resista-ulmen.com\/ayuda-servicio\/pflanzempfehlung\/"},"modified":"2018-01-26T16:12:54","modified_gmt":"2018-01-26T15:12:54","slug":"recomendacion-de-plantacion","status":"publish","type":"page","link":"https:\/\/resista-ulmen.com\/es\/socios-servicio\/recomendacion-de-plantacion\/","title":{"rendered":"Recomendaci\u00f3n de plantaci\u00f3n"},"content":{"rendered":"<h1 style=\"text-align: center;\">El comienzo adecuado<\/h1>\n<p>&nbsp;<\/p>\n<div class=\"cols-wrapper cols-2\">\n<div class=\"col\">\nLos olmos son \u00e1rboles f\u00e1ciles de plantar. Tambi\u00e9n podemos confirmar esta propiedad en los olmos de resista\u00ae sin embargo, deber\u00e1 ser especialmente cuidadoso a la hora de plantarlos.<\/p>\n<\/div>\n<div class=\"col\">\nEl crecimiento y el desarrollo posterior del olmo de resista\u00ae son m\u00e1s r\u00e1pidos y la p\u00e9rdida de \u00e1rboles individuales ocurre con mucha menos frecuencia.<\/p>\n<\/div>\n<\/div>\n<div class=\"quick-gallery\"><div class=\"qg-img qg-no-title\" data-defwidth=\"383\"><a href=\"https:\/\/resista-ulmen.com\/wp-content\/uploads\/3_4_pict_Weiterkultur_3.jpg\" data-rel=\"lightbox[group-45241]\" title=\"\" ><img decoding=\"async\" src=\"https:\/\/resista-ulmen.com\/wp-content\/uploads\/3_4_pict_Weiterkultur_3-383x250.jpg\" alt=\"\"\/><div class=\"qg-overlay\"><span class=\"icon-circle\"><span class=\"pg-icon lightbox-icon\"><\/span><\/span><\/div><\/a><\/div><div class=\"qg-img qg-no-title\" data-defwidth=\"383\"><a href=\"https:\/\/resista-ulmen.com\/wp-content\/uploads\/3_4_pict_Weiterkultur_2.jpg\" data-rel=\"lightbox[group-45241]\" title=\"\" ><img decoding=\"async\" src=\"https:\/\/resista-ulmen.com\/wp-content\/uploads\/3_4_pict_Weiterkultur_2-383x250.jpg\" alt=\"\"\/><div class=\"qg-overlay\"><span class=\"icon-circle\"><span class=\"pg-icon lightbox-icon\"><\/span><\/span><\/div><\/a><\/div><div class=\"qg-img qg-no-title\" data-defwidth=\"383\"><a href=\"https:\/\/resista-ulmen.com\/wp-content\/uploads\/3_4_pict_Weiterkultur_1.jpg\" data-rel=\"lightbox[group-45241]\" title=\"\" ><img decoding=\"async\" src=\"https:\/\/resista-ulmen.com\/wp-content\/uploads\/3_4_pict_Weiterkultur_1-383x250.jpg\" alt=\"\"\/><div class=\"qg-overlay\"><span class=\"icon-circle\"><span class=\"pg-icon lightbox-icon\"><\/span><\/span><\/div><\/a><\/div><div class=\"clear\"><\/div><\/div>\n","protected":false},"excerpt":{"rendered":"<p>El comienzo adecuado &nbsp; Los olmos son \u00e1rboles f\u00e1ciles de plantar. Tambi\u00e9n podemos confirmar esta propiedad en los olmos de [&hellip;]<\/p>\n","protected":false},"author":1,"featured_media":0,"parent":4511,"menu_order":93,"comment_status":"closed","ping_status":"closed","template":"template-full-custom.php","meta":{"footnotes":""},"class_list":["post-4524","page","type-page","status-publish","hentry"],"_links":{"self":[{"href":"https:\/\/resista-ulmen.com\/es\/wp-json\/wp\/v2\/pages\/4524","targetHints":{"allow":["GET"]}}],"collection":[{"href":"https:\/\/resista-ulmen.com\/es\/wp-json\/wp\/v2\/pages"}],"about":[{"href":"https:\/\/resista-ulmen.com\/es\/wp-json\/wp\/v2\/types\/page"}],"author":[{"embeddable":true,"href":"https:\/\/resista-ulmen.com\/es\/wp-json\/wp\/v2\/users\/1"}],"replies":[{"embeddable":true,"href":"https:\/\/resista-ulmen.com\/es\/wp-json\/wp\/v2\/comments?post=4524"}],"version-history":[{"count":0,"href":"https:\/\/resista-ulmen.com\/es\/wp-json\/wp\/v2\/pages\/4524\/revisions"}],"up":[{"embeddable":true,"href":"https:\/\/resista-ulmen.com\/es\/wp-json\/wp\/v2\/pages\/4511"}],"wp:attachment":[{"href":"https:\/\/resista-ulmen.com\/es\/wp-json\/wp\/v2\/media?parent=4524"}],"curies":[{"name":"wp","href":"https:\/\/api.w.org\/{rel}","templated":true}]}}