{"id":4527,"date":"2016-03-02T13:20:43","date_gmt":"2016-03-02T12:20:43","guid":{"rendered":"http:\/\/resista-ulmen.com\/ayuda-servicio\/pflanzschnitt\/"},"modified":"2018-01-26T16:14:32","modified_gmt":"2018-01-26T15:14:32","slug":"poda","status":"publish","type":"page","link":"https:\/\/resista-ulmen.com\/es\/socios-servicio\/poda\/","title":{"rendered":"Poda"},"content":{"rendered":"<h1 style=\"text-align: center;\">Una buena poda es la mitad del \u00e9xito<\/h1>\n<p>&nbsp;<\/p>\n<div class=\"cols-wrapper cols-2\">\n<div class=\"col\">\nUn requisito importante para un crecimiento sin problemas y un buen desarrollo posterior de \u00e1rboles reci\u00e9n plantados es la poda. La forma e intensidad del corte depende de la especie de \u00e1rbol. Los olmos generalmente se podan de manera m\u00e1s intensiva, similar a los tilos y a los arces.<\/p>\n<p>Tambi\u00e9n debe considerarse el estado de la copa con la que viene el \u00e1rbol desde el vivero. Los \u00e1rboles son seres vivos y su crecimiento no se puede estandarizar bajo las condiciones aleatorias del clima. Los a\u00f1os fr\u00edos en el vivero pueden hacer innecesario realizar la poda (solo se puede podar lo que ha crecido con anterioridad), por lo que las copas necesitan despoblarse mucho m\u00e1s en el lugar de plantaci\u00f3n. O bien las condiciones favorables de crecimiento hacen necesario un corte adicional de correcci\u00f3n, por lo que no hace falta podar mucho en el lugar de plantaci\u00f3n.<\/p>\n<\/div>\n<div class=\"col\">\nUna copa con forma de pir\u00e1mide amplia deber\u00eda ser el objetivo de la poda. Adem\u00e1s de quitar los brotes concurrentes, las ramas principales superiores se pueden acortar m\u00e1s que las inferiores, intentando en lo posible cortar \u00fanicamente madera de un a\u00f1o. Puede quitarse una parte de las ramas y pueden acortarse las ramas secundarias. Al retirar las ramas m\u00e1s gruesas, por ejemplo, para llegar a la base de la copa, hay que cortar siempre por el cuello de la rama.<\/p>\n<p>Independientemente de si los \u00e1rboles se plantan con o sin fardo o desde el contenedor, ya sea en oto\u00f1o o en primavera (en lo posible con brotes en crecimiento), deber\u00eda influirse en la intensidad del corte de la planta.<\/p>\n<\/div>\n<\/div>\n<div class=\"quick-gallery\"><div class=\"qg-img qg-no-title\" data-defwidth=\"383\"><a href=\"https:\/\/resista-ulmen.com\/wp-content\/uploads\/3_4_pict_Weiterkultur_3.jpg\" data-rel=\"lightbox[group-45271]\" title=\"\" ><img decoding=\"async\" src=\"https:\/\/resista-ulmen.com\/wp-content\/uploads\/3_4_pict_Weiterkultur_3-383x250.jpg\" alt=\"\"\/><div class=\"qg-overlay\"><span class=\"icon-circle\"><span class=\"pg-icon lightbox-icon\"><\/span><\/span><\/div><\/a><\/div><div class=\"qg-img qg-no-title\" data-defwidth=\"383\"><a href=\"https:\/\/resista-ulmen.com\/wp-content\/uploads\/3_4_pict_Weiterkultur_2.jpg\" data-rel=\"lightbox[group-45271]\" title=\"\" ><img decoding=\"async\" src=\"https:\/\/resista-ulmen.com\/wp-content\/uploads\/3_4_pict_Weiterkultur_2-383x250.jpg\" alt=\"\"\/><div class=\"qg-overlay\"><span class=\"icon-circle\"><span class=\"pg-icon lightbox-icon\"><\/span><\/span><\/div><\/a><\/div><div class=\"qg-img qg-no-title\" data-defwidth=\"383\"><a href=\"https:\/\/resista-ulmen.com\/wp-content\/uploads\/3_4_pict_Weiterkultur_1.jpg\" data-rel=\"lightbox[group-45271]\" title=\"\" ><img decoding=\"async\" src=\"https:\/\/resista-ulmen.com\/wp-content\/uploads\/3_4_pict_Weiterkultur_1-383x250.jpg\" alt=\"\"\/><div class=\"qg-overlay\"><span class=\"icon-circle\"><span class=\"pg-icon lightbox-icon\"><\/span><\/span><\/div><\/a><\/div><div class=\"clear\"><\/div><\/div>\n","protected":false},"excerpt":{"rendered":"<p>Una buena poda es la mitad del \u00e9xito &nbsp; Un requisito importante para un crecimiento sin problemas y un buen [&hellip;]<\/p>\n","protected":false},"author":1,"featured_media":0,"parent":4511,"menu_order":94,"comment_status":"closed","ping_status":"closed","template":"template-full-custom.php","meta":{"footnotes":""},"class_list":["post-4527","page","type-page","status-publish","hentry"],"_links":{"self":[{"href":"https:\/\/resista-ulmen.com\/es\/wp-json\/wp\/v2\/pages\/4527","targetHints":{"allow":["GET"]}}],"collection":[{"href":"https:\/\/resista-ulmen.com\/es\/wp-json\/wp\/v2\/pages"}],"about":[{"href":"https:\/\/resista-ulmen.com\/es\/wp-json\/wp\/v2\/types\/page"}],"author":[{"embeddable":true,"href":"https:\/\/resista-ulmen.com\/es\/wp-json\/wp\/v2\/users\/1"}],"replies":[{"embeddable":true,"href":"https:\/\/resista-ulmen.com\/es\/wp-json\/wp\/v2\/comments?post=4527"}],"version-history":[{"count":0,"href":"https:\/\/resista-ulmen.com\/es\/wp-json\/wp\/v2\/pages\/4527\/revisions"}],"up":[{"embeddable":true,"href":"https:\/\/resista-ulmen.com\/es\/wp-json\/wp\/v2\/pages\/4511"}],"wp:attachment":[{"href":"https:\/\/resista-ulmen.com\/es\/wp-json\/wp\/v2\/media?parent=4527"}],"curies":[{"name":"wp","href":"https:\/\/api.w.org\/{rel}","templated":true}]}}