{"id":4822,"date":"2016-02-03T21:49:39","date_gmt":"2016-02-03T20:49:39","guid":{"rendered":"http:\/\/resista-ulmen.com\/beispiel-seite\/"},"modified":"2018-04-10T20:58:35","modified_gmt":"2018-04-10T18:58:35","slug":"beispiel-seite","status":"publish","type":"page","link":"https:\/\/resista-ulmen.com\/fr\/","title":{"rendered":"Home"},"content":{"rendered":"<h1 style=\"text-align: center;\">Planter l\u2019avenir<\/h1>\n<p>&nbsp;<\/p>\n<div class=\"cols-wrapper cols-2\">\n<div class=\"col\">\n<p>Ils filtrent les substances polluantes de l\u2019air, s\u2019adaptent avec succ\u00e8s aux conditions de vie urbaines, font fi des facteurs de stress tels que la chaleur, les inondations ou la s\u00e9cheresse, r\u00e9sistent au vent et au sel de d\u00e9neigement, poussent rapidement et sont en plus splendides\u00a0: les ormes sont des arbres faits pour la ville et les all\u00e9es.<\/p>\n<\/div>\n<div class=\"col\">\n<p>Les ormes resista\u00ae sont des produits de culture fiables, solides et extr\u00eamement r\u00e9sistants. Apr\u00e8s avoir, durant des d\u00e9cennies, fait l\u2019objet de recherches internationales, de tests r\u00e9guliers et subi des ann\u00e9es d\u2019examen, ils ont \u00e9t\u00e9 s\u00e9lectionn\u00e9s pour le march\u00e9 europ\u00e9en en raison de leurs propri\u00e9t\u00e9s extraordinaires. Ils sont disponibles aupr\u00e8s de p\u00e9pini\u00e8res partenaires agr\u00e9\u00e9es.<\/p>\n<\/div>\n<\/div>\n<p><img loading=\"lazy\" decoding=\"async\" src=\"http:\/\/resista-ulmen.com\/wp-content\/uploads\/illu_blaetter.png\" alt=\"\" width=\"1920\" height=\"309\" class=\"aligncenter size-full wp-image-3125\" srcset=\"https:\/\/resista-ulmen.com\/wp-content\/uploads\/illu_blaetter.png 1920w, https:\/\/resista-ulmen.com\/wp-content\/uploads\/illu_blaetter-300x48.png 300w, https:\/\/resista-ulmen.com\/wp-content\/uploads\/illu_blaetter-768x124.png 768w, https:\/\/resista-ulmen.com\/wp-content\/uploads\/illu_blaetter-1024x165.png 1024w\" sizes=\"auto, (max-width: 1920px) 100vw, 1920px\" \/><\/p>\n<div class=\"quick-gallery\"><div class=\"qg-img qg-no-title\" data-defwidth=\"383\"><a href=\"https:\/\/resista-ulmen.com\/wp-content\/uploads\/0_1_pict_New_Horizon_1.jpg\" data-rel=\"lightbox[group-48221]\" title=\"\" ><img decoding=\"async\" src=\"https:\/\/resista-ulmen.com\/wp-content\/uploads\/0_1_pict_New_Horizon_1-383x250.jpg\" alt=\"\"\/><div class=\"qg-overlay\"><span class=\"icon-circle\"><span class=\"pg-icon lightbox-icon\"><\/span><\/span><\/div><\/a><\/div><div class=\"qg-img qg-no-title\" data-defwidth=\"383\"><a href=\"https:\/\/resista-ulmen.com\/wp-content\/uploads\/0_1_pict_New_Horizon_2.jpg\" data-rel=\"lightbox[group-48221]\" title=\"\" ><img decoding=\"async\" src=\"https:\/\/resista-ulmen.com\/wp-content\/uploads\/0_1_pict_New_Horizon_2-383x250.jpg\" alt=\"\"\/><div class=\"qg-overlay\"><span class=\"icon-circle\"><span class=\"pg-icon lightbox-icon\"><\/span><\/span><\/div><\/a><\/div><div class=\"qg-img qg-no-title\" data-defwidth=\"383\"><a href=\"https:\/\/resista-ulmen.com\/wp-content\/uploads\/0_1_pict_New_Horizon_4.jpg\" data-rel=\"lightbox[group-48221]\" title=\"\" ><img decoding=\"async\" src=\"https:\/\/resista-ulmen.com\/wp-content\/uploads\/0_1_pict_New_Horizon_4-383x250.jpg\" alt=\"\"\/><div class=\"qg-overlay\"><span class=\"icon-circle\"><span class=\"pg-icon lightbox-icon\"><\/span><\/span><\/div><\/a><\/div><div class=\"clear\"><\/div><\/div>\n<h1 style=\"text-align: center;\">Avantages<\/h1>\n<p>&nbsp;<\/p>\n<div class=\"cols-wrapper cols-2\">\n<div class=\"col\">\n<h2 style=\"text-align: center;\">Une qualit\u00e9 \u00e9prouv\u00e9e<\/h2>\n<p>Les ormes resista\u00ae ont fait leurs preuves dans des centaines d&#8217;endroits diff\u00e9rents, et ce, depuis plus de 50\u00a0ans en Am\u00e9rique du Nord et plus de 35\u00a0ans en Europe. Rien que l\u2019esp\u00e8ce <a href=\"http:\/\/resista-ulmen.com\/fr\/varietes\/new-horizon\/\">\u2018New Horizon\u2019<\/a> a \u00e9t\u00e9 plant\u00e9e plus de 40\u00a0000\u00a0fois dans plus de 15\u00a0pays europ\u00e9ens.<br \/>\n&nbsp;<\/p>\n<h2 style=\"text-align: center;\">Une r\u00e9sistance prouv\u00e9e<\/h2>\n<p>La r\u00e9sistance des ormes resista\u00ae \u00e0 celle que l\u2019on appelle \u00ab\u00a0la maladie hollandaise des ormes\u00a0\u00bb <em>(Ophiostoma novo-ulmi)<\/em> s\u2019est toujours av\u00e9r\u00e9e effective dans la pratique. Elle est r\u00e9guli\u00e8rement contr\u00f4l\u00e9e au moyen de tests d&#8217;infection fiables avec des agents pathog\u00e8nes virulents.<br \/>\n&nbsp;<\/p>\n<h2 style=\"text-align: center;\">Une tol\u00e9rance au climat urbain<\/h2>\n<p>Il s&#8217;av\u00e8re que les ormes resista\u00ae sont extr\u00eamement bien pr\u00e9par\u00e9s aux probl\u00e8mes engendr\u00e9s par le changement climatique. Ils supportent bien les climats urbains, ils s&#8217;adaptent parfaitement aux sols compact\u00e9s, aux endroits dont l\u2019air est sec et aux sites directement soumis \u00e0 la chaleur des rayons, ils r\u00e9sistent tr\u00e8s bien aux gaz d&#8217;\u00e9chappement et aux sels de d\u00e9neigement.<br \/>\n&nbsp;<\/p>\n<h2 style=\"text-align: center;\">Rien ne les affecte<\/h2>\n<p>Les ormes r\u00e9sista\u00ae r\u00e9sistent au vent, sont solides et ne craignent pas le gel. En effet, les plants provenant du Wisconsin, aux \u00c9tats-Unis, ont d\u00e9j\u00e0 surv\u00e9cu \u00e0 des temp\u00e9ratures de -35\u00a0C\u00b0 en hiver. Ils ne craignent pas les inondations occasionnelles, m\u00eame si celles-ci sont \u00e0 l\u2019eau de mer. Ainsi, ces arbres sont id\u00e9alement adapt\u00e9s \u00e0 une plantation pr\u00e8s des berges de toutes sortes d\u2019eaux.<\/p>\n<\/div>\n<div class=\"col\">\n<h2 style=\"text-align: center;\">De bons voisins<\/h2>\n<p>\u00c0 l\u2019instar de nos vari\u00e9t\u00e9s d\u2019ormes indig\u00e8nes, les feuilles des ormes resista\u00ae, tomb\u00e9es au sol, se d\u00e9composent rapidement. S\u2019y ajoutent des avantages suppl\u00e9mentaires : ils d\u00e9veloppent peu de semences, pas de gros fruits et ne produisent pas de miellat. Ils poss\u00e8dent en outre la capacit\u00e9 de filtrer les poussi\u00e8res fines et d&#8217;am\u00e9liorer la qualit\u00e9 de l&#8217;air.<br \/>\n&nbsp;<\/p>\n<h2 style=\"text-align: center;\">Robuste de structure<\/h2>\n<p>Des petites blessures occasionn\u00e9es par la circulation, par exemple au niveau du tronc, cicatrisent g\u00e9n\u00e9ralement tr\u00e8s rapidement. Ils supportent tr\u00e8s bien les coupes, qu\u2019elles soient effectu\u00e9es hors ou sous terre.<br \/>\n&nbsp;<\/p>\n<h2 style=\"text-align: center;\"> Authenticit\u00e9 garantie <\/h2>\n<p>Tous les arbres des vari\u00e9t\u00e9s <a href=\"http:\/\/resista-ulmen.com\/fr\/varietes\/new-horizon\/\">\u2018New Horizon\u2019<\/a>, <a href=\"http:\/\/resista-ulmen.com\/fr\/varietes\/rebona\/\">\u2018Rebona\u2019<\/a>, <a href=\"http:\/\/resista-ulmen.com\/fr\/varietes\/rebella\/\">\u2018Rebella\u2019<\/a> et <a href=\"http:\/\/resista-ulmen.com\/fr\/varietes\/fiorente\/\">\u2018Fiorente\u2019<\/a> qui sont propos\u00e9s, poss\u00e8dent des racines authentiques. C\u2019est ce que garantit le transpondeur implant\u00e9 dans chaque arbre. Un certificat d&#8217;authenticit\u00e9 vous est d\u00e9livr\u00e9 par le fournisseur.<\/p>\n<p>D\u2019autres vari\u00e9t\u00e9s font actuellement l\u2019objet de contr\u00f4les.\n<\/p><\/div>\n<\/div>\n<div class=\"quick-gallery\"><div class=\"qg-img qg-no-title\" data-defwidth=\"383\"><a href=\"https:\/\/resista-ulmen.com\/wp-content\/uploads\/1_0_pict_new_horizon_1.jpg\" data-rel=\"lightbox[group-48222]\" title=\"\" ><img decoding=\"async\" src=\"https:\/\/resista-ulmen.com\/wp-content\/uploads\/1_0_pict_new_horizon_1-383x250.jpg\" alt=\"\"\/><div class=\"qg-overlay\"><span class=\"icon-circle\"><span class=\"pg-icon lightbox-icon\"><\/span><\/span><\/div><\/a><\/div><div class=\"qg-img qg-no-title\" data-defwidth=\"383\"><a href=\"https:\/\/resista-ulmen.com\/wp-content\/uploads\/1_0_pict_new_horizon_2.jpg\" data-rel=\"lightbox[group-48222]\" title=\"\" ><img decoding=\"async\" src=\"https:\/\/resista-ulmen.com\/wp-content\/uploads\/1_0_pict_new_horizon_2-383x250.jpg\" alt=\"\"\/><div class=\"qg-overlay\"><span class=\"icon-circle\"><span class=\"pg-icon lightbox-icon\"><\/span><\/span><\/div><\/a><\/div><div class=\"qg-img qg-no-title\" data-defwidth=\"383\"><a href=\"https:\/\/resista-ulmen.com\/wp-content\/uploads\/1_0_pict_new_horizon_3.jpg\" data-rel=\"lightbox[group-48222]\" title=\"\" ><img decoding=\"async\" src=\"https:\/\/resista-ulmen.com\/wp-content\/uploads\/1_0_pict_new_horizon_3-383x250.jpg\" alt=\"\"\/><div class=\"qg-overlay\"><span class=\"icon-circle\"><span class=\"pg-icon lightbox-icon\"><\/span><\/span><\/div><\/a><\/div><div class=\"clear\"><\/div><\/div>\n<h1 style=\"text-align: center;\">Resista \u2013 L\u2019original<\/h1>\n<p>&nbsp;<\/p>\n<div class=\"cols-wrapper cols-2\">\n<div class=\"col\">\nNous avons donn\u00e9 un nom de marque \u00e0 notre vari\u00e9t\u00e9 d\u2019ormes ultra-r\u00e9sistants : resista\u00ae.<\/p>\n<p>Cette marque, d\u00e9pos\u00e9e au niveau international, garantit en plus que l\u2019identit\u00e9 de chaque arbre puisse \u00eatre v\u00e9rifi\u00e9e sans ambigu\u00eft\u00e9 gr\u00e2ce au transpondeur \u00e9lectronique int\u00e9gr\u00e9 dans son tronc. Chaque vari\u00e9t\u00e9 b\u00e9n\u00e9ficie d\u2019une \u00ab\u00a0protection des obtentions v\u00e9g\u00e9tales\u00a0\u00bb ; la protection des obtentions v\u00e9g\u00e9tales europ\u00e9enne est aussi efficace qu&#8217;un brevet.<\/p>\n<\/div>\n<div class=\"col\">\nLes ormes resista\u00ae sont exclusivement produits et commercialis\u00e9s par des partenaires s\u00e9lectionn\u00e9s, et ce, dans le respect des normes de qualit\u00e9 reconnues. C\u2019est pourquoi notre marque repr\u00e9sente, depuis des d\u00e9cennies, des ormes certifi\u00e9s et hautement r\u00e9sistants au plus haut niveau de qualit\u00e9, que ce soit en Allemagne ou dans toute l\u2019Europe.<\/p>\n<\/div>\n<\/div>\n<p><img loading=\"lazy\" decoding=\"async\" src=\"http:\/\/resista-ulmen.com\/wp-content\/uploads\/logo_resista_solo.png\" alt=\"\" width=\"500\" height=\"175\" class=\"aligncenter size-full wp-image-3633\" srcset=\"https:\/\/resista-ulmen.com\/wp-content\/uploads\/logo_resista_solo.png 800w, https:\/\/resista-ulmen.com\/wp-content\/uploads\/logo_resista_solo-300x105.png 300w, https:\/\/resista-ulmen.com\/wp-content\/uploads\/logo_resista_solo-768x269.png 768w\" sizes=\"auto, (max-width: 500px) 100vw, 500px\" \/><\/p>\n<div class=\"section-full-width section-dark\" style=\"\" id=\"section-1\"><div style=\"background-image:url(http:\/\/resista-ulmen.com\/wp-content\/uploads\/hg_naturpapier_solo.jpg); opacity:; filter: alpha(opacity=0);\" class=\"full-bg-image\" ><\/div><div class=\"section-boxed\" style=\"color:#444444;\"><div class=\"services-wrapper services-default cols-wrapper cols-1 pexeto-parallax\"><div class=\"services-box col nomargin\"><div class=\"img-container\"><img decoding=\"async\" src=\"http:\/\/resista-ulmen.com\/wp-content\/uploads\/logo_eisele_naturpapier_small.png\" alt=\"\"\/><\/div><div class=\"services-content\"><div class=\"sc-wraper\"><p>resista\u00ae est une marque d\u00e9pos\u00e9e de la<\/br>EISELE GmbH + Co KG<\/p><\/div><\/div><\/div><div class=\"clear\"><\/div><\/div>\n<\/div><\/div>\n","protected":false},"excerpt":{"rendered":"<p>Planter l\u2019avenir &nbsp; Ils filtrent les substances polluantes de l\u2019air, s\u2019adaptent avec succ\u00e8s aux conditions de vie urbaines, font fi [&hellip;]<\/p>\n","protected":false},"author":1,"featured_media":0,"parent":0,"menu_order":1,"comment_status":"closed","ping_status":"open","template":"template-full-custom.php","meta":{"footnotes":""},"class_list":["post-4822","page","type-page","status-publish","hentry"],"_links":{"self":[{"href":"https:\/\/resista-ulmen.com\/fr\/wp-json\/wp\/v2\/pages\/4822","targetHints":{"allow":["GET"]}}],"collection":[{"href":"https:\/\/resista-ulmen.com\/fr\/wp-json\/wp\/v2\/pages"}],"about":[{"href":"https:\/\/resista-ulmen.com\/fr\/wp-json\/wp\/v2\/types\/page"}],"author":[{"embeddable":true,"href":"https:\/\/resista-ulmen.com\/fr\/wp-json\/wp\/v2\/users\/1"}],"replies":[{"embeddable":true,"href":"https:\/\/resista-ulmen.com\/fr\/wp-json\/wp\/v2\/comments?post=4822"}],"version-history":[{"count":0,"href":"https:\/\/resista-ulmen.com\/fr\/wp-json\/wp\/v2\/pages\/4822\/revisions"}],"wp:attachment":[{"href":"https:\/\/resista-ulmen.com\/fr\/wp-json\/wp\/v2\/media?parent=4822"}],"curies":[{"name":"wp","href":"https:\/\/api.w.org\/{rel}","templated":true}]}}