{"id":4827,"date":"2016-02-23T20:21:15","date_gmt":"2016-02-23T19:21:15","guid":{"rendered":"http:\/\/resista-ulmen.com\/sorten\/"},"modified":"2018-03-26T18:06:19","modified_gmt":"2018-03-26T16:06:19","slug":"varietes","status":"publish","type":"page","link":"https:\/\/resista-ulmen.com\/fr\/varietes\/","title":{"rendered":"Vari\u00e9t\u00e9s"},"content":{"rendered":"<h1 style=\"text-align: center;\">Une diversit\u00e9 s\u00e9lectionn\u00e9e<\/h1>\n<p>&nbsp;<\/p>\n<div class=\"cols-wrapper cols-2\">\n<div class=\"col\">\n<p>Pour la marque resista\u00ae, nos experts ont s\u00e9lectionn\u00e9 quelques vari\u00e9t\u00e9s d\u2019ormes parmi une multitude de plants r\u00e9sistants. Ils se sont \u00e9galement bas\u00e9s sur des recherches et des exp\u00e9riences internationales effectu\u00e9es durant des d\u00e9cennies. Les ormes resista\u00ae se distinguent par leur grande r\u00e9sistance et leur parfaite adaptabilit\u00e9 \u00e0 la ville et le long des avenues.<\/p>\n<\/div>\n<div class=\"col\">\n<p>Les quatre vari\u00e9t\u00e9s <a href=\"http:\/\/resista-ulmen.com\/fr\/varietes\/new-horizon\/\">\u2019New Horizon\u2019<\/a>, <a href=\"http:\/\/resista-ulmen.com\/fr\/varietes\/rebona\/\">\u2019Rebona\u2019<\/a>,\u00a0<a href=\"http:\/\/resista-ulmen.com\/fr\/varietes\/rebella\/\">\u2019Rebella\u2019<\/a> et\u00a0<a href=\"http:\/\/resista-ulmen.com\/fr\/varietes\/fiorente\/\">\u2019Fiorente\u2019<\/a> sont des \u00ab\u00a0hautes tiges\u00a0\u00bb livrables au niveau europ\u00e9en par des p\u00e9pini\u00e8res partenaires agr\u00e9\u00e9es. D\u2019autres vari\u00e9t\u00e9s font actuellement l\u2019objet de contr\u00f4les.<\/p>\n<\/div>\n<\/div>\n<p><img loading=\"lazy\" decoding=\"async\" src=\"http:\/\/resista-ulmen.com\/wp-content\/uploads\/illu_blaetter.png\" alt=\"\" width=\"1920\" height=\"309\" class=\"aligncenter size-full wp-image-3125\" srcset=\"https:\/\/resista-ulmen.com\/wp-content\/uploads\/illu_blaetter.png 1920w, https:\/\/resista-ulmen.com\/wp-content\/uploads\/illu_blaetter-300x48.png 300w, https:\/\/resista-ulmen.com\/wp-content\/uploads\/illu_blaetter-768x124.png 768w, https:\/\/resista-ulmen.com\/wp-content\/uploads\/illu_blaetter-1024x165.png 1024w\" sizes=\"auto, (max-width: 1920px) 100vw, 1920px\" \/><\/p>\n<div class=\"quick-gallery\"><div class=\"qg-img qg-no-title\" data-defwidth=\"383\"><a href=\"https:\/\/resista-ulmen.com\/wp-content\/uploads\/1_0_pict_new_horizon_1.jpg\" data-rel=\"lightbox[group-48271]\" title=\"\" ><img decoding=\"async\" src=\"https:\/\/resista-ulmen.com\/wp-content\/uploads\/1_0_pict_new_horizon_1-383x250.jpg\" alt=\"\"\/><div class=\"qg-overlay\"><span class=\"icon-circle\"><span class=\"pg-icon lightbox-icon\"><\/span><\/span><\/div><\/a><\/div><div class=\"qg-img qg-no-title\" data-defwidth=\"383\"><a href=\"https:\/\/resista-ulmen.com\/wp-content\/uploads\/1_0_pict_new_horizon_2.jpg\" data-rel=\"lightbox[group-48271]\" title=\"\" ><img decoding=\"async\" src=\"https:\/\/resista-ulmen.com\/wp-content\/uploads\/1_0_pict_new_horizon_2-383x250.jpg\" alt=\"\"\/><div class=\"qg-overlay\"><span class=\"icon-circle\"><span class=\"pg-icon lightbox-icon\"><\/span><\/span><\/div><\/a><\/div><div class=\"qg-img qg-no-title\" data-defwidth=\"383\"><a href=\"https:\/\/resista-ulmen.com\/wp-content\/uploads\/1_0_pict_new_horizon_3.jpg\" data-rel=\"lightbox[group-48271]\" title=\"\" ><img decoding=\"async\" src=\"https:\/\/resista-ulmen.com\/wp-content\/uploads\/1_0_pict_new_horizon_3-383x250.jpg\" alt=\"\"\/><div class=\"qg-overlay\"><span class=\"icon-circle\"><span class=\"pg-icon lightbox-icon\"><\/span><\/span><\/div><\/a><\/div><div class=\"clear\"><\/div><\/div>\n","protected":false},"excerpt":{"rendered":"<p>Une diversit\u00e9 s\u00e9lectionn\u00e9e &nbsp; Pour la marque resista\u00ae, nos experts ont s\u00e9lectionn\u00e9 quelques vari\u00e9t\u00e9s d\u2019ormes parmi une multitude de plants [&hellip;]<\/p>\n","protected":false},"author":1,"featured_media":0,"parent":0,"menu_order":2,"comment_status":"closed","ping_status":"closed","template":"template-full-custom.php","meta":{"footnotes":""},"class_list":["post-4827","page","type-page","status-publish","hentry"],"_links":{"self":[{"href":"https:\/\/resista-ulmen.com\/fr\/wp-json\/wp\/v2\/pages\/4827","targetHints":{"allow":["GET"]}}],"collection":[{"href":"https:\/\/resista-ulmen.com\/fr\/wp-json\/wp\/v2\/pages"}],"about":[{"href":"https:\/\/resista-ulmen.com\/fr\/wp-json\/wp\/v2\/types\/page"}],"author":[{"embeddable":true,"href":"https:\/\/resista-ulmen.com\/fr\/wp-json\/wp\/v2\/users\/1"}],"replies":[{"embeddable":true,"href":"https:\/\/resista-ulmen.com\/fr\/wp-json\/wp\/v2\/comments?post=4827"}],"version-history":[{"count":0,"href":"https:\/\/resista-ulmen.com\/fr\/wp-json\/wp\/v2\/pages\/4827\/revisions"}],"wp:attachment":[{"href":"https:\/\/resista-ulmen.com\/fr\/wp-json\/wp\/v2\/media?parent=4827"}],"curies":[{"name":"wp","href":"https:\/\/api.w.org\/{rel}","templated":true}]}}