{"id":4834,"date":"2016-02-23T21:49:07","date_gmt":"2016-02-23T20:49:07","guid":{"rendered":"http:\/\/resista-ulmen.com\/varietes\/rebona\/"},"modified":"2018-03-26T22:39:20","modified_gmt":"2018-03-26T20:39:20","slug":"rebona","status":"publish","type":"page","link":"https:\/\/resista-ulmen.com\/fr\/varietes\/rebona\/","title":{"rendered":"Rebona"},"content":{"rendered":"<div class=\"cols-wrapper cols-2\">\n<div class=\"col\">\n<p><img loading=\"lazy\" decoding=\"async\" src=\"http:\/\/resista-ulmen.com\/wp-content\/uploads\/logo_resista_ulmus_rebona.png\" alt=\"Logo resista Ulmus Rebona\" width=\"650\" height=\"150\" class=\"alignnone size-full wp-image-2596\" srcset=\"https:\/\/resista-ulmen.com\/wp-content\/uploads\/logo_resista_ulmus_rebona.png 650w, https:\/\/resista-ulmen.com\/wp-content\/uploads\/logo_resista_ulmus_rebona-300x69.png 300w\" sizes=\"auto, (max-width: 650px) 100vw, 650px\" \/><br \/>\n&nbsp;<br \/>\nULMUS \u2019Rebona\u2019 est un croisement entre un ULMUS japonica et un ULMUS pumila, issu du travail de culture des Prof. Smalley &#038; Prof. Guries, Madison University, Wisconsin \/ USA.<\/p>\n<p>\u2019Rebona\u2019 est un orme \u00e0 croissance rapide, de taille moyenne jusqu&#8217;\u00e0 haute avec une pousse principale longiligne pouvant souvent atteindre le sommet et formant une large couronne conique dot\u00e9e d\u2019un grand attrait esth\u00e9tique. \u2019Rebona\u2019 ressemble pour beaucoup \u00e0 sa vari\u00e9t\u00e9 s\u0153ur l\u2019ULMUS \u2019New Horizon\u2019 Toutefois, son feuillage est l\u00e9g\u00e8rement plus fonc\u00e9 et plus petit que la sorte \u2019NewHorizon\u2019.<\/p>\n<p>Tr\u00e8s large tol\u00e9rance par rapport au lieu de situation. Se pr\u00eate \u00e9galement \u00e0 une plantation dans de nombreux endroits imparfaits, car g\u00e9n\u00e9ralement peu exigeant, insensible au vent, r\u00e9sistant \u00e0 l\u2019hiver et au climat urbain. Une fois que l\u2019arbre a pouss\u00e9 et se soit habitu\u00e9 \u00e0 son emplacement final, il fait preuve d&#8217;une \u00e9tonnante r\u00e9sistante au stress d\u00fb \u00e0 la s\u00e9cheresse. Les situations ensoleill\u00e9es \u00e0 semi ombrag\u00e9es, avec des sols l\u00e9g\u00e8rement acides \u00e0 alcalins, peu profonds \u00e0 profonds et mod\u00e9r\u00e9ment secs \u00e0 humides, lui conviennent bien. Il ne craint pas les inondations, m\u00eame en \u00e9t\u00e9. Bonne tol\u00e9rance au sel de d\u00e9neigement.<\/p>\n<p>Convient parfaitement \u00e0 une plantation le long des all\u00e9es et des rues en raison de sa belle forme et de son entretien facile. Les feuilles tomb\u00e9es au sol se d\u00e9composent rapidement. Tr\u00e8s bonne adaptabilit\u00e9 au climat urbain. Une haute r\u00e9sistante aux inondations le rend particuli\u00e8rement int\u00e9ressant pour des situations \u00e0 proximit\u00e9 de l\u2019eau et propices aux risques d\u2019inondation, m\u00eame pr\u00e8s de la c\u00f4te.<br \/>\n&nbsp;<\/p>\n<h2 style=\"text-align: center;\">Avantages particuliers<\/h2>\n<p>Une tr\u00e8s grande r\u00e9sistance \u00e0 la maladie de l&#8217;orme caus\u00e9e par <em>l\u2019Ophiostoma ulmi<\/em> et <em>l\u2019O. novo-ulmi<\/em> (contr\u00f4l\u00e9e r\u00e9guli\u00e8rement depuis 1979 par des tests faits maison et par les autorit\u00e9s comp\u00e9tentes). Ultra-r\u00e9sistance au <em>Verticillium<\/em> (maladies de fl\u00e9trissement). Extr\u00eamement r\u00e9sistant au gel, au vent et au stress d\u00fb \u00e0 la s\u00e9cheresse. Bonne tol\u00e9rance au sel de d\u00e9neigement.<\/p>\n<p><em>Certificat europ\u00e9en d&#8217;obtention v\u00e9g\u00e9tale obtenu le 19\/10\/1998.<\/em><br \/>\n&nbsp;<\/p>\n<h2 style=\"text-align: center;\">R\u00e9f\u00e9rences + T\u00e9l\u00e9chargement<\/h2>\n<p><img loading=\"lazy\" decoding=\"async\" src=\"http:\/\/resista-ulmen.com\/wp-content\/uploads\/pict_produktblatt_rebona.png\" alt=\"Pict Produktblatt Rebona\" width=\"150\" height=\"230\" class=\"alignleft size-full wp-image-2690\" \/>&nbsp;<br \/>\n&bull; R\u00e9f\u00e9rences: <a href=\"http:\/\/resista-ulmen.com\/fr\/portfolio\/varietes-rebona\/\">ULMUS \u2019Rebona\u2019 Enqu\u00eate<\/a><br \/>\n&bull; R\u00e9f\u00e9rences: <a href=\"http:\/\/resista-ulmen.com\/fr\/portfolio\/lieux-de-plantation-allee-rebona\/\">ULMUS \u2019Rebona\u2019 All\u00e9e<\/a><br \/>\n&bull; R\u00e9f\u00e9rences: <a href=\"http:\/\/resista-ulmen.com\/fr\/portfolio\/lieux-de-plantation-ville-rebona\/\">ULMUS \u2019Rebona\u2019 Ville<\/a><br \/>\n&nbsp;<br \/>\n&bull; Fiche de produit: <a href=\"http:\/\/resista-ulmen.com\/wp-content\/uploads\/F_Resista_Fiche_de_Produit_Rebona_Web.pdf\" target=\"_blank\">ULMUS \u2019Rebona\u2019<\/a> (PDF, 2,2 MB)<br \/>\n&bull; Zone de t\u00e9l\u00e9chargement: <a href=\"http:\/\/resista-ulmen.com\/fr\/telechargement\/\">plus de brochures et de langues<\/a><\/p>\n<\/div>\n<div class=\"col\">\n<p><img loading=\"lazy\" decoding=\"async\" src=\"http:\/\/resista-ulmen.com\/wp-content\/uploads\/illu_rebona_f.png\" alt=\"\" width=\"948\" height=\"1600\" class=\"aligncenter size-full wp-image-4976\" srcset=\"https:\/\/resista-ulmen.com\/wp-content\/uploads\/illu_rebona_f.png 948w, https:\/\/resista-ulmen.com\/wp-content\/uploads\/illu_rebona_f-178x300.png 178w, https:\/\/resista-ulmen.com\/wp-content\/uploads\/illu_rebona_f-768x1296.png 768w, https:\/\/resista-ulmen.com\/wp-content\/uploads\/illu_rebona_f-607x1024.png 607w\" sizes=\"auto, (max-width: 948px) 100vw, 948px\" \/><\/p>\n<\/div>\n<\/div>\n<div class=\"quick-gallery\"><div class=\"qg-img qg-no-title\" data-defwidth=\"383\"><a href=\"https:\/\/resista-ulmen.com\/wp-content\/uploads\/1_2_pict_Rebona_1_Blatt.jpg\" data-rel=\"lightbox[group-48341]\" title=\"\" ><img decoding=\"async\" src=\"https:\/\/resista-ulmen.com\/wp-content\/uploads\/1_2_pict_Rebona_1_Blatt-383x250.jpg\" alt=\"\"\/><div class=\"qg-overlay\"><span class=\"icon-circle\"><span class=\"pg-icon lightbox-icon\"><\/span><\/span><\/div><\/a><\/div><div class=\"qg-img qg-no-title\" data-defwidth=\"383\"><a href=\"https:\/\/resista-ulmen.com\/wp-content\/uploads\/1_2_pict_Rebona_2_Borke.jpg\" data-rel=\"lightbox[group-48341]\" title=\"\" ><img decoding=\"async\" src=\"https:\/\/resista-ulmen.com\/wp-content\/uploads\/1_2_pict_Rebona_2_Borke-383x250.jpg\" alt=\"\"\/><div class=\"qg-overlay\"><span class=\"icon-circle\"><span class=\"pg-icon lightbox-icon\"><\/span><\/span><\/div><\/a><\/div><div class=\"qg-img qg-no-title\" data-defwidth=\"383\"><a href=\"https:\/\/resista-ulmen.com\/wp-content\/uploads\/1_2_pict_Rebona_3_Baumkrone.jpg\" data-rel=\"lightbox[group-48341]\" title=\"\" ><img decoding=\"async\" src=\"https:\/\/resista-ulmen.com\/wp-content\/uploads\/1_2_pict_Rebona_3_Baumkrone-383x250.jpg\" alt=\"\"\/><div class=\"qg-overlay\"><span class=\"icon-circle\"><span class=\"pg-icon lightbox-icon\"><\/span><\/span><\/div><\/a><\/div><div class=\"clear\"><\/div><\/div>\n<div class=\"nivo-content\"><div class=\"nivo-wrapper\"><div class=\"nivo-slider\" id=\"nivo-slider-48341\" style=\"min-height:550px;\"><img decoding=\"async\" src=\"http:\/\/resista-ulmen.com\/wp-content\/uploads\/1_2_slide_Rebona_1.jpg\" title=\"\" \/><img decoding=\"async\" src=\"http:\/\/resista-ulmen.com\/wp-content\/uploads\/1_2_slide_Rebona_2.jpg\" title=\"\" \/><img decoding=\"async\" src=\"http:\/\/resista-ulmen.com\/wp-content\/uploads\/1_2_slide_Rebona_3.jpg\" title=\"\" \/><img decoding=\"async\" src=\"http:\/\/resista-ulmen.com\/wp-content\/uploads\/1_2_slide_Rebona_4.jpg\" title=\"\" \/><\/div><\/div><\/div>\n","protected":false},"excerpt":{"rendered":"<p>&nbsp; ULMUS \u2019Rebona\u2019 est un croisement entre un ULMUS japonica et un ULMUS pumila, issu du travail de culture des [&hellip;]<\/p>\n","protected":false},"author":1,"featured_media":0,"parent":4827,"menu_order":22,"comment_status":"closed","ping_status":"closed","template":"template-full-custom.php","meta":{"footnotes":""},"class_list":["post-4834","page","type-page","status-publish","hentry"],"_links":{"self":[{"href":"https:\/\/resista-ulmen.com\/fr\/wp-json\/wp\/v2\/pages\/4834","targetHints":{"allow":["GET"]}}],"collection":[{"href":"https:\/\/resista-ulmen.com\/fr\/wp-json\/wp\/v2\/pages"}],"about":[{"href":"https:\/\/resista-ulmen.com\/fr\/wp-json\/wp\/v2\/types\/page"}],"author":[{"embeddable":true,"href":"https:\/\/resista-ulmen.com\/fr\/wp-json\/wp\/v2\/users\/1"}],"replies":[{"embeddable":true,"href":"https:\/\/resista-ulmen.com\/fr\/wp-json\/wp\/v2\/comments?post=4834"}],"version-history":[{"count":0,"href":"https:\/\/resista-ulmen.com\/fr\/wp-json\/wp\/v2\/pages\/4834\/revisions"}],"up":[{"embeddable":true,"href":"https:\/\/resista-ulmen.com\/fr\/wp-json\/wp\/v2\/pages\/4827"}],"wp:attachment":[{"href":"https:\/\/resista-ulmen.com\/fr\/wp-json\/wp\/v2\/media?parent=4834"}],"curies":[{"name":"wp","href":"https:\/\/api.w.org\/{rel}","templated":true}]}}