{"id":4838,"date":"2016-02-23T21:53:56","date_gmt":"2016-02-23T20:53:56","guid":{"rendered":"http:\/\/resista-ulmen.com\/varietes\/fiorente\/"},"modified":"2018-03-26T22:40:21","modified_gmt":"2018-03-26T20:40:21","slug":"fiorente","status":"publish","type":"page","link":"https:\/\/resista-ulmen.com\/fr\/varietes\/fiorente\/","title":{"rendered":"Fiorente"},"content":{"rendered":"<div class=\"cols-wrapper cols-2\">\n<div class=\"col\">\n<p><img loading=\"lazy\" decoding=\"async\" src=\"http:\/\/resista-ulmen.com\/wp-content\/uploads\/logo_resista_ulmus_fiorente.png\" alt=\"Logo resista Ulmus Fiorente\" width=\"650\" height=\"150\" class=\"alignnone size-full wp-image-2605\" srcset=\"https:\/\/resista-ulmen.com\/wp-content\/uploads\/logo_resista_ulmus_fiorente.png 650w, https:\/\/resista-ulmen.com\/wp-content\/uploads\/logo_resista_ulmus_fiorente-300x69.png 300w\" sizes=\"auto, (max-width: 650px) 100vw, 650px\" \/><br \/>\n&nbsp;<br \/>\nULMUS \u2018Fiorente\u2019 est un croisement entre un ULMUS pumila et un ULMUS minor. Ce croisement est le fruit du travail de culture des Prof.\u00a0Lorenzo Mittempergher &#038; Dr. Alberto Santini C.N.R. Florence, Italie.<\/p>\n<p>Le nom de \u2018Fiorente\u2019 (qui veut dire : s\u2019\u00e9panouir) a \u00e9t\u00e9 choisi, d\u2019une part en raison de sa croissance rapide et verticale et d\u2019autre part pour rappeler le nom historique de sa ville d\u2019origine\u00a0: Florence (Florentia, Fiorenza, Firenze).<\/p>\n<p>La taille de l\u2019arbre est moyenne \u00e0 grande, le feuillage est d\u2019un vert profond et ses bourgeons ont une couleur jaune-vert, les feuilles pr\u00e9sentent une belle brillance. En automne, les feuilles restent longtemps vertes. De toutes les vari\u00e9t\u00e9s resista\u00ae, celle-ci garde son feuillage le plus longtemps. Lorsque l\u2019arbre est jeune, son \u00e9corce porte une couleur gris-vert l\u00e9g\u00e8rement argent\u00e9e, puis il d\u00e9veloppe petit \u00e0 petit une \u00e9corce rouge\u00e2tre et brune typique aux ormes.<\/p>\n<p>Parfait comme arbre de ville, de parc et d\u2019avenues, l\u2019orme s\u00e9duit par sa forme souple et \u00e9l\u00e9gante. Plus on approche de la cime, plus les branches deviennent raides, les ramifications lat\u00e9rales sont mod\u00e9r\u00e9es et la pousse principale est parfaitement longiligne. La couronne est pyramidale et plut\u00f4t \u00e9lanc\u00e9e dans son extr\u00e9mit\u00e9 pointue.<\/p>\n<p>Parmi les vari\u00e9t\u00e9s d\u2019ormes ayant fait l\u2019objet de tests en Italie par les p\u00e9pini\u00e9ristes d\u2019origine, les Dr.\u00a0A.\u00a0Santini &#038; Prof.\u00a0L.\u00a0Mittempergher, il s\u2019av\u00e8re que \u2018Fiorente\u2019 pr\u00e9sente le taux de croissance le plus \u00e9lev\u00e9. En effet, il a suffi de 23 ans pour qu\u2019un plant devienne un arbre de 160\u00a0cm de circonf\u00e9rence et atteigne une hauteur de 20\u00a0m. Au vu de sa croissance abondante et rapide et de l\u2019excellente qualit\u00e9 de son bois, cette vari\u00e9t\u00e9 se r\u00e9v\u00e8le \u00eatre \u00e9galement int\u00e9ressante pour la production de bois noble.<br \/>\n&nbsp;<\/p>\n<h2 style=\"text-align: center;\">Avantages particuliers<\/h2>\n<p>Grande r\u00e9sistance \u00e0 la maladie de l&#8217;orme caus\u00e9e par <em>l\u2019Ophiostoma ulmi<\/em> et <em>l\u2019O. novo-ulmi<\/em>. Extr\u00eamement r\u00e9sistant au vent et au stress d\u00fb \u00e0 la s\u00e9cheresse.<\/p>\n<p><em>Certificat europ\u00e9en d&#8217;obtention v\u00e9g\u00e9tale obtenu le 25\/03\/2010.<\/em><br \/>\n&nbsp;<\/p>\n<h2 style=\"text-align: center;\">R\u00e9f\u00e9rences + T\u00e9l\u00e9chargement<\/h2>\n<p><img loading=\"lazy\" decoding=\"async\" src=\"http:\/\/resista-ulmen.com\/wp-content\/uploads\/pict_produktblatt_fiorente.png\" alt=\"Pict Produktblatt Fiorente\" width=\"150\" height=\"230\" class=\"alignleft size-full wp-image-2701\" \/>&nbsp;<br \/>\n&bull; R\u00e9f\u00e9rences: <a href=\"http:\/\/resista-ulmen.com\/fr\/portfolio\/varietes-fiorente\/\">ULMUS \u2019Fiorente\u2019 Enqu\u00eate<\/a><br \/>\n&bull; R\u00e9f\u00e9rences: <a href=\"http:\/\/resista-ulmen.com\/fr\/portfolio\/lieux-de-plantation-foret-paysage-fiorente\/\">ULMUS \u2019Fiorente\u2019 For\u00eat + Paysage<\/a><br \/>\n&bull; R\u00e9f\u00e9rences: <a href=\"http:\/\/resista-ulmen.com\/fr\/portfolio\/lieux-de-plantation-parc-industriel-fiorente\/\">ULMUS \u2019Fiorente\u2019 Parc industriel<\/a><br \/>\n&nbsp;<br \/>\n&bull; Fiche de produit: <a href=\"http:\/\/resista-ulmen.com\/wp-content\/uploads\/F_Resista_Fiche_de_Produit_Fiorente_Web.pdf\" target=\"_blank\">ULMUS \u2019Fiorente\u2019<\/a> (PDF, 2,8 MB)<br \/>\n&bull; Zone de t\u00e9l\u00e9chargement: <a href=\"http:\/\/resista-ulmen.com\/fr\/telechargement\/\">plus de brochures et de langues<\/a><\/p>\n<\/div>\n<div class=\"col\">\n<p><img loading=\"lazy\" decoding=\"async\" src=\"http:\/\/resista-ulmen.com\/wp-content\/uploads\/illu_fiorente_f.png\" alt=\"\" width=\"948\" height=\"1600\" class=\"aligncenter size-full wp-image-4977\" srcset=\"https:\/\/resista-ulmen.com\/wp-content\/uploads\/illu_fiorente_f.png 948w, https:\/\/resista-ulmen.com\/wp-content\/uploads\/illu_fiorente_f-178x300.png 178w, https:\/\/resista-ulmen.com\/wp-content\/uploads\/illu_fiorente_f-768x1296.png 768w, https:\/\/resista-ulmen.com\/wp-content\/uploads\/illu_fiorente_f-607x1024.png 607w\" sizes=\"auto, (max-width: 948px) 100vw, 948px\" \/><\/p>\n<\/div>\n<\/div>\n<div class=\"quick-gallery\"><div class=\"qg-img qg-no-title\" data-defwidth=\"383\"><a href=\"https:\/\/resista-ulmen.com\/wp-content\/uploads\/1_4_pict_Fiorente_1_Blatt.jpg\" data-rel=\"lightbox[group-48381]\" title=\"\" ><img decoding=\"async\" src=\"https:\/\/resista-ulmen.com\/wp-content\/uploads\/1_4_pict_Fiorente_1_Blatt-383x250.jpg\" alt=\"\"\/><div class=\"qg-overlay\"><span class=\"icon-circle\"><span class=\"pg-icon lightbox-icon\"><\/span><\/span><\/div><\/a><\/div><div class=\"qg-img qg-no-title\" data-defwidth=\"383\"><a href=\"https:\/\/resista-ulmen.com\/wp-content\/uploads\/1_4_pict_Fiorente_2_Borke.jpg\" data-rel=\"lightbox[group-48381]\" title=\"\" ><img decoding=\"async\" src=\"https:\/\/resista-ulmen.com\/wp-content\/uploads\/1_4_pict_Fiorente_2_Borke-383x250.jpg\" alt=\"\"\/><div class=\"qg-overlay\"><span class=\"icon-circle\"><span class=\"pg-icon lightbox-icon\"><\/span><\/span><\/div><\/a><\/div><div class=\"qg-img qg-no-title\" data-defwidth=\"383\"><a href=\"https:\/\/resista-ulmen.com\/wp-content\/uploads\/1_4_pict_Fiorente_3_Baumkrone.jpg\" data-rel=\"lightbox[group-48381]\" title=\"\" ><img decoding=\"async\" src=\"https:\/\/resista-ulmen.com\/wp-content\/uploads\/1_4_pict_Fiorente_3_Baumkrone-383x250.jpg\" alt=\"\"\/><div class=\"qg-overlay\"><span class=\"icon-circle\"><span class=\"pg-icon lightbox-icon\"><\/span><\/span><\/div><\/a><\/div><div class=\"clear\"><\/div><\/div>\n<div class=\"nivo-content\"><div class=\"nivo-wrapper\"><div class=\"nivo-slider\" id=\"nivo-slider-48381\" style=\"min-height:550px;\"><img decoding=\"async\" src=\"http:\/\/resista-ulmen.com\/wp-content\/uploads\/1_4_slide_Fiorente_1.jpg\" title=\"\" \/><img decoding=\"async\" src=\"http:\/\/resista-ulmen.com\/wp-content\/uploads\/1_4_slide_Fiorente_2.jpg\" title=\"\" \/><img decoding=\"async\" src=\"http:\/\/resista-ulmen.com\/wp-content\/uploads\/1_4_slide_Fiorente_3.jpg\" title=\"\" \/><img decoding=\"async\" src=\"http:\/\/resista-ulmen.com\/wp-content\/uploads\/1_4_slide_Fiorente_4.jpg\" title=\"\" \/><\/div><\/div><\/div>\n","protected":false},"excerpt":{"rendered":"<p>&nbsp; ULMUS \u2018Fiorente\u2019 est un croisement entre un ULMUS pumila et un ULMUS minor. Ce croisement est le fruit du [&hellip;]<\/p>\n","protected":false},"author":1,"featured_media":0,"parent":4827,"menu_order":24,"comment_status":"closed","ping_status":"closed","template":"template-full-custom.php","meta":{"footnotes":""},"class_list":["post-4838","page","type-page","status-publish","hentry"],"_links":{"self":[{"href":"https:\/\/resista-ulmen.com\/fr\/wp-json\/wp\/v2\/pages\/4838","targetHints":{"allow":["GET"]}}],"collection":[{"href":"https:\/\/resista-ulmen.com\/fr\/wp-json\/wp\/v2\/pages"}],"about":[{"href":"https:\/\/resista-ulmen.com\/fr\/wp-json\/wp\/v2\/types\/page"}],"author":[{"embeddable":true,"href":"https:\/\/resista-ulmen.com\/fr\/wp-json\/wp\/v2\/users\/1"}],"replies":[{"embeddable":true,"href":"https:\/\/resista-ulmen.com\/fr\/wp-json\/wp\/v2\/comments?post=4838"}],"version-history":[{"count":0,"href":"https:\/\/resista-ulmen.com\/fr\/wp-json\/wp\/v2\/pages\/4838\/revisions"}],"up":[{"embeddable":true,"href":"https:\/\/resista-ulmen.com\/fr\/wp-json\/wp\/v2\/pages\/4827"}],"wp:attachment":[{"href":"https:\/\/resista-ulmen.com\/fr\/wp-json\/wp\/v2\/media?parent=4838"}],"curies":[{"name":"wp","href":"https:\/\/api.w.org\/{rel}","templated":true}]}}