{"id":4841,"date":"2016-02-23T21:57:02","date_gmt":"2016-02-23T20:57:02","guid":{"rendered":"http:\/\/resista-ulmen.com\/varietes\/rebella\/"},"modified":"2018-03-26T22:39:52","modified_gmt":"2018-03-26T20:39:52","slug":"rebella","status":"publish","type":"page","link":"https:\/\/resista-ulmen.com\/fr\/varietes\/rebella\/","title":{"rendered":"Rebella"},"content":{"rendered":"<div class=\"cols-wrapper cols-2\">\n<div class=\"col\">\n<p><img loading=\"lazy\" decoding=\"async\" src=\"http:\/\/resista-ulmen.com\/wp-content\/uploads\/logo_resista_ulmus_rebella.png\" alt=\"Logo resista Ulmus Rebella\" width=\"650\" height=\"150\" class=\"alignnone size-full wp-image-2600\" srcset=\"https:\/\/resista-ulmen.com\/wp-content\/uploads\/logo_resista_ulmus_rebella.png 650w, https:\/\/resista-ulmen.com\/wp-content\/uploads\/logo_resista_ulmus_rebella-300x69.png 300w\" sizes=\"auto, (max-width: 650px) 100vw, 650px\" \/><br \/>\n&nbsp;<br \/>\nULMUS \u2018Rebella\u2019 est un croisement entre un ULMUS parvifolia et un ULMUS americana, issu du travail de culture des Prof. Smalley &#038; Prof. Guries, Madison University, Wisconsin \/ USA.<\/p>\n<p>\u2018Rebella\u2019 est un arbre de petite \u00e0 moyenne taille. La couronne, l\u00e9g\u00e8re et d\u00e9licate, recouvre la cime et rev\u00eat un feuillage dense compos\u00e9 de petites feuilles plut\u00f4t effil\u00e9es. \u00ab\u00a0Rebella\u00a0\u00bb se pr\u00e9sente dans une magnifique couleur d&#8217;automne rouge orang\u00e9e.<\/p>\n<p>Lorsque l\u2019arbre est jeune, son \u00e9corce porte une couleur argent\u00e9e tirant vers le gris-vert, puis il d\u00e9veloppe petit \u00e0 petit une \u00e9corce rouge\u00e2tre et brune typique aux ormes.<\/p>\n<p>Parfait comme arbre de ville, de parc et d\u2019avenues, l\u2019orme s\u00e9duit par sa forme souple. Toutes les \u00e9tudes pr\u00e9c\u00e9dentes montrent que la vari\u00e9t\u00e9 ne forme pas de graines. Les petites feuilles rev\u00eatent en partie tr\u00e8s t\u00f4t leur magnifique couleur automnale, conf\u00e9rant \u00e0 l\u2019arbre un aspect filigrane. Les feuilles tomb\u00e9es au sol se d\u00e9composent rapidement.<br \/>\n&nbsp;<\/p>\n<h2 style=\"text-align: center;\">Avantages particuliers<\/h2>\n<p>De par sa petite taille, cet arbre est id\u00e9al pour le jardin. Il pr\u00e9sente une tr\u00e8s grande r\u00e9sistance \u00e0 la maladie de l&#8217;orme caus\u00e9e par <em>l\u2019Ophiostoma ulmi<\/em> et <em>l\u2019O. novo-ulmi<\/em>.<\/p>\n<p><em>Certificat europ\u00e9en d&#8217;obtention v\u00e9g\u00e9tale obtenu le 07\/03\/2011.<\/em><br \/>\n&nbsp;<\/p>\n<h2 style=\"text-align: center;\">R\u00e9f\u00e9rences + T\u00e9l\u00e9chargement<\/h2>\n<p><img loading=\"lazy\" decoding=\"async\" src=\"http:\/\/resista-ulmen.com\/wp-content\/uploads\/pict_produktblatt_rebella.png\" alt=\"Pict Produktblatt Rebella\" width=\"150\" height=\"230\" class=\"alignleft size-full wp-image-2699\" \/>&nbsp;<br \/>\n&bull; R\u00e9f\u00e9rences: <a href=\"http:\/\/resista-ulmen.com\/fr\/portfolio\/varietes-rebella\/\">ULMUS \u2019Rebella\u2019 Enqu\u00eate<\/a><br \/>\n&nbsp;<br \/>\n&bull; Fiche de produit: <a href=\"http:\/\/resista-ulmen.com\/wp-content\/uploads\/F_Resista_Fiche_de_Produit_Rebella_Web.pdf\" target=\"_blank\">ULMUS \u2019Rebella\u2019<\/a> (PDF, 2,4 MB)<br \/>\n&bull; Zone de t\u00e9l\u00e9chargement: <a href=\"http:\/\/resista-ulmen.com\/fr\/telechargement\/\">plus de brochures et de langues<\/a><\/p>\n<\/div>\n<div class=\"col\">\n<p><img loading=\"lazy\" decoding=\"async\" src=\"http:\/\/resista-ulmen.com\/wp-content\/uploads\/illu_rebella_f.png\" alt=\"\" width=\"948\" height=\"1600\" class=\"aligncenter size-full wp-image-4975\" srcset=\"https:\/\/resista-ulmen.com\/wp-content\/uploads\/illu_rebella_f.png 948w, https:\/\/resista-ulmen.com\/wp-content\/uploads\/illu_rebella_f-178x300.png 178w, https:\/\/resista-ulmen.com\/wp-content\/uploads\/illu_rebella_f-768x1296.png 768w, https:\/\/resista-ulmen.com\/wp-content\/uploads\/illu_rebella_f-607x1024.png 607w\" sizes=\"auto, (max-width: 948px) 100vw, 948px\" \/><\/p>\n<\/div>\n<\/div>\n<div class=\"quick-gallery\"><div class=\"qg-img qg-no-title\" data-defwidth=\"383\"><a href=\"https:\/\/resista-ulmen.com\/wp-content\/uploads\/1_3_pict_Rebella_1_Blatt.jpg\" data-rel=\"lightbox[group-48411]\" title=\"\" ><img decoding=\"async\" src=\"https:\/\/resista-ulmen.com\/wp-content\/uploads\/1_3_pict_Rebella_1_Blatt-383x250.jpg\" alt=\"\"\/><div class=\"qg-overlay\"><span class=\"icon-circle\"><span class=\"pg-icon lightbox-icon\"><\/span><\/span><\/div><\/a><\/div><div class=\"qg-img qg-no-title\" data-defwidth=\"383\"><a href=\"https:\/\/resista-ulmen.com\/wp-content\/uploads\/1_3_pict_Rebella_2_Borke.jpg\" data-rel=\"lightbox[group-48411]\" title=\"\" ><img decoding=\"async\" src=\"https:\/\/resista-ulmen.com\/wp-content\/uploads\/1_3_pict_Rebella_2_Borke-383x250.jpg\" alt=\"\"\/><div class=\"qg-overlay\"><span class=\"icon-circle\"><span class=\"pg-icon lightbox-icon\"><\/span><\/span><\/div><\/a><\/div><div class=\"qg-img qg-no-title\" data-defwidth=\"383\"><a href=\"https:\/\/resista-ulmen.com\/wp-content\/uploads\/1_3_pict_Rebella_3_Baumkrone.jpg\" data-rel=\"lightbox[group-48411]\" title=\"\" ><img decoding=\"async\" src=\"https:\/\/resista-ulmen.com\/wp-content\/uploads\/1_3_pict_Rebella_3_Baumkrone-383x250.jpg\" alt=\"\"\/><div class=\"qg-overlay\"><span class=\"icon-circle\"><span class=\"pg-icon lightbox-icon\"><\/span><\/span><\/div><\/a><\/div><div class=\"clear\"><\/div><\/div>\n<div class=\"nivo-content\"><div class=\"nivo-wrapper\"><div class=\"nivo-slider\" id=\"nivo-slider-48411\" style=\"min-height:550px;\"><img decoding=\"async\" src=\"http:\/\/resista-ulmen.com\/wp-content\/uploads\/1_3_slide_Rebella_1.jpg\" title=\"\" \/><img decoding=\"async\" src=\"http:\/\/resista-ulmen.com\/wp-content\/uploads\/1_3_slide_Rebella_2.jpg\" title=\"\" \/><img decoding=\"async\" src=\"http:\/\/resista-ulmen.com\/wp-content\/uploads\/1_3_slide_Rebella_3.jpg\" title=\"\" \/><\/div><\/div><\/div>\n","protected":false},"excerpt":{"rendered":"<p>&nbsp; ULMUS \u2018Rebella\u2019 est un croisement entre un ULMUS parvifolia et un ULMUS americana, issu du travail de culture des [&hellip;]<\/p>\n","protected":false},"author":1,"featured_media":0,"parent":4827,"menu_order":23,"comment_status":"closed","ping_status":"closed","template":"template-full-custom.php","meta":{"footnotes":""},"class_list":["post-4841","page","type-page","status-publish","hentry"],"_links":{"self":[{"href":"https:\/\/resista-ulmen.com\/fr\/wp-json\/wp\/v2\/pages\/4841","targetHints":{"allow":["GET"]}}],"collection":[{"href":"https:\/\/resista-ulmen.com\/fr\/wp-json\/wp\/v2\/pages"}],"about":[{"href":"https:\/\/resista-ulmen.com\/fr\/wp-json\/wp\/v2\/types\/page"}],"author":[{"embeddable":true,"href":"https:\/\/resista-ulmen.com\/fr\/wp-json\/wp\/v2\/users\/1"}],"replies":[{"embeddable":true,"href":"https:\/\/resista-ulmen.com\/fr\/wp-json\/wp\/v2\/comments?post=4841"}],"version-history":[{"count":0,"href":"https:\/\/resista-ulmen.com\/fr\/wp-json\/wp\/v2\/pages\/4841\/revisions"}],"up":[{"embeddable":true,"href":"https:\/\/resista-ulmen.com\/fr\/wp-json\/wp\/v2\/pages\/4827"}],"wp:attachment":[{"href":"https:\/\/resista-ulmen.com\/fr\/wp-json\/wp\/v2\/media?parent=4841"}],"curies":[{"name":"wp","href":"https:\/\/api.w.org\/{rel}","templated":true}]}}