{"id":4879,"date":"2016-03-02T13:06:44","date_gmt":"2016-03-02T12:06:44","guid":{"rendered":"http:\/\/resista-ulmen.com\/qualite\/wurzelechtheit\/"},"modified":"2018-03-26T19:39:38","modified_gmt":"2018-03-26T17:39:38","slug":"authenticite-des-racines","status":"publish","type":"page","link":"https:\/\/resista-ulmen.com\/fr\/qualite\/authenticite-des-racines\/","title":{"rendered":"Authenticit\u00e9 des racines"},"content":{"rendered":"<h1 style=\"text-align: center;\">La qualit\u00e9 jusqu&#8217;\u00e0 la racine<\/h1>\n<p>&nbsp;<\/p>\n<div class=\"cols-wrapper cols-2\">\n<div class=\"col\">\nLes ormes resista\u00ae se reproduisent exclusivement par boutures. Cela nous permet de garantir, de la pointe \u00e0 la racine, les propri\u00e9t\u00e9s positives de l&#8217;arbre qui caract\u00e9risent nos ormes resista\u00ae.<\/p>\n<p>Mais, qu&#8217;est-ce que cela signifie dans la pratique ? Nos arbres poussent toujours sur leurs propres racines, contrairement aux ormes greff\u00e9s sur un semis.<\/p>\n<\/div>\n<div class=\"col\">\nUne incompatibilit\u00e9 entre le rhizome et le greffon n\u2019\u00e9tant pas exceptionnelle dans la grande diversit\u00e9 g\u00e9n\u00e9tique des ormes, cette derni\u00e8re peut engendrer des risques incalculables, jusqu\u2019\u00e0 la perte totale de nombreuses ann\u00e9es plus tard.<\/p>\n<p>Une infection des racines par la maladie de l&#8217;orme transmise par le contact racinaire d\u2019ormes avoisinants peut, elle aussi, pr\u00e9senter un risque pour l\u2019ensemble des arbres d\u2019une all\u00e9e. Avec les ormes resista\u00ae reproduits avec des racines authentiques, ce risque est \u00e9cart\u00e9.<\/p>\n<\/div>\n<\/div>\n<div class=\"quick-gallery\"><div class=\"qg-img qg-no-title\" data-defwidth=\"383\"><a href=\"https:\/\/resista-ulmen.com\/wp-content\/uploads\/3_1_pict_Wurzelechtheit_1_Jungpflanzenrodung_Herbst.jpg\" data-rel=\"lightbox[group-48791]\" title=\"\" ><img decoding=\"async\" src=\"https:\/\/resista-ulmen.com\/wp-content\/uploads\/3_1_pict_Wurzelechtheit_1_Jungpflanzenrodung_Herbst-383x250.jpg\" alt=\"\"\/><div class=\"qg-overlay\"><span class=\"icon-circle\"><span class=\"pg-icon lightbox-icon\"><\/span><\/span><\/div><\/a><\/div><div class=\"qg-img qg-no-title\" data-defwidth=\"383\"><a href=\"https:\/\/resista-ulmen.com\/wp-content\/uploads\/3_1_pict_Wurzelechtheit_2_Roden.jpg\" data-rel=\"lightbox[group-48791]\" title=\"\" ><img decoding=\"async\" src=\"https:\/\/resista-ulmen.com\/wp-content\/uploads\/3_1_pict_Wurzelechtheit_2_Roden-383x250.jpg\" alt=\"\"\/><div class=\"qg-overlay\"><span class=\"icon-circle\"><span class=\"pg-icon lightbox-icon\"><\/span><\/span><\/div><\/a><\/div><div class=\"qg-img qg-no-title\" data-defwidth=\"383\"><a href=\"https:\/\/resista-ulmen.com\/wp-content\/uploads\/3_1_pict_Wurzelechtheit_3_Jungpflanzenrodung_Herbst.jpg\" data-rel=\"lightbox[group-48791]\" title=\"\" ><img decoding=\"async\" src=\"https:\/\/resista-ulmen.com\/wp-content\/uploads\/3_1_pict_Wurzelechtheit_3_Jungpflanzenrodung_Herbst-383x250.jpg\" alt=\"\"\/><div class=\"qg-overlay\"><span class=\"icon-circle\"><span class=\"pg-icon lightbox-icon\"><\/span><\/span><\/div><\/a><\/div><div class=\"clear\"><\/div><\/div>\n","protected":false},"excerpt":{"rendered":"<p>La qualit\u00e9 jusqu&#8217;\u00e0 la racine &nbsp; Les ormes resista\u00ae se reproduisent exclusivement par boutures. Cela nous permet de garantir, de [&hellip;]<\/p>\n","protected":false},"author":1,"featured_media":0,"parent":4876,"menu_order":51,"comment_status":"closed","ping_status":"closed","template":"template-full-custom.php","meta":{"footnotes":""},"class_list":["post-4879","page","type-page","status-publish","hentry"],"_links":{"self":[{"href":"https:\/\/resista-ulmen.com\/fr\/wp-json\/wp\/v2\/pages\/4879","targetHints":{"allow":["GET"]}}],"collection":[{"href":"https:\/\/resista-ulmen.com\/fr\/wp-json\/wp\/v2\/pages"}],"about":[{"href":"https:\/\/resista-ulmen.com\/fr\/wp-json\/wp\/v2\/types\/page"}],"author":[{"embeddable":true,"href":"https:\/\/resista-ulmen.com\/fr\/wp-json\/wp\/v2\/users\/1"}],"replies":[{"embeddable":true,"href":"https:\/\/resista-ulmen.com\/fr\/wp-json\/wp\/v2\/comments?post=4879"}],"version-history":[{"count":0,"href":"https:\/\/resista-ulmen.com\/fr\/wp-json\/wp\/v2\/pages\/4879\/revisions"}],"up":[{"embeddable":true,"href":"https:\/\/resista-ulmen.com\/fr\/wp-json\/wp\/v2\/pages\/4876"}],"wp:attachment":[{"href":"https:\/\/resista-ulmen.com\/fr\/wp-json\/wp\/v2\/media?parent=4879"}],"curies":[{"name":"wp","href":"https:\/\/api.w.org\/{rel}","templated":true}]}}