{"id":4888,"date":"2016-03-02T13:08:09","date_gmt":"2016-03-02T12:08:09","guid":{"rendered":"http:\/\/resista-ulmen.com\/qualite\/aufzucht\/"},"modified":"2018-03-26T19:41:10","modified_gmt":"2018-03-26T17:41:10","slug":"reproduction","status":"publish","type":"page","link":"https:\/\/resista-ulmen.com\/fr\/qualite\/reproduction\/","title":{"rendered":"Reproduction"},"content":{"rendered":"<h1 style=\"text-align: center;\">Avec soin et comp\u00e9tence<\/h1>\n<p>&nbsp;<\/p>\n<div class=\"cols-wrapper cols-2\">\n<div class=\"col\">\nLa multiplication v\u00e9g\u00e9tative de l&#8217;ensemble des ormes resista\u00ae est faite \u00e0 l&#8217;aide de boutures par notre personnel exp\u00e9riment\u00e9 en place \u00e0 Darmstadt. La condition primordiale pour sa r\u00e9ussite est d\u2019utiliser une plante m\u00e8re soigneusement pr\u00e9par\u00e9e sur laquelle est pr\u00e9lev\u00e9e la bouture.<\/p>\n<p>Apr\u00e8s quelques semaines pass\u00e9es dans une serre humide et temp\u00e9r\u00e9e, les boutures, dont les racines ont pouss\u00e9, sont rendues plus r\u00e9sistantes puis enterr\u00e9es dehors \u2013 d\u2019abord dans un tunnel. Pendant ce temps, elles sont constamment contr\u00f4l\u00e9es et coup\u00e9es. Les plants sont arrach\u00e9s apr\u00e8s que les feuilles sont tomb\u00e9es.<\/p>\n<\/div>\n<div class=\"col\">\nGr\u00e2ce \u00e0 une s\u00e9lection scrupuleuse des jeunes plants pour la suite de la culture, nous r\u00e9unissons les meilleures conditions pour un enracinement robuste et homog\u00e8ne, car la qualit\u00e9 de la racine est aussi importante que la partie situ\u00e9e hors terre.<\/p>\n<p>Au d\u00e9but du printemps, les jeunes pousses sont plant\u00e9es dans la p\u00e9pini\u00e8re dans des rang\u00e9es situ\u00e9es \u00e0 intervalle id\u00e9al. En attendant leur livraison aux exploitations partenaires s\u00e9lectionn\u00e9es, les ormes continuent leur pousse le long de tuteurs en bambou (canne de tonkin) et sont r\u00e9guli\u00e8rement coup\u00e9s. Au bout de deux \u00e0 trois ans, leur tronc aura atteint une circonf\u00e9rence moyenne de 8 \u00e0 10 cm. Les ormes seront alors remis \u00e0 nos p\u00e9pini\u00e8res partenaires pour une mise en culture ult\u00e9rieure.<\/p>\n<\/div>\n<\/div>\n<div class=\"quick-gallery\"><div class=\"qg-img qg-no-title\" data-defwidth=\"383\"><a href=\"https:\/\/resista-ulmen.com\/wp-content\/uploads\/3_2_pict_Aufzucht_1.jpg\" data-rel=\"lightbox[group-48881]\" title=\"\" ><img decoding=\"async\" src=\"https:\/\/resista-ulmen.com\/wp-content\/uploads\/3_2_pict_Aufzucht_1-383x250.jpg\" alt=\"\"\/><div class=\"qg-overlay\"><span class=\"icon-circle\"><span class=\"pg-icon lightbox-icon\"><\/span><\/span><\/div><\/a><\/div><div class=\"qg-img qg-no-title\" data-defwidth=\"383\"><a href=\"https:\/\/resista-ulmen.com\/wp-content\/uploads\/3_2_pict_Aufzucht_2.jpg\" data-rel=\"lightbox[group-48881]\" title=\"\" ><img decoding=\"async\" src=\"https:\/\/resista-ulmen.com\/wp-content\/uploads\/3_2_pict_Aufzucht_2-383x250.jpg\" alt=\"\"\/><div class=\"qg-overlay\"><span class=\"icon-circle\"><span class=\"pg-icon lightbox-icon\"><\/span><\/span><\/div><\/a><\/div><div class=\"qg-img qg-no-title\" data-defwidth=\"383\"><a href=\"https:\/\/resista-ulmen.com\/wp-content\/uploads\/3_2_pict_Aufzucht_3.jpg\" data-rel=\"lightbox[group-48881]\" title=\"\" ><img decoding=\"async\" src=\"https:\/\/resista-ulmen.com\/wp-content\/uploads\/3_2_pict_Aufzucht_3-383x250.jpg\" alt=\"\"\/><div class=\"qg-overlay\"><span class=\"icon-circle\"><span class=\"pg-icon lightbox-icon\"><\/span><\/span><\/div><\/a><\/div><div class=\"clear\"><\/div><\/div>\n","protected":false},"excerpt":{"rendered":"<p>Avec soin et comp\u00e9tence &nbsp; La multiplication v\u00e9g\u00e9tative de l&#8217;ensemble des ormes resista\u00ae est faite \u00e0 l&#8217;aide de boutures par [&hellip;]<\/p>\n","protected":false},"author":1,"featured_media":0,"parent":4876,"menu_order":52,"comment_status":"closed","ping_status":"closed","template":"template-full-custom.php","meta":{"footnotes":""},"class_list":["post-4888","page","type-page","status-publish","hentry"],"_links":{"self":[{"href":"https:\/\/resista-ulmen.com\/fr\/wp-json\/wp\/v2\/pages\/4888","targetHints":{"allow":["GET"]}}],"collection":[{"href":"https:\/\/resista-ulmen.com\/fr\/wp-json\/wp\/v2\/pages"}],"about":[{"href":"https:\/\/resista-ulmen.com\/fr\/wp-json\/wp\/v2\/types\/page"}],"author":[{"embeddable":true,"href":"https:\/\/resista-ulmen.com\/fr\/wp-json\/wp\/v2\/users\/1"}],"replies":[{"embeddable":true,"href":"https:\/\/resista-ulmen.com\/fr\/wp-json\/wp\/v2\/comments?post=4888"}],"version-history":[{"count":0,"href":"https:\/\/resista-ulmen.com\/fr\/wp-json\/wp\/v2\/pages\/4888\/revisions"}],"up":[{"embeddable":true,"href":"https:\/\/resista-ulmen.com\/fr\/wp-json\/wp\/v2\/pages\/4876"}],"wp:attachment":[{"href":"https:\/\/resista-ulmen.com\/fr\/wp-json\/wp\/v2\/media?parent=4888"}],"curies":[{"name":"wp","href":"https:\/\/api.w.org\/{rel}","templated":true}]}}