{"id":4890,"date":"2016-03-02T13:07:26","date_gmt":"2016-03-02T12:07:26","guid":{"rendered":"http:\/\/resista-ulmen.com\/qualite\/qualitaetssicherung\/"},"modified":"2018-03-26T19:42:40","modified_gmt":"2018-03-26T17:42:40","slug":"assurance-qualite","status":"publish","type":"page","link":"https:\/\/resista-ulmen.com\/fr\/qualite\/assurance-qualite\/","title":{"rendered":"Assurance qualit\u00e9"},"content":{"rendered":"<h1 style=\"text-align: center;\">Pour une long\u00e9vit\u00e9 sans lacunes<\/h1>\n<p>&nbsp;<\/p>\n<div class=\"cols-wrapper cols-2\">\n<div class=\"col\">\nChaque orme resista\u00ae est unique. L\u2019implantation d\u2019un transpondeur vous garantit une identification s\u00fbre et un suivi du chemin de production de tout arbre quittant notre p\u00e9pini\u00e8re.<\/p>\n<\/div>\n<div class=\"col\">\nLe transpondeur demeure dans le tronc de l&#8217;arbre \u00e0 l\u2019endroit o\u00f9 il a \u00e9t\u00e9 implant\u00e9. Au fil des ans, la couche de bois qui le recouvre \u00e9paissit. Il peut toutefois \u00eatre parfaitement lu 20 ans plus tard. Nos transpondeurs ont \u00e9t\u00e9 d\u00e9velopp\u00e9s en collaboration avec AEG Ulm\/Allemagne et sont continuellement implant\u00e9s dans chaque orme resista\u00ae depuis 2003.<\/p>\n<\/div>\n<\/div>\n<p><img loading=\"lazy\" decoding=\"async\" src=\"http:\/\/resista-ulmen.com\/wp-content\/uploads\/vignette_rfid_orange.png\" alt=\"\" width=\"350\" height=\"350\" class=\"aligncenter size-full wp-image-4165\" srcset=\"https:\/\/resista-ulmen.com\/wp-content\/uploads\/vignette_rfid_orange.png 350w, https:\/\/resista-ulmen.com\/wp-content\/uploads\/vignette_rfid_orange-150x150.png 150w, https:\/\/resista-ulmen.com\/wp-content\/uploads\/vignette_rfid_orange-300x300.png 300w\" sizes=\"auto, (max-width: 350px) 100vw, 350px\" \/><br \/>\n<div class=\"quick-gallery\"><div class=\"qg-img qg-no-title\" data-defwidth=\"383\"><a href=\"https:\/\/resista-ulmen.com\/wp-content\/uploads\/3_3_pict_Qualitaetssicherung_2.jpg\" data-rel=\"lightbox[group-48901]\" title=\"\" ><img decoding=\"async\" src=\"https:\/\/resista-ulmen.com\/wp-content\/uploads\/3_3_pict_Qualitaetssicherung_2-383x250.jpg\" alt=\"\"\/><div class=\"qg-overlay\"><span class=\"icon-circle\"><span class=\"pg-icon lightbox-icon\"><\/span><\/span><\/div><\/a><\/div><div class=\"qg-img qg-no-title\" data-defwidth=\"383\"><a href=\"https:\/\/resista-ulmen.com\/wp-content\/uploads\/3_3_pict_Qualitaetssicherung_1.jpg\" data-rel=\"lightbox[group-48901]\" title=\"\" ><img decoding=\"async\" src=\"https:\/\/resista-ulmen.com\/wp-content\/uploads\/3_3_pict_Qualitaetssicherung_1-383x250.jpg\" alt=\"\"\/><div class=\"qg-overlay\"><span class=\"icon-circle\"><span class=\"pg-icon lightbox-icon\"><\/span><\/span><\/div><\/a><\/div><div class=\"qg-img qg-no-title\" data-defwidth=\"383\"><a href=\"https:\/\/resista-ulmen.com\/wp-content\/uploads\/3_3_pict_Qualitaetssicherung_3.jpg\" data-rel=\"lightbox[group-48901]\" title=\"\" ><img decoding=\"async\" src=\"https:\/\/resista-ulmen.com\/wp-content\/uploads\/3_3_pict_Qualitaetssicherung_3-383x250.jpg\" alt=\"\"\/><div class=\"qg-overlay\"><span class=\"icon-circle\"><span class=\"pg-icon lightbox-icon\"><\/span><\/span><\/div><\/a><\/div><div class=\"clear\"><\/div><\/div>\n","protected":false},"excerpt":{"rendered":"<p>Pour une long\u00e9vit\u00e9 sans lacunes &nbsp; Chaque orme resista\u00ae est unique. L\u2019implantation d\u2019un transpondeur vous garantit une identification s\u00fbre et [&hellip;]<\/p>\n","protected":false},"author":1,"featured_media":0,"parent":4876,"menu_order":53,"comment_status":"closed","ping_status":"closed","template":"template-full-custom.php","meta":{"footnotes":""},"class_list":["post-4890","page","type-page","status-publish","hentry"],"_links":{"self":[{"href":"https:\/\/resista-ulmen.com\/fr\/wp-json\/wp\/v2\/pages\/4890","targetHints":{"allow":["GET"]}}],"collection":[{"href":"https:\/\/resista-ulmen.com\/fr\/wp-json\/wp\/v2\/pages"}],"about":[{"href":"https:\/\/resista-ulmen.com\/fr\/wp-json\/wp\/v2\/types\/page"}],"author":[{"embeddable":true,"href":"https:\/\/resista-ulmen.com\/fr\/wp-json\/wp\/v2\/users\/1"}],"replies":[{"embeddable":true,"href":"https:\/\/resista-ulmen.com\/fr\/wp-json\/wp\/v2\/comments?post=4890"}],"version-history":[{"count":0,"href":"https:\/\/resista-ulmen.com\/fr\/wp-json\/wp\/v2\/pages\/4890\/revisions"}],"up":[{"embeddable":true,"href":"https:\/\/resista-ulmen.com\/fr\/wp-json\/wp\/v2\/pages\/4876"}],"wp:attachment":[{"href":"https:\/\/resista-ulmen.com\/fr\/wp-json\/wp\/v2\/media?parent=4890"}],"curies":[{"name":"wp","href":"https:\/\/api.w.org\/{rel}","templated":true}]}}