{"id":4892,"date":"2016-03-02T13:17:02","date_gmt":"2016-03-02T12:17:02","guid":{"rendered":"http:\/\/resista-ulmen.com\/qualite\/resistenz-beweis\/"},"modified":"2018-03-26T21:14:00","modified_gmt":"2018-03-26T19:14:00","slug":"preuve-de-la-resistance","status":"publish","type":"page","link":"https:\/\/resista-ulmen.com\/fr\/qualite\/preuve-de-la-resistance\/","title":{"rendered":"Preuve de la r\u00e9sistance"},"content":{"rendered":"<h1 style=\"text-align: center;\">La preuve persistante de la r\u00e9sistance<\/h1>\n<p>&nbsp;<\/p>\n<div class=\"cols-wrapper cols-2\">\n<div class=\"col\">\nLes ormes resista\u00ae sont ultra-r\u00e9sistants. Ils doivent constamment le prouver. Dans le cadre de nos s\u00e9ries de tests standardis\u00e9s, nos diff\u00e9rentes esp\u00e8ces sont infect\u00e9es par l&#8217;agent pathog\u00e8ne de la maladie de l&#8217;orme en doses extr\u00eamement \u00e9lev\u00e9es, puis plac\u00e9es \u00e0 c\u00f4t\u00e9 d&#8217;arbres sains.<\/p>\n<p>Certes, les ormes resista\u00ae, comme d\u2019autres arbres, ne sont pas totalement immuns, mais ils sont en mesure de surmonter l&#8217;infection au cours de l&#8217;ann\u00e9e de la transmission de la maladie. <\/p>\n<\/div>\n<div class=\"col\">\nUn an seulement apr\u00e8s l&#8217;infection, plus aucune trace de la maladie surmont\u00e9e n\u2019est visible.<\/p>\n<p>La vari\u00e9t\u00e9 resista\u00ae <a href=\"http:\/\/resista-ulmen.com\/fr\/varietes\/new-horizon\/\">\u2019New Horizon\u2019<\/a> est une success story inhabituelle : entre 1993 et 2016, plus de 45 000 sp\u00e9cimens de cette vari\u00e9t\u00e9 ont \u00e9t\u00e9 plant\u00e9s en Europe. Il <strong>n\u2019existe<\/strong> aucun cas document\u00e9 de la mort d\u2019un de ces arbres due \u00e0 la maladie de l&#8217;orme.<\/p>\n<\/div>\n<\/div>\n<div class=\"quick-gallery\"><div class=\"qg-img qg-no-title\" data-defwidth=\"383\"><a href=\"https:\/\/resista-ulmen.com\/wp-content\/uploads\/4_3_pict_Resistenz-Beweis_1.jpg\" data-rel=\"lightbox[group-48921]\" title=\"\" ><img decoding=\"async\" src=\"https:\/\/resista-ulmen.com\/wp-content\/uploads\/4_3_pict_Resistenz-Beweis_1-383x250.jpg\" alt=\"\"\/><div class=\"qg-overlay\"><span class=\"icon-circle\"><span class=\"pg-icon lightbox-icon\"><\/span><\/span><\/div><\/a><\/div><div class=\"qg-img qg-no-title\" data-defwidth=\"383\"><a href=\"https:\/\/resista-ulmen.com\/wp-content\/uploads\/4_3_pict_Resistenz-Beweis_2.jpg\" data-rel=\"lightbox[group-48921]\" title=\"\" ><img decoding=\"async\" src=\"https:\/\/resista-ulmen.com\/wp-content\/uploads\/4_3_pict_Resistenz-Beweis_2-383x250.jpg\" alt=\"\"\/><div class=\"qg-overlay\"><span class=\"icon-circle\"><span class=\"pg-icon lightbox-icon\"><\/span><\/span><\/div><\/a><\/div><div class=\"qg-img qg-no-title\" data-defwidth=\"383\"><a href=\"https:\/\/resista-ulmen.com\/wp-content\/uploads\/4_3_pict_Resistenz-Beweis_3.jpg\" data-rel=\"lightbox[group-48921]\" title=\"\" ><img decoding=\"async\" src=\"https:\/\/resista-ulmen.com\/wp-content\/uploads\/4_3_pict_Resistenz-Beweis_3-383x250.jpg\" alt=\"\"\/><div class=\"qg-overlay\"><span class=\"icon-circle\"><span class=\"pg-icon lightbox-icon\"><\/span><\/span><\/div><\/a><\/div><div class=\"clear\"><\/div><\/div>\n","protected":false},"excerpt":{"rendered":"<p>La preuve persistante de la r\u00e9sistance &nbsp; Les ormes resista\u00ae sont ultra-r\u00e9sistants. Ils doivent constamment le prouver. Dans le cadre [&hellip;]<\/p>\n","protected":false},"author":1,"featured_media":0,"parent":4876,"menu_order":54,"comment_status":"closed","ping_status":"closed","template":"template-full-custom.php","meta":{"footnotes":""},"class_list":["post-4892","page","type-page","status-publish","hentry"],"_links":{"self":[{"href":"https:\/\/resista-ulmen.com\/fr\/wp-json\/wp\/v2\/pages\/4892","targetHints":{"allow":["GET"]}}],"collection":[{"href":"https:\/\/resista-ulmen.com\/fr\/wp-json\/wp\/v2\/pages"}],"about":[{"href":"https:\/\/resista-ulmen.com\/fr\/wp-json\/wp\/v2\/types\/page"}],"author":[{"embeddable":true,"href":"https:\/\/resista-ulmen.com\/fr\/wp-json\/wp\/v2\/users\/1"}],"replies":[{"embeddable":true,"href":"https:\/\/resista-ulmen.com\/fr\/wp-json\/wp\/v2\/comments?post=4892"}],"version-history":[{"count":0,"href":"https:\/\/resista-ulmen.com\/fr\/wp-json\/wp\/v2\/pages\/4892\/revisions"}],"up":[{"embeddable":true,"href":"https:\/\/resista-ulmen.com\/fr\/wp-json\/wp\/v2\/pages\/4876"}],"wp:attachment":[{"href":"https:\/\/resista-ulmen.com\/fr\/wp-json\/wp\/v2\/media?parent=4892"}],"curies":[{"name":"wp","href":"https:\/\/api.w.org\/{rel}","templated":true}]}}