{"id":4895,"date":"2017-02-01T20:35:06","date_gmt":"2017-02-01T19:35:06","guid":{"rendered":"http:\/\/resista-ulmen.com\/qualite\/weiterkultur\/"},"modified":"2018-03-26T19:47:32","modified_gmt":"2018-03-26T17:47:32","slug":"mise-en-culture-ulterieure","status":"publish","type":"page","link":"https:\/\/resista-ulmen.com\/fr\/qualite\/mise-en-culture-ulterieure\/","title":{"rendered":"Mise en culture ult\u00e9rieure"},"content":{"rendered":"<h1 style=\"text-align: center;\">Le d\u00e9part dans le vaste monde<\/h1>\n<p>&nbsp;<\/p>\n<div class=\"cols-wrapper cols-2\">\n<div class=\"col\">\nLes jeunes arbres resista\u00ae sont produits dans notre p\u00e9pini\u00e8re \u00e0 Darmstadt \u00e0 l&#8217;aide de boutures. D\u00e8s qu\u2019ils atteignent une \u00e9paisseur de 6 \u00e0 8 cm de circonf\u00e9rence, ils sont \u00e9quip\u00e9s d\u2019un transpondeur destin\u00e9 \u00e0 leur identification formelle.<\/p>\n<p>Des p\u00e9pini\u00e8res partenaires soigneusement s\u00e9lectionn\u00e9es sur diff\u00e9rents sites europ\u00e9ens prennent en charge les jeunes ormes resista\u00ae pour leur mise en culture post\u00e9rieure.<\/p>\n<\/div>\n<div class=\"col\">\nLorsque leur tronc atteint une circonf\u00e9rence de 14 \u00e0 16 cm, ils sont pr\u00eats \u00e0 \u00eatre vendus au client final ou \u00e0 d\u2019autres p\u00e9pini\u00e8res. Ils sont disponibles en \u00ab hautes tiges \u00bb \u00e0 partir de la qualit\u00e9 3xv., soit en conteneur ou en motte grillag\u00e9e.<\/p>\n<p>Ainsi, lorsque vous achetez un orme resista\u00ae, vous pouvez \u00eatre s\u00fbr de trouver \u00e0 tout moment un interlocuteur comp\u00e9tent \u00e0 proximit\u00e9. Ce dernier pourra r\u00e9pondre \u00e0 vos questions concernant le choix de l&#8217;emplacement et l&#8217;entretien.<\/p>\n<\/div>\n<\/div>\n<div class=\"quick-gallery\"><div class=\"qg-img qg-no-title\" data-defwidth=\"383\"><a href=\"https:\/\/resista-ulmen.com\/wp-content\/uploads\/3_4_pict_Weiterkultur_3.jpg\" data-rel=\"lightbox[group-48951]\" title=\"\" ><img decoding=\"async\" src=\"https:\/\/resista-ulmen.com\/wp-content\/uploads\/3_4_pict_Weiterkultur_3-383x250.jpg\" alt=\"\"\/><div class=\"qg-overlay\"><span class=\"icon-circle\"><span class=\"pg-icon lightbox-icon\"><\/span><\/span><\/div><\/a><\/div><div class=\"qg-img qg-no-title\" data-defwidth=\"383\"><a href=\"https:\/\/resista-ulmen.com\/wp-content\/uploads\/3_4_pict_Weiterkultur_2.jpg\" data-rel=\"lightbox[group-48951]\" title=\"\" ><img decoding=\"async\" src=\"https:\/\/resista-ulmen.com\/wp-content\/uploads\/3_4_pict_Weiterkultur_2-383x250.jpg\" alt=\"\"\/><div class=\"qg-overlay\"><span class=\"icon-circle\"><span class=\"pg-icon lightbox-icon\"><\/span><\/span><\/div><\/a><\/div><div class=\"qg-img qg-no-title\" data-defwidth=\"383\"><a href=\"https:\/\/resista-ulmen.com\/wp-content\/uploads\/3_4_pict_Weiterkultur_1.jpg\" data-rel=\"lightbox[group-48951]\" title=\"\" ><img decoding=\"async\" src=\"https:\/\/resista-ulmen.com\/wp-content\/uploads\/3_4_pict_Weiterkultur_1-383x250.jpg\" alt=\"\"\/><div class=\"qg-overlay\"><span class=\"icon-circle\"><span class=\"pg-icon lightbox-icon\"><\/span><\/span><\/div><\/a><\/div><div class=\"clear\"><\/div><\/div>\n","protected":false},"excerpt":{"rendered":"<p>Le d\u00e9part dans le vaste monde &nbsp; Les jeunes arbres resista\u00ae sont produits dans notre p\u00e9pini\u00e8re \u00e0 Darmstadt \u00e0 l&#8217;aide [&hellip;]<\/p>\n","protected":false},"author":1,"featured_media":0,"parent":4876,"menu_order":55,"comment_status":"closed","ping_status":"closed","template":"template-full-custom.php","meta":{"footnotes":""},"class_list":["post-4895","page","type-page","status-publish","hentry"],"_links":{"self":[{"href":"https:\/\/resista-ulmen.com\/fr\/wp-json\/wp\/v2\/pages\/4895","targetHints":{"allow":["GET"]}}],"collection":[{"href":"https:\/\/resista-ulmen.com\/fr\/wp-json\/wp\/v2\/pages"}],"about":[{"href":"https:\/\/resista-ulmen.com\/fr\/wp-json\/wp\/v2\/types\/page"}],"author":[{"embeddable":true,"href":"https:\/\/resista-ulmen.com\/fr\/wp-json\/wp\/v2\/users\/1"}],"replies":[{"embeddable":true,"href":"https:\/\/resista-ulmen.com\/fr\/wp-json\/wp\/v2\/comments?post=4895"}],"version-history":[{"count":0,"href":"https:\/\/resista-ulmen.com\/fr\/wp-json\/wp\/v2\/pages\/4895\/revisions"}],"up":[{"embeddable":true,"href":"https:\/\/resista-ulmen.com\/fr\/wp-json\/wp\/v2\/pages\/4876"}],"wp:attachment":[{"href":"https:\/\/resista-ulmen.com\/fr\/wp-json\/wp\/v2\/media?parent=4895"}],"curies":[{"name":"wp","href":"https:\/\/api.w.org\/{rel}","templated":true}]}}