{"id":4897,"date":"2017-02-02T14:49:32","date_gmt":"2017-02-02T13:49:32","guid":{"rendered":"http:\/\/resista-ulmen.com\/forschung\/"},"modified":"2018-03-26T21:15:12","modified_gmt":"2018-03-26T19:15:12","slug":"recherche","status":"publish","type":"page","link":"https:\/\/resista-ulmen.com\/fr\/recherche\/","title":{"rendered":"Recherche"},"content":{"rendered":"<h1 style=\"text-align: center;\">De la recherche \u00e0 la pratique<\/h1>\n<p>&nbsp;<\/p>\n<div class=\"cols-wrapper cols-2\">\n<div class=\"col\">\n<p>Au d\u00e9but du XXe si\u00e8cle l\u2019orme, qui avait pratiquement disparu des for\u00eats et du paysage, s\u2019est retrouv\u00e9 au centre d\u2019une recherche et d\u2019une culture intensives comme aucune autre esp\u00e8ce d\u2019arbre. Des scientifiques du monde entier ont consacr\u00e9 toute leur carri\u00e8re \u00e0 l\u2019\u00e9tude de la maladie de l&#8217;orme et \u00e0 la recherche de solutions pour augmenter leur r\u00e9sistance.<\/p>\n<p>Les succ\u00e8s d\u2019aujourd&#8217;hui, obtenus dans la culture d&#8217;ormes ultra-r\u00e9sistants, ont leurs racines dans cette recherche internationale commenc\u00e9e au si\u00e8cle dernier.<\/p>\n<\/div>\n<div class=\"col\">\n<p>Le fait que l\u2019orme convienne comme arbre de ville est aussi le fruit d\u2019efforts de culture prioritaires.<\/p>\n<p>Le succ\u00e8s des ormes resista\u00ae repose sur le travail de chercheurs et de p\u00e9pini\u00e9ristes renomm\u00e9s et sur leurs croisements fructueux de vari\u00e9t\u00e9s d\u2019ormes am\u00e9ricains, europ\u00e9ens et asiatiques.<br \/>\n&nbsp;<br \/>\n<a href=\"#forschung\"><u><span style=\"font-size: 0.75em;\">P O U R&nbsp;&nbsp;&nbsp;E N&nbsp;&nbsp;&nbsp;S A V O I R&nbsp;&nbsp;&nbsp;P L U S&nbsp;&nbsp;&gt;<\/span><\/u><\/a><\/p>\n<\/div>\n<\/div>\n<div class=\"quick-gallery\"><div class=\"qg-img qg-no-title\" data-defwidth=\"383\"><a href=\"https:\/\/resista-ulmen.com\/wp-content\/uploads\/0_1_pict_New_Horizon_1.jpg\" data-rel=\"lightbox[group-48971]\" title=\"\" ><img decoding=\"async\" src=\"https:\/\/resista-ulmen.com\/wp-content\/uploads\/0_1_pict_New_Horizon_1-383x250.jpg\" alt=\"\"\/><div class=\"qg-overlay\"><span class=\"icon-circle\"><span class=\"pg-icon lightbox-icon\"><\/span><\/span><\/div><\/a><\/div><div class=\"qg-img qg-no-title\" data-defwidth=\"383\"><a href=\"https:\/\/resista-ulmen.com\/wp-content\/uploads\/0_1_pict_New_Horizon_2.jpg\" data-rel=\"lightbox[group-48971]\" title=\"\" ><img decoding=\"async\" src=\"https:\/\/resista-ulmen.com\/wp-content\/uploads\/0_1_pict_New_Horizon_2-383x250.jpg\" alt=\"\"\/><div class=\"qg-overlay\"><span class=\"icon-circle\"><span class=\"pg-icon lightbox-icon\"><\/span><\/span><\/div><\/a><\/div><div class=\"qg-img qg-no-title\" data-defwidth=\"383\"><a href=\"https:\/\/resista-ulmen.com\/wp-content\/uploads\/0_1_pict_New_Horizon_4.jpg\" data-rel=\"lightbox[group-48971]\" title=\"\" ><img decoding=\"async\" src=\"https:\/\/resista-ulmen.com\/wp-content\/uploads\/0_1_pict_New_Horizon_4-383x250.jpg\" alt=\"\"\/><div class=\"qg-overlay\"><span class=\"icon-circle\"><span class=\"pg-icon lightbox-icon\"><\/span><\/span><\/div><\/a><\/div><div class=\"clear\"><\/div><\/div>\n<div class=\"cols-wrapper cols-2\">\n<div class=\"col\">\n<a name=\"forschung\"><\/a>Le v\u0153u de pr\u00e9server cette esp\u00e8ce, disparue \u00e0 plus de 80 % des for\u00eats et des paysages d\u2019Europe et d\u2019Am\u00e9rique du Nord et, qui plus est, n\u2019\u00e9tait pratiquement plus plant\u00e9e dans les villes, a conduit \u00e0 d\u00e9ployer d\u2019importants efforts de reproduction \u00e0 divers endroits.<\/p>\n<p>Le premier programme de reproduction europ\u00e9en, d\u00e9j\u00e0 mentionn\u00e9 pr\u00e9c\u00e9demment, a \u00e9t\u00e9 lanc\u00e9 en 1928 aux Pays-Bas avec la participation des chercheuses Christine Buisman et Johanna Westerdijk. Plus tard, ces \u00e9tudes ont \u00e9t\u00e9 poursuivies par Hans Heybroek \u00e0 l&#8217;institut de recherche \u00ab Dorschkamp Forschungsinstitut \u00bb jusqu&#8217;\u00e0 sa retraite en 1992. Un grand nombre d\u2019ormes actuellement disponibles en Europe provient de ce travail de reproduction. En font partie, les vari\u00e9t\u00e9s peu r\u00e9sistantes telles que \u2019Commelin\u2019 et \u2019Groeneveld\u2019 ou encore les esp\u00e8ces \u00e0 r\u00e9sistance moyenne comme \u2019Lobel\u2019, \u2019Clusius\u2019, \u2019Dodoens\u2019 ou \u2019Plantyn\u2019\u00bb. En 1989, la vari\u00e9t\u00e9 ultra-r\u00e9sistante \u201cColumella\u2019 a \u00e9t\u00e9 lanc\u00e9e. Elle est dot\u00e9e d\u2019une forme en colonne avec des feuilles enroul\u00e9es.<\/p>\n<p>Un autre programme europ\u00e9en de reproduction d\u2019ormes a \u00e9t\u00e9 lanc\u00e9 \u00e0 la fin des ann\u00e9es 1970 par Lorenzo Mittempergher et Alberto Santini \u00e0 Florence en Italie. L\u2019id\u00e9e \u00e9tait de d\u00e9velopper des vari\u00e9t\u00e9s r\u00e9sistantes propres au climat m\u00e9diterran\u00e9en. Il fallait s\u2019attendre \u00e0 ce qu\u2019une partie des nouvelles sortes d\u2019ormes, issues du programme de reproduction n\u00e9erlandais, ne supportent pas le climat parfois tr\u00e8s sec et chaud en vigueur en Italie. <a href=\"http:\/\/resista-ulmen.com\/fr\/varietes\/fiorente\/\">\u2019Fiorente\u2019<\/a> est l\u2019une de ces vari\u00e9t\u00e9s issue du programme de reproduction italien.<\/p>\n<p>Avec le chercheur Luis Gil, l\u2019Espagne entreprend depuis 1993 des efforts dans le domaine de la reproduction, en croisant l\u2019orme indig\u00e8ne Ulmus minor avec des ormes asiatiques aux propri\u00e9t\u00e9s r\u00e9sistantes.<\/p>\n<p>En 1937, le minist\u00e8re am\u00e9ricain de l\u2019agriculture (USDA) a d\u00e9marr\u00e9, \u00e0 grand renfort de travail, les tests sur des Ulmus \u2019Americana\u2019 de diff\u00e9rentes origines dans le but de d\u00e9couvrir des arbres r\u00e9sistants.<\/p>\n<p>En 1957, \u00e0 l\u2019universit\u00e9 de Madison, Wisconsin, Gene Smalley a lanc\u00e9 un programme global de reproduction. Afin d\u2019atteindre les deux objectifs de la premi\u00e8re heure, diff\u00e9rentes vari\u00e9t\u00e9s d\u2019ormes, qu\u2019il a \u00e9t\u00e9 possible de faire venir du monde entier, ont \u00e9t\u00e9 test\u00e9es quant \u00e0 leur r\u00e9sistance.<\/p>\n<\/div>\n<div class=\"col\">\nEn effet, il s\u2019agissait d\u2019une part de trouver un orme d&#8217;Am\u00e9rique r\u00e9sistant, et, d\u2019autre part, de reproduire des ormes eurasiens robustes et r\u00e9sistants pouvant \u00e9galement servir d&#8217;arbres urbains.<\/p>\n<p>Les premiers r\u00e9sultats de s\u00e9lections r\u00e9ussies sont des vari\u00e9t\u00e9s telles que \u2019Reverti\u2019, \u2019Reseda\u2019, \u2019Regal\u2019 disposant d\u2019un niveau de r\u00e9sistance moyen, mais aussi \u2019Sapporo Autumn Gold\u2019 dot\u00e9e d\u2019une r\u00e9sistance \u00e9lev\u00e9e.<\/p>\n<p>Toutefois, seul le croisement avec les ormes d\u2019origine asiatique a apport\u00e9 un haut degr\u00e9 de r\u00e9sistance. Au cours de leur \u00e9volution, les ormes d\u2019Asie ont \u00e9t\u00e9 confront\u00e9s depuis des milliers d&#8217;ann\u00e9es \u00e0 l\u2019Ophiostoma ulmi et \u00e0 l\u2019Ophiostoma novo-ulmi. Ils ont ainsi eu suffisamment de temps pour d\u00e9velopper des m\u00e9canismes de protection.<\/p>\n<p>Arriv\u00e9 en 1977 \u00e0 l\u2019universit\u00e9 de Madison, Ray Guries a partag\u00e9 les travaux de reproduction que Gene Smalley a poursuivis jusqu\u2019\u00e0 sa retraite en 1996. Certaines sortes d\u2019ormes ultra-r\u00e9sistants, disponibles en Europe sous la marque resista\u00ae, sont issues de ces travaux. On compte parmi elles la vari\u00e9t\u00e9 <a href=\"http:\/\/resista-ulmen.com\/fr\/varietes\/new-horizon\/\">\u2019New Horizon\u2019<\/a> et sa s\u0153ur <a href=\"http:\/\/resista-ulmen.com\/fr\/varietes\/rebona\/\">\u2019Rebona\u2019<\/a> ainsi que les sortes \u2019Cathedral\u2019 et <a href=\"http:\/\/resista-ulmen.com\/fr\/varietes\/rebella\/\">\u2019Rebella\u2019<\/a>.<\/p>\n<p>Le troisi\u00e8me grand programme de reproduction a \u00e9t\u00e9 lanc\u00e9 en 1972 par George Ware aupr\u00e8s du Morton Arboretum \u00e0 Chicago, Illinois. Le Morton Arboretum dispose d\u2019une collection impressionnante d\u2019ormes d\u2019origines diff\u00e9rentes : ormes europ\u00e9ens, am\u00e9ricains, asiatiques. Les vari\u00e9t\u00e9s du programme de reproduction mises \u00e0 disposition sont par exemple \u2019Danada Charm\u2019 ou \u2019Morton Glossy\u2019.<\/p>\n<p>Il reste \u00e0 mentionner qu\u2019il existait par ailleurs d\u2019autres programmes de reproduction aux \u00c9tats-Unis, au Canada, en Russie ou encore en France, cette derni\u00e8re ayant produit la sorte \u00ab Lut\u00e8ce \u00bb, par exemple.<\/p>\n<p>Aucune autre esp\u00e8ce d\u2019arbre n\u2019a fait l\u2019objet d\u2019efforts de reproduction aussi importants que l\u2019orme. De nombreux grands scientifiques ont consacr\u00e9 toute leur vie professionnelle \u00e0 l&#8217;\u00e9tude de la maladie des ormes et \u00e0 la recherche d\u2019ormes r\u00e9sistants. Aujourd\u2019hui, on trouve un grand nombre de vari\u00e9t\u00e9s d\u2019ormes disposant d\u2019un bon niveau de r\u00e9sistance, sachant que beaucoup d\u2019autres se rajouteront dans les ann\u00e9es \u00e0 venir.\n<\/p><\/div>\n<\/div>\n","protected":false},"excerpt":{"rendered":"<p>De la recherche \u00e0 la pratique &nbsp; Au d\u00e9but du XXe si\u00e8cle l\u2019orme, qui avait pratiquement disparu des for\u00eats et [&hellip;]<\/p>\n","protected":false},"author":1,"featured_media":0,"parent":0,"menu_order":6,"comment_status":"closed","ping_status":"closed","template":"template-full-custom.php","meta":{"footnotes":""},"class_list":["post-4897","page","type-page","status-publish","hentry"],"_links":{"self":[{"href":"https:\/\/resista-ulmen.com\/fr\/wp-json\/wp\/v2\/pages\/4897","targetHints":{"allow":["GET"]}}],"collection":[{"href":"https:\/\/resista-ulmen.com\/fr\/wp-json\/wp\/v2\/pages"}],"about":[{"href":"https:\/\/resista-ulmen.com\/fr\/wp-json\/wp\/v2\/types\/page"}],"author":[{"embeddable":true,"href":"https:\/\/resista-ulmen.com\/fr\/wp-json\/wp\/v2\/users\/1"}],"replies":[{"embeddable":true,"href":"https:\/\/resista-ulmen.com\/fr\/wp-json\/wp\/v2\/comments?post=4897"}],"version-history":[{"count":0,"href":"https:\/\/resista-ulmen.com\/fr\/wp-json\/wp\/v2\/pages\/4897\/revisions"}],"wp:attachment":[{"href":"https:\/\/resista-ulmen.com\/fr\/wp-json\/wp\/v2\/media?parent=4897"}],"curies":[{"name":"wp","href":"https:\/\/api.w.org\/{rel}","templated":true}]}}