{"id":4901,"date":"2016-03-02T13:13:32","date_gmt":"2016-03-02T12:13:32","guid":{"rendered":"http:\/\/resista-ulmen.com\/recherche\/geschichte-der-ulme\/"},"modified":"2018-03-26T20:06:28","modified_gmt":"2018-03-26T18:06:28","slug":"histoire-de-lorme","status":"publish","type":"page","link":"https:\/\/resista-ulmen.com\/fr\/recherche\/histoire-de-lorme\/","title":{"rendered":"Histoire de l\u2019orme"},"content":{"rendered":"<h1 style=\"text-align: center;\">Un arbre culte se fait rare<\/h1>\n<p>&nbsp;<\/p>\n<div class=\"cols-wrapper cols-2\">\n<div class=\"col\">\n<p>La diversit\u00e9 de l\u2019histoire culturelle de l&#8217;orme en Europe remonte \u00e0 l\u2019Antiquit\u00e9 : l\u2019orme saint d\u2019Eph\u00e8se est c\u00e9l\u00e8bre et, dans l\u2019\u00ab Edda \u00bb, l\u2019orme et le fr\u00eane repr\u00e9sentent le premier homme et la premi\u00e8re femme. Mais au-del\u00e0 de cela, leur bois pr\u00e9cieux et leur feuillage ont toujours rev\u00eatu une grande importance pour l\u2019homme et l\u2019\u00e9conomie. C\u2019est un paradoxe : aujourd\u2019hui, cette esp\u00e8ce lutte pour survivre. Lorsque l\u2019on observe les ormes autour de nous, les arbres marqu\u00e9s par la maladie de l&#8217;orme offrent une image de d\u00e9solation. L\u2019Europe et l\u2019Am\u00e9rique du Nord sont durement touch\u00e9es.<\/p>\n<\/div>\n<div class=\"col\">\n<p>L\u00e0 o\u00f9 de magnifiques exemplaires contribuaient autrefois \u00e0 l\u2019\u00e9claircissement et \u00e0 l&#8217;embellissement des centres-villes, des avenues enti\u00e8res sont aujourd&#8217;hui touch\u00e9es par la maladie. Planter de nouvelles vari\u00e9t\u00e9s d\u2019ormes ultra-r\u00e9sistants est actuellement la seule possibilit\u00e9 d\u2019offrir un retour \u00e0 cet arbre riche en tradition.<\/p>\n<\/div>\n<\/div>\n<div class=\"quick-gallery\"><div class=\"qg-img qg-no-title\" data-defwidth=\"383\"><a href=\"https:\/\/resista-ulmen.com\/wp-content\/uploads\/4_4_1_pict_Geschichte_der_Ulme_1.jpg\" data-rel=\"lightbox[group-49011]\" title=\"\" ><img decoding=\"async\" src=\"https:\/\/resista-ulmen.com\/wp-content\/uploads\/4_4_1_pict_Geschichte_der_Ulme_1-383x250.jpg\" alt=\"\"\/><div class=\"qg-overlay\"><span class=\"icon-circle\"><span class=\"pg-icon lightbox-icon\"><\/span><\/span><\/div><\/a><\/div><div class=\"qg-img qg-no-title\" data-defwidth=\"383\"><a href=\"https:\/\/resista-ulmen.com\/wp-content\/uploads\/4_4_1_pict_Geschichte_der_Ulme_2.jpg\" data-rel=\"lightbox[group-49011]\" title=\"\" ><img decoding=\"async\" src=\"https:\/\/resista-ulmen.com\/wp-content\/uploads\/4_4_1_pict_Geschichte_der_Ulme_2-383x250.jpg\" alt=\"\"\/><div class=\"qg-overlay\"><span class=\"icon-circle\"><span class=\"pg-icon lightbox-icon\"><\/span><\/span><\/div><\/a><\/div><div class=\"qg-img qg-no-title\" data-defwidth=\"383\"><a href=\"https:\/\/resista-ulmen.com\/wp-content\/uploads\/4_4_1_pict_Geschichte_der_Ulme_3.jpg\" data-rel=\"lightbox[group-49011]\" title=\"\" ><img decoding=\"async\" src=\"https:\/\/resista-ulmen.com\/wp-content\/uploads\/4_4_1_pict_Geschichte_der_Ulme_3-383x250.jpg\" alt=\"\"\/><div class=\"qg-overlay\"><span class=\"icon-circle\"><span class=\"pg-icon lightbox-icon\"><\/span><\/span><\/div><\/a><\/div><div class=\"clear\"><\/div><\/div>\n","protected":false},"excerpt":{"rendered":"<p>Un arbre culte se fait rare &nbsp; La diversit\u00e9 de l\u2019histoire culturelle de l&#8217;orme en Europe remonte \u00e0 l\u2019Antiquit\u00e9 : [&hellip;]<\/p>\n","protected":false},"author":1,"featured_media":0,"parent":4897,"menu_order":61,"comment_status":"closed","ping_status":"closed","template":"template-full-custom.php","meta":{"footnotes":""},"class_list":["post-4901","page","type-page","status-publish","hentry"],"_links":{"self":[{"href":"https:\/\/resista-ulmen.com\/fr\/wp-json\/wp\/v2\/pages\/4901","targetHints":{"allow":["GET"]}}],"collection":[{"href":"https:\/\/resista-ulmen.com\/fr\/wp-json\/wp\/v2\/pages"}],"about":[{"href":"https:\/\/resista-ulmen.com\/fr\/wp-json\/wp\/v2\/types\/page"}],"author":[{"embeddable":true,"href":"https:\/\/resista-ulmen.com\/fr\/wp-json\/wp\/v2\/users\/1"}],"replies":[{"embeddable":true,"href":"https:\/\/resista-ulmen.com\/fr\/wp-json\/wp\/v2\/comments?post=4901"}],"version-history":[{"count":0,"href":"https:\/\/resista-ulmen.com\/fr\/wp-json\/wp\/v2\/pages\/4901\/revisions"}],"up":[{"embeddable":true,"href":"https:\/\/resista-ulmen.com\/fr\/wp-json\/wp\/v2\/pages\/4897"}],"wp:attachment":[{"href":"https:\/\/resista-ulmen.com\/fr\/wp-json\/wp\/v2\/media?parent=4901"}],"curies":[{"name":"wp","href":"https:\/\/api.w.org\/{rel}","templated":true}]}}