{"id":4903,"date":"2016-03-02T13:14:36","date_gmt":"2016-03-02T12:14:36","guid":{"rendered":"http:\/\/resista-ulmen.com\/recherche\/ulmenkrankheit\/"},"modified":"2018-03-26T20:08:47","modified_gmt":"2018-03-26T18:08:47","slug":"maladie-des-ormes","status":"publish","type":"page","link":"https:\/\/resista-ulmen.com\/fr\/recherche\/maladie-des-ormes\/","title":{"rendered":"Maladie des ormes"},"content":{"rendered":"<h1 style=\"text-align: center;\">Un arbre culte en danger<\/h1>\n<p>&nbsp;<\/p>\n<div class=\"cols-wrapper cols-2\">\n<div class=\"col\">\n<h2 style=\"text-align: center;\">Petit ennemi avec grand effet<\/h2>\n<p>Dans la mythologie nordique, l\u2019orme et le fr\u00eane repr\u00e9sentaient l&#8217;homme et la femme et \u00e9taient consid\u00e9r\u00e9s comme les parents de l\u2019humanit\u00e9. Au sud de la France, l\u2019orme est synonyme de justice et aux \u00c9tats-Unis il est c\u00e9l\u00e9br\u00e9 comme arbre de libert\u00e9. Hormis leur signification mythique, les ormes sont \u00e9galement appr\u00e9ci\u00e9s en Europe et en Am\u00e9rique du Nord pour leur bois pr\u00e9cieux et comme somptueux arbres plant\u00e9s dans les espaces verts urbains et les avenues. Mais cet arbre culte est en danger. Son grand ennemi : un nain microscopique, le champignon tubulaire <em>Ophiostoma ulmi<\/em>.<br \/>\n&nbsp;<\/p>\n<h2 style=\"text-align: center;\">Une alliance lourde de cons\u00e9quences<\/h2>\n<p>Ce champignon se propage principalement par l&#8217;interm\u00e9diaire d\u2019un vecteur ignorant : le scolyte de l&#8217;orme. Ce dernier entre en contact avec le champignon au moment de s\u2019alimenter dans les galeries creus\u00e9es sous l\u2019\u00e9corce d\u2019arbres malades. Sans le savoir, les jeunes scolytes sont contamin\u00e9s par les filaments de champignons dans l\u2019\u00e9corce ou par des spores introduites dans les galeries larvaires par le col\u00e9opt\u00e8re m\u00e8re.<\/p>\n<\/div>\n<div class=\"col\">\n<h2 style=\"text-align: center;\">Danger \u00e0 effet domino<\/h2>\n<p>Si les jeunes scolytes quittent l\u2019arbre malade et se nourrissent de l&#8217;\u00e9corce juteuse des aisselles de branches d\u2019arbres sains, les spores fongiques adh\u00e9rant au col\u00e9opt\u00e8re p\u00e9n\u00e8trent ici aussi dans les \u00e9l\u00e9ments conducteurs de s\u00e8ve brute. L\u2019infection fongique provoque l&#8217;interruption de l&#8217;approvisionnement en eau, la couronne se dess\u00e8che et l\u2019arbre meurt.<\/p>\n<p>L\u2019insecte se d\u00e9place vers le prochain orme sain. Des all\u00e9es enti\u00e8res peuvent \u00eatre infect\u00e9es par cette maladie.<\/p>\n<\/div>\n<\/div>\n<div class=\"quick-gallery\"><div class=\"qg-img qg-no-title\" data-defwidth=\"383\"><a href=\"https:\/\/resista-ulmen.com\/wp-content\/uploads\/4_4_2_pict_Ulmenkrankheit_1.jpg\" data-rel=\"lightbox[group-49031]\" title=\"\" ><img decoding=\"async\" src=\"https:\/\/resista-ulmen.com\/wp-content\/uploads\/4_4_2_pict_Ulmenkrankheit_1-383x250.jpg\" alt=\"\"\/><div class=\"qg-overlay\"><span class=\"icon-circle\"><span class=\"pg-icon lightbox-icon\"><\/span><\/span><\/div><\/a><\/div><div class=\"qg-img qg-no-title\" data-defwidth=\"383\"><a href=\"https:\/\/resista-ulmen.com\/wp-content\/uploads\/4_4_2_pict_Ulmenkrankheit_2.jpg\" data-rel=\"lightbox[group-49031]\" title=\"\" ><img decoding=\"async\" src=\"https:\/\/resista-ulmen.com\/wp-content\/uploads\/4_4_2_pict_Ulmenkrankheit_2-383x250.jpg\" alt=\"\"\/><div class=\"qg-overlay\"><span class=\"icon-circle\"><span class=\"pg-icon lightbox-icon\"><\/span><\/span><\/div><\/a><\/div><div class=\"qg-img qg-no-title\" data-defwidth=\"383\"><a href=\"https:\/\/resista-ulmen.com\/wp-content\/uploads\/4_4_2_pict_Ulmenkrankheit_3.jpg\" data-rel=\"lightbox[group-49031]\" title=\"\" ><img decoding=\"async\" src=\"https:\/\/resista-ulmen.com\/wp-content\/uploads\/4_4_2_pict_Ulmenkrankheit_3-383x250.jpg\" alt=\"\"\/><div class=\"qg-overlay\"><span class=\"icon-circle\"><span class=\"pg-icon lightbox-icon\"><\/span><\/span><\/div><\/a><\/div><div class=\"clear\"><\/div><\/div>\n","protected":false},"excerpt":{"rendered":"<p>Un arbre culte en danger &nbsp; Petit ennemi avec grand effet Dans la mythologie nordique, l\u2019orme et le fr\u00eane repr\u00e9sentaient [&hellip;]<\/p>\n","protected":false},"author":1,"featured_media":0,"parent":4897,"menu_order":62,"comment_status":"closed","ping_status":"closed","template":"template-full-custom.php","meta":{"footnotes":""},"class_list":["post-4903","page","type-page","status-publish","hentry"],"_links":{"self":[{"href":"https:\/\/resista-ulmen.com\/fr\/wp-json\/wp\/v2\/pages\/4903","targetHints":{"allow":["GET"]}}],"collection":[{"href":"https:\/\/resista-ulmen.com\/fr\/wp-json\/wp\/v2\/pages"}],"about":[{"href":"https:\/\/resista-ulmen.com\/fr\/wp-json\/wp\/v2\/types\/page"}],"author":[{"embeddable":true,"href":"https:\/\/resista-ulmen.com\/fr\/wp-json\/wp\/v2\/users\/1"}],"replies":[{"embeddable":true,"href":"https:\/\/resista-ulmen.com\/fr\/wp-json\/wp\/v2\/comments?post=4903"}],"version-history":[{"count":0,"href":"https:\/\/resista-ulmen.com\/fr\/wp-json\/wp\/v2\/pages\/4903\/revisions"}],"up":[{"embeddable":true,"href":"https:\/\/resista-ulmen.com\/fr\/wp-json\/wp\/v2\/pages\/4897"}],"wp:attachment":[{"href":"https:\/\/resista-ulmen.com\/fr\/wp-json\/wp\/v2\/media?parent=4903"}],"curies":[{"name":"wp","href":"https:\/\/api.w.org\/{rel}","templated":true}]}}