{"id":4905,"date":"2016-03-02T13:15:25","date_gmt":"2016-03-02T12:15:25","guid":{"rendered":"http:\/\/resista-ulmen.com\/recherche\/forschung\/"},"modified":"2018-03-26T20:11:19","modified_gmt":"2018-03-26T18:11:19","slug":"recherche-sur-les-ormes","status":"publish","type":"page","link":"https:\/\/resista-ulmen.com\/fr\/recherche\/recherche-sur-les-ormes\/","title":{"rendered":"Recherche sur les ormes"},"content":{"rendered":"<h1 style=\"text-align: center;\">La r\u00e9ponse apport\u00e9e par la science et la pratique<\/h1>\n<p>&nbsp;<\/p>\n<div class=\"cols-wrapper cols-2\">\n<div class=\"col\">\n<h2 style=\"text-align: center;\">La recherche d\u2019un antidote<\/h2>\n<p>Peu de temps apr\u00e8s la d\u00e9couverte et la description, en 1920, de l&#8217;agent pathog\u00e8ne responsable de la maladie de l&#8217;orme, des chercheurs du monde entier ont \u00e9tudi\u00e9 le probl\u00e8me qui a caus\u00e9 l\u2019abattage de millions d\u2019arbres magnifiques et dess\u00e9ch\u00e9s. Deux approches ont \u00e9t\u00e9 \u00e9tudi\u00e9es : la gu\u00e9rison \u00e0 l\u2019aide de produits chimiques ou la cr\u00e9ation de nouvelles esp\u00e8ces r\u00e9fractaires \u00e0 la maladie.<br \/>\n&nbsp;<\/p>\n<h2 style=\"text-align: center;\">\u00c9checs et d\u00e9ceptions<\/h2>\n<p>La premi\u00e8re m\u00e9thode n&#8217;a jusqu\u2019\u00e0 pr\u00e9sent apport\u00e9 qu&#8217;un seul rem\u00e8de, qui peut \u00eatre inject\u00e9 dans les arbres. Le traitement est tr\u00e8s on\u00e9reux et doit \u00eatre r\u00e9p\u00e9t\u00e9 tous les ans. Cela n\u2019est rentable que pour les arbres de parcs particuli\u00e8rement beaux.<\/p>\n<p>Le chemin qui a conduit au d\u00e9veloppement d\u2019ormes r\u00e9sistants a \u00e9t\u00e9 long. Au cours de la reproduction de nouveaux ormes r\u00e9sistants, le manque de vitalit\u00e9, la forme ou l\u2019apparence des arbres ont tout d&#8217;abord provoqu\u00e9 des d\u00e9ceptions. Au-del\u00e0, il faut un certain temps avant qu&#8217;un nouvel hybride puisse faire ses preuves &#8211; au moins 15 ans ! D\u2019ailleurs, plus de 100 000 hybrides ont \u00e9t\u00e9 crois\u00e9s depuis, la plupart en Am\u00e9rique.<\/p>\n<\/div>\n<div class=\"col\">\n<h2 style=\"text-align: center;\">Des ormes dans les bagages<\/h2>\n<p>En 1958, aux \u00c9tats-Unis, le Prof. Eugene B. Smalley, de la Madison University au Wisconsin \/ USA, a repris les travaux de recherche sur la maladie de l&#8217;orme et sur la reproduction d\u2019ormes r\u00e9sistants. Il a commenc\u00e9 par collecter des centaines d&#8217;ormes et de sous-esp\u00e8ces dans le monde entier, notamment en Asie. La deuxi\u00e8me \u00e9tape fut la phase du croisement et de l\u2019inoculation de la maladie en collaboration avec le Dr. Ray Guries. Enfin, les hybrides obtenus ont \u00e9t\u00e9 test\u00e9s sur toutes leurs autres propri\u00e9t\u00e9s. Moins d\u2019une centaine de croisements au monde ont surv\u00e9cu \u00e0 cette proc\u00e9dure.<br \/>\n&nbsp;<\/p>\n<h2 style=\"text-align: center;\">Les fondements de notre succ\u00e8s<\/h2>\n<p>Conjointement avec Smalley et Guries, nous avons s\u00e9lectionn\u00e9 quelque 50 croisements susceptibles de convenir pour l\u2019Europe. Nous les avons tous r\u00e9examin\u00e9s pour v\u00e9rifier leur r\u00e9sistance. Cela \u00e9tait n\u00e9cessaire, car la maladie \u00e9volue diff\u00e9remment en fonction du climat, tout comme l\u2019agressivit\u00e9 de la maladie peut \u00e9galement varier. Finalement, moins de 10 vari\u00e9t\u00e9s ont pu faire l\u2019objet d\u2019une demande officielle de certification europ\u00e9enne d&#8217;obtention v\u00e9g\u00e9tale, ce qui nous a ouvert les portes de leur commercialisation.<\/p>\n<\/div>\n<\/div>\n<div class=\"quick-gallery\"><div class=\"qg-img qg-no-title\" data-defwidth=\"383\"><a href=\"https:\/\/resista-ulmen.com\/wp-content\/uploads\/4_4_3_pict_Ulmenforschung_1.jpg\" data-rel=\"lightbox[group-49051]\" title=\"\" ><img decoding=\"async\" src=\"https:\/\/resista-ulmen.com\/wp-content\/uploads\/4_4_3_pict_Ulmenforschung_1-383x250.jpg\" alt=\"\"\/><div class=\"qg-overlay\"><span class=\"icon-circle\"><span class=\"pg-icon lightbox-icon\"><\/span><\/span><\/div><\/a><\/div><div class=\"qg-img qg-no-title\" data-defwidth=\"383\"><a href=\"https:\/\/resista-ulmen.com\/wp-content\/uploads\/4_4_3_pict_Ulmenforschung_2.jpg\" data-rel=\"lightbox[group-49051]\" title=\"\" ><img decoding=\"async\" src=\"https:\/\/resista-ulmen.com\/wp-content\/uploads\/4_4_3_pict_Ulmenforschung_2-383x250.jpg\" alt=\"\"\/><div class=\"qg-overlay\"><span class=\"icon-circle\"><span class=\"pg-icon lightbox-icon\"><\/span><\/span><\/div><\/a><\/div><div class=\"qg-img qg-no-title\" data-defwidth=\"383\"><a href=\"https:\/\/resista-ulmen.com\/wp-content\/uploads\/4_4_3_pict_Ulmenforschung_3.jpg\" data-rel=\"lightbox[group-49051]\" title=\"\" ><img decoding=\"async\" src=\"https:\/\/resista-ulmen.com\/wp-content\/uploads\/4_4_3_pict_Ulmenforschung_3-383x250.jpg\" alt=\"\"\/><div class=\"qg-overlay\"><span class=\"icon-circle\"><span class=\"pg-icon lightbox-icon\"><\/span><\/span><\/div><\/a><\/div><div class=\"clear\"><\/div><\/div>\n","protected":false},"excerpt":{"rendered":"<p>La r\u00e9ponse apport\u00e9e par la science et la pratique &nbsp; La recherche d\u2019un antidote Peu de temps apr\u00e8s la d\u00e9couverte [&hellip;]<\/p>\n","protected":false},"author":1,"featured_media":0,"parent":4897,"menu_order":63,"comment_status":"closed","ping_status":"closed","template":"template-full-custom.php","meta":{"footnotes":""},"class_list":["post-4905","page","type-page","status-publish","hentry"],"_links":{"self":[{"href":"https:\/\/resista-ulmen.com\/fr\/wp-json\/wp\/v2\/pages\/4905","targetHints":{"allow":["GET"]}}],"collection":[{"href":"https:\/\/resista-ulmen.com\/fr\/wp-json\/wp\/v2\/pages"}],"about":[{"href":"https:\/\/resista-ulmen.com\/fr\/wp-json\/wp\/v2\/types\/page"}],"author":[{"embeddable":true,"href":"https:\/\/resista-ulmen.com\/fr\/wp-json\/wp\/v2\/users\/1"}],"replies":[{"embeddable":true,"href":"https:\/\/resista-ulmen.com\/fr\/wp-json\/wp\/v2\/comments?post=4905"}],"version-history":[{"count":0,"href":"https:\/\/resista-ulmen.com\/fr\/wp-json\/wp\/v2\/pages\/4905\/revisions"}],"up":[{"embeddable":true,"href":"https:\/\/resista-ulmen.com\/fr\/wp-json\/wp\/v2\/pages\/4897"}],"wp:attachment":[{"href":"https:\/\/resista-ulmen.com\/fr\/wp-json\/wp\/v2\/media?parent=4905"}],"curies":[{"name":"wp","href":"https:\/\/api.w.org\/{rel}","templated":true}]}}