{"id":4912,"date":"2017-05-01T17:23:01","date_gmt":"2017-05-01T15:23:01","guid":{"rendered":"http:\/\/resista-ulmen.com\/forst-landschaft\/"},"modified":"2018-03-26T20:19:50","modified_gmt":"2018-03-26T18:19:50","slug":"foret-paysage","status":"publish","type":"page","link":"https:\/\/resista-ulmen.com\/fr\/foret-paysage\/","title":{"rendered":"For\u00eat + Paysage"},"content":{"rendered":"<h1 style=\"text-align: center;\">Utilisation polyvalente<\/h1>\n<p>&nbsp;<\/p>\n<div class=\"cols-wrapper cols-2\">\n<div class=\"col\">\n<p>Actuellement, les ormes semblent encore jouer un r\u00f4le subordonn\u00e9 dans la for\u00eat. Mais il existe une s\u00e9rie d\u2019arguments qui pourrait g\u00e9n\u00e9rer un changement : la croissance de certaines vari\u00e9t\u00e9s d\u2019ormes est plus rapide que la plupart des feuillus. Le bois d&#8217;orme n&#8217;est pas seulement de grande qualit\u00e9 pour l&#8217;industrie du meuble, il \u00e9tait \u00e9galement utilis\u00e9 dans la construction navale et ses troncs servent depuis plus de 400 ans de fondations \u00e0 Venise et pour le pont du Rialto. De nombreuses autres esp\u00e8ces d&#8217;arbres souffrent de mani\u00e8re accrue de parasites et de maladies. Jusqu\u2019ici, il n\u2019existe aucune vari\u00e9t\u00e9 cultiv\u00e9e pr\u00e9sentant les r\u00e9sistances n\u00e9cessaires. <\/p>\n<\/div>\n<div class=\"col\">\n<p>Le cas des ormes est tout autre \u2013 nous sommes en pr\u00e9sence de plants disposant de bonnes r\u00e9sistances et capacit\u00e9s pour affronter les probl\u00e8mes li\u00e9s au changement climatique dans les for\u00eats. Les ormes cultiv\u00e9s dans le monde entier, depuis la fin des ann\u00e9es 1920, montrent dans les parcs, le long des rues, dans les villes et \u00e0 l\u2019ext\u00e9rieur, \u00e0 quel point leur potentiel est \u00e9lev\u00e9, et ce, depuis le milieu du si\u00e8cle dernier. Malgr\u00e9 cela on ne trouve que peu d\u2019ormes dans la for\u00eat et dans les campagnes.<br \/>\n&nbsp;<br \/>\n<a href=\"#forst\"><u><span style=\"font-size: 0.75em;\">P O U R&nbsp;&nbsp;&nbsp;E N&nbsp;&nbsp;&nbsp;S A V O I R&nbsp;&nbsp;&nbsp;P L U S&nbsp;&nbsp;&gt;<\/span><\/u><\/a><\/p>\n<\/div>\n<\/div>\n<div class=\"quick-gallery\"><div class=\"qg-img qg-no-title\" data-defwidth=\"383\"><a href=\"https:\/\/resista-ulmen.com\/wp-content\/uploads\/4_5_pict_Forst_Landschaft_1.jpg\" data-rel=\"lightbox[group-49121]\" title=\"\" ><img decoding=\"async\" src=\"https:\/\/resista-ulmen.com\/wp-content\/uploads\/4_5_pict_Forst_Landschaft_1-383x250.jpg\" alt=\"\"\/><div class=\"qg-overlay\"><span class=\"icon-circle\"><span class=\"pg-icon lightbox-icon\"><\/span><\/span><\/div><\/a><\/div><div class=\"qg-img qg-no-title\" data-defwidth=\"383\"><a href=\"https:\/\/resista-ulmen.com\/wp-content\/uploads\/4_5_pict_Forst_Landschaft_2.jpg\" data-rel=\"lightbox[group-49121]\" title=\"\" ><img decoding=\"async\" src=\"https:\/\/resista-ulmen.com\/wp-content\/uploads\/4_5_pict_Forst_Landschaft_2-383x250.jpg\" alt=\"\"\/><div class=\"qg-overlay\"><span class=\"icon-circle\"><span class=\"pg-icon lightbox-icon\"><\/span><\/span><\/div><\/a><\/div><div class=\"qg-img qg-no-title\" data-defwidth=\"383\"><a href=\"https:\/\/resista-ulmen.com\/wp-content\/uploads\/4_5_pict_Forst_Landschaft_3.jpg\" data-rel=\"lightbox[group-49121]\" title=\"\" ><img decoding=\"async\" src=\"https:\/\/resista-ulmen.com\/wp-content\/uploads\/4_5_pict_Forst_Landschaft_3-383x250.jpg\" alt=\"\"\/><div class=\"qg-overlay\"><span class=\"icon-circle\"><span class=\"pg-icon lightbox-icon\"><\/span><\/span><\/div><\/a><\/div><div class=\"clear\"><\/div><\/div>\n<a name=\"forst\"><\/a><\/p>\n<h1 style=\"text-align: center;\">Ulmen f\u00fcr Forst und Landschaft<\/h1>\n<p>&nbsp;<\/p>\n<div class=\"cols-wrapper cols-2\">\n<div class=\"col\">\n<h2 style=\"text-align: center;\">Pourquoi y a-t-il si peu d\u2019ormes ?<\/h2>\n<p>&nbsp;<\/p>\n<ul>\n<li>Toutes les vari\u00e9t\u00e9s cultiv\u00e9es sont des clones obtenus par multiplication v\u00e9g\u00e9tative, poss\u00e9dant le m\u00eame g\u00e9nome.<\/li>\n<li>Toutes ces esp\u00e8ces ont au moins un parent venant d&#8217;Asie, ce qui les emp\u00eache de convenir \u00e0 la flore et \u00e0 la faune indig\u00e8nes.<\/li>\n<li>Ces ormes sont multipli\u00e9s par bouturage et les plants \u00e2g\u00e9s de deux ans sont propos\u00e9s \u00e0 des prix bien sup\u00e9rieurs \u00e0 ceux obtenus pour des plantes foresti\u00e8res reproduites par semis.<\/li>\n<\/ul>\n<p>&nbsp;<br \/>\nJe tiens \u00e0 d\u00e9velopper ces trois arguments plus avant.<\/p>\n<\/div>\n<div class=\"col\">\n<h2 style=\"text-align: center;\">1. Diversit\u00e9 g\u00e9n\u00e9tique<\/h2>\n<p>Chaque arbre est g\u00e9n\u00e9tiquement clairement d\u00e9termin\u00e9. Chaque descendant obtenu par la multiplication v\u00e9g\u00e9tative est g\u00e9n\u00e9tiquement identique, alors que la pousse r\u00e9sultant du semis diff\u00e8re de l\u2019arbre m\u00e8re. Le Prof. Eugene B. Smalley, qui est l\u2019un des chercheurs les plus connus dans le domaine de la culture des ormes, me confia un jour : \u00ab it is my dream that my babies by free crossing with indigenous elms help to bring new generations of elm into the woods which are able to cope with Dutch Elm disease \u00bb (Je r\u00eave que mes b\u00e9b\u00e9s produisent, par croisements libres avec des ormes indig\u00e8nes, de nouvelles g\u00e9n\u00e9rations d\u2019ormes dans les for\u00eats, capables de r\u00e9sister \u00e0 la maladie hollandaise de l\u2019orme). Il semblerait que ce r\u00eave soit devenu r\u00e9alit\u00e9 aujourd\u2019hui : un grand nombre d\u2019ormes aux alentours de notre p\u00e9pini\u00e8re poussent \u00e0 partir de semis o\u00f9 l&#8217;arbre m\u00e8re est une vari\u00e9t\u00e9 r\u00e9sistante et dont le pollen provient de notre Ulmus minor indig\u00e8ne. Lors de tests qui se sont d\u00e9roul\u00e9s de 2008 \u00e0 2010, ces ormes ont montr\u00e9 une grande r\u00e9sistance.<\/p>\n<p>On pourrait \u00e9galement am\u00e9liorer la diversit\u00e9 g\u00e9n\u00e9tique en plantant constamment plusieurs vari\u00e9t\u00e9s distinctes. Il existe d\u2019autres plantes foresti\u00e8res o\u00f9 cette m\u00e9thode est d\u00e9j\u00e0 appliqu\u00e9e.<br \/>\n&nbsp;<\/p>\n<h2 style=\"text-align: center;\">2. Les arbres indig\u00e8nes<\/h2>\n<p>En ces temps de rapide changement climatique, cette exigence est de plus en plus discutable, notamment pour les arbres qui sont cens\u00e9s pousser et vivre dans leur habitat pendant de nombreuses d\u00e9cennies ou m\u00eame durant plusieurs si\u00e8cles. Bien s\u00fbr, les arbres doivent s\u2019int\u00e9grer dans leur environnement et surtout s&#8217;harmoniser avec les insectes. Les ormes h\u00e9bergent une quarantaine d\u2019insectes sp\u00e9cifiques. En 1995, le directeur forestier Kettering a d\u00e9couvert, \u00e0 Bellheim, la Gal\u00e9ruque de l&#8217;orme (Xanthogaleruca luteola) sur l\u2019esp\u00e8ce \u2019Sapporo Autumn Gold\u2019 \u00bb. Cela est d&#8217;autant plus \u00e9tonnant que, jusqu&#8217;\u00e0 pr\u00e9sent, il a \u00e9t\u00e9 suppos\u00e9 que ce col\u00e9opt\u00e8re sensible vivait de fa\u00e7on monophage sur l\u2019Ulmus carpinifolia (minor). En 1993, le centre de recherche forestier du Land de la Hesse a organis\u00e9 un colloque intitul\u00e9 \u00ab Ist die Ulme noch zu retten \u00bb (l\u2019orme peut-il encore \u00eatre sauv\u00e9). L\u2019une des conclusions portait sur la demande des scientifiques de cultiver des ormes r\u00e9sistants et de les planter dans la for\u00eat.<\/p>\n<p>Scolytus scolytus, le col\u00e9opt\u00e8re vecteur de la maladie de l&#8217;orme, dispara\u00eet s\u2019il ne trouve plus d&#8217;ormes. C\u2019est ce que l\u2019on vient de constater en Slovaquie.<\/p>\n<p>La rapidit\u00e9 du changement climatique, \u00e0 laquelle nous allons \u00eatre confront\u00e9s dans les prochaines d\u00e9cennies, impose que nous plantions d\u00e8s aujourd\u2019hui des arbres qui se sentiront bien dans les conditions en vigueur dans 50 ans. En effet, un arbre met une centaine d&#8217;ann\u00e9es \u00e0 former trois g\u00e9n\u00e9rations. Ce ne seront probablement pas les esp\u00e8ces indig\u00e8nes. En effet, un garde forestier responsable devra croiser les origines indig\u00e8nes avec d&#8217;autres origines et vari\u00e9t\u00e9s pour assurer la stabilit\u00e9 de la for\u00eat.<br \/>\n&nbsp;<\/p>\n<h2 style=\"text-align: center;\">3. Prix<\/h2>\n<p>Le prix de l&#8217;arbre \u00e0 planter doit \u00eatre mis en relation avec la rapidit\u00e9 de sa croissance, sa qualit\u00e9 et la quantit\u00e9 commercialisable de son bois et son \u00e9ventuel rendement financier. Nous avons d\u00e9j\u00e0 obtenu de bons r\u00e9sultats avec certaines vari\u00e9t\u00e9s d&#8217;ormes resista\u00ae : le tronc d\u2019une s\u00e9rie d&#8217;arbres provenant de 3 sortes diff\u00e9rentes a atteint une circonf\u00e9rence de 140 cm \u00e0 25 ans. La qualit\u00e9 du bois est g\u00e9n\u00e9ralement tr\u00e8s bonne : non seulement la couleur et les nervures, mais aussi la duret\u00e9 et la stabilit\u00e9 convainquent pour une utilisation dans l\u2019industrie du meuble. Le bois d\u2019orme convient \u00e9galement pour les espaces ext\u00e9rieurs, la construction de bateaux, l\u2019am\u00e9nagement des terrains de jeux et les outils. En 2013, un m\u00e8tre cube de bois d&#8217;orme a \u00e9t\u00e9 vendu au prix de 800,00 euros d\u00e9part for\u00eat.<\/p>\n<p>Il est important de rajouter que d&#8217;autres esp\u00e8ces d&#8217;arbres semblent subir le m\u00eame sort que les ormes. Elles ont des probl\u00e8mes avec leur environnement, sont sujettes \u00e0 des maladies ou subissent des d\u00e9t\u00e9riorations caus\u00e9es par les insectes : fr\u00eanes, ch\u00e2taigniers, platanes, ch\u00eanes. Pour cultiver des vari\u00e9t\u00e9s r\u00e9sistantes et robustes, il faut compter au minimum 40 ans, m\u00eame en ayant recours \u00e0 la technologie g\u00e9n\u00e9tique si d\u00e9cri\u00e9e.<\/p>\n<p>Des plants d\u2019ormes de 3 ans d\u2019\u00e2ge, destin\u00e9s \u00e0 \u00eatre plant\u00e9s en for\u00eat, sont chers. Il convient de revoir ses conceptions et de n\u2019acqu\u00e9rir que des plantes dont la taille ne pose aucun probl\u00e8me de concurrence avec l&#8217;herbe ou les lapins et les cerfs. Plant\u00e9s \u00e0 intervalle de 4 x 4 m (en combinaison avec d&#8217;autres esp\u00e8ces), cela pourrait mener \u00e0 un effort financier raisonnable, surtout si l&#8217;on peut s&#8217;attendre \u00e0 un rendement des r\u00e9coltes apr\u00e8s seulement 22 ans.<br \/>\n&nbsp;<\/p>\n<p style=\"text-align: right; font-size: 0.75em;\">C H R I S T O P H&nbsp;&nbsp;&nbsp;E I S E L E&nbsp;&nbsp;&nbsp;\/&nbsp;&nbsp;&nbsp;D \u00c9 C E M B R E&nbsp;&nbsp;&nbsp;2 0 1 6<\/p>\n<\/div>\n<\/div>\n","protected":false},"excerpt":{"rendered":"<p>Utilisation polyvalente &nbsp; Actuellement, les ormes semblent encore jouer un r\u00f4le subordonn\u00e9 dans la for\u00eat. Mais il existe une s\u00e9rie [&hellip;]<\/p>\n","protected":false},"author":1,"featured_media":0,"parent":0,"menu_order":8,"comment_status":"closed","ping_status":"closed","template":"template-full-custom.php","meta":{"footnotes":""},"class_list":["post-4912","page","type-page","status-publish","hentry"],"_links":{"self":[{"href":"https:\/\/resista-ulmen.com\/fr\/wp-json\/wp\/v2\/pages\/4912","targetHints":{"allow":["GET"]}}],"collection":[{"href":"https:\/\/resista-ulmen.com\/fr\/wp-json\/wp\/v2\/pages"}],"about":[{"href":"https:\/\/resista-ulmen.com\/fr\/wp-json\/wp\/v2\/types\/page"}],"author":[{"embeddable":true,"href":"https:\/\/resista-ulmen.com\/fr\/wp-json\/wp\/v2\/users\/1"}],"replies":[{"embeddable":true,"href":"https:\/\/resista-ulmen.com\/fr\/wp-json\/wp\/v2\/comments?post=4912"}],"version-history":[{"count":0,"href":"https:\/\/resista-ulmen.com\/fr\/wp-json\/wp\/v2\/pages\/4912\/revisions"}],"wp:attachment":[{"href":"https:\/\/resista-ulmen.com\/fr\/wp-json\/wp\/v2\/media?parent=4912"}],"curies":[{"name":"wp","href":"https:\/\/api.w.org\/{rel}","templated":true}]}}