{"id":4927,"date":"2016-03-02T13:20:43","date_gmt":"2016-03-02T12:20:43","guid":{"rendered":"http:\/\/resista-ulmen.com\/support-service\/pflanzschnitt\/"},"modified":"2018-03-26T20:33:17","modified_gmt":"2018-03-26T18:33:17","slug":"taille","status":"publish","type":"page","link":"https:\/\/resista-ulmen.com\/fr\/partenaires-service\/taille\/","title":{"rendered":"Taille"},"content":{"rendered":"<h1 style=\"text-align: center;\">Une bonne taille est la premi\u00e8re \u00e9tape vers le succ\u00e8s<\/h1>\n<p>&nbsp;<\/p>\n<div class=\"cols-wrapper cols-2\">\n<div class=\"col\">\nLa condition primordiale pour obtenir une croissance sans probl\u00e8me et un bon d\u00e9veloppement des arbres fra\u00eechement plant\u00e9s, est de les tailler. La m\u00e9thode et l\u2019intensit\u00e9 d\u2019une telle taille sont aussi fonction de l\u2019esp\u00e8ce. En effet, les ormes \u2013 comme les tilleuls et les \u00e9rables \u2013 demandent une coupe l\u00e9g\u00e8rement plus intensive.<\/p>\n<p>Il faut par ailleurs tenir compte de l\u2019\u00e9tat de la couronne de l&#8217;arbre \u00e0 sa sortie de p\u00e9pini\u00e8re. Les arbres sont des organismes vivants, ce qui explique que leur croissance, qui d\u00e9pend des hasards de la m\u00e9t\u00e9o, ne peut \u00eatre soumise \u00e0 aucune norme. Les ann\u00e9es froides pass\u00e9es dans la p\u00e9pini\u00e8re n&#8217;ont peut-\u00eatre pas rendu possible, ni n\u00e9cessaire, les tailles (on ne peut couper que ce qui a pouss\u00e9 auparavant). Les couronnes ont donc maintenant besoin d&#8217;un \u00e9lagage plus intensif sur le chantier. Par contre, si des conditions de croissance favorables ont rendu indispensable une taille rectificative suppl\u00e9mentaire dans la p\u00e9pini\u00e8re, la coupe sur le chantier ne sera pas aussi importante.<\/p>\n<\/div>\n<div class=\"col\">\nL\u2019objectif de toute taille est l\u2019obtention d\u2019une forme pyramidale \u00e9largie. Au-del\u00e0 de l\u2019\u00e9lagage de gourmands vers le rameau terminal, les branches primaires sup\u00e9rieures peuvent \u00eatre raccourcies davantage que celles situ\u00e9es \u00e0 un niveau inf\u00e9rieur. Il est important de ne couper que du bois \u00e2g\u00e9 d\u2019un an. Une partie des branches peut \u00eatre \u00e9lagu\u00e9e et les branches secondaires peuvent \u00eatre raccourcies. Lors de la coupe de branches plus \u00e9paisses, par exemple lors de l\u2019\u00e9lagage de la base de la couronne, il faut toujours couper au niveau du collet de la branche.<\/p>\n<p>Le fait de planter les arbres avec leur motte, sans motte, avec conteneur, \u00e0 l\u2019automne ou au printemps (\u00e9ventuellement avec des bourgeons), devrait \u00e9galement avoir une influence sur l\u2019importance de la coupe.<\/p>\n<\/div>\n<\/div>\n<div class=\"quick-gallery\"><div class=\"qg-img qg-no-title\" data-defwidth=\"383\"><a href=\"https:\/\/resista-ulmen.com\/wp-content\/uploads\/3_4_pict_Weiterkultur_3.jpg\" data-rel=\"lightbox[group-49271]\" title=\"\" ><img decoding=\"async\" src=\"https:\/\/resista-ulmen.com\/wp-content\/uploads\/3_4_pict_Weiterkultur_3-383x250.jpg\" alt=\"\"\/><div class=\"qg-overlay\"><span class=\"icon-circle\"><span class=\"pg-icon lightbox-icon\"><\/span><\/span><\/div><\/a><\/div><div class=\"qg-img qg-no-title\" data-defwidth=\"383\"><a href=\"https:\/\/resista-ulmen.com\/wp-content\/uploads\/3_4_pict_Weiterkultur_2.jpg\" data-rel=\"lightbox[group-49271]\" title=\"\" ><img decoding=\"async\" src=\"https:\/\/resista-ulmen.com\/wp-content\/uploads\/3_4_pict_Weiterkultur_2-383x250.jpg\" alt=\"\"\/><div class=\"qg-overlay\"><span class=\"icon-circle\"><span class=\"pg-icon lightbox-icon\"><\/span><\/span><\/div><\/a><\/div><div class=\"qg-img qg-no-title\" data-defwidth=\"383\"><a href=\"https:\/\/resista-ulmen.com\/wp-content\/uploads\/3_4_pict_Weiterkultur_1.jpg\" data-rel=\"lightbox[group-49271]\" title=\"\" ><img decoding=\"async\" src=\"https:\/\/resista-ulmen.com\/wp-content\/uploads\/3_4_pict_Weiterkultur_1-383x250.jpg\" alt=\"\"\/><div class=\"qg-overlay\"><span class=\"icon-circle\"><span class=\"pg-icon lightbox-icon\"><\/span><\/span><\/div><\/a><\/div><div class=\"clear\"><\/div><\/div>\n","protected":false},"excerpt":{"rendered":"<p>Une bonne taille est la premi\u00e8re \u00e9tape vers le succ\u00e8s &nbsp; La condition primordiale pour obtenir une croissance sans probl\u00e8me [&hellip;]<\/p>\n","protected":false},"author":1,"featured_media":0,"parent":4916,"menu_order":94,"comment_status":"closed","ping_status":"closed","template":"template-full-custom.php","meta":{"footnotes":""},"class_list":["post-4927","page","type-page","status-publish","hentry"],"_links":{"self":[{"href":"https:\/\/resista-ulmen.com\/fr\/wp-json\/wp\/v2\/pages\/4927","targetHints":{"allow":["GET"]}}],"collection":[{"href":"https:\/\/resista-ulmen.com\/fr\/wp-json\/wp\/v2\/pages"}],"about":[{"href":"https:\/\/resista-ulmen.com\/fr\/wp-json\/wp\/v2\/types\/page"}],"author":[{"embeddable":true,"href":"https:\/\/resista-ulmen.com\/fr\/wp-json\/wp\/v2\/users\/1"}],"replies":[{"embeddable":true,"href":"https:\/\/resista-ulmen.com\/fr\/wp-json\/wp\/v2\/comments?post=4927"}],"version-history":[{"count":0,"href":"https:\/\/resista-ulmen.com\/fr\/wp-json\/wp\/v2\/pages\/4927\/revisions"}],"up":[{"embeddable":true,"href":"https:\/\/resista-ulmen.com\/fr\/wp-json\/wp\/v2\/pages\/4916"}],"wp:attachment":[{"href":"https:\/\/resista-ulmen.com\/fr\/wp-json\/wp\/v2\/media?parent=4927"}],"curies":[{"name":"wp","href":"https:\/\/api.w.org\/{rel}","templated":true}]}}