{"id":4639,"date":"2016-02-23T21:42:52","date_gmt":"2016-02-23T20:42:52","guid":{"rendered":"http:\/\/resista-ulmen.com\/varieta\/new-horizon\/"},"modified":"2018-01-29T20:30:42","modified_gmt":"2018-01-29T19:30:42","slug":"new-horizon","status":"publish","type":"page","link":"https:\/\/resista-ulmen.com\/it\/varieta\/new-horizon\/","title":{"rendered":"New Horizon"},"content":{"rendered":"<div class=\"cols-wrapper cols-2\">\n<div class=\"col\">\n<p><img loading=\"lazy\" decoding=\"async\" class=\"alignnone size-full wp-image-2589\" src=\"http:\/\/resista-ulmen.com\/wp-content\/uploads\/logo_resista_ulmus_new_horizon.png\" alt=\"Logo resista Ulmus New Horizon\" width=\"650\" height=\"150\" srcset=\"https:\/\/resista-ulmen.com\/wp-content\/uploads\/logo_resista_ulmus_new_horizon.png 650w, https:\/\/resista-ulmen.com\/wp-content\/uploads\/logo_resista_ulmus_new_horizon-300x69.png 300w\" sizes=\"auto, (max-width: 650px) 100vw, 650px\" \/><br \/>\n&nbsp;<br \/>\nL&#8217;ULMUS \u2019New Horizon\u2019 \u00e8 un incrocio tra l&#8217;ULMUS japonica (ulmus davidiana) e l&#8217;ULMUS pumila (olmo siberiano) realizzato dal prof. Smalley &#038; prof. Guries, Madison University, Wisconsin \/ USA.<\/p>\n<p>\u2019New Horizon\u2019 \u00e8 un albero di media grandezza a crescita rapida. La chioma cresce ben fitta, assumendo la forma di un ampio cuneo o quella di un uovo. L&#8217;incremento diametrale del tronco \u00e8 ben visibile sin dalla giovinezza. Il fitto fogliame verdeggiante e dall&#8217;aspetto molto sano donano all&#8217;albero un particolare fascino estetico. La corteccia si presenta di un colore grigio-bruno chiaro con una leggera sfumatura di rosso. Liscia da giovane, diventa scura e si fessura col passare degli anni.<\/p>\n<p>Particolarmente idoneo come albero da citt\u00e0 e da viali, grazie alla sua forma compatta e all&#8217;elevata capacit\u00e0 di adattamento alle sagome pi\u00f9 diverse. Ampia tolleranza di habitat. Infatti, adatto anche agli habitat pi\u00f9 sensibili, poich\u00e9 nel complesso poco esigente, resistente al vento, resistente alle temperature rigide e tollerante al clima nelle citt\u00e0. Una volta che gli alberi hanno messo radici nel habitat finale, mostrano una incredibile tolleranza allo stress da siccit\u00e0. Ottimi i luoghi ben assolati o le zone di mezz&#8217;ombra con terreni da leggermente acidi ad alcalini, a fondo piatto o profondi, moderatamente secchi a leggermente umidi. Allagamenti, anche in estate, ben tollerati.<br \/>\n&nbsp;<\/p>\n<h2 style=\"text-align: center;\">Vantaggi particolari<\/h2>\n<p>Elevata resistenza contro la malattia denominata grafiosi dell&#8217;olmo, dovuta ai funghi patogeni <em>Ophiostoma ulmi<\/em> e <em>O. novo-ulmi<\/em> (dal 1979 costantemente monitorato da esperimenti propri e ufficiali). Estremamente tollerante al <em>Verticillium<\/em> (fungo parassita). Molto resistente alle temperature rigide, stabile al vento e tollerante allo stress da siccit\u00e0. Buona tolleranza al sale contro il ghiaccio.<\/p>\n<p><em>La tutela delle variet\u00e0 vegetali EU \u00e8 stata concessa il 17.5.1999.<\/em><br \/>\n&nbsp;<\/p>\n<h2 style=\"text-align: center;\">Credenziali + Downloads<\/h2>\n<p><img loading=\"lazy\" decoding=\"async\" class=\"alignleft size-full wp-image-2668\" src=\"http:\/\/resista-ulmen.com\/wp-content\/uploads\/pict_produktblatt_new_horizon.png\" alt=\"Pict Produktblatt New Horizon\" width=\"150\" height=\"230\" \/>&nbsp;<br \/>\n&bull; Credenziali: <a href=\"http:\/\/resista-ulmen.com\/it\/portfolio\/varieta-new-horizon\/\">ULMUS \u2019New Horizon\u2019 Sondaggio<\/a><br \/>\n&bull; Credenziali: <a href=\"http:\/\/resista-ulmen.com\/it\/portfolio\/messa-a-dimora-viali-new-horizon\/\">ULMUS \u2019New Horizon\u2019 Viali<\/a><br \/>\n&bull; Credenziali: <a href=\"http:\/\/resista-ulmen.com\/it\/portfolio\/messa-a-dimora-citta-new-horizon\/\">ULMUS \u2019New Horizon\u2019 Citt\u00e0<\/a><br \/>\n&bull; Credenziali: <a href=\"http:\/\/resista-ulmen.com\/it\/portfolio\/messa-a-dimora-foresta-paesaggio-new-horizon\/\">ULMUS \u2019New Horizon\u2019 Foresta + Paesaggio<\/a><br \/>\n&bull; Credenziali: <a href=\"http:\/\/resista-ulmen.com\/it\/portfolio\/messa-a-dimora-parco-industriale-new-horizon\/\">ULMUS \u2019New Horizon\u2019 Parco Industriale<\/a><br \/>\n&bull; Credenziali: <a href=\"http:\/\/resista-ulmen.com\/it\/portfolio\/messa-a-dimora-parco-giardino-new-horizon\/\">ULMUS \u2019New Horizon\u2019 Parco + Giardino<\/a><br \/>\n&nbsp;<br \/>\n&bull; Scheda prodotto: <a href=\"http:\/\/resista-ulmen.com\/wp-content\/uploads\/I_Resista_Scheda_Prodotto_NewHorizon_Web.pdf\" target=\"_blank\">ULMUS \u2019New Horizon\u2019<\/a> (PDF, 2,4 MB)<br \/>\n&bull; Area download: <a href=\"http:\/\/resista-ulmen.com\/it\/download\/\">pi\u00f9 opuscoli e lingue<\/a><\/p>\n<\/div>\n<div class=\"col\">\n<p><img loading=\"lazy\" decoding=\"async\" src=\"http:\/\/resista-ulmen.com\/wp-content\/uploads\/illu_new_horizon_i.png\" alt=\"\" width=\"948\" height=\"1600\" class=\"aligncenter size-full wp-image-4787\" srcset=\"https:\/\/resista-ulmen.com\/wp-content\/uploads\/illu_new_horizon_i.png 948w, https:\/\/resista-ulmen.com\/wp-content\/uploads\/illu_new_horizon_i-178x300.png 178w, https:\/\/resista-ulmen.com\/wp-content\/uploads\/illu_new_horizon_i-768x1296.png 768w, https:\/\/resista-ulmen.com\/wp-content\/uploads\/illu_new_horizon_i-607x1024.png 607w\" sizes=\"auto, (max-width: 948px) 100vw, 948px\" \/><\/p>\n<\/div>\n<\/div>\n<div class=\"quick-gallery\"><div class=\"qg-img qg-no-title\" data-defwidth=\"383\"><a href=\"https:\/\/resista-ulmen.com\/wp-content\/uploads\/1_1_pict_New_Horizon_1_Blatt.jpg\" data-rel=\"lightbox[group-46391]\" title=\"\" ><img decoding=\"async\" src=\"https:\/\/resista-ulmen.com\/wp-content\/uploads\/1_1_pict_New_Horizon_1_Blatt-383x250.jpg\" alt=\"\"\/><div class=\"qg-overlay\"><span class=\"icon-circle\"><span class=\"pg-icon lightbox-icon\"><\/span><\/span><\/div><\/a><\/div><div class=\"qg-img qg-no-title\" data-defwidth=\"383\"><a href=\"https:\/\/resista-ulmen.com\/wp-content\/uploads\/1_1_pict_New_Horizon_2_Borke.jpg\" data-rel=\"lightbox[group-46391]\" title=\"\" ><img decoding=\"async\" src=\"https:\/\/resista-ulmen.com\/wp-content\/uploads\/1_1_pict_New_Horizon_2_Borke-383x250.jpg\" alt=\"\"\/><div class=\"qg-overlay\"><span class=\"icon-circle\"><span class=\"pg-icon lightbox-icon\"><\/span><\/span><\/div><\/a><\/div><div class=\"qg-img qg-no-title\" data-defwidth=\"383\"><a href=\"https:\/\/resista-ulmen.com\/wp-content\/uploads\/1_1_pict_New_Horizon_3_Baumkrone.jpg\" data-rel=\"lightbox[group-46391]\" title=\"\" ><img decoding=\"async\" src=\"https:\/\/resista-ulmen.com\/wp-content\/uploads\/1_1_pict_New_Horizon_3_Baumkrone-383x250.jpg\" alt=\"\"\/><div class=\"qg-overlay\"><span class=\"icon-circle\"><span class=\"pg-icon lightbox-icon\"><\/span><\/span><\/div><\/a><\/div><div class=\"clear\"><\/div><\/div>\n<div class=\"nivo-content\"><div class=\"nivo-wrapper\"><div class=\"nivo-slider\" id=\"nivo-slider-46391\" style=\"min-height:550px;\"><img decoding=\"async\" src=\"http:\/\/resista-ulmen.com\/wp-content\/uploads\/1_1_slide_new_horizon_1.jpg\" title=\"\" \/><img decoding=\"async\" src=\"http:\/\/resista-ulmen.com\/wp-content\/uploads\/1_1_slide_new_horizon_2.jpg\" title=\"\" \/><img decoding=\"async\" src=\"http:\/\/resista-ulmen.com\/wp-content\/uploads\/1_1_slide_new_horizon_4.jpg\" title=\"\" \/><img decoding=\"async\" src=\"http:\/\/resista-ulmen.com\/wp-content\/uploads\/1_1_slide_new_horizon_3.jpg\" title=\"\" \/><img decoding=\"async\" src=\"http:\/\/resista-ulmen.com\/wp-content\/uploads\/1_1_slide_new_horizon_5.jpg\" title=\"\" \/><\/div><\/div><\/div>\n","protected":false},"excerpt":{"rendered":"<p>&nbsp; L&#8217;ULMUS \u2019New Horizon\u2019 \u00e8 un incrocio tra l&#8217;ULMUS japonica (ulmus davidiana) e l&#8217;ULMUS pumila (olmo siberiano) realizzato dal prof. [&hellip;]<\/p>\n","protected":false},"author":1,"featured_media":0,"parent":4633,"menu_order":21,"comment_status":"closed","ping_status":"closed","template":"template-full-custom.php","meta":{"footnotes":""},"class_list":["post-4639","page","type-page","status-publish","hentry"],"_links":{"self":[{"href":"https:\/\/resista-ulmen.com\/it\/wp-json\/wp\/v2\/pages\/4639","targetHints":{"allow":["GET"]}}],"collection":[{"href":"https:\/\/resista-ulmen.com\/it\/wp-json\/wp\/v2\/pages"}],"about":[{"href":"https:\/\/resista-ulmen.com\/it\/wp-json\/wp\/v2\/types\/page"}],"author":[{"embeddable":true,"href":"https:\/\/resista-ulmen.com\/it\/wp-json\/wp\/v2\/users\/1"}],"replies":[{"embeddable":true,"href":"https:\/\/resista-ulmen.com\/it\/wp-json\/wp\/v2\/comments?post=4639"}],"version-history":[{"count":0,"href":"https:\/\/resista-ulmen.com\/it\/wp-json\/wp\/v2\/pages\/4639\/revisions"}],"up":[{"embeddable":true,"href":"https:\/\/resista-ulmen.com\/it\/wp-json\/wp\/v2\/pages\/4633"}],"wp:attachment":[{"href":"https:\/\/resista-ulmen.com\/it\/wp-json\/wp\/v2\/media?parent=4639"}],"curies":[{"name":"wp","href":"https:\/\/api.w.org\/{rel}","templated":true}]}}