{"id":4645,"date":"2017-08-28T16:03:20","date_gmt":"2017-08-28T14:03:20","guid":{"rendered":"http:\/\/resista-ulmen.com\/varieta\/rebona\/"},"modified":"2018-01-29T20:31:33","modified_gmt":"2018-01-29T19:31:33","slug":"rebona","status":"publish","type":"page","link":"https:\/\/resista-ulmen.com\/it\/varieta\/rebona\/","title":{"rendered":"Rebona"},"content":{"rendered":"<div class=\"cols-wrapper cols-2\">\n<div class=\"col\">\n<p><img loading=\"lazy\" decoding=\"async\" src=\"http:\/\/resista-ulmen.com\/wp-content\/uploads\/logo_resista_ulmus_rebona.png\" alt=\"Logo resista Ulmus Rebona\" width=\"650\" height=\"150\" class=\"alignnone size-full wp-image-2596\" srcset=\"https:\/\/resista-ulmen.com\/wp-content\/uploads\/logo_resista_ulmus_rebona.png 650w, https:\/\/resista-ulmen.com\/wp-content\/uploads\/logo_resista_ulmus_rebona-300x69.png 300w\" sizes=\"auto, (max-width: 650px) 100vw, 650px\" \/><br \/>\n&nbsp;<br \/>\nL&#8217;ULMUS \u2019Rebona\u2019 \u00e8 un incrocio tra l&#8217;ULMUS japonica (ulmus davidiana) e l&#8217;ULMUS pumila (olmo siberiano) realizzato dal prof. Smalley &#038; prof. Guries, Madison University, Wisconsin \/ USA.<\/p>\n<p>\u2019Rebona\u2019 \u00e8 un olmo a crescita rapida, di grandezza da media a grande, con freccia da diritta a svettante fino in cima, con la chioma a forma di un ampio cuneo che le conferisce un fascino estetico imponente. Per molte caratteristiche \u2019Rebona\u2019 \u00e8 molto simile alla consorella ULMUS \u2019New Horizon\u2019, il fogliame \u00e8 per\u00f2 un po&#8217; pi\u00f9 scuro e leggermente pi\u00f9 piccolo rispetto alla variante \u2019New Horizon\u2019.<\/p>\n<p>Ampia tolleranza di habitat. Infatti, adatto anche agli habitat pi\u00f9 sensibili, poich\u00e9 nel complesso poco esigente, resistente al vento, resistente alle temperature rigide e tollerante al clima nelle citt\u00e0. Una volta che gli alberi hanno messo radici nel habitat finale, mostrano una incredibile tolleranza allo stress da siccit\u00e0. Ottimi i luoghi ben assolati o le zone di mezz&#8217;ombra con terreni da leggermente acidi ad alcalini, a fondo piatto o profondi, moderatamente secchi a leggermente umidi. Allagamenti, anche in estate, ben tollerati.<\/p>\n<p>Particolarmente idoneo come albero da citt\u00e0 e da viali, grazie alla sua bella forma e facilit\u00e0 di cura. Il fogliame autunnale caduto si decompone velocemente. Ottima capacit\u00e0 di adattamento al clima nelle citt\u00e0. L&#8217;alta tolleranza agli allagamenti lo rende particolarmente idoneo agli habitat vicino all&#8217;acqua e a rischio di inondazioni e allagamenti, quindi anche in prossimit\u00e0 della costa.<br \/>\n&nbsp;<\/p>\n<h2 style=\"text-align: center;\">Particolari vantaggi<\/h2>\n<p>Elevata resistenza contro la malattia denominata grafiosi dell&#8217;olmo, dovuta ai funghi patogeni <em>Ophiostoma ulmi<\/em> e <em>O. novo-ulmi<\/em> (dal 1979 costantemente monitorato da esperimenti propri e ufficiali). Estremamente tollerante al <em>Verticillium<\/em> (fungo parassita). Molto resistente alle temperature rigide, stabile al vento e tollerante allo stress da siccit\u00e0. Buona tolleranza al sale contro il ghiaccio.<\/p>\n<p><em>La tutela delle variet\u00e0 vegetali EU \u00e8 stata concessa il 19.10.1998.<\/em><br \/>\n&nbsp;<\/p>\n<h2 style=\"text-align: center;\">Credenziali + Downloads<\/h2>\n<p><img loading=\"lazy\" decoding=\"async\" src=\"http:\/\/resista-ulmen.com\/wp-content\/uploads\/pict_produktblatt_rebona.png\" alt=\"Pict Produktblatt Rebona\" width=\"150\" height=\"230\" class=\"alignleft size-full wp-image-2690\" \/>&nbsp;<br \/>\n&bull; Credenziali: <a href=\"http:\/\/resista-ulmen.com\/it\/portfolio\/varieta-rebona\/\">ULMUS \u2019Rebona\u2019 Sondaggio<\/a><br \/>\n&bull; Credenziali: <a href=\"http:\/\/resista-ulmen.com\/it\/portfolio\/messa-a-dimora-viali-rebona\/\">ULMUS \u2019Rebona\u2019 Viali<\/a><br \/>\n&bull; Credenziali: <a href=\"http:\/\/resista-ulmen.com\/it\/portfolio\/messa-a-dimora-citta-rebona\/\">ULMUS \u2019Rebona\u2019 Citt\u00e0<\/a><br \/>\n&nbsp;<br \/>\n&bull; Scheda prodotto: <a href=\"http:\/\/resista-ulmen.com\/wp-content\/uploads\/I_Resista_Scheda_Prodotto_Rebona_Web.pdf\" target=\"_blank\">ULMUS \u2019Rebona\u2019<\/a> (PDF, 2,2 MB)<br \/>\n&bull; Area download: <a href=\"http:\/\/resista-ulmen.com\/it\/download\/\">pi\u00f9 opuscoli e lingue<\/a><\/p>\n<\/div>\n<div class=\"col\">\n<p><img loading=\"lazy\" decoding=\"async\" src=\"http:\/\/resista-ulmen.com\/wp-content\/uploads\/illu_rebona_i.png\" alt=\"\" width=\"948\" height=\"1600\" class=\"aligncenter size-full wp-image-4789\" srcset=\"https:\/\/resista-ulmen.com\/wp-content\/uploads\/illu_rebona_i.png 948w, https:\/\/resista-ulmen.com\/wp-content\/uploads\/illu_rebona_i-178x300.png 178w, https:\/\/resista-ulmen.com\/wp-content\/uploads\/illu_rebona_i-768x1296.png 768w, https:\/\/resista-ulmen.com\/wp-content\/uploads\/illu_rebona_i-607x1024.png 607w\" sizes=\"auto, (max-width: 948px) 100vw, 948px\" \/><\/p>\n<\/div>\n<\/div>\n<div class=\"quick-gallery\"><div class=\"qg-img qg-no-title\" data-defwidth=\"383\"><a href=\"https:\/\/resista-ulmen.com\/wp-content\/uploads\/1_2_pict_Rebona_1_Blatt.jpg\" data-rel=\"lightbox[group-46451]\" title=\"\" ><img decoding=\"async\" src=\"https:\/\/resista-ulmen.com\/wp-content\/uploads\/1_2_pict_Rebona_1_Blatt-383x250.jpg\" alt=\"\"\/><div class=\"qg-overlay\"><span class=\"icon-circle\"><span class=\"pg-icon lightbox-icon\"><\/span><\/span><\/div><\/a><\/div><div class=\"qg-img qg-no-title\" data-defwidth=\"383\"><a href=\"https:\/\/resista-ulmen.com\/wp-content\/uploads\/1_2_pict_Rebona_2_Borke.jpg\" data-rel=\"lightbox[group-46451]\" title=\"\" ><img decoding=\"async\" src=\"https:\/\/resista-ulmen.com\/wp-content\/uploads\/1_2_pict_Rebona_2_Borke-383x250.jpg\" alt=\"\"\/><div class=\"qg-overlay\"><span class=\"icon-circle\"><span class=\"pg-icon lightbox-icon\"><\/span><\/span><\/div><\/a><\/div><div class=\"qg-img qg-no-title\" data-defwidth=\"383\"><a href=\"https:\/\/resista-ulmen.com\/wp-content\/uploads\/1_2_pict_Rebona_3_Baumkrone.jpg\" data-rel=\"lightbox[group-46451]\" title=\"\" ><img decoding=\"async\" src=\"https:\/\/resista-ulmen.com\/wp-content\/uploads\/1_2_pict_Rebona_3_Baumkrone-383x250.jpg\" alt=\"\"\/><div class=\"qg-overlay\"><span class=\"icon-circle\"><span class=\"pg-icon lightbox-icon\"><\/span><\/span><\/div><\/a><\/div><div class=\"clear\"><\/div><\/div>\n<div class=\"nivo-content\"><div class=\"nivo-wrapper\"><div class=\"nivo-slider\" id=\"nivo-slider-46451\" style=\"min-height:550px;\"><img decoding=\"async\" src=\"http:\/\/resista-ulmen.com\/wp-content\/uploads\/1_2_slide_Rebona_1.jpg\" title=\"\" \/><img decoding=\"async\" src=\"http:\/\/resista-ulmen.com\/wp-content\/uploads\/1_2_slide_Rebona_2.jpg\" title=\"\" \/><img decoding=\"async\" src=\"http:\/\/resista-ulmen.com\/wp-content\/uploads\/1_2_slide_Rebona_3.jpg\" title=\"\" \/><img decoding=\"async\" src=\"http:\/\/resista-ulmen.com\/wp-content\/uploads\/1_2_slide_Rebona_4.jpg\" title=\"\" \/><\/div><\/div><\/div>\n","protected":false},"excerpt":{"rendered":"<p>&nbsp; L&#8217;ULMUS \u2019Rebona\u2019 \u00e8 un incrocio tra l&#8217;ULMUS japonica (ulmus davidiana) e l&#8217;ULMUS pumila (olmo siberiano) realizzato dal prof. Smalley [&hellip;]<\/p>\n","protected":false},"author":1,"featured_media":0,"parent":4633,"menu_order":22,"comment_status":"closed","ping_status":"closed","template":"template-full-custom.php","meta":{"footnotes":""},"class_list":["post-4645","page","type-page","status-publish","hentry"],"_links":{"self":[{"href":"https:\/\/resista-ulmen.com\/it\/wp-json\/wp\/v2\/pages\/4645","targetHints":{"allow":["GET"]}}],"collection":[{"href":"https:\/\/resista-ulmen.com\/it\/wp-json\/wp\/v2\/pages"}],"about":[{"href":"https:\/\/resista-ulmen.com\/it\/wp-json\/wp\/v2\/types\/page"}],"author":[{"embeddable":true,"href":"https:\/\/resista-ulmen.com\/it\/wp-json\/wp\/v2\/users\/1"}],"replies":[{"embeddable":true,"href":"https:\/\/resista-ulmen.com\/it\/wp-json\/wp\/v2\/comments?post=4645"}],"version-history":[{"count":0,"href":"https:\/\/resista-ulmen.com\/it\/wp-json\/wp\/v2\/pages\/4645\/revisions"}],"up":[{"embeddable":true,"href":"https:\/\/resista-ulmen.com\/it\/wp-json\/wp\/v2\/pages\/4633"}],"wp:attachment":[{"href":"https:\/\/resista-ulmen.com\/it\/wp-json\/wp\/v2\/media?parent=4645"}],"curies":[{"name":"wp","href":"https:\/\/api.w.org\/{rel}","templated":true}]}}