{"id":4651,"date":"2016-02-03T21:49:39","date_gmt":"2016-02-03T20:49:39","guid":{"rendered":"http:\/\/resista-ulmen.com\/beispiel-seite\/"},"modified":"2018-01-28T10:22:34","modified_gmt":"2018-01-28T09:22:34","slug":"beispiel-seite","status":"publish","type":"page","link":"https:\/\/resista-ulmen.com\/it\/","title":{"rendered":"Home"},"content":{"rendered":"<h1 style=\"text-align: center;\">Piantare il futuro<\/h1>\n<p>&nbsp;<\/p>\n<div class=\"cols-wrapper cols-2\">\n<div class=\"col\">\n<p>Gli olmi sono gli alberi perfetti per le citt\u00e0 e per i viali: filtrano le sostanze inquinanti dall&#8217;aria, si adattano con successo alle condizioni di vita urbana, coinvivono con i fattori di stress quali il caldo, l&#8217;acqua alta o la siccit\u00e0, sono stabili al vento e tolleranti al sale contro il ghiaccio, crescono velocemente e sono inoltre molto belli da vedere.<\/p>\n<\/div>\n<div class=\"col\">\n<p>Gli olmi resista\u00ae sono una variet\u00e0 di alberi molto affidabili, stabili e molto resistenti. Dopo una decennale ricerca internazionale, test regolari e controllo annuale, sono stati scelti per il mercato europeo proprio per le loro eccezionali caratteristiche e sono disponibili presso i vivai di piante arboree partner autorizzati.<\/p>\n<\/div>\n<\/div>\n<p><img loading=\"lazy\" decoding=\"async\" src=\"http:\/\/resista-ulmen.com\/wp-content\/uploads\/illu_blaetter.png\" alt=\"\" width=\"1920\" height=\"309\" class=\"aligncenter size-full wp-image-3125\" srcset=\"https:\/\/resista-ulmen.com\/wp-content\/uploads\/illu_blaetter.png 1920w, https:\/\/resista-ulmen.com\/wp-content\/uploads\/illu_blaetter-300x48.png 300w, https:\/\/resista-ulmen.com\/wp-content\/uploads\/illu_blaetter-768x124.png 768w, https:\/\/resista-ulmen.com\/wp-content\/uploads\/illu_blaetter-1024x165.png 1024w\" sizes=\"auto, (max-width: 1920px) 100vw, 1920px\" \/><\/p>\n<div class=\"quick-gallery\"><div class=\"qg-img qg-no-title\" data-defwidth=\"383\"><a href=\"https:\/\/resista-ulmen.com\/wp-content\/uploads\/0_1_pict_New_Horizon_1.jpg\" data-rel=\"lightbox[group-46511]\" title=\"\" ><img decoding=\"async\" src=\"https:\/\/resista-ulmen.com\/wp-content\/uploads\/0_1_pict_New_Horizon_1-383x250.jpg\" alt=\"\"\/><div class=\"qg-overlay\"><span class=\"icon-circle\"><span class=\"pg-icon lightbox-icon\"><\/span><\/span><\/div><\/a><\/div><div class=\"qg-img qg-no-title\" data-defwidth=\"383\"><a href=\"https:\/\/resista-ulmen.com\/wp-content\/uploads\/0_1_pict_New_Horizon_2.jpg\" data-rel=\"lightbox[group-46511]\" title=\"\" ><img decoding=\"async\" src=\"https:\/\/resista-ulmen.com\/wp-content\/uploads\/0_1_pict_New_Horizon_2-383x250.jpg\" alt=\"\"\/><div class=\"qg-overlay\"><span class=\"icon-circle\"><span class=\"pg-icon lightbox-icon\"><\/span><\/span><\/div><\/a><\/div><div class=\"qg-img qg-no-title\" data-defwidth=\"383\"><a href=\"https:\/\/resista-ulmen.com\/wp-content\/uploads\/0_1_pict_New_Horizon_4.jpg\" data-rel=\"lightbox[group-46511]\" title=\"\" ><img decoding=\"async\" src=\"https:\/\/resista-ulmen.com\/wp-content\/uploads\/0_1_pict_New_Horizon_4-383x250.jpg\" alt=\"\"\/><div class=\"qg-overlay\"><span class=\"icon-circle\"><span class=\"pg-icon lightbox-icon\"><\/span><\/span><\/div><\/a><\/div><div class=\"clear\"><\/div><\/div>\n<h1 style=\"text-align: center;\">Vantaggi<\/h1>\n<p>&nbsp;<\/p>\n<div class=\"cols-wrapper cols-2\">\n<div class=\"col\">\n<h2 style=\"text-align: center;\">Qualit\u00e0 collaudata<\/h2>\n<p>Gli olmi resista\u00ae si sono affermati con successo da oltre 50 anni in America del Nord e da oltre 35 anni anche in Europa in centinaia di diversi luoghi. Basti pensare alla sola variet\u00e0 <a href=\"http:\/\/resista-ulmen.com\/it\/varieta\/new-horizon\/\">\u2019New Horizon\u2019<\/a> che nel frattempo \u00e8 stata piantata oltre 40.000 volte in pi\u00f9 di 15 paesi europei.<br \/>\n&nbsp;<\/p>\n<h2 style=\"text-align: center;\">Resistenza controllata<\/h2>\n<p>La resistenza degli olmi resista\u00ae contro la cosiddetta malattia degli olmi olandese, o grafiosi <em>(Ophiostoma novo-ulmi)<\/em>, continua ad affermarsi nella pratica e viene regolarmente monitorata mediante affidabili test di infezione con agenti patogeni virulenti. <\/p>\n<\/div>\n<div class=\"col\">\n<h2 style=\"text-align: center;\">Tolleranza al clima nelle citt\u00e0<\/h2>\n<p>Gli olmi resista\u00ae hanno dimostrato di essere estremamente ben preparati ai problemi legati ai cambiamenti climatici. Sono tolleranti al clima nelle citt\u00e0, se la cavano piuttosto bene con i terreni compattati, con i luoghi soggetti a siccit\u00e0 e a intensi raggi solari, con i gas di scarico e il sale contro il ghiaccio.<br \/>\n&nbsp;<\/p>\n<h2 style=\"text-align: center;\">Crescono ovunque<\/h2>\n<p>Gli olmi resista\u00ae sono resistenti al vento e al gelo e sono molto stabili, soprattutto le coltivazioni del Wisconsin \/ USA hanno dimostrato una resistenza a temperature fino a -35\u00b0. Sono in grado di resistere bene anche agli allagamenti a tratti di acqua dolce, caratteristica che li rende particolarmente adatti ad essere piantati lungo le rive e sponde di qualsivoglia tipo di acque.<\/p>\n<\/div>\n<\/div>\n<div class=\"quick-gallery\"><div class=\"qg-img qg-no-title\" data-defwidth=\"383\"><a href=\"https:\/\/resista-ulmen.com\/wp-content\/uploads\/1_0_pict_new_horizon_1.jpg\" data-rel=\"lightbox[group-46512]\" title=\"\" ><img decoding=\"async\" src=\"https:\/\/resista-ulmen.com\/wp-content\/uploads\/1_0_pict_new_horizon_1-383x250.jpg\" alt=\"\"\/><div class=\"qg-overlay\"><span class=\"icon-circle\"><span class=\"pg-icon lightbox-icon\"><\/span><\/span><\/div><\/a><\/div><div class=\"qg-img qg-no-title\" data-defwidth=\"383\"><a href=\"https:\/\/resista-ulmen.com\/wp-content\/uploads\/1_0_pict_new_horizon_2.jpg\" data-rel=\"lightbox[group-46512]\" title=\"\" ><img decoding=\"async\" src=\"https:\/\/resista-ulmen.com\/wp-content\/uploads\/1_0_pict_new_horizon_2-383x250.jpg\" alt=\"\"\/><div class=\"qg-overlay\"><span class=\"icon-circle\"><span class=\"pg-icon lightbox-icon\"><\/span><\/span><\/div><\/a><\/div><div class=\"qg-img qg-no-title\" data-defwidth=\"383\"><a href=\"https:\/\/resista-ulmen.com\/wp-content\/uploads\/1_0_pict_new_horizon_3.jpg\" data-rel=\"lightbox[group-46512]\" title=\"\" ><img decoding=\"async\" src=\"https:\/\/resista-ulmen.com\/wp-content\/uploads\/1_0_pict_new_horizon_3-383x250.jpg\" alt=\"\"\/><div class=\"qg-overlay\"><span class=\"icon-circle\"><span class=\"pg-icon lightbox-icon\"><\/span><\/span><\/div><\/a><\/div><div class=\"clear\"><\/div><\/div>\n<h1 style=\"text-align: center;\">Resista \u2013 L\u2019originale<\/h1>\n<p>&nbsp;<\/p>\n<div class=\"cols-wrapper cols-2\">\n<div class=\"col\">\nAbbiamo creato un nome appositamente per il marchio delle nostre coltivazioni di olmi estremamente resistenti: <strong>resista\u00ae<\/strong>.<\/p>\n<p>A questo marchio internazionale registrato \u00e8 allo stesso tempo legata la garanzia d&#8217;identit\u00e0 univoca di ogni singolo albero, mediante il transponder elettronico installato nel tronco.<\/p>\n<\/div>\n<div class=\"col\">\nOgni singola variet\u00e0 \u00e8 dotata di una protezione delle variet\u00e0 vegetali e questa privativa europea per ritrovati vegetali ha la validit\u00e0 di un brevetto.<\/p>\n<p>La propaggine e la commercializzazione degli olmi resista\u00ae vengono effettuati esclusivamente secondo gli standard di qualit\u00e0 pi\u00f9 elevati, mediante partner ben selezionati. Questo \u00e8 il motivo per cui da decenni sia sul mercato tedesco, che su quello europeo, il nostro marchio \u00e8 sinonimo di olmi certificati e altamente resistenti della migliore qualit\u00e0.<\/p>\n<\/div>\n<\/div>\n<p><img loading=\"lazy\" decoding=\"async\" src=\"http:\/\/resista-ulmen.com\/wp-content\/uploads\/logo_resista_solo.png\" alt=\"\" width=\"500\" height=\"175\" class=\"aligncenter size-full wp-image-3633\" srcset=\"https:\/\/resista-ulmen.com\/wp-content\/uploads\/logo_resista_solo.png 800w, https:\/\/resista-ulmen.com\/wp-content\/uploads\/logo_resista_solo-300x105.png 300w, https:\/\/resista-ulmen.com\/wp-content\/uploads\/logo_resista_solo-768x269.png 768w\" sizes=\"auto, (max-width: 500px) 100vw, 500px\" \/><\/p>\n<div class=\"section-full-width section-dark\" style=\"\" id=\"section-1\"><div style=\"background-image:url(http:\/\/resista-ulmen.com\/wp-content\/uploads\/hg_naturpapier_solo.jpg); opacity:; filter: alpha(opacity=0);\" class=\"full-bg-image\" ><\/div><div class=\"section-boxed\" style=\"color:#444444;\"><div class=\"services-wrapper services-default cols-wrapper cols-1 pexeto-parallax\"><div class=\"services-box col nomargin\"><div class=\"img-container\"><img decoding=\"async\" src=\"http:\/\/resista-ulmen.com\/wp-content\/uploads\/logo_eisele_naturpapier_small.png\" alt=\"\"\/><\/div><div class=\"services-content\"><div class=\"sc-wraper\"><p>resista\u00ae \u00e8 un marchio registrato di<\/br>EISELE GmbH + Co KG<\/p><\/div><\/div><\/div><div class=\"clear\"><\/div><\/div>\n<\/div><\/div>\n","protected":false},"excerpt":{"rendered":"<p>Piantare il futuro &nbsp; Gli olmi sono gli alberi perfetti per le citt\u00e0 e per i viali: filtrano le sostanze [&hellip;]<\/p>\n","protected":false},"author":1,"featured_media":0,"parent":0,"menu_order":1,"comment_status":"closed","ping_status":"open","template":"template-full-custom.php","meta":{"footnotes":""},"class_list":["post-4651","page","type-page","status-publish","hentry"],"_links":{"self":[{"href":"https:\/\/resista-ulmen.com\/it\/wp-json\/wp\/v2\/pages\/4651","targetHints":{"allow":["GET"]}}],"collection":[{"href":"https:\/\/resista-ulmen.com\/it\/wp-json\/wp\/v2\/pages"}],"about":[{"href":"https:\/\/resista-ulmen.com\/it\/wp-json\/wp\/v2\/types\/page"}],"author":[{"embeddable":true,"href":"https:\/\/resista-ulmen.com\/it\/wp-json\/wp\/v2\/users\/1"}],"replies":[{"embeddable":true,"href":"https:\/\/resista-ulmen.com\/it\/wp-json\/wp\/v2\/comments?post=4651"}],"version-history":[{"count":0,"href":"https:\/\/resista-ulmen.com\/it\/wp-json\/wp\/v2\/pages\/4651\/revisions"}],"wp:attachment":[{"href":"https:\/\/resista-ulmen.com\/it\/wp-json\/wp\/v2\/media?parent=4651"}],"curies":[{"name":"wp","href":"https:\/\/api.w.org\/{rel}","templated":true}]}}