{"id":4663,"date":"2017-08-28T16:06:04","date_gmt":"2017-08-28T14:06:04","guid":{"rendered":"http:\/\/resista-ulmen.com\/varieta\/fiorente\/"},"modified":"2018-01-29T20:33:04","modified_gmt":"2018-01-29T19:33:04","slug":"fiorente","status":"publish","type":"page","link":"https:\/\/resista-ulmen.com\/it\/varieta\/fiorente\/","title":{"rendered":"Fiorente"},"content":{"rendered":"<div class=\"cols-wrapper cols-2\">\n<div class=\"col\">\n<p><img loading=\"lazy\" decoding=\"async\" src=\"http:\/\/resista-ulmen.com\/wp-content\/uploads\/logo_resista_ulmus_fiorente.png\" alt=\"Logo resista Ulmus Fiorente\" width=\"650\" height=\"150\" class=\"alignnone size-full wp-image-2605\" srcset=\"https:\/\/resista-ulmen.com\/wp-content\/uploads\/logo_resista_ulmus_fiorente.png 650w, https:\/\/resista-ulmen.com\/wp-content\/uploads\/logo_resista_ulmus_fiorente-300x69.png 300w\" sizes=\"auto, (max-width: 650px) 100vw, 650px\" \/><br \/>\n&nbsp;<br \/>\nULMUS \u2019Fiorente\u2019 \u00e8 un incrocio tra ULMUS pumila (olmo siberiano) e ULMUS minor. Si tratta di un incrocio creato dal prof. Lorenzo Mittempergher &#038; Dr. Alberto Santini C.N.R. Firenze, Italia.<\/p>\n<p>Il nome \u2019Fiorente\u2019 \u00e8 stato scelto da una parte, per la sua crescita incredibilmente veloce ed eretta, dall&#8217;altra riconduce al nome storico della sua citt\u00e0 di origine Firenze (Florentia, Fiorenza, Firenze).<\/p>\n<p>Si tratta di un albero da grandezza media a grande, il fogliame \u00e8 di un verde intenso e sui germogli freschi giallo-verde, le foglie denotano una bella brillantezza. In autunno le foglie tendono a restare verdi a lungo, e tra tutti gli olmi resista\u00ae \u00e8 quello che conserva il fogliame pi\u00f9 a lungo. La corteccia mostra un colore grigio-verde argentato in giovent\u00f9, per diventare nel tempo pi\u00f9 sul rosso marrone, sviluppando la tipica corteccia degli olmi.<\/p>\n<p>Si adatta molto bene ad albero da citt\u00e0, parchi e viali, grazie alla sua forma morbida ed elegante, con i rami che si ergono da sotto a sopra sempre pi\u00f9 diritti, con moderata ramificazione laterale e una buona freccia continua. La chioma \u00e8 a forma piramidale, che mano a mano si assottiglia verso la punta.<\/p>\n<p>Negli esperimenti effettuati dai suoi coltivatori Dr. A. Santini &#038; Prof. L. Mittempergher in Italia, la \u2019Fiorente\u2019 \u00e8 la variet\u00e0 che ha mostrato la percentuale di crescit\u00e0 pi\u00f9 grande rispetto agli altri  olmi qui testati. Da una talea, in 23 anni \u00e8 cresciuto un albero con una circonferenza di 160 cm e un altezza di 20 m. Grazie alla sua crescita cos\u00ec rigogliosa e rapida e alla eccezionale  qualit\u00e0 del legno, questa variet\u00e0 suscita un certo interesse anche per la produzione di legno pregiato.<br \/>\n&nbsp;<\/p>\n<h2 style=\"text-align: center;\">Particolari vantaggi<\/h2>\n<p>Elevata resistenza contro i funghi patogeni <em>Ophiostoma ulmi<\/em> e <em>O. novo-ulmi<\/em>, causa della cossidetta grafiosi dell&#8217;olmo. Tolleranza al vento e alla siccit\u00e0 estrememente alta.<\/p>\n<p><em>La tutela delle variet\u00e0 vegetali EU \u00e8 stata concessa il 25.3.2010.<\/em><br \/>\n&nbsp;<\/p>\n<h2 style=\"text-align: center;\">Credenziali + Downloads<\/h2>\n<p><img loading=\"lazy\" decoding=\"async\" src=\"http:\/\/resista-ulmen.com\/wp-content\/uploads\/pict_produktblatt_fiorente.png\" alt=\"Pict Produktblatt Fiorente\" width=\"150\" height=\"230\" class=\"alignleft size-full wp-image-2701\" \/>&nbsp;<br \/>\n&bull; Credenziali: <a href=\"http:\/\/resista-ulmen.com\/it\/portfolio\/varieta-fiorente\/\">ULMUS \u2019Fiorente\u2019 Sondaggio<\/a><br \/>\n&bull; Credenziali: <a href=\"http:\/\/resista-ulmen.com\/it\/portfolio\/messa-a-dimora-foresta-paesaggio-fiorente\/\">ULMUS \u2019Fiorente\u2019 Foresta + Paesaggio<\/a><br \/>\n&bull; Credenziali: <a href=\"http:\/\/resista-ulmen.com\/it\/portfolio\/messa-a-dimora-parco-industriale-fiorente\/\">ULMUS \u2019Fiorente\u2019 Parco Industriale<\/a><br \/>\n&nbsp;<br \/>\n&bull; Scheda prodotto: <a href=\"http:\/\/resista-ulmen.com\/wp-content\/uploads\/I_Resista_Scheda_Prodotto_Fiorente_Web.pdf\" target=\"_blank\">ULMUS \u2019Fiorente\u2019<\/a> (PDF, 2,8 MB)<br \/>\n&bull; Area download: <a href=\"http:\/\/resista-ulmen.com\/it\/download\/\">pi\u00f9 opuscoli e lingue<\/a><\/p>\n<\/div>\n<div class=\"col\">\n<p><img loading=\"lazy\" decoding=\"async\" src=\"http:\/\/resista-ulmen.com\/wp-content\/uploads\/illu_fiorente_i.png\" alt=\"\" width=\"948\" height=\"1600\" class=\"aligncenter size-full wp-image-4793\" srcset=\"https:\/\/resista-ulmen.com\/wp-content\/uploads\/illu_fiorente_i.png 948w, https:\/\/resista-ulmen.com\/wp-content\/uploads\/illu_fiorente_i-178x300.png 178w, https:\/\/resista-ulmen.com\/wp-content\/uploads\/illu_fiorente_i-768x1296.png 768w, https:\/\/resista-ulmen.com\/wp-content\/uploads\/illu_fiorente_i-607x1024.png 607w\" sizes=\"auto, (max-width: 948px) 100vw, 948px\" \/><\/p>\n<\/div>\n<\/div>\n<div class=\"quick-gallery\"><div class=\"qg-img qg-no-title\" data-defwidth=\"383\"><a href=\"https:\/\/resista-ulmen.com\/wp-content\/uploads\/1_4_pict_Fiorente_1_Blatt.jpg\" data-rel=\"lightbox[group-46631]\" title=\"\" ><img decoding=\"async\" src=\"https:\/\/resista-ulmen.com\/wp-content\/uploads\/1_4_pict_Fiorente_1_Blatt-383x250.jpg\" alt=\"\"\/><div class=\"qg-overlay\"><span class=\"icon-circle\"><span class=\"pg-icon lightbox-icon\"><\/span><\/span><\/div><\/a><\/div><div class=\"qg-img qg-no-title\" data-defwidth=\"383\"><a href=\"https:\/\/resista-ulmen.com\/wp-content\/uploads\/1_4_pict_Fiorente_2_Borke.jpg\" data-rel=\"lightbox[group-46631]\" title=\"\" ><img decoding=\"async\" src=\"https:\/\/resista-ulmen.com\/wp-content\/uploads\/1_4_pict_Fiorente_2_Borke-383x250.jpg\" alt=\"\"\/><div class=\"qg-overlay\"><span class=\"icon-circle\"><span class=\"pg-icon lightbox-icon\"><\/span><\/span><\/div><\/a><\/div><div class=\"qg-img qg-no-title\" data-defwidth=\"383\"><a href=\"https:\/\/resista-ulmen.com\/wp-content\/uploads\/1_4_pict_Fiorente_3_Baumkrone.jpg\" data-rel=\"lightbox[group-46631]\" title=\"\" ><img decoding=\"async\" src=\"https:\/\/resista-ulmen.com\/wp-content\/uploads\/1_4_pict_Fiorente_3_Baumkrone-383x250.jpg\" alt=\"\"\/><div class=\"qg-overlay\"><span class=\"icon-circle\"><span class=\"pg-icon lightbox-icon\"><\/span><\/span><\/div><\/a><\/div><div class=\"clear\"><\/div><\/div>\n<div class=\"nivo-content\"><div class=\"nivo-wrapper\"><div class=\"nivo-slider\" id=\"nivo-slider-46631\" style=\"min-height:550px;\"><img decoding=\"async\" src=\"http:\/\/resista-ulmen.com\/wp-content\/uploads\/1_4_slide_Fiorente_1.jpg\" title=\"\" \/><img decoding=\"async\" src=\"http:\/\/resista-ulmen.com\/wp-content\/uploads\/1_4_slide_Fiorente_2.jpg\" title=\"\" \/><img decoding=\"async\" src=\"http:\/\/resista-ulmen.com\/wp-content\/uploads\/1_4_slide_Fiorente_3.jpg\" title=\"\" \/><img decoding=\"async\" src=\"http:\/\/resista-ulmen.com\/wp-content\/uploads\/1_4_slide_Fiorente_4.jpg\" title=\"\" \/><\/div><\/div><\/div>\n","protected":false},"excerpt":{"rendered":"<p>&nbsp; ULMUS \u2019Fiorente\u2019 \u00e8 un incrocio tra ULMUS pumila (olmo siberiano) e ULMUS minor. Si tratta di un incrocio creato [&hellip;]<\/p>\n","protected":false},"author":1,"featured_media":0,"parent":4633,"menu_order":24,"comment_status":"closed","ping_status":"closed","template":"template-full-custom.php","meta":{"footnotes":""},"class_list":["post-4663","page","type-page","status-publish","hentry"],"_links":{"self":[{"href":"https:\/\/resista-ulmen.com\/it\/wp-json\/wp\/v2\/pages\/4663","targetHints":{"allow":["GET"]}}],"collection":[{"href":"https:\/\/resista-ulmen.com\/it\/wp-json\/wp\/v2\/pages"}],"about":[{"href":"https:\/\/resista-ulmen.com\/it\/wp-json\/wp\/v2\/types\/page"}],"author":[{"embeddable":true,"href":"https:\/\/resista-ulmen.com\/it\/wp-json\/wp\/v2\/users\/1"}],"replies":[{"embeddable":true,"href":"https:\/\/resista-ulmen.com\/it\/wp-json\/wp\/v2\/comments?post=4663"}],"version-history":[{"count":0,"href":"https:\/\/resista-ulmen.com\/it\/wp-json\/wp\/v2\/pages\/4663\/revisions"}],"up":[{"embeddable":true,"href":"https:\/\/resista-ulmen.com\/it\/wp-json\/wp\/v2\/pages\/4633"}],"wp:attachment":[{"href":"https:\/\/resista-ulmen.com\/it\/wp-json\/wp\/v2\/media?parent=4663"}],"curies":[{"name":"wp","href":"https:\/\/api.w.org\/{rel}","templated":true}]}}