{"id":4669,"date":"2016-03-02T13:06:44","date_gmt":"2016-03-02T12:06:44","guid":{"rendered":"http:\/\/resista-ulmen.com\/qualita\/wurzelechtheit\/"},"modified":"2018-01-28T10:39:32","modified_gmt":"2018-01-28T09:39:32","slug":"piede-franco","status":"publish","type":"page","link":"https:\/\/resista-ulmen.com\/it\/qualita\/piede-franco\/","title":{"rendered":"Piede franco"},"content":{"rendered":"<h1 style=\"text-align: center;\">Qualit\u00e0 fino alla radice<\/h1>\n<p>&nbsp;<\/p>\n<div class=\"cols-wrapper cols-2\">\n<div class=\"col\">\nGli olmi resista\u00ae vengono riprodotti esclusivamente per talea.  Questo metodo ci consente di garantire tutte le caratteristiche positive che contraddistinguono i nostri olmi resista\u00ae, dalla radice alla cima.<\/p>\n<p>Ma cosa vuol dire tutto ci\u00f2 nella pratica? I nostri alberi crescono sempre sulle proprie radici, al contrario di altri olmi che vengono invece innestati su una plantula.<\/p>\n<\/div>\n<div class=\"col\">\nNon \u00e8 raro constatare una incompatibilit\u00e0 tra rizoma e nesto, considerando la vasta variet\u00e0 genetica degli olmi, fattore che pu\u00f2 provocare anche molti anni dopo rischi incalcolabili di fallimento completo.<\/p>\n<p>Anche una semplice infezione della radice da grafiosi dell&#8217;olmo, mediante contatto con le radici di olmi limitrofi, possono mettere a serio repentaglio un intero viale alberato di olmi. Con la variet\u00e0 resista\u00ae riprodotti per talea a piede franco, si esclude questo rischio.<\/p>\n<\/div>\n<\/div>\n<div class=\"quick-gallery\"><div class=\"qg-img qg-no-title\" data-defwidth=\"383\"><a href=\"https:\/\/resista-ulmen.com\/wp-content\/uploads\/3_1_pict_Wurzelechtheit_1_Jungpflanzenrodung_Herbst.jpg\" data-rel=\"lightbox[group-46691]\" title=\"\" ><img decoding=\"async\" src=\"https:\/\/resista-ulmen.com\/wp-content\/uploads\/3_1_pict_Wurzelechtheit_1_Jungpflanzenrodung_Herbst-383x250.jpg\" alt=\"\"\/><div class=\"qg-overlay\"><span class=\"icon-circle\"><span class=\"pg-icon lightbox-icon\"><\/span><\/span><\/div><\/a><\/div><div class=\"qg-img qg-no-title\" data-defwidth=\"383\"><a href=\"https:\/\/resista-ulmen.com\/wp-content\/uploads\/3_1_pict_Wurzelechtheit_2_Roden.jpg\" data-rel=\"lightbox[group-46691]\" title=\"\" ><img decoding=\"async\" src=\"https:\/\/resista-ulmen.com\/wp-content\/uploads\/3_1_pict_Wurzelechtheit_2_Roden-383x250.jpg\" alt=\"\"\/><div class=\"qg-overlay\"><span class=\"icon-circle\"><span class=\"pg-icon lightbox-icon\"><\/span><\/span><\/div><\/a><\/div><div class=\"qg-img qg-no-title\" data-defwidth=\"383\"><a href=\"https:\/\/resista-ulmen.com\/wp-content\/uploads\/3_1_pict_Wurzelechtheit_3_Jungpflanzenrodung_Herbst.jpg\" data-rel=\"lightbox[group-46691]\" title=\"\" ><img decoding=\"async\" src=\"https:\/\/resista-ulmen.com\/wp-content\/uploads\/3_1_pict_Wurzelechtheit_3_Jungpflanzenrodung_Herbst-383x250.jpg\" alt=\"\"\/><div class=\"qg-overlay\"><span class=\"icon-circle\"><span class=\"pg-icon lightbox-icon\"><\/span><\/span><\/div><\/a><\/div><div class=\"clear\"><\/div><\/div>\n","protected":false},"excerpt":{"rendered":"<p>Qualit\u00e0 fino alla radice &nbsp; Gli olmi resista\u00ae vengono riprodotti esclusivamente per talea. Questo metodo ci consente di garantire tutte [&hellip;]<\/p>\n","protected":false},"author":1,"featured_media":0,"parent":4666,"menu_order":51,"comment_status":"closed","ping_status":"closed","template":"template-full-custom.php","meta":{"footnotes":""},"class_list":["post-4669","page","type-page","status-publish","hentry"],"_links":{"self":[{"href":"https:\/\/resista-ulmen.com\/it\/wp-json\/wp\/v2\/pages\/4669","targetHints":{"allow":["GET"]}}],"collection":[{"href":"https:\/\/resista-ulmen.com\/it\/wp-json\/wp\/v2\/pages"}],"about":[{"href":"https:\/\/resista-ulmen.com\/it\/wp-json\/wp\/v2\/types\/page"}],"author":[{"embeddable":true,"href":"https:\/\/resista-ulmen.com\/it\/wp-json\/wp\/v2\/users\/1"}],"replies":[{"embeddable":true,"href":"https:\/\/resista-ulmen.com\/it\/wp-json\/wp\/v2\/comments?post=4669"}],"version-history":[{"count":0,"href":"https:\/\/resista-ulmen.com\/it\/wp-json\/wp\/v2\/pages\/4669\/revisions"}],"up":[{"embeddable":true,"href":"https:\/\/resista-ulmen.com\/it\/wp-json\/wp\/v2\/pages\/4666"}],"wp:attachment":[{"href":"https:\/\/resista-ulmen.com\/it\/wp-json\/wp\/v2\/media?parent=4669"}],"curies":[{"name":"wp","href":"https:\/\/api.w.org\/{rel}","templated":true}]}}