{"id":4671,"date":"2016-03-02T13:08:09","date_gmt":"2016-03-02T12:08:09","guid":{"rendered":"http:\/\/resista-ulmen.com\/qualita\/aufzucht\/"},"modified":"2018-01-28T10:42:37","modified_gmt":"2018-01-28T09:42:37","slug":"coltivazione","status":"publish","type":"page","link":"https:\/\/resista-ulmen.com\/it\/qualita\/coltivazione\/","title":{"rendered":"Coltivazione"},"content":{"rendered":"<h1 style=\"text-align: center;\">Con accuratezza e competenza<\/h1>\n<p>&nbsp;<\/p>\n<div class=\"cols-wrapper cols-2\">\n<div class=\"col\">\nTutti gli olmi resista\u00ae vengono propagati per talea a Darmstadt, dai nostri affidabili e competenti collaboratori. Premessa fondamentale \u00e8 una pianta madre accuratamente selezionata e preparata, dalla quale si ricavano le talee.<\/p>\n<p>Dopo le prime settimane nella ben temperata serra nebulizzata, le talee ben radicate vengono temprate e poi trapiantate all&#8217;aperto \u2013 in un primo momento sotto tunnel. Durante questo periodo, vengono costantemente controllate e potate. Dopo la caduta del fogliame vengono sradicate.<\/p>\n<\/div>\n<div class=\"col\">\nGrazie a un&#8217;accurata selezione di piante giovani per colture successive, creiamo i presupposti migliori per una radicazione ottimale e uniforme, poich\u00e9 la qualit\u00e0 delle radici \u00e8 parimenti importante quanto la parte in superficie.<\/p>\n<p>In primavera vengono poi trapiantati nel vivaio di piante arboree disposti in fila a distanza ottimale. Fino alla consegna alle nostre aziende partner accuratamente selezionate, gli olmi crescono attaccati ad aste reggi-piante e vengono regolarmente potati. Dopo due o tre anni, quando hanno raggiunto una circonferenza media del tronco di 8-10 cm, possono essere consegnati ai nostri vivai di piante arboree partner per la coltura successiva.<\/p>\n<\/div>\n<\/div>\n<div class=\"quick-gallery\"><div class=\"qg-img qg-no-title\" data-defwidth=\"383\"><a href=\"https:\/\/resista-ulmen.com\/wp-content\/uploads\/3_2_pict_Aufzucht_1.jpg\" data-rel=\"lightbox[group-46711]\" title=\"\" ><img decoding=\"async\" src=\"https:\/\/resista-ulmen.com\/wp-content\/uploads\/3_2_pict_Aufzucht_1-383x250.jpg\" alt=\"\"\/><div class=\"qg-overlay\"><span class=\"icon-circle\"><span class=\"pg-icon lightbox-icon\"><\/span><\/span><\/div><\/a><\/div><div class=\"qg-img qg-no-title\" data-defwidth=\"383\"><a href=\"https:\/\/resista-ulmen.com\/wp-content\/uploads\/3_2_pict_Aufzucht_2.jpg\" data-rel=\"lightbox[group-46711]\" title=\"\" ><img decoding=\"async\" src=\"https:\/\/resista-ulmen.com\/wp-content\/uploads\/3_2_pict_Aufzucht_2-383x250.jpg\" alt=\"\"\/><div class=\"qg-overlay\"><span class=\"icon-circle\"><span class=\"pg-icon lightbox-icon\"><\/span><\/span><\/div><\/a><\/div><div class=\"qg-img qg-no-title\" data-defwidth=\"383\"><a href=\"https:\/\/resista-ulmen.com\/wp-content\/uploads\/3_2_pict_Aufzucht_3.jpg\" data-rel=\"lightbox[group-46711]\" title=\"\" ><img decoding=\"async\" src=\"https:\/\/resista-ulmen.com\/wp-content\/uploads\/3_2_pict_Aufzucht_3-383x250.jpg\" alt=\"\"\/><div class=\"qg-overlay\"><span class=\"icon-circle\"><span class=\"pg-icon lightbox-icon\"><\/span><\/span><\/div><\/a><\/div><div class=\"clear\"><\/div><\/div>\n","protected":false},"excerpt":{"rendered":"<p>Con accuratezza e competenza &nbsp; Tutti gli olmi resista\u00ae vengono propagati per talea a Darmstadt, dai nostri affidabili e competenti [&hellip;]<\/p>\n","protected":false},"author":1,"featured_media":0,"parent":4666,"menu_order":52,"comment_status":"closed","ping_status":"closed","template":"template-full-custom.php","meta":{"footnotes":""},"class_list":["post-4671","page","type-page","status-publish","hentry"],"_links":{"self":[{"href":"https:\/\/resista-ulmen.com\/it\/wp-json\/wp\/v2\/pages\/4671","targetHints":{"allow":["GET"]}}],"collection":[{"href":"https:\/\/resista-ulmen.com\/it\/wp-json\/wp\/v2\/pages"}],"about":[{"href":"https:\/\/resista-ulmen.com\/it\/wp-json\/wp\/v2\/types\/page"}],"author":[{"embeddable":true,"href":"https:\/\/resista-ulmen.com\/it\/wp-json\/wp\/v2\/users\/1"}],"replies":[{"embeddable":true,"href":"https:\/\/resista-ulmen.com\/it\/wp-json\/wp\/v2\/comments?post=4671"}],"version-history":[{"count":0,"href":"https:\/\/resista-ulmen.com\/it\/wp-json\/wp\/v2\/pages\/4671\/revisions"}],"up":[{"embeddable":true,"href":"https:\/\/resista-ulmen.com\/it\/wp-json\/wp\/v2\/pages\/4666"}],"wp:attachment":[{"href":"https:\/\/resista-ulmen.com\/it\/wp-json\/wp\/v2\/media?parent=4671"}],"curies":[{"name":"wp","href":"https:\/\/api.w.org\/{rel}","templated":true}]}}