{"id":4673,"date":"2016-03-02T13:07:26","date_gmt":"2016-03-02T12:07:26","guid":{"rendered":"http:\/\/resista-ulmen.com\/qualita\/qualitaetssicherung\/"},"modified":"2018-01-28T10:44:14","modified_gmt":"2018-01-28T09:44:14","slug":"garanzia-della-qualita","status":"publish","type":"page","link":"https:\/\/resista-ulmen.com\/it\/qualita\/garanzia-della-qualita\/","title":{"rendered":"Garanzia della qualit\u00e0"},"content":{"rendered":"<h1 style=\"text-align: center;\">Per una biografia ineccepibile<\/h1>\n<p>&nbsp;<\/p>\n<div class=\"cols-wrapper cols-2\">\n<div class=\"col\">\nOgni olmo resista\u00ae \u00e8 un vero unico esemplare. Un transponder impiantato vi garantisce di identificare inconfutabilmente ogni singolo albero che esce dal nostro vivaio di piante arboree, e di risalire cos\u00ec al suo percorso produttivo.<\/p>\n<\/div>\n<div class=\"col\">\nIl transponder resta impiantato esattamente nel punto del tronco in cui \u00e8 stato inserito, e di anno in anno viene letteralmente ricoperto di vegetazione. Ci\u00f2 nonostante, anche dopo 20 anni \u00e8 ancora possibile consultarlo senza nessun problema. I nostri transponder sono stati sviluppati in collaborazione con AEG Ulm\/Germania e perfettamente inseriti in ogni olmo resista\u00ae dal 2003.<\/p>\n<\/div>\n<\/div>\n<p><img loading=\"lazy\" decoding=\"async\" src=\"http:\/\/resista-ulmen.com\/wp-content\/uploads\/vignette_rfid_orange.png\" alt=\"\" width=\"350\" height=\"350\" class=\"aligncenter size-full wp-image-4165\" srcset=\"https:\/\/resista-ulmen.com\/wp-content\/uploads\/vignette_rfid_orange.png 350w, https:\/\/resista-ulmen.com\/wp-content\/uploads\/vignette_rfid_orange-150x150.png 150w, https:\/\/resista-ulmen.com\/wp-content\/uploads\/vignette_rfid_orange-300x300.png 300w\" sizes=\"auto, (max-width: 350px) 100vw, 350px\" \/><br \/>\n<div class=\"quick-gallery\"><div class=\"qg-img qg-no-title\" data-defwidth=\"383\"><a href=\"https:\/\/resista-ulmen.com\/wp-content\/uploads\/3_3_pict_Qualitaetssicherung_2.jpg\" data-rel=\"lightbox[group-46731]\" title=\"\" ><img decoding=\"async\" src=\"https:\/\/resista-ulmen.com\/wp-content\/uploads\/3_3_pict_Qualitaetssicherung_2-383x250.jpg\" alt=\"\"\/><div class=\"qg-overlay\"><span class=\"icon-circle\"><span class=\"pg-icon lightbox-icon\"><\/span><\/span><\/div><\/a><\/div><div class=\"qg-img qg-no-title\" data-defwidth=\"383\"><a href=\"https:\/\/resista-ulmen.com\/wp-content\/uploads\/3_3_pict_Qualitaetssicherung_1.jpg\" data-rel=\"lightbox[group-46731]\" title=\"\" ><img decoding=\"async\" src=\"https:\/\/resista-ulmen.com\/wp-content\/uploads\/3_3_pict_Qualitaetssicherung_1-383x250.jpg\" alt=\"\"\/><div class=\"qg-overlay\"><span class=\"icon-circle\"><span class=\"pg-icon lightbox-icon\"><\/span><\/span><\/div><\/a><\/div><div class=\"qg-img qg-no-title\" data-defwidth=\"383\"><a href=\"https:\/\/resista-ulmen.com\/wp-content\/uploads\/3_3_pict_Qualitaetssicherung_3.jpg\" data-rel=\"lightbox[group-46731]\" title=\"\" ><img decoding=\"async\" src=\"https:\/\/resista-ulmen.com\/wp-content\/uploads\/3_3_pict_Qualitaetssicherung_3-383x250.jpg\" alt=\"\"\/><div class=\"qg-overlay\"><span class=\"icon-circle\"><span class=\"pg-icon lightbox-icon\"><\/span><\/span><\/div><\/a><\/div><div class=\"clear\"><\/div><\/div>\n","protected":false},"excerpt":{"rendered":"<p>Per una biografia ineccepibile &nbsp; Ogni olmo resista\u00ae \u00e8 un vero unico esemplare. Un transponder impiantato vi garantisce di identificare [&hellip;]<\/p>\n","protected":false},"author":1,"featured_media":0,"parent":4666,"menu_order":53,"comment_status":"closed","ping_status":"closed","template":"template-full-custom.php","meta":{"footnotes":""},"class_list":["post-4673","page","type-page","status-publish","hentry"],"_links":{"self":[{"href":"https:\/\/resista-ulmen.com\/it\/wp-json\/wp\/v2\/pages\/4673","targetHints":{"allow":["GET"]}}],"collection":[{"href":"https:\/\/resista-ulmen.com\/it\/wp-json\/wp\/v2\/pages"}],"about":[{"href":"https:\/\/resista-ulmen.com\/it\/wp-json\/wp\/v2\/types\/page"}],"author":[{"embeddable":true,"href":"https:\/\/resista-ulmen.com\/it\/wp-json\/wp\/v2\/users\/1"}],"replies":[{"embeddable":true,"href":"https:\/\/resista-ulmen.com\/it\/wp-json\/wp\/v2\/comments?post=4673"}],"version-history":[{"count":0,"href":"https:\/\/resista-ulmen.com\/it\/wp-json\/wp\/v2\/pages\/4673\/revisions"}],"up":[{"embeddable":true,"href":"https:\/\/resista-ulmen.com\/it\/wp-json\/wp\/v2\/pages\/4666"}],"wp:attachment":[{"href":"https:\/\/resista-ulmen.com\/it\/wp-json\/wp\/v2\/media?parent=4673"}],"curies":[{"name":"wp","href":"https:\/\/api.w.org\/{rel}","templated":true}]}}