{"id":4675,"date":"2016-03-02T13:17:02","date_gmt":"2016-03-02T12:17:02","guid":{"rendered":"http:\/\/resista-ulmen.com\/qualita\/resistenz-beweis\/"},"modified":"2018-01-28T10:51:06","modified_gmt":"2018-01-28T09:51:06","slug":"prova-di-resistenza","status":"publish","type":"page","link":"https:\/\/resista-ulmen.com\/it\/qualita\/prova-di-resistenza\/","title":{"rendered":"Prova di resistenza"},"content":{"rendered":"<h1 style=\"text-align: center;\">Prova di durata della resistenza<\/h1>\n<p>&nbsp;<\/p>\n<div class=\"cols-wrapper cols-2\">\n<div class=\"col\">\nGli olmi resista\u00ae sono estremamente resistenti. Ci\u00f2 deve essere per\u00f2 provato regolarmente. In una serie di test standardizzati, tutte le nostre variet\u00e0 pi\u00f9 diverse di olmi vengono infettati a dosaggi estremamente alti con l&#8217;agente patogeno che \u00e8 causa della grafiosi dell&#8217;olmo, e successivamente vengono affiancati ad alberi non infettati.<\/p>\n<p>Sicuramente anche gli olmi resista\u00ae non sono completamente immuni dal fungo, ma sono per\u00f2 in grado di debellare l&#8217;infezione gi\u00e0 durante l&#8217;anno di trasmissione. <\/p>\n<\/div>\n<div class=\"col\">\nDopo un anno dall&#8217;infezione non sono pi\u00f9 visibili tracce della malattia contratta.<\/p>\n<p>La variet\u00e0 resista\u00ae <a href=\"http:\/\/resista-ulmen.com\/it\/varieta\/new-horizon\/\">\u2019New Horizon\u2019<\/a> \u00e8 sicuramente quella che pi\u00f9 vanta una storia di successi: tra il 1993 e il 2016 sono stati piantati oltre 45.000 esemplari di questa variet\u00e0 in Europa. Tra questi non risulta <strong>nemmeno un solo caso<\/strong> documentato di grafiosi dell&#8217;olmo.<\/p>\n<\/div>\n<\/div>\n<div class=\"quick-gallery\"><div class=\"qg-img qg-no-title\" data-defwidth=\"383\"><a href=\"https:\/\/resista-ulmen.com\/wp-content\/uploads\/4_3_pict_Resistenz-Beweis_1.jpg\" data-rel=\"lightbox[group-46751]\" title=\"\" ><img decoding=\"async\" src=\"https:\/\/resista-ulmen.com\/wp-content\/uploads\/4_3_pict_Resistenz-Beweis_1-383x250.jpg\" alt=\"\"\/><div class=\"qg-overlay\"><span class=\"icon-circle\"><span class=\"pg-icon lightbox-icon\"><\/span><\/span><\/div><\/a><\/div><div class=\"qg-img qg-no-title\" data-defwidth=\"383\"><a href=\"https:\/\/resista-ulmen.com\/wp-content\/uploads\/4_3_pict_Resistenz-Beweis_2.jpg\" data-rel=\"lightbox[group-46751]\" title=\"\" ><img decoding=\"async\" src=\"https:\/\/resista-ulmen.com\/wp-content\/uploads\/4_3_pict_Resistenz-Beweis_2-383x250.jpg\" alt=\"\"\/><div class=\"qg-overlay\"><span class=\"icon-circle\"><span class=\"pg-icon lightbox-icon\"><\/span><\/span><\/div><\/a><\/div><div class=\"qg-img qg-no-title\" data-defwidth=\"383\"><a href=\"https:\/\/resista-ulmen.com\/wp-content\/uploads\/4_3_pict_Resistenz-Beweis_3.jpg\" data-rel=\"lightbox[group-46751]\" title=\"\" ><img decoding=\"async\" src=\"https:\/\/resista-ulmen.com\/wp-content\/uploads\/4_3_pict_Resistenz-Beweis_3-383x250.jpg\" alt=\"\"\/><div class=\"qg-overlay\"><span class=\"icon-circle\"><span class=\"pg-icon lightbox-icon\"><\/span><\/span><\/div><\/a><\/div><div class=\"clear\"><\/div><\/div>\n","protected":false},"excerpt":{"rendered":"<p>Prova di durata della resistenza &nbsp; Gli olmi resista\u00ae sono estremamente resistenti. Ci\u00f2 deve essere per\u00f2 provato regolarmente. In una [&hellip;]<\/p>\n","protected":false},"author":1,"featured_media":0,"parent":4666,"menu_order":54,"comment_status":"closed","ping_status":"closed","template":"template-full-custom.php","meta":{"footnotes":""},"class_list":["post-4675","page","type-page","status-publish","hentry"],"_links":{"self":[{"href":"https:\/\/resista-ulmen.com\/it\/wp-json\/wp\/v2\/pages\/4675","targetHints":{"allow":["GET"]}}],"collection":[{"href":"https:\/\/resista-ulmen.com\/it\/wp-json\/wp\/v2\/pages"}],"about":[{"href":"https:\/\/resista-ulmen.com\/it\/wp-json\/wp\/v2\/types\/page"}],"author":[{"embeddable":true,"href":"https:\/\/resista-ulmen.com\/it\/wp-json\/wp\/v2\/users\/1"}],"replies":[{"embeddable":true,"href":"https:\/\/resista-ulmen.com\/it\/wp-json\/wp\/v2\/comments?post=4675"}],"version-history":[{"count":0,"href":"https:\/\/resista-ulmen.com\/it\/wp-json\/wp\/v2\/pages\/4675\/revisions"}],"up":[{"embeddable":true,"href":"https:\/\/resista-ulmen.com\/it\/wp-json\/wp\/v2\/pages\/4666"}],"wp:attachment":[{"href":"https:\/\/resista-ulmen.com\/it\/wp-json\/wp\/v2\/media?parent=4675"}],"curies":[{"name":"wp","href":"https:\/\/api.w.org\/{rel}","templated":true}]}}