{"id":4715,"date":"2016-03-02T13:20:43","date_gmt":"2016-03-02T12:20:43","guid":{"rendered":"http:\/\/resista-ulmen.com\/supporto-servizio\/pflanzschnitt\/"},"modified":"2018-01-28T12:52:29","modified_gmt":"2018-01-28T11:52:29","slug":"potatura-impianto","status":"publish","type":"page","link":"https:\/\/resista-ulmen.com\/it\/partner-servizio\/potatura-impianto\/","title":{"rendered":"Potatura d&#8217;impianto"},"content":{"rendered":"<h1 style=\"text-align: center;\">Potatura corretta, riuscita sicura<\/h1>\n<p>&nbsp;<\/p>\n<div class=\"cols-wrapper cols-2\">\n<div class=\"col\">\nUna premessa fondamentale per una crescita senza problemi e un buono sviluppo di nuovi alberi piantati \u00e8 sicuramente la potatura d&#8217;impianto. Il tipo e l&#8217;intensit\u00e0 di una tale procedura dipende da una parte dalla variet\u00e0 di albero. Di regola, gli olmi dovrebbero essere potati con una intensit\u00e0 superiore, similmente al tiglio e all&#8217;acero.<\/p>\n<p>Inoltre, \u00e8 necessario tenere conto dello stato della chioma, con la quale l&#8217;albero esce dal vivai per piante arboree. Gli alberi sono organismi viventi e la loro crescita dipende dalle casualit\u00e0 dell&#8217;andamento meterologico, pertanto non \u00e8 standardizzabile. Durante le annate pi\u00f9 rigide nel vivaio, non \u00e8 stato quasi necessario eseguire una potatura (si pu\u00f2 tagliare solo ci\u00f2 che prima \u00e8 cresciuto), per questo le chiome sono state sottoposte solamente a una potatura di conservazione. Oppure condizioni di crescita favorevoli hanno indotto a eseguire un ulteriore potatura correttiva, cos\u00ec da dover poi potare meno sul cantiere.<\/p>\n<\/div>\n<div class=\"col\">\nUna forma di chioma a piramide dovrebbe essere l&#8217;obiettivo delle misure di potatura. Oltre alla rimozione dei polloni verso il getto apicale, \u00e8 possibile accorciare maggiormente i rami portanti superiori rispetto a quelli inferiori, potando quanto pi\u00f9 possibile solo il legno cresciuti in un anno. E&#8217; possibile rimuovere una parte dei rami e accorciare i rami laterali. Durante la rimozione di rami pi\u00f9 spessi, ad es. durante l&#8217;intervento all&#8217;attaccatura della chioma, potare sempre a piede di bue.<\/p>\n<p>Influsice anche sull&#8217;intensit\u00e0 della potatura dell&#8217;impianto se gli alberi vengono piantati in autunno o primavera (possibilmente gi\u00e0 germogliati), senza balle, con balle o dal container.<\/p>\n<\/div>\n<\/div>\n<div class=\"quick-gallery\"><div class=\"qg-img qg-no-title\" data-defwidth=\"383\"><a href=\"https:\/\/resista-ulmen.com\/wp-content\/uploads\/3_4_pict_Weiterkultur_3.jpg\" data-rel=\"lightbox[group-47151]\" title=\"\" ><img decoding=\"async\" src=\"https:\/\/resista-ulmen.com\/wp-content\/uploads\/3_4_pict_Weiterkultur_3-383x250.jpg\" alt=\"\"\/><div class=\"qg-overlay\"><span class=\"icon-circle\"><span class=\"pg-icon lightbox-icon\"><\/span><\/span><\/div><\/a><\/div><div class=\"qg-img qg-no-title\" data-defwidth=\"383\"><a href=\"https:\/\/resista-ulmen.com\/wp-content\/uploads\/3_4_pict_Weiterkultur_2.jpg\" data-rel=\"lightbox[group-47151]\" title=\"\" ><img decoding=\"async\" src=\"https:\/\/resista-ulmen.com\/wp-content\/uploads\/3_4_pict_Weiterkultur_2-383x250.jpg\" alt=\"\"\/><div class=\"qg-overlay\"><span class=\"icon-circle\"><span class=\"pg-icon lightbox-icon\"><\/span><\/span><\/div><\/a><\/div><div class=\"qg-img qg-no-title\" data-defwidth=\"383\"><a href=\"https:\/\/resista-ulmen.com\/wp-content\/uploads\/3_4_pict_Weiterkultur_1.jpg\" data-rel=\"lightbox[group-47151]\" title=\"\" ><img decoding=\"async\" src=\"https:\/\/resista-ulmen.com\/wp-content\/uploads\/3_4_pict_Weiterkultur_1-383x250.jpg\" alt=\"\"\/><div class=\"qg-overlay\"><span class=\"icon-circle\"><span class=\"pg-icon lightbox-icon\"><\/span><\/span><\/div><\/a><\/div><div class=\"clear\"><\/div><\/div>\n","protected":false},"excerpt":{"rendered":"<p>Potatura corretta, riuscita sicura &nbsp; Una premessa fondamentale per una crescita senza problemi e un buono sviluppo di nuovi alberi [&hellip;]<\/p>\n","protected":false},"author":1,"featured_media":0,"parent":4703,"menu_order":94,"comment_status":"closed","ping_status":"closed","template":"template-full-custom.php","meta":{"footnotes":""},"class_list":["post-4715","page","type-page","status-publish","hentry"],"_links":{"self":[{"href":"https:\/\/resista-ulmen.com\/it\/wp-json\/wp\/v2\/pages\/4715","targetHints":{"allow":["GET"]}}],"collection":[{"href":"https:\/\/resista-ulmen.com\/it\/wp-json\/wp\/v2\/pages"}],"about":[{"href":"https:\/\/resista-ulmen.com\/it\/wp-json\/wp\/v2\/types\/page"}],"author":[{"embeddable":true,"href":"https:\/\/resista-ulmen.com\/it\/wp-json\/wp\/v2\/users\/1"}],"replies":[{"embeddable":true,"href":"https:\/\/resista-ulmen.com\/it\/wp-json\/wp\/v2\/comments?post=4715"}],"version-history":[{"count":0,"href":"https:\/\/resista-ulmen.com\/it\/wp-json\/wp\/v2\/pages\/4715\/revisions"}],"up":[{"embeddable":true,"href":"https:\/\/resista-ulmen.com\/it\/wp-json\/wp\/v2\/pages\/4703"}],"wp:attachment":[{"href":"https:\/\/resista-ulmen.com\/it\/wp-json\/wp\/v2\/media?parent=4715"}],"curies":[{"name":"wp","href":"https:\/\/api.w.org\/{rel}","templated":true}]}}