{"id":4188,"date":"2016-02-03T21:49:39","date_gmt":"2016-02-03T20:49:39","guid":{"rendered":"http:\/\/resista-ulmen.com\/beispiel-seite\/"},"modified":"2018-01-25T16:03:22","modified_gmt":"2018-01-25T15:03:22","slug":"beispiel-seite","status":"publish","type":"page","link":"https:\/\/resista-ulmen.com\/sv\/","title":{"rendered":"Home"},"content":{"rendered":"<h1 style=\"text-align: center;\">Att plantera sin framtid<\/h1>\n<p>&nbsp;<\/p>\n<div class=\"cols-wrapper cols-2\">\n<div class=\"col\">\n<p>De filtrerar bort skadliga \u00e4mnen ur luften, anpassar sig mycket bra till urbana levnadsvillkor, klarar stressfaktorer som v\u00e4rme, h\u00f6gt st\u00e5ende vatten eller torka, \u00e4r stabila i bl\u00e5st och toleranta mot v\u00e4gsalt, de v\u00e4xer snabbt och \u00e4r dessutom vackra: Almar \u00e4r perfekta tr\u00e4d f\u00f6r st\u00e4der och all\u00e9er.<\/p>\n<\/div>\n<div class=\"col\">\n<p>resista\u00ae-almar kommer fr\u00e5n tillf\u00f6rlitliga, stabila och h\u00f6gresistenta odlingar. Efter m\u00e5nga \u00e5rs internationell forskning, regelbundna tester och omfattande kontroller har de valts ut f\u00f6r den europeiska marknaden utifr\u00e5n sina briljanta egenskaper, och levereras av auktoriserade partnertr\u00e4dskolor.<\/p>\n<\/div>\n<\/div>\n<p><img loading=\"lazy\" decoding=\"async\" src=\"http:\/\/resista-ulmen.com\/wp-content\/uploads\/illu_blaetter.png\" alt=\"\" width=\"1920\" height=\"309\" class=\"aligncenter size-full wp-image-3125\" srcset=\"https:\/\/resista-ulmen.com\/wp-content\/uploads\/illu_blaetter.png 1920w, https:\/\/resista-ulmen.com\/wp-content\/uploads\/illu_blaetter-300x48.png 300w, https:\/\/resista-ulmen.com\/wp-content\/uploads\/illu_blaetter-768x124.png 768w, https:\/\/resista-ulmen.com\/wp-content\/uploads\/illu_blaetter-1024x165.png 1024w\" sizes=\"auto, (max-width: 1920px) 100vw, 1920px\" \/><\/p>\n<div class=\"quick-gallery\"><div class=\"qg-img qg-no-title\" data-defwidth=\"383\"><a href=\"https:\/\/resista-ulmen.com\/wp-content\/uploads\/0_1_pict_New_Horizon_1.jpg\" data-rel=\"lightbox[group-41881]\" title=\"\" ><img decoding=\"async\" src=\"https:\/\/resista-ulmen.com\/wp-content\/uploads\/0_1_pict_New_Horizon_1-383x250.jpg\" alt=\"\"\/><div class=\"qg-overlay\"><span class=\"icon-circle\"><span class=\"pg-icon lightbox-icon\"><\/span><\/span><\/div><\/a><\/div><div class=\"qg-img qg-no-title\" data-defwidth=\"383\"><a href=\"https:\/\/resista-ulmen.com\/wp-content\/uploads\/0_1_pict_New_Horizon_2.jpg\" data-rel=\"lightbox[group-41881]\" title=\"\" ><img decoding=\"async\" src=\"https:\/\/resista-ulmen.com\/wp-content\/uploads\/0_1_pict_New_Horizon_2-383x250.jpg\" alt=\"\"\/><div class=\"qg-overlay\"><span class=\"icon-circle\"><span class=\"pg-icon lightbox-icon\"><\/span><\/span><\/div><\/a><\/div><div class=\"qg-img qg-no-title\" data-defwidth=\"383\"><a href=\"https:\/\/resista-ulmen.com\/wp-content\/uploads\/0_1_pict_New_Horizon_4.jpg\" data-rel=\"lightbox[group-41881]\" title=\"\" ><img decoding=\"async\" src=\"https:\/\/resista-ulmen.com\/wp-content\/uploads\/0_1_pict_New_Horizon_4-383x250.jpg\" alt=\"\"\/><div class=\"qg-overlay\"><span class=\"icon-circle\"><span class=\"pg-icon lightbox-icon\"><\/span><\/span><\/div><\/a><\/div><div class=\"clear\"><\/div><\/div>\n<h1 style=\"text-align: center;\">F\u00f6rdelar<\/h1>\n<p>&nbsp;<\/p>\n<div class=\"cols-wrapper cols-2\">\n<div class=\"col\">\n<h2 style=\"text-align: center;\">V\u00e4lbepr\u00f6vad kvalitet<\/h2>\n<p>resista\u00ae-almarna har funnits i mer \u00e4n 50 \u00e5r i Nordamerika och nu \u00e4ven i Europa sedan drygt 35 \u00e5r p\u00e5 hundratals olika platser. Enbart sorten <a href=\"http:\/\/resista-ulmen.com\/sv\/sorter\/new-horizon\/\">\u2018New Horizon\u2019<\/a> har planterats mer \u00e4n 40.000 g\u00e5nger i mer \u00e4n 15 europeiska l\u00e4nder.<br \/>\n&nbsp;<\/p>\n<h2 style=\"text-align: center;\">Testad motst\u00e5ndskraft<\/h2>\n<p>Resistensen hos resista\u00ae-almarna mot den s.k. holl\u00e4ndska almsjukan <em>(Ophiostoma novo-ulmi)<\/em> har visat sig h\u00e5lla m\u00e5ttet och den testas regelbundet i tillf\u00f6rlitliga infektionstester med virulenta sjukdomsalstrare.<\/p>\n<\/div>\n<div class=\"col\">\n<h2 style=\"text-align: center;\">Tolerans i stadsklimat<\/h2>\n<p>Det har visat sig att resista\u00ae-almarna \u00e4r mycket v\u00e4l f\u00f6rberedda f\u00f6r de problem som klimatomvandlingen medf\u00f6r. De \u00e4r toleranta mot stadsklimat och klarar sig mycket bra i komprimerad mark, p\u00e5 platser med torr luft och varm str\u00e5lning, avgaser och t\u00f6salt.<br \/>\n&nbsp;<\/p>\n<h2 style=\"text-align: center;\">Klarar det mesta<\/h2>\n<p>Resista\u00ae-almarna \u00e4r vindbest\u00e4ndiga, stabila och klarar frost, i synnerhet tr\u00e4dskolorna i Wisconsin \/ USA har klarat vintertemperaturer p\u00e5 -35\u00b0C. Almarna klarar tillf\u00e4lliga \u00f6versv\u00e4mningar, \u00e4ven med havsvatten, och \u00e4r d\u00e4rf\u00f6r mycket v\u00e4l l\u00e4mpade f\u00f6r plantering n\u00e4ra str\u00e4nder och alla slags vattendrag.<\/p>\n<\/div>\n<\/div>\n<div class=\"quick-gallery\"><div class=\"qg-img qg-no-title\" data-defwidth=\"383\"><a href=\"https:\/\/resista-ulmen.com\/wp-content\/uploads\/1_0_pict_new_horizon_1.jpg\" data-rel=\"lightbox[group-41882]\" title=\"\" ><img decoding=\"async\" src=\"https:\/\/resista-ulmen.com\/wp-content\/uploads\/1_0_pict_new_horizon_1-383x250.jpg\" alt=\"\"\/><div class=\"qg-overlay\"><span class=\"icon-circle\"><span class=\"pg-icon lightbox-icon\"><\/span><\/span><\/div><\/a><\/div><div class=\"qg-img qg-no-title\" data-defwidth=\"383\"><a href=\"https:\/\/resista-ulmen.com\/wp-content\/uploads\/1_0_pict_new_horizon_2.jpg\" data-rel=\"lightbox[group-41882]\" title=\"\" ><img decoding=\"async\" src=\"https:\/\/resista-ulmen.com\/wp-content\/uploads\/1_0_pict_new_horizon_2-383x250.jpg\" alt=\"\"\/><div class=\"qg-overlay\"><span class=\"icon-circle\"><span class=\"pg-icon lightbox-icon\"><\/span><\/span><\/div><\/a><\/div><div class=\"qg-img qg-no-title\" data-defwidth=\"383\"><a href=\"https:\/\/resista-ulmen.com\/wp-content\/uploads\/1_0_pict_new_horizon_3.jpg\" data-rel=\"lightbox[group-41882]\" title=\"\" ><img decoding=\"async\" src=\"https:\/\/resista-ulmen.com\/wp-content\/uploads\/1_0_pict_new_horizon_3-383x250.jpg\" alt=\"\"\/><div class=\"qg-overlay\"><span class=\"icon-circle\"><span class=\"pg-icon lightbox-icon\"><\/span><\/span><\/div><\/a><\/div><div class=\"clear\"><\/div><\/div>\n<h1 style=\"text-align: center;\">Resista \u2013 originalet<\/h1>\n<p>&nbsp;<\/p>\n<div class=\"cols-wrapper cols-2\">\n<div class=\"col\">\nSom varum\u00e4rkesnamn f\u00f6r v\u00e5ra h\u00f6gresistenta almplanteringar valde vi: <strong>resista\u00ae<\/strong>.<\/p>\n<p>Med detta internationellt registrerade varum\u00e4rke kopplas den entydiga ID-s\u00e4kringen hos varje tr\u00e4d ihop med den transponder som \u00e4r inbyggd i stammen. Varje enskild sort \u00e4r f\u00f6rsedd med ett sortskydd, det europeiska sortskyddet fungerar som ett patent.<\/p>\n<\/div>\n<div class=\"col\">\nresista\u00ae-almarna dras upp och s\u00e4ljs endast genom utvalda samarbetspartners enligt erk\u00e4nda kvalitetsstandarder. Sedan m\u00e5nga \u00e5r st\u00e5r v\u00e5rt m\u00e4rke i Tyskland och hela Europa f\u00f6r certifierade, h\u00f6gresistenta almar p\u00e5 allra h\u00f6gsta kvalitetsniv\u00e5.<\/p>\n<\/div>\n<\/div>\n<p><img loading=\"lazy\" decoding=\"async\" src=\"http:\/\/resista-ulmen.com\/wp-content\/uploads\/logo_resista_solo.png\" alt=\"\" width=\"500\" height=\"175\" class=\"aligncenter size-full wp-image-3633\" srcset=\"https:\/\/resista-ulmen.com\/wp-content\/uploads\/logo_resista_solo.png 800w, https:\/\/resista-ulmen.com\/wp-content\/uploads\/logo_resista_solo-300x105.png 300w, https:\/\/resista-ulmen.com\/wp-content\/uploads\/logo_resista_solo-768x269.png 768w\" sizes=\"auto, (max-width: 500px) 100vw, 500px\" \/><\/p>\n<div class=\"section-full-width section-dark\" style=\"\" id=\"section-1\"><div style=\"background-image:url(http:\/\/resista-ulmen.com\/wp-content\/uploads\/hg_naturpapier_solo.jpg); opacity:; filter: alpha(opacity=0);\" class=\"full-bg-image\" ><\/div><div class=\"section-boxed\" style=\"color:#444444;\"><div class=\"services-wrapper services-default cols-wrapper cols-1 pexeto-parallax\"><div class=\"services-box col nomargin\"><div class=\"img-container\"><img decoding=\"async\" src=\"http:\/\/resista-ulmen.com\/wp-content\/uploads\/logo_eisele_naturpapier_small.png\" alt=\"\"\/><\/div><div class=\"services-content\"><div class=\"sc-wraper\"><p>resista\u00ae \u00e4r ett registrerat varum\u00e4rke f\u00f6r<\/br>EISELE GmbH + Co KG<\/p><\/div><\/div><\/div><div class=\"clear\"><\/div><\/div>\n<\/div><\/div>\n","protected":false},"excerpt":{"rendered":"<p>Att plantera sin framtid &nbsp; De filtrerar bort skadliga \u00e4mnen ur luften, anpassar sig mycket bra till urbana levnadsvillkor, klarar [&hellip;]<\/p>\n","protected":false},"author":1,"featured_media":0,"parent":0,"menu_order":1,"comment_status":"closed","ping_status":"open","template":"template-full-custom.php","meta":{"footnotes":""},"class_list":["post-4188","page","type-page","status-publish","hentry"],"_links":{"self":[{"href":"https:\/\/resista-ulmen.com\/sv\/wp-json\/wp\/v2\/pages\/4188","targetHints":{"allow":["GET"]}}],"collection":[{"href":"https:\/\/resista-ulmen.com\/sv\/wp-json\/wp\/v2\/pages"}],"about":[{"href":"https:\/\/resista-ulmen.com\/sv\/wp-json\/wp\/v2\/types\/page"}],"author":[{"embeddable":true,"href":"https:\/\/resista-ulmen.com\/sv\/wp-json\/wp\/v2\/users\/1"}],"replies":[{"embeddable":true,"href":"https:\/\/resista-ulmen.com\/sv\/wp-json\/wp\/v2\/comments?post=4188"}],"version-history":[{"count":0,"href":"https:\/\/resista-ulmen.com\/sv\/wp-json\/wp\/v2\/pages\/4188\/revisions"}],"wp:attachment":[{"href":"https:\/\/resista-ulmen.com\/sv\/wp-json\/wp\/v2\/media?parent=4188"}],"curies":[{"name":"wp","href":"https:\/\/api.w.org\/{rel}","templated":true}]}}