{"id":4197,"date":"2016-02-23T20:21:15","date_gmt":"2016-02-23T19:21:15","guid":{"rendered":"http:\/\/resista-ulmen.com\/sorten\/"},"modified":"2018-01-20T16:43:20","modified_gmt":"2018-01-20T15:43:20","slug":"sorter","status":"publish","type":"page","link":"https:\/\/resista-ulmen.com\/sv\/sorter\/","title":{"rendered":"Sorter"},"content":{"rendered":"<h1 style=\"text-align: center;\">Utvald m\u00e5ngfald<\/h1>\n<p>&nbsp;<\/p>\n<div class=\"cols-wrapper cols-2\">\n<div class=\"col\">\n<p>Bland ett stort antal resistenta almplantor och p\u00e5 basis av m\u00e5nga \u00e5rs internationell forskning och erfarenhet har v\u00e5ra experter valt ut n\u00e5gra sorter f\u00f6r m\u00e4rket resista\u00ae. resista\u00ae-almarna k\u00e4nnetecknas dels av en h\u00f6g resistensniv\u00e5, dels av en mycket h\u00f6g l\u00e4mplighet som stads- och all\u00e9tr\u00e4d.<\/p>\n<\/div>\n<div class=\"col\">\n<p>De fyra sorterna <a href=\"http:\/\/resista-ulmen.com\/sv\/sorter\/new-horizon\/\">\u2019New Horizon\u2019<\/a>, <a href=\"http:\/\/resista-ulmen.com\/sv\/sorter\/rebona\/\">\u2019Rebona\u2019<\/a>,\u00a0<a href=\"http:\/\/resista-ulmen.com\/sv\/sorter\/rebella\/\">\u2019Rebella\u2019<\/a> och\u00a0<a href=\"http:\/\/resista-ulmen.com\/sv\/sorter\/fiorente\/\">\u2019Fiorente\u2019<\/a> kan levereras \u00f6ver hela Europa som standardtr\u00e4d genom auktoriserade partnertr\u00e4dskolor. Andra sorter \u00e4r under \u00f6verv\u00e4gande.<\/p>\n<\/div>\n<\/div>\n<p><img loading=\"lazy\" decoding=\"async\" src=\"http:\/\/resista-ulmen.com\/wp-content\/uploads\/illu_blaetter.png\" alt=\"\" width=\"1920\" height=\"309\" class=\"aligncenter size-full wp-image-3125\" srcset=\"https:\/\/resista-ulmen.com\/wp-content\/uploads\/illu_blaetter.png 1920w, https:\/\/resista-ulmen.com\/wp-content\/uploads\/illu_blaetter-300x48.png 300w, https:\/\/resista-ulmen.com\/wp-content\/uploads\/illu_blaetter-768x124.png 768w, https:\/\/resista-ulmen.com\/wp-content\/uploads\/illu_blaetter-1024x165.png 1024w\" sizes=\"auto, (max-width: 1920px) 100vw, 1920px\" \/><\/p>\n<div class=\"quick-gallery\"><div class=\"qg-img qg-no-title\" data-defwidth=\"383\"><a href=\"https:\/\/resista-ulmen.com\/wp-content\/uploads\/1_0_pict_new_horizon_1.jpg\" data-rel=\"lightbox[group-41971]\" title=\"\" ><img decoding=\"async\" src=\"https:\/\/resista-ulmen.com\/wp-content\/uploads\/1_0_pict_new_horizon_1-383x250.jpg\" alt=\"\"\/><div class=\"qg-overlay\"><span class=\"icon-circle\"><span class=\"pg-icon lightbox-icon\"><\/span><\/span><\/div><\/a><\/div><div class=\"qg-img qg-no-title\" data-defwidth=\"383\"><a href=\"https:\/\/resista-ulmen.com\/wp-content\/uploads\/1_0_pict_new_horizon_2.jpg\" data-rel=\"lightbox[group-41971]\" title=\"\" ><img decoding=\"async\" src=\"https:\/\/resista-ulmen.com\/wp-content\/uploads\/1_0_pict_new_horizon_2-383x250.jpg\" alt=\"\"\/><div class=\"qg-overlay\"><span class=\"icon-circle\"><span class=\"pg-icon lightbox-icon\"><\/span><\/span><\/div><\/a><\/div><div class=\"qg-img qg-no-title\" data-defwidth=\"383\"><a href=\"https:\/\/resista-ulmen.com\/wp-content\/uploads\/1_0_pict_new_horizon_3.jpg\" data-rel=\"lightbox[group-41971]\" title=\"\" ><img decoding=\"async\" src=\"https:\/\/resista-ulmen.com\/wp-content\/uploads\/1_0_pict_new_horizon_3-383x250.jpg\" alt=\"\"\/><div class=\"qg-overlay\"><span class=\"icon-circle\"><span class=\"pg-icon lightbox-icon\"><\/span><\/span><\/div><\/a><\/div><div class=\"clear\"><\/div><\/div>\n","protected":false},"excerpt":{"rendered":"<p>Utvald m\u00e5ngfald &nbsp; Bland ett stort antal resistenta almplantor och p\u00e5 basis av m\u00e5nga \u00e5rs internationell forskning och erfarenhet har [&hellip;]<\/p>\n","protected":false},"author":1,"featured_media":0,"parent":0,"menu_order":2,"comment_status":"closed","ping_status":"closed","template":"template-full-custom.php","meta":{"footnotes":""},"class_list":["post-4197","page","type-page","status-publish","hentry"],"_links":{"self":[{"href":"https:\/\/resista-ulmen.com\/sv\/wp-json\/wp\/v2\/pages\/4197","targetHints":{"allow":["GET"]}}],"collection":[{"href":"https:\/\/resista-ulmen.com\/sv\/wp-json\/wp\/v2\/pages"}],"about":[{"href":"https:\/\/resista-ulmen.com\/sv\/wp-json\/wp\/v2\/types\/page"}],"author":[{"embeddable":true,"href":"https:\/\/resista-ulmen.com\/sv\/wp-json\/wp\/v2\/users\/1"}],"replies":[{"embeddable":true,"href":"https:\/\/resista-ulmen.com\/sv\/wp-json\/wp\/v2\/comments?post=4197"}],"version-history":[{"count":0,"href":"https:\/\/resista-ulmen.com\/sv\/wp-json\/wp\/v2\/pages\/4197\/revisions"}],"wp:attachment":[{"href":"https:\/\/resista-ulmen.com\/sv\/wp-json\/wp\/v2\/media?parent=4197"}],"curies":[{"name":"wp","href":"https:\/\/api.w.org\/{rel}","templated":true}]}}