{"id":4212,"date":"2017-08-28T16:03:20","date_gmt":"2017-08-28T14:03:20","guid":{"rendered":"http:\/\/resista-ulmen.com\/sorter\/rebona\/"},"modified":"2018-01-21T15:14:02","modified_gmt":"2018-01-21T14:14:02","slug":"rebona","status":"publish","type":"page","link":"https:\/\/resista-ulmen.com\/sv\/sorter\/rebona\/","title":{"rendered":"Rebona"},"content":{"rendered":"<div class=\"cols-wrapper cols-2\">\n<div class=\"col\">\n<p><img loading=\"lazy\" decoding=\"async\" src=\"http:\/\/resista-ulmen.com\/wp-content\/uploads\/logo_resista_ulmus_rebona.png\" alt=\"Logo resista Ulmus Rebona\" width=\"650\" height=\"150\" class=\"alignnone size-full wp-image-2596\" srcset=\"https:\/\/resista-ulmen.com\/wp-content\/uploads\/logo_resista_ulmus_rebona.png 650w, https:\/\/resista-ulmen.com\/wp-content\/uploads\/logo_resista_ulmus_rebona-300x69.png 300w\" sizes=\"auto, (max-width: 650px) 100vw, 650px\" \/><br \/>\n&nbsp;<br \/>\nULMUS \u2019Rebona\u2019 \u00e4r en korsning av ULMUS japonica och ULMUS pumila fr\u00e5n det odlingsarbete som bedrivs av prof. Smalley &#038; prof. Guries, Madison University, Wisconsin \/ USA.<\/p>\n<p>\u2019Rebona\u2019 \u00e4r en snabbv\u00e4xande, medelstor till stor alm med rak huvudstam som ofta str\u00e4cker sig \u00e4nda upp i tr\u00e4dtoppen och bildar en brett konformad krona av h\u00f6g estetisk karakt\u00e4r. \u2019Rebona\u2019 liknar i m\u00e5nga h\u00e4nseenden sin systersort ULMUS \u2019New Horizon\u2019; l\u00f6vet \u00e4r n\u00e5got m\u00f6rkare och mindre \u00e4n hos \u2019New Horizon\u2019.<\/p>\n<p>Bred tolerans i valet av plats. L\u00e4mpligt f\u00f6r m\u00e5nga olika platser, \u00e4ven svaga, eftersom tr\u00e4det \u00e4r mindre kr\u00e4vande, vindbest\u00e4ndigt, vinterh\u00e5rt och tolerant mot stadsklimat. N\u00e4r tr\u00e4den v\u00e4l har vuxit fast och etablerat sig ordentligt p\u00e5 den slutliga platsen uppvisar de en enorm tolerans mot torkstress. Soliga till halvskuggiga l\u00e4gen \u00e4r bra, med svagt sura till alkaliska jordar, fr\u00e5n ytliga till djupa, m\u00e5ttligt torra till fuktiga. \u00d6versv\u00e4mningar, ocks\u00e5 sommartid, \u00e4r inga problem. God t\u00e5lighet mot t\u00f6salt.<\/p>\n<p>Passar mycket bra som all\u00e9- och gatutr\u00e4d tack vare den goda formen och l\u00e4ttsk\u00f6ttheten. H\u00f6stl\u00f6ven s\u00f6nderdelas snabb. Mycket god anpassningsf\u00f6rm\u00e5ga till stadsklimat. Den h\u00f6ga toleransen f\u00f6r \u00f6versv\u00e4mningar g\u00f6r tr\u00e4det mycket l\u00e4mpligt f\u00f6r platser n\u00e4ra vattendrag och med risk f\u00f6r  \u00f6versv\u00e4mning, \u00e4ven i n\u00e4rheten av kuster.<br \/>\n&nbsp;<\/p>\n<h2 style=\"text-align: center;\">S\u00e4rskilda karakteristika<\/h2>\n<p>Mycket h\u00f6g resistens mot almsjukan som orsakas av <em>Ophiostoma ulmi<\/em> och <em>O. novo-ulmi<\/em> testas kontinuerligt sedan 1979 i egna och myndigheters f\u00f6rs\u00f6k). Mycket tolerant mot <em>Verticillium<\/em> (svamp). Mycket frostt\u00e5ligt, vindstabilt och tolerant mot torkstress. God t\u00e5lighet mot t\u00f6salt.<\/p>\n<p><em>EU-sortskydd tilldelat 19 oktober 1998.<\/em><br \/>\n&nbsp;<\/p>\n<h2 style=\"text-align: center;\">Referenser + Nedladdningar<\/h2>\n<p><img loading=\"lazy\" decoding=\"async\" src=\"http:\/\/resista-ulmen.com\/wp-content\/uploads\/pict_produktblatt_rebona.png\" alt=\"Pict Produktblatt Rebona\" width=\"150\" height=\"230\" class=\"alignleft size-full wp-image-2690\" \/>&nbsp;<br \/>\n&bull; Referenser: <a href=\"http:\/\/resista-ulmen.com\/sv\/portfolio\/sorter-rebona\/\">ULMUS \u2019Rebona\u2019 \u00f6versikt<\/a><br \/>\n&bull; Referenser: <a href=\"http:\/\/resista-ulmen.com\/sv\/portfolio\/vaextorter-alle-rebona\/\">ULMUS \u2019Rebona\u2019 all\u00e9<\/a><br \/>\n&bull; Referenser: <a href=\"http:\/\/resista-ulmen.com\/sv\/portfolio\/vaextorter-stad-rebona\/\">ULMUS \u2019Rebona\u2019 stad<\/a><br \/>\n&nbsp;<br \/>\n&bull; Produktblad: <a href=\"http:\/\/resista-ulmen.com\/wp-content\/uploads\/S_Resista_Produktblad_Rebona_Web.pdf\" target=\"_blank\">ULMUS \u2019Rebona\u2019<\/a> (PDF, 2,2 MB)<br \/>\n&bull; H\u00e4mta omr\u00e5de: <a href=\"http:\/\/resista-ulmen.com\/sv\/nedladdningar\/\">andra broschyrer och spr\u00e5k<\/a><\/p>\n<\/div>\n<div class=\"col\">\n<p><img loading=\"lazy\" decoding=\"async\" src=\"http:\/\/resista-ulmen.com\/wp-content\/uploads\/illu_rebona_s.png\" alt=\"\" width=\"948\" height=\"1600\" class=\"aligncenter size-full wp-image-4430\" srcset=\"https:\/\/resista-ulmen.com\/wp-content\/uploads\/illu_rebona_s.png 948w, https:\/\/resista-ulmen.com\/wp-content\/uploads\/illu_rebona_s-178x300.png 178w, https:\/\/resista-ulmen.com\/wp-content\/uploads\/illu_rebona_s-768x1296.png 768w, https:\/\/resista-ulmen.com\/wp-content\/uploads\/illu_rebona_s-607x1024.png 607w\" sizes=\"auto, (max-width: 948px) 100vw, 948px\" \/><\/p>\n<\/div>\n<\/div>\n<div class=\"quick-gallery\"><div class=\"qg-img qg-no-title\" data-defwidth=\"383\"><a href=\"https:\/\/resista-ulmen.com\/wp-content\/uploads\/1_2_pict_Rebona_1_Blatt.jpg\" data-rel=\"lightbox[group-42121]\" title=\"\" ><img decoding=\"async\" src=\"https:\/\/resista-ulmen.com\/wp-content\/uploads\/1_2_pict_Rebona_1_Blatt-383x250.jpg\" alt=\"\"\/><div class=\"qg-overlay\"><span class=\"icon-circle\"><span class=\"pg-icon lightbox-icon\"><\/span><\/span><\/div><\/a><\/div><div class=\"qg-img qg-no-title\" data-defwidth=\"383\"><a href=\"https:\/\/resista-ulmen.com\/wp-content\/uploads\/1_2_pict_Rebona_2_Borke.jpg\" data-rel=\"lightbox[group-42121]\" title=\"\" ><img decoding=\"async\" src=\"https:\/\/resista-ulmen.com\/wp-content\/uploads\/1_2_pict_Rebona_2_Borke-383x250.jpg\" alt=\"\"\/><div class=\"qg-overlay\"><span class=\"icon-circle\"><span class=\"pg-icon lightbox-icon\"><\/span><\/span><\/div><\/a><\/div><div class=\"qg-img qg-no-title\" data-defwidth=\"383\"><a href=\"https:\/\/resista-ulmen.com\/wp-content\/uploads\/1_2_pict_Rebona_3_Baumkrone.jpg\" data-rel=\"lightbox[group-42121]\" title=\"\" ><img decoding=\"async\" src=\"https:\/\/resista-ulmen.com\/wp-content\/uploads\/1_2_pict_Rebona_3_Baumkrone-383x250.jpg\" alt=\"\"\/><div class=\"qg-overlay\"><span class=\"icon-circle\"><span class=\"pg-icon lightbox-icon\"><\/span><\/span><\/div><\/a><\/div><div class=\"clear\"><\/div><\/div>\n<div class=\"nivo-content\"><div class=\"nivo-wrapper\"><div class=\"nivo-slider\" id=\"nivo-slider-42121\" style=\"min-height:550px;\"><img decoding=\"async\" src=\"http:\/\/resista-ulmen.com\/wp-content\/uploads\/1_2_slide_Rebona_1.jpg\" title=\"\" \/><img decoding=\"async\" src=\"http:\/\/resista-ulmen.com\/wp-content\/uploads\/1_2_slide_Rebona_2.jpg\" title=\"\" \/><img decoding=\"async\" src=\"http:\/\/resista-ulmen.com\/wp-content\/uploads\/1_2_slide_Rebona_3.jpg\" title=\"\" \/><img decoding=\"async\" src=\"http:\/\/resista-ulmen.com\/wp-content\/uploads\/1_2_slide_Rebona_4.jpg\" title=\"\" \/><\/div><\/div><\/div>\n","protected":false},"excerpt":{"rendered":"<p>&nbsp; ULMUS \u2019Rebona\u2019 \u00e4r en korsning av ULMUS japonica och ULMUS pumila fr\u00e5n det odlingsarbete som bedrivs av prof. Smalley [&hellip;]<\/p>\n","protected":false},"author":1,"featured_media":0,"parent":4197,"menu_order":22,"comment_status":"closed","ping_status":"closed","template":"template-full-custom.php","meta":{"footnotes":""},"class_list":["post-4212","page","type-page","status-publish","hentry"],"_links":{"self":[{"href":"https:\/\/resista-ulmen.com\/sv\/wp-json\/wp\/v2\/pages\/4212","targetHints":{"allow":["GET"]}}],"collection":[{"href":"https:\/\/resista-ulmen.com\/sv\/wp-json\/wp\/v2\/pages"}],"about":[{"href":"https:\/\/resista-ulmen.com\/sv\/wp-json\/wp\/v2\/types\/page"}],"author":[{"embeddable":true,"href":"https:\/\/resista-ulmen.com\/sv\/wp-json\/wp\/v2\/users\/1"}],"replies":[{"embeddable":true,"href":"https:\/\/resista-ulmen.com\/sv\/wp-json\/wp\/v2\/comments?post=4212"}],"version-history":[{"count":0,"href":"https:\/\/resista-ulmen.com\/sv\/wp-json\/wp\/v2\/pages\/4212\/revisions"}],"up":[{"embeddable":true,"href":"https:\/\/resista-ulmen.com\/sv\/wp-json\/wp\/v2\/pages\/4197"}],"wp:attachment":[{"href":"https:\/\/resista-ulmen.com\/sv\/wp-json\/wp\/v2\/media?parent=4212"}],"curies":[{"name":"wp","href":"https:\/\/api.w.org\/{rel}","templated":true}]}}