{"id":4216,"date":"2017-08-28T16:04:14","date_gmt":"2017-08-28T14:04:14","guid":{"rendered":"http:\/\/resista-ulmen.com\/sorter\/rebella\/"},"modified":"2018-01-21T15:14:55","modified_gmt":"2018-01-21T14:14:55","slug":"rebella","status":"publish","type":"page","link":"https:\/\/resista-ulmen.com\/sv\/sorter\/rebella\/","title":{"rendered":"Rebella"},"content":{"rendered":"<div class=\"cols-wrapper cols-2\">\n<div class=\"col\">\n<p><img loading=\"lazy\" decoding=\"async\" src=\"http:\/\/resista-ulmen.com\/wp-content\/uploads\/logo_resista_ulmus_rebella.png\" alt=\"Logo resista Ulmus Rebella\" width=\"650\" height=\"150\" class=\"alignnone size-full wp-image-2600\" srcset=\"https:\/\/resista-ulmen.com\/wp-content\/uploads\/logo_resista_ulmus_rebella.png 650w, https:\/\/resista-ulmen.com\/wp-content\/uploads\/logo_resista_ulmus_rebella-300x69.png 300w\" sizes=\"auto, (max-width: 650px) 100vw, 650px\" \/><br \/>\n&nbsp;<br \/>\nULMUS \u2019Rebella\u2019 \u00e4r en korsning av ULMUS parvifolia och ULMUS americana fr\u00e5n fr\u00e5n det odlingsarbete som bedrivs av prof. Smalley &#038; prof. Guries, Madison University, Wisconsin \/ USA.<\/p>\n<p>\u2019Rebella\u2019 \u00e4r ett litet till medelstort tr\u00e4d. Den dekorativt l\u00f6sa kronan som h\u00e4nger \u00f6ver i spetsen visar ett t\u00e4tt l\u00f6vverk med ganska sm\u00e5, smala blad. P\u00e5 h\u00f6sten uppvisar \u2019Rebella\u2019 mycket vackra r\u00f6d-orange f\u00e4rger.<\/p>\n<p>Under de unga \u00e5ren \u00e4r barken silvrigt gr\u00e5gr\u00f6n och f\u00e5r sedan den almtypiska r\u00f6d-bruna f\u00e4rgen.<\/p>\n<p>Tr\u00e4det \u00f6vertygar som stads-, park- och all\u00e9tr\u00e4d med den mjuka formen. Alla hittillsvarande unders\u00f6kningar visar att sorten inte bildar fr\u00f6. H\u00f6stf\u00e4rgerna kan dyka upp tidigt och de sm\u00e5 bladen ger tr\u00e4det ett filigrant utseende. De tappade bladen bryts snabbt ned.<br \/>\n&nbsp;<\/p>\n<h2 style=\"text-align: center;\">S\u00e4rskilda karakteristika<\/h2>\n<p>Mycket god l\u00e4mplighet som tr\u00e4dg\u00e5rdstr\u00e4d tack vare det lilla formatet. Mycket h\u00f6g resistens mot almsjukan orsakad av <em>Ophiostoma ulmi<\/em> och <em>O. novo-ulmi<\/em>.<\/p>\n<p><em>EU-sortskydd tilldelat 7 mars 2011.<\/em><br \/>\n&nbsp;<\/p>\n<h2 style=\"text-align: center;\">Referenser + Nedladdningar<\/h2>\n<p><img loading=\"lazy\" decoding=\"async\" src=\"http:\/\/resista-ulmen.com\/wp-content\/uploads\/pict_produktblatt_rebella.png\" alt=\"Pict Produktblatt Rebella\" width=\"150\" height=\"230\" class=\"alignleft size-full wp-image-2699\" \/>&nbsp;<br \/>\n&bull; Referenser: <a href=\"http:\/\/resista-ulmen.com\/sv\/portfolio\/sorter-rebella\/\">ULMUS \u2019Rebella\u2019 \u00f6versikt<\/a><br \/>\n&nbsp;<br \/>\n&bull; Produktblad: <a href=\"http:\/\/resista-ulmen.com\/wp-content\/uploads\/S_Resista_Produktblad_Rebella_Web.pdf\" target=\"_blank\">ULMUS \u2019Rebella\u2019<\/a> (PDF, 2,4 MB)<br \/>\n&bull; H\u00e4mta omr\u00e5de: <a href=\"http:\/\/resista-ulmen.com\/sv\/nedladdningar\/\">andra broschyrer och spr\u00e5k<\/a><\/p>\n<\/div>\n<div class=\"col\">\n<p><img loading=\"lazy\" decoding=\"async\" src=\"http:\/\/resista-ulmen.com\/wp-content\/uploads\/illu_rebella_s.png\" alt=\"\" width=\"948\" height=\"1600\" class=\"aligncenter size-full wp-image-4432\" srcset=\"https:\/\/resista-ulmen.com\/wp-content\/uploads\/illu_rebella_s.png 948w, https:\/\/resista-ulmen.com\/wp-content\/uploads\/illu_rebella_s-178x300.png 178w, https:\/\/resista-ulmen.com\/wp-content\/uploads\/illu_rebella_s-768x1296.png 768w, https:\/\/resista-ulmen.com\/wp-content\/uploads\/illu_rebella_s-607x1024.png 607w\" sizes=\"auto, (max-width: 948px) 100vw, 948px\" \/><\/p>\n<\/div>\n<\/div>\n<div class=\"quick-gallery\"><div class=\"qg-img qg-no-title\" data-defwidth=\"383\"><a href=\"https:\/\/resista-ulmen.com\/wp-content\/uploads\/1_3_pict_Rebella_1_Blatt.jpg\" data-rel=\"lightbox[group-42161]\" title=\"\" ><img decoding=\"async\" src=\"https:\/\/resista-ulmen.com\/wp-content\/uploads\/1_3_pict_Rebella_1_Blatt-383x250.jpg\" alt=\"\"\/><div class=\"qg-overlay\"><span class=\"icon-circle\"><span class=\"pg-icon lightbox-icon\"><\/span><\/span><\/div><\/a><\/div><div class=\"qg-img qg-no-title\" data-defwidth=\"383\"><a href=\"https:\/\/resista-ulmen.com\/wp-content\/uploads\/1_3_pict_Rebella_2_Borke.jpg\" data-rel=\"lightbox[group-42161]\" title=\"\" ><img decoding=\"async\" src=\"https:\/\/resista-ulmen.com\/wp-content\/uploads\/1_3_pict_Rebella_2_Borke-383x250.jpg\" alt=\"\"\/><div class=\"qg-overlay\"><span class=\"icon-circle\"><span class=\"pg-icon lightbox-icon\"><\/span><\/span><\/div><\/a><\/div><div class=\"qg-img qg-no-title\" data-defwidth=\"383\"><a href=\"https:\/\/resista-ulmen.com\/wp-content\/uploads\/1_3_pict_Rebella_3_Baumkrone.jpg\" data-rel=\"lightbox[group-42161]\" title=\"\" ><img decoding=\"async\" src=\"https:\/\/resista-ulmen.com\/wp-content\/uploads\/1_3_pict_Rebella_3_Baumkrone-383x250.jpg\" alt=\"\"\/><div class=\"qg-overlay\"><span class=\"icon-circle\"><span class=\"pg-icon lightbox-icon\"><\/span><\/span><\/div><\/a><\/div><div class=\"clear\"><\/div><\/div>\n<div class=\"nivo-content\"><div class=\"nivo-wrapper\"><div class=\"nivo-slider\" id=\"nivo-slider-42161\" style=\"min-height:550px;\"><img decoding=\"async\" src=\"http:\/\/resista-ulmen.com\/wp-content\/uploads\/1_3_slide_Rebella_1.jpg\" title=\"\" \/><img decoding=\"async\" src=\"http:\/\/resista-ulmen.com\/wp-content\/uploads\/1_3_slide_Rebella_2.jpg\" title=\"\" \/><img decoding=\"async\" src=\"http:\/\/resista-ulmen.com\/wp-content\/uploads\/1_3_slide_Rebella_3.jpg\" title=\"\" \/><\/div><\/div><\/div>\n","protected":false},"excerpt":{"rendered":"<p>&nbsp; ULMUS \u2019Rebella\u2019 \u00e4r en korsning av ULMUS parvifolia och ULMUS americana fr\u00e5n fr\u00e5n det odlingsarbete som bedrivs av prof. [&hellip;]<\/p>\n","protected":false},"author":1,"featured_media":0,"parent":4197,"menu_order":23,"comment_status":"closed","ping_status":"closed","template":"template-full-custom.php","meta":{"footnotes":""},"class_list":["post-4216","page","type-page","status-publish","hentry"],"_links":{"self":[{"href":"https:\/\/resista-ulmen.com\/sv\/wp-json\/wp\/v2\/pages\/4216","targetHints":{"allow":["GET"]}}],"collection":[{"href":"https:\/\/resista-ulmen.com\/sv\/wp-json\/wp\/v2\/pages"}],"about":[{"href":"https:\/\/resista-ulmen.com\/sv\/wp-json\/wp\/v2\/types\/page"}],"author":[{"embeddable":true,"href":"https:\/\/resista-ulmen.com\/sv\/wp-json\/wp\/v2\/users\/1"}],"replies":[{"embeddable":true,"href":"https:\/\/resista-ulmen.com\/sv\/wp-json\/wp\/v2\/comments?post=4216"}],"version-history":[{"count":0,"href":"https:\/\/resista-ulmen.com\/sv\/wp-json\/wp\/v2\/pages\/4216\/revisions"}],"up":[{"embeddable":true,"href":"https:\/\/resista-ulmen.com\/sv\/wp-json\/wp\/v2\/pages\/4197"}],"wp:attachment":[{"href":"https:\/\/resista-ulmen.com\/sv\/wp-json\/wp\/v2\/media?parent=4216"}],"curies":[{"name":"wp","href":"https:\/\/api.w.org\/{rel}","templated":true}]}}