{"id":4218,"date":"2017-08-28T16:06:04","date_gmt":"2017-08-28T14:06:04","guid":{"rendered":"http:\/\/resista-ulmen.com\/sorter\/fiorente\/"},"modified":"2018-01-26T19:23:14","modified_gmt":"2018-01-26T18:23:14","slug":"fiorente","status":"publish","type":"page","link":"https:\/\/resista-ulmen.com\/sv\/sorter\/fiorente\/","title":{"rendered":"Fiorente"},"content":{"rendered":"<div class=\"cols-wrapper cols-2\">\n<div class=\"col\">\n<p><img loading=\"lazy\" decoding=\"async\" src=\"http:\/\/resista-ulmen.com\/wp-content\/uploads\/logo_resista_ulmus_fiorente.png\" alt=\"Logo resista Ulmus Fiorente\" width=\"650\" height=\"150\" class=\"alignnone size-full wp-image-2605\" srcset=\"https:\/\/resista-ulmen.com\/wp-content\/uploads\/logo_resista_ulmus_fiorente.png 650w, https:\/\/resista-ulmen.com\/wp-content\/uploads\/logo_resista_ulmus_fiorente-300x69.png 300w\" sizes=\"auto, (max-width: 650px) 100vw, 650px\" \/><br \/>\n&nbsp;<br \/>\nULMUS \u2019Fiorente\u2019 \u00e4r en korsning av ULMUS pumila och ULMUS minor. Den \u00e4r en korsning fr\u00e5n det odlingsarbete som bedrivs av prof. Lorenzo Mittempergher &#038; Dr. Alberto Santini C.N.R. Florens, Italien.<\/p>\n<p>Namnet \u2019Fiorente\u2019 (\u00f6versatt \u201eblommande\u201c) valdes dels f\u00f6r det snabba och uppr\u00e4tta v\u00e4xts\u00e4ttet, dels p\u00e5minner det om det historiska namnet p\u00e5 ursprungsstaden (Florentia, Fiorenza, Firenze).<\/p>\n<p>Det \u00e4r ett medelstort till stort tr\u00e4d, bladverket \u00e4r m\u00e4ttat gr\u00f6nt och gulgr\u00f6nt hos de unga kvistarna. Bladen \u00e4r vackert glansiga. Bladen h\u00e5ller sig gr\u00f6na l\u00e5ngt in p\u00e5 h\u00f6sten, och detta tr\u00e4d h\u00e5ller kvar bladen l\u00e4ngst bland resista\u00ae-almarna. Under de unga \u00e5ren \u00e4r barken l\u00e4tt silvrigt gr\u00e5gr\u00f6n och f\u00e5r sedan den almtypiska r\u00f6d-bruna f\u00e4rgen.<\/p>\n<p>Tr\u00e4det \u00f6vertygar som stads-, park- och all\u00e9tr\u00e4d med den mjuka formen, med grenar som blir allt styvare nedifr\u00e5n och upp, med m\u00e5ttliga sidof\u00f6rgreningar och en v\u00e4l genomg\u00e5ende huvustam. Kronan \u00e4r pyramidformad och smalnar av i toppen.<\/p>\n<p>I f\u00f6rs\u00f6k genomf\u00f6rda av de ursprungliga odlarna dr A. Santini och prof. L. Mittempergher i Italien uppvisade \u2019Fiorente\u2019 de st\u00f6rsta tillv\u00e4xttalen bland de testade almsorterna. Av en stickling uppstod efter 23 \u00e5r ett tr\u00e4d med ett omf\u00e5ng p\u00e5 160 cm och en h\u00f6jd p\u00e5 20 m. Genom den yppiga, snabba tillv\u00e4xten och den utm\u00e4rkta tr\u00e4kvaliteten \u00e4r denna sort d\u00e4rf\u00f6r intressant \u00e4ven f\u00f6r \u00e4deltr\u00e4produktion.<br \/>\n&nbsp;<\/p>\n<h2 style=\"text-align: center;\">S\u00e4rskilda karakteristika<\/h2>\n<p>H\u00f6g resistens mot almsjuka som orsakas av <em>Ophiostoma ulmi<\/em> och <em>O. novo-ulmi<\/em>. Mycket h\u00f6g vindtolerans och tolerans mot torkstress.<\/p>\n<p><em>EU-sortskydd tilldelat 25 mars 2010.<\/em><br \/>\n&nbsp;<\/p>\n<h2 style=\"text-align: center;\">Referenser + Nedladdningar<\/h2>\n<p><img loading=\"lazy\" decoding=\"async\" src=\"http:\/\/resista-ulmen.com\/wp-content\/uploads\/pict_produktblatt_fiorente.png\" alt=\"Pict Produktblatt Fiorente\" width=\"150\" height=\"230\" class=\"alignleft size-full wp-image-2701\" \/>&nbsp;<br \/>\n&bull; Referenser: <a href=\"http:\/\/resista-ulmen.com\/sv\/portfolio\/sorter-fiorente\/\">ULMUS \u2019Fiorente\u2019 \u00f6versikt<\/a><br \/>\n&bull; Referenser: <a href=\"http:\/\/resista-ulmen.com\/sv\/portfolio\/vaextorter-skog-landskap-fiorente\/\">ULMUS \u2019Fiorente\u2019 skog + landskap<\/a><br \/>\n&bull; Referenser: <a href=\"http:\/\/resista-ulmen.com\/sv\/portfolio\/vaextorter-industripark-fiorente\/\">ULMUS \u2019Fiorente\u2019 industripark<\/a><br \/>\n&nbsp;<br \/>\n&bull; Produktblad: <a href=\"http:\/\/resista-ulmen.com\/wp-content\/uploads\/S_Resista_Produktblad_Fiorente_Web.pdf\" target=\"_blank\">ULMUS \u2019Fiorente\u2019<\/a> (PDF, 2,8 MB)<br \/>\n&bull; H\u00e4mta omr\u00e5de: <a href=\"http:\/\/resista-ulmen.com\/sv\/nedladdningar\/\">andra broschyrer och spr\u00e5k<\/a><\/p>\n<\/div>\n<div class=\"col\">\n<p><img loading=\"lazy\" decoding=\"async\" src=\"http:\/\/resista-ulmen.com\/wp-content\/uploads\/illu_fiorente_s.png\" alt=\"\" width=\"948\" height=\"1600\" class=\"aligncenter size-full wp-image-4434\" srcset=\"https:\/\/resista-ulmen.com\/wp-content\/uploads\/illu_fiorente_s.png 948w, https:\/\/resista-ulmen.com\/wp-content\/uploads\/illu_fiorente_s-178x300.png 178w, https:\/\/resista-ulmen.com\/wp-content\/uploads\/illu_fiorente_s-768x1296.png 768w, https:\/\/resista-ulmen.com\/wp-content\/uploads\/illu_fiorente_s-607x1024.png 607w\" sizes=\"auto, (max-width: 948px) 100vw, 948px\" \/><\/p>\n<\/div>\n<\/div>\n<div class=\"quick-gallery\"><div class=\"qg-img qg-no-title\" data-defwidth=\"383\"><a href=\"https:\/\/resista-ulmen.com\/wp-content\/uploads\/1_4_pict_Fiorente_1_Blatt.jpg\" data-rel=\"lightbox[group-42181]\" title=\"\" ><img decoding=\"async\" src=\"https:\/\/resista-ulmen.com\/wp-content\/uploads\/1_4_pict_Fiorente_1_Blatt-383x250.jpg\" alt=\"\"\/><div class=\"qg-overlay\"><span class=\"icon-circle\"><span class=\"pg-icon lightbox-icon\"><\/span><\/span><\/div><\/a><\/div><div class=\"qg-img qg-no-title\" data-defwidth=\"383\"><a href=\"https:\/\/resista-ulmen.com\/wp-content\/uploads\/1_4_pict_Fiorente_2_Borke.jpg\" data-rel=\"lightbox[group-42181]\" title=\"\" ><img decoding=\"async\" src=\"https:\/\/resista-ulmen.com\/wp-content\/uploads\/1_4_pict_Fiorente_2_Borke-383x250.jpg\" alt=\"\"\/><div class=\"qg-overlay\"><span class=\"icon-circle\"><span class=\"pg-icon lightbox-icon\"><\/span><\/span><\/div><\/a><\/div><div class=\"qg-img qg-no-title\" data-defwidth=\"383\"><a href=\"https:\/\/resista-ulmen.com\/wp-content\/uploads\/1_4_pict_Fiorente_3_Baumkrone.jpg\" data-rel=\"lightbox[group-42181]\" title=\"\" ><img decoding=\"async\" src=\"https:\/\/resista-ulmen.com\/wp-content\/uploads\/1_4_pict_Fiorente_3_Baumkrone-383x250.jpg\" alt=\"\"\/><div class=\"qg-overlay\"><span class=\"icon-circle\"><span class=\"pg-icon lightbox-icon\"><\/span><\/span><\/div><\/a><\/div><div class=\"clear\"><\/div><\/div>\n<div class=\"nivo-content\"><div class=\"nivo-wrapper\"><div class=\"nivo-slider\" id=\"nivo-slider-42181\" style=\"min-height:550px;\"><img decoding=\"async\" src=\"http:\/\/resista-ulmen.com\/wp-content\/uploads\/1_4_slide_Fiorente_1.jpg\" title=\"\" \/><img decoding=\"async\" src=\"http:\/\/resista-ulmen.com\/wp-content\/uploads\/1_4_slide_Fiorente_2.jpg\" title=\"\" \/><img decoding=\"async\" src=\"http:\/\/resista-ulmen.com\/wp-content\/uploads\/1_4_slide_Fiorente_3.jpg\" title=\"\" \/><img decoding=\"async\" src=\"http:\/\/resista-ulmen.com\/wp-content\/uploads\/1_4_slide_Fiorente_4.jpg\" title=\"\" \/><\/div><\/div><\/div>\n","protected":false},"excerpt":{"rendered":"<p>&nbsp; ULMUS \u2019Fiorente\u2019 \u00e4r en korsning av ULMUS pumila och ULMUS minor. Den \u00e4r en korsning fr\u00e5n det odlingsarbete som [&hellip;]<\/p>\n","protected":false},"author":1,"featured_media":0,"parent":4197,"menu_order":24,"comment_status":"closed","ping_status":"closed","template":"template-full-custom.php","meta":{"footnotes":""},"class_list":["post-4218","page","type-page","status-publish","hentry"],"_links":{"self":[{"href":"https:\/\/resista-ulmen.com\/sv\/wp-json\/wp\/v2\/pages\/4218","targetHints":{"allow":["GET"]}}],"collection":[{"href":"https:\/\/resista-ulmen.com\/sv\/wp-json\/wp\/v2\/pages"}],"about":[{"href":"https:\/\/resista-ulmen.com\/sv\/wp-json\/wp\/v2\/types\/page"}],"author":[{"embeddable":true,"href":"https:\/\/resista-ulmen.com\/sv\/wp-json\/wp\/v2\/users\/1"}],"replies":[{"embeddable":true,"href":"https:\/\/resista-ulmen.com\/sv\/wp-json\/wp\/v2\/comments?post=4218"}],"version-history":[{"count":0,"href":"https:\/\/resista-ulmen.com\/sv\/wp-json\/wp\/v2\/pages\/4218\/revisions"}],"up":[{"embeddable":true,"href":"https:\/\/resista-ulmen.com\/sv\/wp-json\/wp\/v2\/pages\/4197"}],"wp:attachment":[{"href":"https:\/\/resista-ulmen.com\/sv\/wp-json\/wp\/v2\/media?parent=4218"}],"curies":[{"name":"wp","href":"https:\/\/api.w.org\/{rel}","templated":true}]}}