{"id":4280,"date":"2016-03-02T13:06:44","date_gmt":"2016-03-02T12:06:44","guid":{"rendered":"http:\/\/resista-ulmen.com\/kvalitet\/wurzelechtheit\/"},"modified":"2018-01-20T18:10:14","modified_gmt":"2018-01-20T17:10:14","slug":"rotaekthet","status":"publish","type":"page","link":"https:\/\/resista-ulmen.com\/sv\/kvalitet\/rotaekthet\/","title":{"rendered":"Rot\u00e4kthet"},"content":{"rendered":"<h1 style=\"text-align: center;\">Kvalitet \u00e4nda ut i r\u00f6tterna<\/h1>\n<p>&nbsp;<\/p>\n<div class=\"cols-wrapper cols-2\">\n<div class=\"col\">\nresista\u00ae-almar f\u00f6r\u00f6kas endast genom sticklingar. P\u00e5 det s\u00e4ttet kan vi garantera de positiva egenskaper som utm\u00e4rker v\u00e5ra resista\u00ae-almar, fr\u00e5n kronan och ned i r\u00f6tterna.<\/p>\n<p>Men vad betyder det i praktiken? V\u00e5ra tr\u00e4d v\u00e4xer alltid p\u00e5 egna r\u00f6tter. Detta till skillnad mot f\u00f6r\u00e4dlade almar som ympas p\u00e5 en fr\u00f6planta.<\/p>\n<\/div>\n<div class=\"col\">\nInkompatibilitet mellan rotstock och grenar f\u00f6rekommer ofta p.g.a. den breda genetiska m\u00e5ngfalden f\u00f6r almarna och kan medf\u00f6ra risker s\u00e5som totalt bortfall \u00e4ven m\u00e5nga \u00e5r senare.<\/p>\n<p>\u00c4ven en rotinfektion med almsjukan via rotkontakt mellan angr\u00e4nsande almar kan hota hela all\u00e9best\u00e5nd. Med rot\u00e4kta f\u00f6r\u00f6kade resista\u00ae-almar undviker man denna risk.<\/p>\n<\/div>\n<\/div>\n<div class=\"quick-gallery\"><div class=\"qg-img qg-no-title\" data-defwidth=\"383\"><a href=\"https:\/\/resista-ulmen.com\/wp-content\/uploads\/3_1_pict_Wurzelechtheit_1_Jungpflanzenrodung_Herbst.jpg\" data-rel=\"lightbox[group-42801]\" title=\"\" ><img decoding=\"async\" src=\"https:\/\/resista-ulmen.com\/wp-content\/uploads\/3_1_pict_Wurzelechtheit_1_Jungpflanzenrodung_Herbst-383x250.jpg\" alt=\"\"\/><div class=\"qg-overlay\"><span class=\"icon-circle\"><span class=\"pg-icon lightbox-icon\"><\/span><\/span><\/div><\/a><\/div><div class=\"qg-img qg-no-title\" data-defwidth=\"383\"><a href=\"https:\/\/resista-ulmen.com\/wp-content\/uploads\/3_1_pict_Wurzelechtheit_2_Roden.jpg\" data-rel=\"lightbox[group-42801]\" title=\"\" ><img decoding=\"async\" src=\"https:\/\/resista-ulmen.com\/wp-content\/uploads\/3_1_pict_Wurzelechtheit_2_Roden-383x250.jpg\" alt=\"\"\/><div class=\"qg-overlay\"><span class=\"icon-circle\"><span class=\"pg-icon lightbox-icon\"><\/span><\/span><\/div><\/a><\/div><div class=\"qg-img qg-no-title\" data-defwidth=\"383\"><a href=\"https:\/\/resista-ulmen.com\/wp-content\/uploads\/3_1_pict_Wurzelechtheit_3_Jungpflanzenrodung_Herbst.jpg\" data-rel=\"lightbox[group-42801]\" title=\"\" ><img decoding=\"async\" src=\"https:\/\/resista-ulmen.com\/wp-content\/uploads\/3_1_pict_Wurzelechtheit_3_Jungpflanzenrodung_Herbst-383x250.jpg\" alt=\"\"\/><div class=\"qg-overlay\"><span class=\"icon-circle\"><span class=\"pg-icon lightbox-icon\"><\/span><\/span><\/div><\/a><\/div><div class=\"clear\"><\/div><\/div>\n","protected":false},"excerpt":{"rendered":"<p>Kvalitet \u00e4nda ut i r\u00f6tterna &nbsp; resista\u00ae-almar f\u00f6r\u00f6kas endast genom sticklingar. P\u00e5 det s\u00e4ttet kan vi garantera de positiva egenskaper [&hellip;]<\/p>\n","protected":false},"author":1,"featured_media":0,"parent":4277,"menu_order":51,"comment_status":"closed","ping_status":"closed","template":"template-full-custom.php","meta":{"footnotes":""},"class_list":["post-4280","page","type-page","status-publish","hentry"],"_links":{"self":[{"href":"https:\/\/resista-ulmen.com\/sv\/wp-json\/wp\/v2\/pages\/4280","targetHints":{"allow":["GET"]}}],"collection":[{"href":"https:\/\/resista-ulmen.com\/sv\/wp-json\/wp\/v2\/pages"}],"about":[{"href":"https:\/\/resista-ulmen.com\/sv\/wp-json\/wp\/v2\/types\/page"}],"author":[{"embeddable":true,"href":"https:\/\/resista-ulmen.com\/sv\/wp-json\/wp\/v2\/users\/1"}],"replies":[{"embeddable":true,"href":"https:\/\/resista-ulmen.com\/sv\/wp-json\/wp\/v2\/comments?post=4280"}],"version-history":[{"count":0,"href":"https:\/\/resista-ulmen.com\/sv\/wp-json\/wp\/v2\/pages\/4280\/revisions"}],"up":[{"embeddable":true,"href":"https:\/\/resista-ulmen.com\/sv\/wp-json\/wp\/v2\/pages\/4277"}],"wp:attachment":[{"href":"https:\/\/resista-ulmen.com\/sv\/wp-json\/wp\/v2\/media?parent=4280"}],"curies":[{"name":"wp","href":"https:\/\/api.w.org\/{rel}","templated":true}]}}