{"id":4283,"date":"2016-03-02T13:08:09","date_gmt":"2016-03-02T12:08:09","guid":{"rendered":"http:\/\/resista-ulmen.com\/kvalitet\/aufzucht\/"},"modified":"2018-01-20T18:13:16","modified_gmt":"2018-01-20T17:13:16","slug":"odling","status":"publish","type":"page","link":"https:\/\/resista-ulmen.com\/sv\/kvalitet\/odling\/","title":{"rendered":"Odling"},"content":{"rendered":"<h1 style=\"text-align: center;\">Med omsorg och kunskap<\/h1>\n<p>&nbsp;<\/p>\n<div class=\"cols-wrapper cols-2\">\n<div class=\"col\">\nAlla resista\u00ae-almar f\u00f6r\u00f6kas genom sticklingar i Darmstadt av v\u00e5ra erfarna medarbetare. En f\u00f6ruts\u00e4ttning \u00e4r en noggrant f\u00f6rberedd moderplanta fr\u00e5n vilken sticklingarna kan tas. <\/p>\n<p>Efter de f\u00f6rsta veckorna i det v\u00e4ltempererade v\u00e4xthuset h\u00e4rdas sticklingarna, som nu har f\u00e5tt r\u00f6tter, och utplanteras p\u00e5 friland \u2013 till en b\u00f6rjan under tunnel. Under tiden kontrolleras och besk\u00e4rs de fortl\u00f6pande. N\u00e4r bladen har tappats r\u00f6js de undan.<\/p>\n<\/div>\n<div class=\"col\">\nGenom ett noggrant urval av de unga plantorna f\u00f6r vidareodling skapar vi de b\u00e4sta f\u00f6ruts\u00e4ttningarna f\u00f6r ett kraftigt och j\u00e4mnt rotsystem, eftersom rotens kvalitet \u00e4r lika viktig som det som v\u00e4xer ovan jord.<\/p>\n<p>Under tidig v\u00e5r planteras de ut p\u00e5 tr\u00e4dskolan i rader med optimalt avst\u00e5nd. Fram till leveransen till v\u00e5ra utvalda samarbetspartners dras almarna upp p\u00e5 tonkinstav och besk\u00e4rs regelbundet. Efter tv\u00e5 till tre \u00e5r har de n\u00e5tt ett genomsnittligt stamomkrets p\u00e5 8-10 cm och levereras till v\u00e5ra partnertr\u00e4dskolor f\u00f6r fortsatt odling.<\/p>\n<\/div>\n<\/div>\n<div class=\"quick-gallery\"><div class=\"qg-img qg-no-title\" data-defwidth=\"383\"><a href=\"https:\/\/resista-ulmen.com\/wp-content\/uploads\/3_2_pict_Aufzucht_1.jpg\" data-rel=\"lightbox[group-42831]\" title=\"\" ><img decoding=\"async\" src=\"https:\/\/resista-ulmen.com\/wp-content\/uploads\/3_2_pict_Aufzucht_1-383x250.jpg\" alt=\"\"\/><div class=\"qg-overlay\"><span class=\"icon-circle\"><span class=\"pg-icon lightbox-icon\"><\/span><\/span><\/div><\/a><\/div><div class=\"qg-img qg-no-title\" data-defwidth=\"383\"><a href=\"https:\/\/resista-ulmen.com\/wp-content\/uploads\/3_2_pict_Aufzucht_2.jpg\" data-rel=\"lightbox[group-42831]\" title=\"\" ><img decoding=\"async\" src=\"https:\/\/resista-ulmen.com\/wp-content\/uploads\/3_2_pict_Aufzucht_2-383x250.jpg\" alt=\"\"\/><div class=\"qg-overlay\"><span class=\"icon-circle\"><span class=\"pg-icon lightbox-icon\"><\/span><\/span><\/div><\/a><\/div><div class=\"qg-img qg-no-title\" data-defwidth=\"383\"><a href=\"https:\/\/resista-ulmen.com\/wp-content\/uploads\/3_2_pict_Aufzucht_3.jpg\" data-rel=\"lightbox[group-42831]\" title=\"\" ><img decoding=\"async\" src=\"https:\/\/resista-ulmen.com\/wp-content\/uploads\/3_2_pict_Aufzucht_3-383x250.jpg\" alt=\"\"\/><div class=\"qg-overlay\"><span class=\"icon-circle\"><span class=\"pg-icon lightbox-icon\"><\/span><\/span><\/div><\/a><\/div><div class=\"clear\"><\/div><\/div>\n","protected":false},"excerpt":{"rendered":"<p>Med omsorg och kunskap &nbsp; Alla resista\u00ae-almar f\u00f6r\u00f6kas genom sticklingar i Darmstadt av v\u00e5ra erfarna medarbetare. En f\u00f6ruts\u00e4ttning \u00e4r en [&hellip;]<\/p>\n","protected":false},"author":1,"featured_media":0,"parent":4277,"menu_order":52,"comment_status":"closed","ping_status":"closed","template":"template-full-custom.php","meta":{"footnotes":""},"class_list":["post-4283","page","type-page","status-publish","hentry"],"_links":{"self":[{"href":"https:\/\/resista-ulmen.com\/sv\/wp-json\/wp\/v2\/pages\/4283","targetHints":{"allow":["GET"]}}],"collection":[{"href":"https:\/\/resista-ulmen.com\/sv\/wp-json\/wp\/v2\/pages"}],"about":[{"href":"https:\/\/resista-ulmen.com\/sv\/wp-json\/wp\/v2\/types\/page"}],"author":[{"embeddable":true,"href":"https:\/\/resista-ulmen.com\/sv\/wp-json\/wp\/v2\/users\/1"}],"replies":[{"embeddable":true,"href":"https:\/\/resista-ulmen.com\/sv\/wp-json\/wp\/v2\/comments?post=4283"}],"version-history":[{"count":0,"href":"https:\/\/resista-ulmen.com\/sv\/wp-json\/wp\/v2\/pages\/4283\/revisions"}],"up":[{"embeddable":true,"href":"https:\/\/resista-ulmen.com\/sv\/wp-json\/wp\/v2\/pages\/4277"}],"wp:attachment":[{"href":"https:\/\/resista-ulmen.com\/sv\/wp-json\/wp\/v2\/media?parent=4283"}],"curies":[{"name":"wp","href":"https:\/\/api.w.org\/{rel}","templated":true}]}}