{"id":4286,"date":"2016-03-02T13:07:26","date_gmt":"2016-03-02T12:07:26","guid":{"rendered":"http:\/\/resista-ulmen.com\/kvalitet\/qualitaetssicherung\/"},"modified":"2018-01-20T18:15:08","modified_gmt":"2018-01-20T17:15:08","slug":"kvalitetssaekring","status":"publish","type":"page","link":"https:\/\/resista-ulmen.com\/sv\/kvalitet\/kvalitetssaekring\/","title":{"rendered":"Kvalitetss\u00e4kring"},"content":{"rendered":"<h1 style=\"text-align: center;\">Hela v\u00e4gen<\/h1>\n<p>&nbsp;<\/p>\n<div class=\"cols-wrapper cols-2\">\n<div class=\"col\">\nVarje resista\u00ae-alm \u00e4r unik. En implanterad transponder garanterar att du kan identifiera varje tr\u00e4d som l\u00e4mnar v\u00e5r plantskola och f\u00f6lja dess produktionsv\u00e4g bak\u00e5t.<\/p>\n<\/div>\n<div class=\"col\">\nTranspondern ligger kvar i tr\u00e4dstammen p\u00e5 det st\u00e4lle den sattes in, och blir alltmer \u00f6vervuxen f\u00f6r varje \u00e5r. Trots det kan den l\u00e4sas av utan problem i 20 \u00e5r fram\u00e5t. V\u00e5ra transpondrar har utvecklats i samarbete med AEG Ulm\/Tyskland och har implanterats i varje resista\u00ae-alm oavbrutet sedan 2003.<\/p>\n<\/div>\n<\/div>\n<p><img loading=\"lazy\" decoding=\"async\" src=\"http:\/\/resista-ulmen.com\/wp-content\/uploads\/vignette_rfid_orange.png\" alt=\"\" width=\"350\" height=\"350\" class=\"aligncenter size-full wp-image-4165\" srcset=\"https:\/\/resista-ulmen.com\/wp-content\/uploads\/vignette_rfid_orange.png 350w, https:\/\/resista-ulmen.com\/wp-content\/uploads\/vignette_rfid_orange-150x150.png 150w, https:\/\/resista-ulmen.com\/wp-content\/uploads\/vignette_rfid_orange-300x300.png 300w\" sizes=\"auto, (max-width: 350px) 100vw, 350px\" \/><br \/>\n<div class=\"quick-gallery\"><div class=\"qg-img qg-no-title\" data-defwidth=\"383\"><a href=\"https:\/\/resista-ulmen.com\/wp-content\/uploads\/3_3_pict_Qualitaetssicherung_2.jpg\" data-rel=\"lightbox[group-42861]\" title=\"\" ><img decoding=\"async\" src=\"https:\/\/resista-ulmen.com\/wp-content\/uploads\/3_3_pict_Qualitaetssicherung_2-383x250.jpg\" alt=\"\"\/><div class=\"qg-overlay\"><span class=\"icon-circle\"><span class=\"pg-icon lightbox-icon\"><\/span><\/span><\/div><\/a><\/div><div class=\"qg-img qg-no-title\" data-defwidth=\"383\"><a href=\"https:\/\/resista-ulmen.com\/wp-content\/uploads\/3_3_pict_Qualitaetssicherung_1.jpg\" data-rel=\"lightbox[group-42861]\" title=\"\" ><img decoding=\"async\" src=\"https:\/\/resista-ulmen.com\/wp-content\/uploads\/3_3_pict_Qualitaetssicherung_1-383x250.jpg\" alt=\"\"\/><div class=\"qg-overlay\"><span class=\"icon-circle\"><span class=\"pg-icon lightbox-icon\"><\/span><\/span><\/div><\/a><\/div><div class=\"qg-img qg-no-title\" data-defwidth=\"383\"><a href=\"https:\/\/resista-ulmen.com\/wp-content\/uploads\/3_3_pict_Qualitaetssicherung_3.jpg\" data-rel=\"lightbox[group-42861]\" title=\"\" ><img decoding=\"async\" src=\"https:\/\/resista-ulmen.com\/wp-content\/uploads\/3_3_pict_Qualitaetssicherung_3-383x250.jpg\" alt=\"\"\/><div class=\"qg-overlay\"><span class=\"icon-circle\"><span class=\"pg-icon lightbox-icon\"><\/span><\/span><\/div><\/a><\/div><div class=\"clear\"><\/div><\/div>\n","protected":false},"excerpt":{"rendered":"<p>Hela v\u00e4gen &nbsp; Varje resista\u00ae-alm \u00e4r unik. En implanterad transponder garanterar att du kan identifiera varje tr\u00e4d som l\u00e4mnar v\u00e5r [&hellip;]<\/p>\n","protected":false},"author":1,"featured_media":0,"parent":4277,"menu_order":53,"comment_status":"closed","ping_status":"closed","template":"template-full-custom.php","meta":{"footnotes":""},"class_list":["post-4286","page","type-page","status-publish","hentry"],"_links":{"self":[{"href":"https:\/\/resista-ulmen.com\/sv\/wp-json\/wp\/v2\/pages\/4286","targetHints":{"allow":["GET"]}}],"collection":[{"href":"https:\/\/resista-ulmen.com\/sv\/wp-json\/wp\/v2\/pages"}],"about":[{"href":"https:\/\/resista-ulmen.com\/sv\/wp-json\/wp\/v2\/types\/page"}],"author":[{"embeddable":true,"href":"https:\/\/resista-ulmen.com\/sv\/wp-json\/wp\/v2\/users\/1"}],"replies":[{"embeddable":true,"href":"https:\/\/resista-ulmen.com\/sv\/wp-json\/wp\/v2\/comments?post=4286"}],"version-history":[{"count":0,"href":"https:\/\/resista-ulmen.com\/sv\/wp-json\/wp\/v2\/pages\/4286\/revisions"}],"up":[{"embeddable":true,"href":"https:\/\/resista-ulmen.com\/sv\/wp-json\/wp\/v2\/pages\/4277"}],"wp:attachment":[{"href":"https:\/\/resista-ulmen.com\/sv\/wp-json\/wp\/v2\/media?parent=4286"}],"curies":[{"name":"wp","href":"https:\/\/api.w.org\/{rel}","templated":true}]}}