{"id":4289,"date":"2016-03-02T13:17:02","date_gmt":"2016-03-02T12:17:02","guid":{"rendered":"http:\/\/resista-ulmen.com\/kvalitet\/resistenz-beweis\/"},"modified":"2018-01-20T18:22:30","modified_gmt":"2018-01-20T17:22:30","slug":"dokumenterad-resistens","status":"publish","type":"page","link":"https:\/\/resista-ulmen.com\/sv\/kvalitet\/dokumenterad-resistens\/","title":{"rendered":"Dokumenterad resistens"},"content":{"rendered":"<h1 style=\"text-align: center;\">Dokumenterad, l\u00e5ngvarig resistens<\/h1>\n<p>&nbsp;<\/p>\n<div class=\"cols-wrapper cols-2\">\n<div class=\"col\">\nresista\u00ae-almarna \u00e4r extremt motst\u00e5ndskraftiga. Och det \u00e4r n\u00e5got som testas regelbundet. I standardiserade testserier infekteras v\u00e5ra olika sorter med extremt h\u00f6ga doser av almsjukealstraren, och placeras invid icke-infekterade tr\u00e4d.<\/p>\n<p>Visserligen har inte ens resista\u00ae-almarna fullst\u00e4ndig immunitet, men de klarar av infektionen redan samma \u00e5r den gjordes. <\/p>\n<\/div>\n<div class=\"col\">\nRedan ett \u00e5r efter infektionen \u00e4r alla sp\u00e5r av sjukdomen borta.<\/p>\n<p>Sorten resista\u00ae <a href=\"http:\/\/resista-ulmen.com\/sv\/sorter\/new-horizon\/\">\u2019New Horizon\u2019<\/a> har en ovanlig framg\u00e5ngshistoria: Mellan 1993 och 2016 planterades mer \u00e4n 45 000 exemplar av denna sort i Europa. Bland dessa finns <strong>inte ett enda<\/strong> dokumenterat bortfall p.g.a. almsjuka.<\/p>\n<\/div>\n<\/div>\n<div class=\"quick-gallery\"><div class=\"qg-img qg-no-title\" data-defwidth=\"383\"><a href=\"https:\/\/resista-ulmen.com\/wp-content\/uploads\/4_3_pict_Resistenz-Beweis_1.jpg\" data-rel=\"lightbox[group-42891]\" title=\"\" ><img decoding=\"async\" src=\"https:\/\/resista-ulmen.com\/wp-content\/uploads\/4_3_pict_Resistenz-Beweis_1-383x250.jpg\" alt=\"\"\/><div class=\"qg-overlay\"><span class=\"icon-circle\"><span class=\"pg-icon lightbox-icon\"><\/span><\/span><\/div><\/a><\/div><div class=\"qg-img qg-no-title\" data-defwidth=\"383\"><a href=\"https:\/\/resista-ulmen.com\/wp-content\/uploads\/4_3_pict_Resistenz-Beweis_2.jpg\" data-rel=\"lightbox[group-42891]\" title=\"\" ><img decoding=\"async\" src=\"https:\/\/resista-ulmen.com\/wp-content\/uploads\/4_3_pict_Resistenz-Beweis_2-383x250.jpg\" alt=\"\"\/><div class=\"qg-overlay\"><span class=\"icon-circle\"><span class=\"pg-icon lightbox-icon\"><\/span><\/span><\/div><\/a><\/div><div class=\"qg-img qg-no-title\" data-defwidth=\"383\"><a href=\"https:\/\/resista-ulmen.com\/wp-content\/uploads\/4_3_pict_Resistenz-Beweis_3.jpg\" data-rel=\"lightbox[group-42891]\" title=\"\" ><img decoding=\"async\" src=\"https:\/\/resista-ulmen.com\/wp-content\/uploads\/4_3_pict_Resistenz-Beweis_3-383x250.jpg\" alt=\"\"\/><div class=\"qg-overlay\"><span class=\"icon-circle\"><span class=\"pg-icon lightbox-icon\"><\/span><\/span><\/div><\/a><\/div><div class=\"clear\"><\/div><\/div>\n","protected":false},"excerpt":{"rendered":"<p>Dokumenterad, l\u00e5ngvarig resistens &nbsp; resista\u00ae-almarna \u00e4r extremt motst\u00e5ndskraftiga. Och det \u00e4r n\u00e5got som testas regelbundet. I standardiserade testserier infekteras v\u00e5ra [&hellip;]<\/p>\n","protected":false},"author":1,"featured_media":0,"parent":4277,"menu_order":54,"comment_status":"closed","ping_status":"closed","template":"template-full-custom.php","meta":{"footnotes":""},"class_list":["post-4289","page","type-page","status-publish","hentry"],"_links":{"self":[{"href":"https:\/\/resista-ulmen.com\/sv\/wp-json\/wp\/v2\/pages\/4289","targetHints":{"allow":["GET"]}}],"collection":[{"href":"https:\/\/resista-ulmen.com\/sv\/wp-json\/wp\/v2\/pages"}],"about":[{"href":"https:\/\/resista-ulmen.com\/sv\/wp-json\/wp\/v2\/types\/page"}],"author":[{"embeddable":true,"href":"https:\/\/resista-ulmen.com\/sv\/wp-json\/wp\/v2\/users\/1"}],"replies":[{"embeddable":true,"href":"https:\/\/resista-ulmen.com\/sv\/wp-json\/wp\/v2\/comments?post=4289"}],"version-history":[{"count":0,"href":"https:\/\/resista-ulmen.com\/sv\/wp-json\/wp\/v2\/pages\/4289\/revisions"}],"up":[{"embeddable":true,"href":"https:\/\/resista-ulmen.com\/sv\/wp-json\/wp\/v2\/pages\/4277"}],"wp:attachment":[{"href":"https:\/\/resista-ulmen.com\/sv\/wp-json\/wp\/v2\/media?parent=4289"}],"curies":[{"name":"wp","href":"https:\/\/api.w.org\/{rel}","templated":true}]}}